{"id":3095,"date":"2020-02-16T14:13:41","date_gmt":"2020-02-16T13:13:41","guid":{"rendered":"http:\/\/www.wirbelwirrwarr.de\/?page_id=3095"},"modified":"2025-01-15T09:03:59","modified_gmt":"2025-01-15T08:03:59","slug":"diagnose","status":"publish","type":"page","link":"https:\/\/www.wirbelwirrwarr.de\/index.php\/diagnose\/","title":{"rendered":"Diagnose"},"content":{"rendered":"\n<p>Das T\u00fcckische an CCI ist, dass es f\u00fcr Au\u00dfenstehende, darunter auch \u00c4rzte, unsichtbar ist. Betroffene sehen gesund aus und auch eine Vielzahl von bildgebenden Untersuchungen erbringt keinen besorgniserregenden Befund. Woran liegt das? Nun, CCI ist prim\u00e4r keine strukturelle Erkrankung, sondern eine funktionelle. Strukturver\u00e4nderungen, wie beispielsweise Frakturen, Osteophyten (kleine Knochenvorspr\u00fcnge) oder Tumore, lie\u00dfen sich mittels MRT, R\u00f6ntgen oder CT problemlos darstellen. Eine funktionelle Unstimmigkeit hingegen bleibt diesen Instrumenten verborgen, da eine Funktionsst\u00f6rung sich erst zeigt, sobald die entsprechende Funktion der betroffenen Region angesprochen wird. Das bedeutet: Aufschlussreich ist eine Bildgebung erst, wenn sie die Wirbels\u00e4ule  unter Einwirkung der Schwerkraft und in verschiedenen Positionen darstellt. Methoden, die diese Bedingungen erf\u00fcllen, lauten:<\/p>\n\n\n\n<ul>\n<li><strong>Upright-MRT<\/strong><\/li>\n\n\n\n<li><strong>R\u00f6ntgenaufnahme nach Sandberg<\/strong><\/li>\n\n\n\n<li><strong>3D-CT in Rotation<\/strong><\/li>\n\n\n\n<li><strong>DMX: Digital Motion X-ray<\/strong><\/li>\n\n\n\n<li><strong>Digitale Volumentomographie (DVT)<\/strong><\/li>\n<\/ul>\n\n\n\n<div style=\"height:22px\" aria-hidden=\"true\" class=\"wp-block-spacer\"><\/div>\n\n\n\n<p>Neben bildgebenden Verfahren sind ebenfalls diverse Laboruntersuchungen, manuelle Befundmethoden sowie klinische Beurteilungen aus humangenetischer Richtung aufschlussreich. <\/p>\n\n\n\n<p>Hier geht&#8217;s zum <a href=\"https:\/\/www.wirbelwirrwarr.de\/index.php\/2023\/11\/16\/befund-kompass-fuer-wackelhaelse\/\" target=\"_blank\" rel=\"noreferrer noopener\">Befundkompass<\/a>. Er kann euch helfen, besser durchzublicken. <\/p>\n\n\n\n<hr class=\"wp-block-separator has-css-opacity\"\/>\n","protected":false},"excerpt":{"rendered":"<p>Das T\u00fcckische an CCI ist, dass es f\u00fcr Au\u00dfenstehende, darunter auch \u00c4rzte, unsichtbar ist. Betroffene sehen gesund aus und auch eine Vielzahl von bildgebenden Untersuchungen erbringt keinen besorgniserregenden Befund. Woran liegt das? Nun, CCI ist prim\u00e4r keine strukturelle Erkrankung, sondern eine funktionelle. Strukturver\u00e4nderungen, wie beispielsweise Frakturen, Osteophyten (kleine Knochenvorspr\u00fcnge) oder Tumore, lie\u00dfen sich mittels MRT, R\u00f6ntgen oder CT problemlos darstellen. Eine funktionelle Unstimmigkeit hingegen bleibt diesen Instrumenten verborgen, da eine Funktionsst\u00f6rung sich erst zeigt, sobald die entsprechende Funktion der betroffenen Region angesprochen wird. Das bedeutet: Aufschlussreich ist eine Bildgebung erst, wenn sie die Wirbels\u00e4ule unter Einwirkung der Schwerkraft und [&hellip;]<\/p>\n","protected":false},"author":1,"featured_media":0,"parent":0,"menu_order":0,"comment_status":"closed","ping_status":"closed","template":"","meta":{"inline_featured_image":false,"footnotes":""},"yoast_head":"<!-- This site is optimized with the Yoast SEO plugin v21.8 - https:\/\/yoast.com\/wordpress\/plugins\/seo\/ -->\n<title>Diagnose - wirbelwirrwarr<\/title>\n<meta name=\"description\" content=\"Instabile Kopfgelenke sichtbar werden lassen: Upright-MRT, R\u00f6ntgen nach Sandberg \/ Gutmann ...\" \/>\n<meta name=\"robots\" content=\"index, follow, max-snippet:-1, max-image-preview:large, max-video-preview:-1\" \/>\n<link rel=\"canonical\" href=\"https:\/\/www.wirbelwirrwarr.de\/index.php\/diagnose\/\" \/>\n<meta property=\"og:locale\" content=\"de_DE\" \/>\n<meta property=\"og:type\" content=\"article\" \/>\n<meta property=\"og:title\" content=\"Diagnose - wirbelwirrwarr\" \/>\n<meta property=\"og:description\" content=\"Instabile Kopfgelenke sichtbar werden lassen: Upright-MRT, R\u00f6ntgen nach Sandberg \/ Gutmann ...\" \/>\n<meta property=\"og:url\" content=\"https:\/\/www.wirbelwirrwarr.de\/index.php\/diagnose\/\" \/>\n<meta property=\"og:site_name\" content=\"wirbelwirrwarr\" \/>\n<meta property=\"article:modified_time\" content=\"2025-01-15T08:03:59+00:00\" \/>\n<meta name=\"twitter:card\" content=\"summary_large_image\" \/>\n<meta name=\"twitter:label1\" content=\"Gesch\u00e4tzte Lesezeit\" \/>\n\t<meta name=\"twitter:data1\" content=\"1\u00a0Minute\" \/>\n<script type=\"application\/ld+json\" class=\"yoast-schema-graph\">{\"@context\":\"https:\/\/schema.org\",\"@graph\":[{\"@type\":\"WebPage\",\"@id\":\"https:\/\/www.wirbelwirrwarr.de\/index.php\/diagnose\/\",\"url\":\"https:\/\/www.wirbelwirrwarr.de\/index.php\/diagnose\/\",\"name\":\"Diagnose - wirbelwirrwarr\",\"isPartOf\":{\"@id\":\"https:\/\/www.wirbelwirrwarr.de\/#website\"},\"datePublished\":\"2020-02-16T13:13:41+00:00\",\"dateModified\":\"2025-01-15T08:03:59+00:00\",\"description\":\"Instabile Kopfgelenke sichtbar werden lassen: Upright-MRT, R\u00f6ntgen nach Sandberg \/ Gutmann ...\",\"breadcrumb\":{\"@id\":\"https:\/\/www.wirbelwirrwarr.de\/index.php\/diagnose\/#breadcrumb\"},\"inLanguage\":\"de\",\"potentialAction\":[{\"@type\":\"ReadAction\",\"target\":[\"https:\/\/www.wirbelwirrwarr.de\/index.php\/diagnose\/\"]}]},{\"@type\":\"BreadcrumbList\",\"@id\":\"https:\/\/www.wirbelwirrwarr.de\/index.php\/diagnose\/#breadcrumb\",\"itemListElement\":[{\"@type\":\"ListItem\",\"position\":1,\"name\":\"Startseite\",\"item\":\"https:\/\/www.wirbelwirrwarr.de\/\"},{\"@type\":\"ListItem\",\"position\":2,\"name\":\"Diagnose\"}]},{\"@type\":\"WebSite\",\"@id\":\"https:\/\/www.wirbelwirrwarr.de\/#website\",\"url\":\"https:\/\/www.wirbelwirrwarr.de\/\",\"name\":\"wirbelwirrwarr\",\"description\":\"Wie eine unsichtbare Krankheit mein Leben bunt macht\",\"publisher\":{\"@id\":\"https:\/\/www.wirbelwirrwarr.de\/#organization\"},\"potentialAction\":[{\"@type\":\"SearchAction\",\"target\":{\"@type\":\"EntryPoint\",\"urlTemplate\":\"https:\/\/www.wirbelwirrwarr.de\/?s={search_term_string}\"},\"query-input\":\"required name=search_term_string\"}],\"inLanguage\":\"de\"},{\"@type\":\"Organization\",\"@id\":\"https:\/\/www.wirbelwirrwarr.de\/#organization\",\"name\":\"wirbelwirrwarr\",\"url\":\"https:\/\/www.wirbelwirrwarr.de\/\",\"logo\":{\"@type\":\"ImageObject\",\"inLanguage\":\"de\",\"@id\":\"https:\/\/www.wirbelwirrwarr.de\/#\/schema\/logo\/image\/\",\"url\":\"https:\/\/www.wirbelwirrwarr.de\/wp-content\/uploads\/2023\/02\/logoatlas9.svg\",\"contentUrl\":\"https:\/\/www.wirbelwirrwarr.de\/wp-content\/uploads\/2023\/02\/logoatlas9.svg\",\"caption\":\"wirbelwirrwarr\"},\"image\":{\"@id\":\"https:\/\/www.wirbelwirrwarr.de\/#\/schema\/logo\/image\/\"}}]}<\/script>\n<!-- \/ Yoast SEO plugin. -->","yoast_head_json":{"title":"Diagnose - wirbelwirrwarr","description":"Instabile Kopfgelenke sichtbar werden lassen: Upright-MRT, R\u00f6ntgen nach Sandberg \/ Gutmann ...","robots":{"index":"index","follow":"follow","max-snippet":"max-snippet:-1","max-image-preview":"max-image-preview:large","max-video-preview":"max-video-preview:-1"},"canonical":"https:\/\/www.wirbelwirrwarr.de\/index.php\/diagnose\/","og_locale":"de_DE","og_type":"article","og_title":"Diagnose - wirbelwirrwarr","og_description":"Instabile Kopfgelenke sichtbar werden lassen: Upright-MRT, R\u00f6ntgen nach Sandberg \/ Gutmann ...","og_url":"https:\/\/www.wirbelwirrwarr.de\/index.php\/diagnose\/","og_site_name":"wirbelwirrwarr","article_modified_time":"2025-01-15T08:03:59+00:00","twitter_card":"summary_large_image","twitter_misc":{"Gesch\u00e4tzte Lesezeit":"1\u00a0Minute"},"schema":{"@context":"https:\/\/schema.org","@graph":[{"@type":"WebPage","@id":"https:\/\/www.wirbelwirrwarr.de\/index.php\/diagnose\/","url":"https:\/\/www.wirbelwirrwarr.de\/index.php\/diagnose\/","name":"Diagnose - wirbelwirrwarr","isPartOf":{"@id":"https:\/\/www.wirbelwirrwarr.de\/#website"},"datePublished":"2020-02-16T13:13:41+00:00","dateModified":"2025-01-15T08:03:59+00:00","description":"Instabile Kopfgelenke sichtbar werden lassen: Upright-MRT, R\u00f6ntgen nach Sandberg \/ Gutmann ...","breadcrumb":{"@id":"https:\/\/www.wirbelwirrwarr.de\/index.php\/diagnose\/#breadcrumb"},"inLanguage":"de","potentialAction":[{"@type":"ReadAction","target":["https:\/\/www.wirbelwirrwarr.de\/index.php\/diagnose\/"]}]},{"@type":"BreadcrumbList","@id":"https:\/\/www.wirbelwirrwarr.de\/index.php\/diagnose\/#breadcrumb","itemListElement":[{"@type":"ListItem","position":1,"name":"Startseite","item":"https:\/\/www.wirbelwirrwarr.de\/"},{"@type":"ListItem","position":2,"name":"Diagnose"}]},{"@type":"WebSite","@id":"https:\/\/www.wirbelwirrwarr.de\/#website","url":"https:\/\/www.wirbelwirrwarr.de\/","name":"wirbelwirrwarr","description":"Wie eine unsichtbare Krankheit mein Leben bunt macht","publisher":{"@id":"https:\/\/www.wirbelwirrwarr.de\/#organization"},"potentialAction":[{"@type":"SearchAction","target":{"@type":"EntryPoint","urlTemplate":"https:\/\/www.wirbelwirrwarr.de\/?s={search_term_string}"},"query-input":"required name=search_term_string"}],"inLanguage":"de"},{"@type":"Organization","@id":"https:\/\/www.wirbelwirrwarr.de\/#organization","name":"wirbelwirrwarr","url":"https:\/\/www.wirbelwirrwarr.de\/","logo":{"@type":"ImageObject","inLanguage":"de","@id":"https:\/\/www.wirbelwirrwarr.de\/#\/schema\/logo\/image\/","url":"https:\/\/www.wirbelwirrwarr.de\/wp-content\/uploads\/2023\/02\/logoatlas9.svg","contentUrl":"https:\/\/www.wirbelwirrwarr.de\/wp-content\/uploads\/2023\/02\/logoatlas9.svg","caption":"wirbelwirrwarr"},"image":{"@id":"https:\/\/www.wirbelwirrwarr.de\/#\/schema\/logo\/image\/"}}]}},"_links":{"self":[{"href":"https:\/\/www.wirbelwirrwarr.de\/index.php\/wp-json\/wp\/v2\/pages\/3095"}],"collection":[{"href":"https:\/\/www.wirbelwirrwarr.de\/index.php\/wp-json\/wp\/v2\/pages"}],"about":[{"href":"https:\/\/www.wirbelwirrwarr.de\/index.php\/wp-json\/wp\/v2\/types\/page"}],"author":[{"embeddable":true,"href":"https:\/\/www.wirbelwirrwarr.de\/index.php\/wp-json\/wp\/v2\/users\/1"}],"replies":[{"embeddable":true,"href":"https:\/\/www.wirbelwirrwarr.de\/index.php\/wp-json\/wp\/v2\/comments?post=3095"}],"version-history":[{"count":48,"href":"https:\/\/www.wirbelwirrwarr.de\/index.php\/wp-json\/wp\/v2\/pages\/3095\/revisions"}],"predecessor-version":[{"id":17476,"href":"https:\/\/www.wirbelwirrwarr.de\/index.php\/wp-json\/wp\/v2\/pages\/3095\/revisions\/17476"}],"wp:attachment":[{"href":"https:\/\/www.wirbelwirrwarr.de\/index.php\/wp-json\/wp\/v2\/media?parent=3095"}],"curies":[{"name":"wp","href":"https:\/\/api.w.org\/{rel}","templated":true}]}}