{"id":3090,"date":"2020-02-16T14:09:39","date_gmt":"2020-02-16T13:09:39","guid":{"rendered":"http:\/\/www.wirbelwirrwarr.de\/?page_id=3090"},"modified":"2023-10-19T14:33:30","modified_gmt":"2023-10-19T12:33:30","slug":"ursachen","status":"publish","type":"page","link":"https:\/\/www.wirbelwirrwarr.de\/index.php\/ursachen\/","title":{"rendered":"Ursachen"},"content":{"rendered":"\n<p>CCI kann verschiedene Ursachen haben. H\u00e4ufig ergibt es sich als Folge nach einem Auffahrunfall mit resultierendem <strong>Schleudertrauma <\/strong>oder nach <strong>St\u00fcrzen<\/strong> mit Kopfbeteiligung. Aber auch eine unachtsame, ruckartige Lagerung des Kopfes w\u00e4hrend einer <strong>Operation unter Vollnarkose<\/strong> kann unphysiologische Positionen und \u00dcberstreckungen der Halswirbels\u00e4ule verursachen und damit zu CCI beitragen. Besonders hoch ist dieses Risiko, wenn Betroffene an <strong>genetischen Bindegewebserkrankungen<\/strong> leiden.  <\/p>\n\n\n\n<h3 class=\"wp-block-heading\">Starke Krafteinwirkung auf die Halswirbel<\/h3>\n\n\n\n<p>Jede Form der Krafteinwirkung, besonders aber die unerwarteten, nehmen Einfluss auf die Struktur der Wirbels\u00e4ule. Den empfindlichsten Bereich stellen die Kopfgelenke dar.<\/p>\n\n\n\n<p>Bei einem Unfall oder Sturz werden die Weichteilstrukturen der Halswirbels\u00e4ule gedehnt, was das harmonische Zusammenspiel der Wirbelk\u00f6rper in Unordnung versetzen kann. Passieren solche gewaltvollen Ereignisse bei rotierten Kopf, also sobald die B\u00e4nder der Gegenseite stark gespannt sind, kann es zu Verletzungen der Ligamenta alaria kommen sowie zu einer Reizung wichtiger Nervenvernetzungen, wozu insbesondere der Sympathikus zu z\u00e4hlen ist. <\/p>\n\n\n\n<p>Wird der Sympathikus dauerhaft erregt, spricht man von einem erh\u00f6hten Sympathikustonus oder <strong><a href=\"http:\/\/www.wirbelwirrwarr.de\/index.php\/symptomregenbogen\/\">Sympathikusstress<\/a><\/strong>. Dieser ist nicht zu untersch\u00e4tzen, da er eine Minderdurchblutung des Gehirns von bis zu 80% und die \u00d6ffnung der Blut-Hirn-Schranke ausl\u00f6sen kann. Obendrein werden bei einer chronischen \u00dcberaktivit\u00e4t des Sympathikus vermehrt Magnesium, Zink und Kalium mobilisiert und \u00fcber die Nieren ausgeschieden. <\/p>\n\n\n\n<p>Kalium und Magnesium sind wichtig f\u00fcr eine gesunde Herzleistung. Besteht ein Mangel dieser Stoffe, l\u00e4sst sich dies an verl\u00e4ngerten QTc-Zeiten (meint: die Gesamtheit der Erregungsausbildung und -r\u00fcckbildung innerhalb der Herzkammern) im EKG ablesen. Bei Gesunden betr\u00e4gt dieser Wert 400 Millisekunden. Au\u00dferhalb dieses Bereichs gilt der QTc-Wert als Zeichen koronarer Herzerkrankungen und &#8211; f\u00fcr Instabilos ganz wichtig! &#8211; <strong><a href=\"https:\/\/www.wirbelwirrwarr.de\/index.php\/nitrosativer-stress\/\">Nitrosativen Stress<\/a><\/strong> (w\u00fcrden Mediziner ihm ausreichend Beachtung schenken). <br>Man kann sich auch hier selbst helfen. Eine Kopie des EKG&#8217;s ist eine ausreichende Grundlage, die QTc-Zeiten selbst zu berechnen. Das geht so: <\/p>\n\n\n\n<figure class=\"wp-block-image size-large\"><img loading=\"lazy\" decoding=\"async\" width=\"4500\" height=\"3376\" src=\"https:\/\/www.wirbelwirrwarr.de\/wp-content\/uploads\/2023\/02\/qtc-zeiten-edited.png\" alt=\"\" class=\"wp-image-11252\" srcset=\"https:\/\/www.wirbelwirrwarr.de\/wp-content\/uploads\/2023\/02\/qtc-zeiten-edited.png 4500w, https:\/\/www.wirbelwirrwarr.de\/wp-content\/uploads\/2023\/02\/qtc-zeiten-edited-300x225.png 300w, https:\/\/www.wirbelwirrwarr.de\/wp-content\/uploads\/2023\/02\/qtc-zeiten-edited-1024x768.png 1024w, https:\/\/www.wirbelwirrwarr.de\/wp-content\/uploads\/2023\/02\/qtc-zeiten-edited-768x576.png 768w, https:\/\/www.wirbelwirrwarr.de\/wp-content\/uploads\/2023\/02\/qtc-zeiten-edited-1536x1152.png 1536w, https:\/\/www.wirbelwirrwarr.de\/wp-content\/uploads\/2023\/02\/qtc-zeiten-edited-2048x1536.png 2048w\" sizes=\"(max-width: 4500px) 100vw, 4500px\" \/><figcaption class=\"wp-element-caption\"><em>Ein EKG kann einen Hinweis auf ein Zuviel an Nitrostress liefern. <\/em>(<em>Grafik: wirbelwirrwarr)<\/em><\/figcaption><\/figure>\n\n\n\n<p>Mit einem Lineal wird die Distanz zwischen Q und T innerhalb eines Herzschlags gemessen. Danach misst man den Abstand zwischen R1 und R2 zwischen zwei Schl\u00e4gen und wandelt diese Werte in die Zeiteinheit Sekunden um (was nicht so schwer ist, denn oft ist die Registergeschwindigkeit mit mm\/s angegeben). All das setzt man in die oben aufgef\u00fchrte Formel ein und schon hat man einen weiteren kleinen Hint, der signalisiert: Hier stimmt was nicht, hier gehen wichtige Bausteine verloren, sodass sogar schon das Herz leidet. <\/p>\n\n\n\n<h3 class=\"wp-block-heading\">Bindegewebserkrankungen<\/h3>\n\n\n\n<p>Wer an bestimmten Bindegewebserkrankungen leidet, muss f\u00fcr die Auspr\u00e4gung einer CCI nicht unbedingt gest\u00fcrzt sein oder einen Unfall erlebt haben. Die Halteb\u00e4nder der Wirbels\u00e4ule sind von sich aus \u00fcberbeweglich und verursachen mit der Zeit den aufgezeigten Symptomregenbogen. <\/p>\n\n\n\n<p>Zu den wichtigsten Grunderkrankungen, die CCI beg\u00fcnstigen, z\u00e4hlen:<\/p>\n\n\n\n<ul>\n<li>Das <strong>Marfan-Syndrom<\/strong><\/li>\n\n\n\n<li>Das <strong>Ehlers-Danlos-Syndrom<\/strong><\/li>\n\n\n\n<li>Die <strong>Hypermobility-Spectrum-Disorder<\/strong><\/li>\n\n\n\n<li><strong>Morbus Hurler<\/strong><\/li>\n\n\n\n<li>Das<strong> Loeys-Dietz-Syndrom<\/strong> <\/li>\n<\/ul>\n\n\n\n<div style=\"height:20px\" aria-hidden=\"true\" class=\"wp-block-spacer\"><\/div>\n\n\n\n<h4 class=\"wp-block-heading\"><strong>Das Marfan-Syndrom<\/strong> <strong>(MFS)<\/strong><\/h4>\n\n\n\n<p>Das Marfan-Syndrom (MFS) ist die am h\u00e4ufigsten vorkommende angeborene Bindegewebserkrankung. Die zugrunde liegende Ursache dieser Erkrankung sind Mutationen im FBN1-Gen. Dieses Gen ist verantwortlich f\u00fcr die Kodierung von Fibrillin-1, einem entscheidenden Bestandteil der Mikrofibrillen, die die elastischen Fasern im Bindegewebe formen. Da Bindegewebe \u00fcberall im K\u00f6rper vorkommt und wichtige Funktionen erf\u00fcllt, ergeben sich vielseitige Symptome und ph\u00e4notypische Merkmale &#8211; die allerdings nicht zwangsl\u00e4ufig bei allen Betroffenen auftreten. Diese Merkmale k\u00f6nnen Folgendes umfassen:<\/p>\n\n\n\n<ul>\n<li><strong>Gr\u00f6\u00dfe und Schlankheit:<\/strong> Menschen mit MFS sind in der Regel gr\u00f6\u00dfer und schlanker als Personen ohne diese Erkrankung. Ihre K\u00f6rperproportionen k\u00f6nnen ebenfalls abweichend sein, wobei sie oft einen kurzen Oberk\u00f6rper, \u00fcberdurchschnittlich lange Arme und lange, schlanke Finger aufweisen. Dies wird als &#8222;Spinnenfingrigkeit&#8220; oder &#8222;Arachnodaktylie&#8220; bezeichnet <\/li>\n\n\n\n<li><strong>Gelenk\u00fcberbeweglichkeit:<\/strong> Obwohl Patienten mit MFS in der Regel \u00fcberm\u00e4\u00dfig bewegliche Gelenke haben, k\u00f6nnen die Elastizit\u00e4t von Ellbogen (mit einer m\u00f6glichen Streckung von weniger als 170 Grad) und Fingern eingeschr\u00e4nkt sein. <\/li>\n\n\n\n<li><strong>Klinische Zeichen:<\/strong> Zu den charakteristischen klinischen Merkmalen geh\u00f6ren das &#8222;positive Handgelenks- und Daumenzeichen&#8220; <\/li>\n\n\n\n<li><strong>Thoraxdeformit\u00e4ten:<\/strong> Viele Patienten mit MFS haben Thoraxdeformit\u00e4ten, wobei eine H\u00fchnerbrust (Pectus carinatum) spezifischer ist als eine Trichterbrust (Pectus excavatum). Plattf\u00fc\u00dfe oder Knick-Senkf\u00fc\u00dfe k\u00f6nnen ebenfalls vorkommen, und Skoliose ist bei vielen MFS-Patienten vorhanden. Eine ausgepr\u00e4gte Skoliose kann die Messung der K\u00f6rperproportionen beeinflussen, insbesondere bei Kindern und Menschen mit schwarzer Hautfarbe, bei denen andere Grenzwerte f\u00fcr abnormale K\u00f6rperproportionen gelten.<\/li>\n\n\n\n<li><strong>Typische Gesichtsver\u00e4nderungen:<\/strong> Zu den Gesichtsver\u00e4nderungen, die bei MFS auftreten k\u00f6nnen, geh\u00f6ren ein l\u00e4nglicher Sch\u00e4del (Dolichocephalie), zur\u00fcckliegende Augen (Enophthalmus), unterentwickelte Wangenknochen (Wangenknochenhypoplasie), ein zur\u00fcckliegender Kiefer (Retrognathie) und seitlich abfallende Lidachsen.<\/li>\n\n\n\n<li><strong>Zahnfehlstellungen:<\/strong> Viele MFS-Patienten haben Zahnfehlstellungen, die eine Behandlung erfordern (sogenanntes &#8222;dental crowding&#8220;).<\/li>\n\n\n\n<li><strong>Hautver\u00e4nderungen:<\/strong> Dehnungsstreifen der Haut (Striae distensae) sind ein typisches Merkmal des MFS, insbesondere wenn sie an ungew\u00f6hnlichen K\u00f6rperregionen auftreten, wie dem mittleren R\u00fccken, lumbal, im Schulter-, Knie- oder Achselbereich.<\/li>\n<\/ul>\n\n\n\n<div style=\"height:20px\" aria-hidden=\"true\" class=\"wp-block-spacer\"><\/div>\n\n\n\n<p>Zur Diagnosesicherung erbringt neben einer Vielzahl k\u00f6rperlicher Charakteristika insbesondere eine Genanalyse aussagekr\u00e4ftige Ergebnisse.<\/p>\n\n\n\n<figure class=\"wp-block-image size-full\"><img loading=\"lazy\" decoding=\"async\" width=\"800\" height=\"600\" src=\"https:\/\/www.wirbelwirrwarr.de\/wp-content\/uploads\/2023\/10\/blog-4.png\" alt=\"\" class=\"wp-image-14849\" srcset=\"https:\/\/www.wirbelwirrwarr.de\/wp-content\/uploads\/2023\/10\/blog-4.png 800w, https:\/\/www.wirbelwirrwarr.de\/wp-content\/uploads\/2023\/10\/blog-4-300x225.png 300w, https:\/\/www.wirbelwirrwarr.de\/wp-content\/uploads\/2023\/10\/blog-4-768x576.png 768w\" sizes=\"(max-width: 800px) 100vw, 800px\" \/><figcaption class=\"wp-element-caption\">Einige Auff\u00e4lligkeiten bei Marfan-Patienten (Bild: wirbelwirrwarr)<\/figcaption><\/figure>\n\n\n\n<h4 class=\"wp-block-heading\"><strong>Das Ehlers-Danlos-Syndrom<\/strong> <\/h4>\n\n\n\n<p>Das Ehlers-Danlos-Syndrom ist dem Marfan-Syndrom sehr \u00e4hnlich. Die Kollagensynthese ist ebenfalls gest\u00f6rt, allerdings werden je nach Art der genetischen Sch\u00e4digung 13 Typen unterschieden, die spezifische Symptome unter sich vereinen:<\/p>\n\n\n\n<ul>\n<li>Hypermobiles EDS (hEDS)<\/li>\n\n\n\n<li>Klassisches EDS (cEDS)<\/li>\n\n\n\n<li>Vaskul\u00e4res EDS (vEDS)<\/li>\n\n\n\n<li>Kyphoskoliotisches EDS (kEDS)<\/li>\n\n\n\n<li>Arthrochalasie EDS (aEDS)<\/li>\n\n\n\n<li>Dermatosparaxis EDS <\/li>\n\n\n\n<li>Britte cornea Syndrom (BCS)<\/li>\n\n\n\n<li>Classical-like EDS (cl-EDS)<\/li>\n\n\n\n<li>Spondylodysplastisches EDS (spEDS)<\/li>\n\n\n\n<li>Muskulocontraktuelles EDS (mcEDS)<\/li>\n\n\n\n<li>Myopathisches EDS (mEDS)<\/li>\n\n\n\n<li>Peridontales EDS (pEDS)<\/li>\n\n\n\n<li>Kardiovaskul\u00e4res EDS (cvEDS)<\/li>\n<\/ul>\n\n\n\n<div style=\"height:20px\" aria-hidden=\"true\" class=\"wp-block-spacer\"><\/div>\n\n\n\n<p>Sowohl eine genetische Untersuchung als auch eine Hautbiopsie liefern bei Verdacht auf das Ehlers-Danlos-Syndrom entscheidende Resultate. Wichtig zu wissen ist jedoch, dass das defekte Gen beim Hypermobilen Typ bisher noch nicht selektiert werden konnte.<\/p>\n\n\n\n<h4 class=\"wp-block-heading\"><strong>Morbus Hurler<\/strong> <\/h4>\n\n\n\n<p>Morbus Hurler beschreibt die Auswirkungen eines Defekts des Enzyms Alpha-L-Iduronidase. Schon fr\u00fch fallen S\u00e4uglinge mit Morbus Hurler mit Skelettanomalien und intellektuellen Problemen auf. Sie sind oft kleinw\u00fcchsig, haben grobe Gesichtsz\u00fcge, einen unverh\u00e4ltnism\u00e4\u00dfig gro\u00dfen Kopf, kn\u00f6cherne Ver\u00e4nderungen und Ver\u00e4nderungen an der Wirbels\u00e4ule &#8211; um nur ein paar Charakteristika zu nennen. Zwischen zw\u00f6lf Monaten und 2 Jahren werden vor allem Probleme des Sprechens deutlich, ebenso ist die Ausbildung eines Hydrozephalus m\u00f6glich. Typisch f\u00fcr Morbus Hurler ist auch eine Kompression des R\u00fcckenmarks, insbesondere im Bereich der Kopfgelenke. Diagnostiziert wird die Krankheit mittels Bluttest, w\u00e4hrend eine Stammzelltransplantation die therapeutische Intervention umfasst.  <\/p>\n\n\n\n<h4 class=\"wp-block-heading\"><strong>Das Loeys-Dietz-Syndrom<\/strong>  <\/h4>\n\n\n\n<p>Das Loeys-Diez-Syndrom \u00fcberschneidet sich in den meisten Punkten mit dem Marfan-Syndrom. Eine Ausnahme bildet die fehlende Linsenverlagerung, die ein wichtiges Kriterium f\u00fcr die Diagnose des Marfan-Syndroms darstellt. Die Symptome lauten:<\/p>\n\n\n\n<ul>\n<li>Abl\u00f6sung der Netzhaut<\/li>\n\n\n\n<li>die Lederhaut schimmert bl\u00e4ulich<\/li>\n\n\n\n<li>Dehnungsstreifen der Haut, die nicht durch Schwangerschaft oder Gewichtsschwankung erkl\u00e4rbar sind<\/li>\n\n\n\n<li>deutlich sichtbare Venen<\/li>\n\n\n\n<li>starke Neigung zu blauen Flecken<\/li>\n\n\n\n<li>weiche, zarte Haut<\/li>\n\n\n\n<li>Wirbels\u00e4ulenanomalien <\/li>\n\n\n\n<li>nach innen oder au\u00dfen gerichtete Verformung des Brustbeines<\/li>\n\n\n\n<li>Klumpfu\u00df<\/li>\n\n\n\n<li>schmaler, hoher Gaumen<\/li>\n\n\n\n<li>Hypermobilit\u00e4t <\/li>\n\n\n\n<li>lange Finger <\/li>\n\n\n\n<li>Sch\u00e4delfehlbildungen <\/li>\n<\/ul>\n\n\n\n<div style=\"height:21px\" aria-hidden=\"true\" class=\"wp-block-spacer\"><\/div>\n\n\n\n<h4 class=\"wp-block-heading\">Marshall-Smith-Syndrom<\/h4>\n\n\n\n<p>&#8230;.<\/p>\n","protected":false},"excerpt":{"rendered":"<p>CCI kann verschiedene Ursachen haben. H\u00e4ufig ergibt es sich als Folge nach einem Auffahrunfall mit resultierendem Schleudertrauma oder nach St\u00fcrzen mit Kopfbeteiligung. Aber auch eine unachtsame, ruckartige Lagerung des Kopfes w\u00e4hrend einer Operation unter Vollnarkose kann unphysiologische Positionen und \u00dcberstreckungen der Halswirbels\u00e4ule verursachen und damit zu CCI beitragen. Besonders hoch ist dieses Risiko, wenn Betroffene an genetischen Bindegewebserkrankungen leiden. Starke Krafteinwirkung auf die Halswirbel Jede Form der Krafteinwirkung, besonders aber die unerwarteten, nehmen Einfluss auf die Struktur der Wirbels\u00e4ule. Den empfindlichsten Bereich stellen die Kopfgelenke dar. Bei einem Unfall oder Sturz werden die Weichteilstrukturen der Halswirbels\u00e4ule gedehnt, was das [&hellip;]<\/p>\n","protected":false},"author":1,"featured_media":0,"parent":0,"menu_order":0,"comment_status":"closed","ping_status":"closed","template":"","meta":{"inline_featured_image":false,"footnotes":""},"yoast_head":"<!-- This site is optimized with the Yoast SEO plugin v21.8 - https:\/\/yoast.com\/wordpress\/plugins\/seo\/ -->\n<title>Ursachen - wirbelwirrwarr<\/title>\n<meta name=\"description\" content=\"CCI kann verschiedene Ursachen haben, zum Beispiel Unf\u00e4lle mit Kopfbeteiligung oder bestimmte Bindegewebserkrankungen, wie das Ehlers-Danlos-Syndrom.\" \/>\n<meta name=\"robots\" content=\"index, follow, max-snippet:-1, max-image-preview:large, max-video-preview:-1\" \/>\n<link rel=\"canonical\" href=\"https:\/\/www.wirbelwirrwarr.de\/index.php\/ursachen\/\" \/>\n<meta property=\"og:locale\" content=\"de_DE\" \/>\n<meta property=\"og:type\" content=\"article\" \/>\n<meta property=\"og:title\" content=\"Ursachen - wirbelwirrwarr\" \/>\n<meta property=\"og:description\" content=\"CCI kann verschiedene Ursachen haben, zum Beispiel Unf\u00e4lle mit Kopfbeteiligung oder bestimmte Bindegewebserkrankungen, wie das Ehlers-Danlos-Syndrom.\" \/>\n<meta property=\"og:url\" content=\"https:\/\/www.wirbelwirrwarr.de\/index.php\/ursachen\/\" \/>\n<meta property=\"og:site_name\" content=\"wirbelwirrwarr\" \/>\n<meta property=\"article:modified_time\" content=\"2023-10-19T12:33:30+00:00\" \/>\n<meta property=\"og:image\" content=\"https:\/\/www.wirbelwirrwarr.de\/wp-content\/uploads\/2023\/02\/qtc-zeiten-edited.png\" \/>\n<meta name=\"twitter:card\" content=\"summary_large_image\" \/>\n<meta name=\"twitter:label1\" content=\"Gesch\u00e4tzte Lesezeit\" \/>\n\t<meta name=\"twitter:data1\" content=\"7\u00a0Minuten\" \/>\n<script type=\"application\/ld+json\" class=\"yoast-schema-graph\">{\"@context\":\"https:\/\/schema.org\",\"@graph\":[{\"@type\":\"WebPage\",\"@id\":\"https:\/\/www.wirbelwirrwarr.de\/index.php\/ursachen\/\",\"url\":\"https:\/\/www.wirbelwirrwarr.de\/index.php\/ursachen\/\",\"name\":\"Ursachen - wirbelwirrwarr\",\"isPartOf\":{\"@id\":\"https:\/\/www.wirbelwirrwarr.de\/#website\"},\"datePublished\":\"2020-02-16T13:09:39+00:00\",\"dateModified\":\"2023-10-19T12:33:30+00:00\",\"description\":\"CCI kann verschiedene Ursachen haben, zum Beispiel Unf\u00e4lle mit Kopfbeteiligung oder bestimmte Bindegewebserkrankungen, wie das Ehlers-Danlos-Syndrom.\",\"breadcrumb\":{\"@id\":\"https:\/\/www.wirbelwirrwarr.de\/index.php\/ursachen\/#breadcrumb\"},\"inLanguage\":\"de\",\"potentialAction\":[{\"@type\":\"ReadAction\",\"target\":[\"https:\/\/www.wirbelwirrwarr.de\/index.php\/ursachen\/\"]}]},{\"@type\":\"BreadcrumbList\",\"@id\":\"https:\/\/www.wirbelwirrwarr.de\/index.php\/ursachen\/#breadcrumb\",\"itemListElement\":[{\"@type\":\"ListItem\",\"position\":1,\"name\":\"Startseite\",\"item\":\"https:\/\/www.wirbelwirrwarr.de\/\"},{\"@type\":\"ListItem\",\"position\":2,\"name\":\"Ursachen\"}]},{\"@type\":\"WebSite\",\"@id\":\"https:\/\/www.wirbelwirrwarr.de\/#website\",\"url\":\"https:\/\/www.wirbelwirrwarr.de\/\",\"name\":\"wirbelwirrwarr\",\"description\":\"Wie eine unsichtbare Krankheit mein Leben bunt macht\",\"publisher\":{\"@id\":\"https:\/\/www.wirbelwirrwarr.de\/#organization\"},\"potentialAction\":[{\"@type\":\"SearchAction\",\"target\":{\"@type\":\"EntryPoint\",\"urlTemplate\":\"https:\/\/www.wirbelwirrwarr.de\/?s={search_term_string}\"},\"query-input\":\"required name=search_term_string\"}],\"inLanguage\":\"de\"},{\"@type\":\"Organization\",\"@id\":\"https:\/\/www.wirbelwirrwarr.de\/#organization\",\"name\":\"wirbelwirrwarr\",\"url\":\"https:\/\/www.wirbelwirrwarr.de\/\",\"logo\":{\"@type\":\"ImageObject\",\"inLanguage\":\"de\",\"@id\":\"https:\/\/www.wirbelwirrwarr.de\/#\/schema\/logo\/image\/\",\"url\":\"https:\/\/www.wirbelwirrwarr.de\/wp-content\/uploads\/2023\/02\/logoatlas9.svg\",\"contentUrl\":\"https:\/\/www.wirbelwirrwarr.de\/wp-content\/uploads\/2023\/02\/logoatlas9.svg\",\"caption\":\"wirbelwirrwarr\"},\"image\":{\"@id\":\"https:\/\/www.wirbelwirrwarr.de\/#\/schema\/logo\/image\/\"}}]}<\/script>\n<!-- \/ Yoast SEO plugin. -->","yoast_head_json":{"title":"Ursachen - wirbelwirrwarr","description":"CCI kann verschiedene Ursachen haben, zum Beispiel Unf\u00e4lle mit Kopfbeteiligung oder bestimmte Bindegewebserkrankungen, wie das Ehlers-Danlos-Syndrom.","robots":{"index":"index","follow":"follow","max-snippet":"max-snippet:-1","max-image-preview":"max-image-preview:large","max-video-preview":"max-video-preview:-1"},"canonical":"https:\/\/www.wirbelwirrwarr.de\/index.php\/ursachen\/","og_locale":"de_DE","og_type":"article","og_title":"Ursachen - wirbelwirrwarr","og_description":"CCI kann verschiedene Ursachen haben, zum Beispiel Unf\u00e4lle mit Kopfbeteiligung oder bestimmte Bindegewebserkrankungen, wie das Ehlers-Danlos-Syndrom.","og_url":"https:\/\/www.wirbelwirrwarr.de\/index.php\/ursachen\/","og_site_name":"wirbelwirrwarr","article_modified_time":"2023-10-19T12:33:30+00:00","og_image":[{"url":"https:\/\/www.wirbelwirrwarr.de\/wp-content\/uploads\/2023\/02\/qtc-zeiten-edited.png"}],"twitter_card":"summary_large_image","twitter_misc":{"Gesch\u00e4tzte Lesezeit":"7\u00a0Minuten"},"schema":{"@context":"https:\/\/schema.org","@graph":[{"@type":"WebPage","@id":"https:\/\/www.wirbelwirrwarr.de\/index.php\/ursachen\/","url":"https:\/\/www.wirbelwirrwarr.de\/index.php\/ursachen\/","name":"Ursachen - wirbelwirrwarr","isPartOf":{"@id":"https:\/\/www.wirbelwirrwarr.de\/#website"},"datePublished":"2020-02-16T13:09:39+00:00","dateModified":"2023-10-19T12:33:30+00:00","description":"CCI kann verschiedene Ursachen haben, zum Beispiel Unf\u00e4lle mit Kopfbeteiligung oder bestimmte Bindegewebserkrankungen, wie das Ehlers-Danlos-Syndrom.","breadcrumb":{"@id":"https:\/\/www.wirbelwirrwarr.de\/index.php\/ursachen\/#breadcrumb"},"inLanguage":"de","potentialAction":[{"@type":"ReadAction","target":["https:\/\/www.wirbelwirrwarr.de\/index.php\/ursachen\/"]}]},{"@type":"BreadcrumbList","@id":"https:\/\/www.wirbelwirrwarr.de\/index.php\/ursachen\/#breadcrumb","itemListElement":[{"@type":"ListItem","position":1,"name":"Startseite","item":"https:\/\/www.wirbelwirrwarr.de\/"},{"@type":"ListItem","position":2,"name":"Ursachen"}]},{"@type":"WebSite","@id":"https:\/\/www.wirbelwirrwarr.de\/#website","url":"https:\/\/www.wirbelwirrwarr.de\/","name":"wirbelwirrwarr","description":"Wie eine unsichtbare Krankheit mein Leben bunt macht","publisher":{"@id":"https:\/\/www.wirbelwirrwarr.de\/#organization"},"potentialAction":[{"@type":"SearchAction","target":{"@type":"EntryPoint","urlTemplate":"https:\/\/www.wirbelwirrwarr.de\/?s={search_term_string}"},"query-input":"required name=search_term_string"}],"inLanguage":"de"},{"@type":"Organization","@id":"https:\/\/www.wirbelwirrwarr.de\/#organization","name":"wirbelwirrwarr","url":"https:\/\/www.wirbelwirrwarr.de\/","logo":{"@type":"ImageObject","inLanguage":"de","@id":"https:\/\/www.wirbelwirrwarr.de\/#\/schema\/logo\/image\/","url":"https:\/\/www.wirbelwirrwarr.de\/wp-content\/uploads\/2023\/02\/logoatlas9.svg","contentUrl":"https:\/\/www.wirbelwirrwarr.de\/wp-content\/uploads\/2023\/02\/logoatlas9.svg","caption":"wirbelwirrwarr"},"image":{"@id":"https:\/\/www.wirbelwirrwarr.de\/#\/schema\/logo\/image\/"}}]}},"_links":{"self":[{"href":"https:\/\/www.wirbelwirrwarr.de\/index.php\/wp-json\/wp\/v2\/pages\/3090"}],"collection":[{"href":"https:\/\/www.wirbelwirrwarr.de\/index.php\/wp-json\/wp\/v2\/pages"}],"about":[{"href":"https:\/\/www.wirbelwirrwarr.de\/index.php\/wp-json\/wp\/v2\/types\/page"}],"author":[{"embeddable":true,"href":"https:\/\/www.wirbelwirrwarr.de\/index.php\/wp-json\/wp\/v2\/users\/1"}],"replies":[{"embeddable":true,"href":"https:\/\/www.wirbelwirrwarr.de\/index.php\/wp-json\/wp\/v2\/comments?post=3090"}],"version-history":[{"count":57,"href":"https:\/\/www.wirbelwirrwarr.de\/index.php\/wp-json\/wp\/v2\/pages\/3090\/revisions"}],"predecessor-version":[{"id":14851,"href":"https:\/\/www.wirbelwirrwarr.de\/index.php\/wp-json\/wp\/v2\/pages\/3090\/revisions\/14851"}],"wp:attachment":[{"href":"https:\/\/www.wirbelwirrwarr.de\/index.php\/wp-json\/wp\/v2\/media?parent=3090"}],"curies":[{"name":"wp","href":"https:\/\/api.w.org\/{rel}","templated":true}]}}