{"id":3088,"date":"2020-02-16T14:06:34","date_gmt":"2020-02-16T13:06:34","guid":{"rendered":"http:\/\/www.wirbelwirrwarr.de\/?page_id=3088"},"modified":"2023-09-21T18:46:44","modified_gmt":"2023-09-21T16:46:44","slug":"symptomregenbogen","status":"publish","type":"page","link":"https:\/\/www.wirbelwirrwarr.de\/index.php\/symptomregenbogen\/","title":{"rendered":"Symptom-Regenbogen"},"content":{"rendered":"\n<p><em>Die Symptome einer Kopfgelenksinstabilit\u00e4t erinnern mich manchmal an ein kompliziertes Klavierst\u00fcck und dessen unz\u00e4hlige Variationen. Es kommt eben immer drauf an, welche Tasten gedr\u00fcckt werden.<\/em><\/p>\n\n\n\n<hr class=\"wp-block-separator has-css-opacity\"\/>\n\n\n\n<p>Wie jedes andere Gelenk sind auch die Kopfgelenke von Muskeln, einer Gelenkkapsel und B\u00e4ndern umgeben. Muskeln \u00fcbertragen mit Hilfe von Sehnen Kraft auf das Skelett, sodass Bewegung zustande kommen kann. Sie sorgen andererseits jedoch auch f\u00fcr Stabilit\u00e4t und halten Knochen in ihrer physiologischen Position. Diesen Zweck erf\u00fcllen auch B\u00e4nder. Diese bestehen aus parallel verlaufenden Bindegewebsfasern und verhindern unphysiologische Bewegungen der Gelenke. <\/p>\n\n\n\n<p>Sobald B\u00e4nder im Bereich der Kopfgelenke ihre Aufgabe nur noch suboptimal erf\u00fcllen, kann es passieren, dass sich der Bewegungsspielraum eines oder mehrerer Wirbelk\u00f6rper stark vergr\u00f6\u00dfert. Daraus wiederum kann sich eine Beeintr\u00e4chtigung umliegender Strukturen, wie hirnversorgender Blutgef\u00e4\u00dfe (A. vertebralis), der Hirnnerven, des R\u00fcckenmarks und des in der N\u00e4he gelegenen Hirnstamms ergeben. Die Symptome instabiler Kopfgelenke sind somit vielf\u00e4ltig, k\u00f6nnen isoliert oder gemeinsam auftreten.<\/p>\n\n\n\n<h2 class=\"wp-block-heading\">Hirnnervensymptome &#8211; eine kompakte Liste<\/h2>\n\n\n\n<h3 class=\"wp-block-heading\">Nervus olfactorius <\/h3>\n\n\n\n<ul>\n<li>Geruchsst\u00f6rungen<\/li>\n\n\n\n<li>Geruchs\u00fcberempfindlichkeit <\/li>\n\n\n\n<li>Verlust des Geruchssinns<\/li>\n\n\n\n<li>Riechen falscher Ger\u00fcche <\/li>\n<\/ul>\n\n\n\n<div style=\"height:20px\" aria-hidden=\"true\" class=\"wp-block-spacer\"><\/div>\n\n\n\n<h3 class=\"wp-block-heading\">N. opticus<\/h3>\n\n\n\n<ul>\n<li>Kontrast- und Farbsehst\u00f6rungen<\/li>\n\n\n\n<li>Sehverlust: Von teilweisem bis zum kompletten Verlust des Sehverm\u00f6gens.<\/li>\n\n\n\n<li>Zentrales Skotom: Ein blinder Fleck im zentralen Sehfeld<\/li>\n\n\n\n<li>Gesichtsfeldausf\u00e4lle: Fehlende Bereiche im peripheren Sichtfeld.<\/li>\n\n\n\n<li>Blendempfindlichkeit<\/li>\n\n\n\n<li>Verminderte Sehsch\u00e4rfe<\/li>\n<\/ul>\n\n\n\n<div style=\"height:21px\" aria-hidden=\"true\" class=\"wp-block-spacer\"><\/div>\n\n\n\n<h3 class=\"wp-block-heading\"><strong>N. oculomotorius<\/strong><\/h3>\n\n\n\n<ul>\n<li>Doppelbilder (Diplopie)<\/li>\n\n\n\n<li>Ptosis: Ptosis bezieht sich auf eine Herabh\u00e4ngen des oberen Augenlids aufgrund einer unzureichenden Muskelkontrolle durch den Nervus oculomotorius<\/li>\n\n\n\n<li>Einschr\u00e4nkung der Augenbewegungen<\/li>\n\n\n\n<li>Mydriasis und Anisokorie: Mydriasis = eine erweiterte Pupille; Anisokorie = die Pupillen sind unterschiedlich gro\u00df <\/li>\n\n\n\n<li>Lichtempfindlichkeit: Eine Sch\u00e4digung des Nervus oculomotorius kann die normale Reaktion der Pupillen auf Licht beeintr\u00e4chtigen<\/li>\n<\/ul>\n\n\n\n<div style=\"height:20px\" aria-hidden=\"true\" class=\"wp-block-spacer\"><\/div>\n\n\n\n<h3 class=\"wp-block-heading\"><strong>N. trochlearis<\/strong><\/h3>\n\n\n\n<ul>\n<li>Doppelbilder<\/li>\n\n\n\n<li>Einschr\u00e4nkung der Augenbewegungen<\/li>\n\n\n\n<li>Schielen (Strabismus)<\/li>\n\n\n\n<li>Kopfschmerzen und Augenm\u00fcdigkeit<\/li>\n<\/ul>\n\n\n\n<div style=\"height:21px\" aria-hidden=\"true\" class=\"wp-block-spacer\"><\/div>\n\n\n\n<h3 class=\"wp-block-heading\"> <strong>N. trigeminus<\/strong> <\/h3>\n\n\n\n<ul>\n<li>Zuschwellen der Nase(nnebenh\u00f6hlen)<\/li>\n\n\n\n<li>Migr\u00e4ne<\/li>\n\n\n\n<li>Kopfschmerzen<\/li>\n\n\n\n<li>rote Augen<\/li>\n\n\n\n<li>Kieferschmerzen<\/li>\n\n\n\n<li>Nasenbluten<\/li>\n<\/ul>\n\n\n\n<div style=\"height:21px\" aria-hidden=\"true\" class=\"wp-block-spacer\"><\/div>\n\n\n\n<h3 class=\"wp-block-heading\"><strong>N. abducens<\/strong> <\/h3>\n\n\n\n<ul>\n<li>Esotropie: Schielen nach innen <\/li>\n\n\n\n<li>Doppelbilder (Diplopie)<\/li>\n\n\n\n<li>Einschr\u00e4nkung der Augenbewegung nach au\u00dfen<\/li>\n<\/ul>\n\n\n\n<div style=\"height:20px\" aria-hidden=\"true\" class=\"wp-block-spacer\"><\/div>\n\n\n\n<h3 class=\"wp-block-heading\"><strong>N. facialis<\/strong> <\/h3>\n\n\n\n<ul>\n<li>Trockenheit der Augen, der Nase, des Mundes<\/li>\n\n\n\n<li>Metallgeschmack<\/li>\n\n\n\n<li>Verlust des Geschmacks<\/li>\n\n\n\n<li>Jucken im Geh\u00f6rgang<\/li>\n\n\n\n<li>Gesichtsl\u00e4hmungen<\/li>\n\n\n\n<li>L\u00e4rmempfindlichkeit <\/li>\n\n\n\n<li>Empfindliche Kopfhaut<\/li>\n<\/ul>\n\n\n\n<div style=\"height:20px\" aria-hidden=\"true\" class=\"wp-block-spacer\"><\/div>\n\n\n\n<h3 class=\"wp-block-heading\"><strong>N. vestibulocochlearis<\/strong> <\/h3>\n\n\n\n<ul>\n<li>Schweregef\u00fchl <\/li>\n\n\n\n<li>Taubheit<\/li>\n\n\n\n<li>Schwindel<\/li>\n\n\n\n<li>Sturzneigung<\/li>\n\n\n\n<li>Gangunsicherheit<\/li>\n<\/ul>\n\n\n\n<div style=\"height:21px\" aria-hidden=\"true\" class=\"wp-block-spacer\"><\/div>\n\n\n\n<h3 class=\"wp-block-heading\"><strong>N. glossopharyngeus<\/strong> <\/h3>\n\n\n\n<ul>\n<li>Empfindliche Mundschleimhaut<\/li>\n\n\n\n<li>Schluckst\u00f6rungen<\/li>\n\n\n\n<li>vermehrtes Verschlucken  <\/li>\n<\/ul>\n\n\n\n<div style=\"height:21px\" aria-hidden=\"true\" class=\"wp-block-spacer\"><\/div>\n\n\n\n<h3 class=\"wp-block-heading\"><strong>N. vagus<\/strong> <\/h3>\n\n\n\n<ul>\n<li>morgens: Heiserkeit, belegte Stimme, Husten, R\u00e4uspern<\/li>\n\n\n\n<li>Versagen der Stimme<\/li>\n\n\n\n<li>Durchfall, h\u00e4ufiger Harndrang<\/li>\n\n\n\n<li>starkes Schwitzen<\/li>\n\n\n\n<li>niedriger Blutdruck<\/li>\n<\/ul>\n\n\n\n<div style=\"height:20px\" aria-hidden=\"true\" class=\"wp-block-spacer\"><\/div>\n\n\n\n<h3 class=\"wp-block-heading\"><strong>N. accessorius<\/strong> <\/h3>\n\n\n\n<ul>\n<li>Schulterschmerzen<\/li>\n\n\n\n<li>Nackenschmerzen<\/li>\n\n\n\n<li>Schmerzen beim Transportieren schwerer Gegenst\u00e4nde<\/li>\n<\/ul>\n\n\n\n<div style=\"height:21px\" aria-hidden=\"true\" class=\"wp-block-spacer\"><\/div>\n\n\n\n<h3 class=\"wp-block-heading\"><strong>N. hypoglossus<\/strong> <\/h3>\n\n\n\n<ul>\n<li>Zungenbrennen<\/li>\n\n\n\n<li>schwere Zunge<\/li>\n\n\n\n<li>Geschmacksst\u00f6rungen<\/li>\n<\/ul>\n\n\n\n<div style=\"height:21px\" aria-hidden=\"true\" class=\"wp-block-spacer\"><\/div>\n\n\n\n<div style=\"height:20px\" aria-hidden=\"true\" class=\"wp-block-spacer\"><\/div>\n\n\n<div class=\"wp-block-image\">\n<figure class=\"aligncenter size-large is-resized\"><img loading=\"lazy\" decoding=\"async\" src=\"https:\/\/www.wirbelwirrwarr.de\/wp-content\/uploads\/2023\/02\/Symptomwirbel-1-1024x1008.png\" alt=\"\" class=\"wp-image-11219\" width=\"398\" height=\"391\" srcset=\"https:\/\/www.wirbelwirrwarr.de\/wp-content\/uploads\/2023\/02\/Symptomwirbel-1-1024x1008.png 1024w, https:\/\/www.wirbelwirrwarr.de\/wp-content\/uploads\/2023\/02\/Symptomwirbel-1-300x295.png 300w, https:\/\/www.wirbelwirrwarr.de\/wp-content\/uploads\/2023\/02\/Symptomwirbel-1-768x756.png 768w, https:\/\/www.wirbelwirrwarr.de\/wp-content\/uploads\/2023\/02\/Symptomwirbel-1-1536x1512.png 1536w, https:\/\/www.wirbelwirrwarr.de\/wp-content\/uploads\/2023\/02\/Symptomwirbel-1-2048x2016.png 2048w\" sizes=\"(max-width: 398px) 100vw, 398px\" \/><figcaption class=\"wp-element-caption\">Mit CCI\/AAI sind solche Symptomkolosse keine Seltenheit. (Bild: wirbelwirrwarr)<\/figcaption><\/figure><\/div>\n\n\n<h2 class=\"wp-block-heading\">Nitrosativer Stress<\/h2>\n\n\n\n<p>Wer sich mit Halswirbels\u00e4ulenproblemen, insbesondere aber mit einer Instabilit\u00e4t der Kopfgelenke plagt, leidet mit hoher Wahrscheinlichkeit unter erh\u00f6htem oxidativen und erh\u00f6htem nitrosativen Stress, auch genannt Nitrostress. Nitrostress ist eine Form von oxidativem Stress, also einem Zuviel an Sauerstoffradikalen (reactive oxygen species, ROS; eine sch\u00e4dliche Form des Sauerstoffs) im Vergleich zu den uns sch\u00fctzenden Radikalf\u00e4ngern (Antioxidantien). <\/p>\n\n\n\n<p>Normalerweise entstehen solche Radikale sozusagen als Zwischenprodukt unseres blo\u00dfen Existierens und geh\u00f6ren somit einfach zum Leben sowie zum Gesundsein dazu. Sind die Kopfgelenke \u00fcberbeweglich oder bestehen andersgeartete Halswirbelprobleme, k\u00f6nnen Durchblutungsst\u00f6rungen des Gehirns resultieren. Diese Durchblutungsst\u00f6rungen passieren den meisten Menschen oft im Schlaf, wenn der Kopf ung\u00fcnstig gelagert ist (Kuklinski, 2008), aber ebenso nach harmlos anmutenden Kopfbewegungen oder Ersch\u00fctterungen. Bei HWS-Gesch\u00e4digten ist dieser Zustand allerdings dauerhaft, was ihn besonders gef\u00e4hrlich macht. <br>Die Gehirnzellen verfallen dann in eine Art Panikmodus und reagieren, indem sie dauerhaft hohe Mengen Stickstoffmonixid (NO) aussch\u00fctten. Man spricht dann von <strong><a href=\"https:\/\/www.wirbelwirrwarr.de\/index.php\/nitrosativer-stress\/\" target=\"_blank\" rel=\"noreferrer noopener\">Nitrosativem Stress<\/a><\/strong>. <\/p>\n\n\n\n<h2 class=\"wp-block-heading\">Mitochrondriopathie<\/h2>\n\n\n\n<p>Mitochondrien sind die Kraftwerke der Zelle. Ihre Aufgabe ist es, Energie (ATP) bereitzustellen, die den Organismus am Laufen h\u00e4lt. Die Basis f\u00fcr die Energiegewinnung bilden dabei Vitamine und Mineralien. <\/p>\n\n\n\n<p>Sehr viele dieser Mitochondrien befinden sich in Muskel- und Nervenzellen &#8211; also dort, wo viel Energie verbraucht wird. Bei einer St\u00f6rung der Mitochondrien in diesem Bereich entstehen somit folgende Beschwerden: <\/p>\n\n\n\n<ul>\n<li>chronische M\u00fcdigkeit, Energiemangel, Konzentrationsst\u00f6rungen<\/li>\n\n\n\n<li>Sehst\u00f6rungen, Verschwommensehen, Lichtempfindlichkeit, Tinnitus<\/li>\n\n\n\n<li>Infektanf\u00e4lligkeit<\/li>\n\n\n\n<li>Kopfschmerzen, Migr\u00e4ne, Schwindel, Schlafst\u00f6rungen, Depressionen, Empfindlichkeit gegen L\u00e4rm, Licht und Hektik<\/li>\n\n\n\n<li>Herz-Kreislauf-Probleme: niedriger Blutdruck, Herzrasen, Belastungsluftnot<\/li>\n\n\n\n<li>Schilddr\u00fcsenprobleme<\/li>\n\n\n\n<li>Reizdarm, Unterzuckerung, permanentes Hungergef\u00fchl<\/li>\n\n\n\n<li>Muskelschw\u00e4che, Gelenk- und R\u00fcckenschmerzen, Fibromyalgie <\/li>\n<\/ul>\n\n\n\n<div style=\"height:20px\" aria-hidden=\"true\" class=\"wp-block-spacer\"><\/div>\n\n\n\n<p>Ein Ausl\u00f6ser von St\u00f6rungen ist unter anderem nitrosativer Stress. Dieser sch\u00e4digt Strukturen der Mitochondrien, wodurch massive Probleme entstehen:<\/p>\n\n\n\n<ul>\n<li>Vitalstoffverluste &#8211;&gt; chronisches Defizit an Vitamin B12 als Gegenspieler von NO<\/li>\n\n\n\n<li>Bildung von giftigen Stoffwechselprodukten<\/li>\n\n\n\n<li>\u00d6ffnung der Blut-Hirn-Schranke (gar nicht gut, da die Blut-Hirn-Schranke das Gehirn vor im Blut zirkulierenden Krankheitserregern, Toxinen und Botenstoffen sch\u00fctzt)<\/li>\n\n\n\n<li>gest\u00f6rte Entgiftung<\/li>\n\n\n\n<li>Entz\u00fcndungsneigung <\/li>\n<\/ul>\n\n\n\n<div style=\"height:20px\" aria-hidden=\"true\" class=\"wp-block-spacer\"><\/div>\n\n\n\n<div style=\"height:20px\" aria-hidden=\"true\" class=\"wp-block-spacer\"><\/div>\n\n\n\n<p>Nitrosativer Stress und somit auch die Mitochondriopathie werden nach Kuklinski ma\u00dfgeblich verst\u00e4rkt durch Medikamenteneinnahme, vor allem <strong>Antibiotika, Schmerzmittel, Potenzmittel, Langzeitnitrate, Statine, Kardiaka, Arginin<\/strong>.<\/p>\n\n\n\n<div class=\"wp-block-buttons is-layout-flex wp-block-buttons-is-layout-flex\">\n<div class=\"wp-block-button\"><a class=\"wp-block-button__link wp-element-button\" href=\"https:\/\/www.wirbelwirrwarr.de\/index.php\/kryptopyrrolurie\/\" target=\"_blank\" rel=\"noreferrer noopener\">Kryptopyrrolurie<\/a><\/div>\n<\/div>\n\n\n\n<div style=\"height:24px\" aria-hidden=\"true\" class=\"wp-block-spacer\"><\/div>\n\n\n\n<div class=\"wp-block-buttons is-layout-flex wp-block-buttons-is-layout-flex\">\n<div class=\"wp-block-button\"><a class=\"wp-block-button__link wp-element-button\" href=\"https:\/\/www.wirbelwirrwarr.de\/index.php\/dysautonomie\/\" target=\"_blank\" rel=\"noreferrer noopener\">Dysautonomie<\/a><\/div>\n<\/div>\n\n\n\n<div style=\"height:24px\" aria-hidden=\"true\" class=\"wp-block-spacer\"><\/div>\n\n\n\n<div class=\"wp-block-buttons is-layout-flex wp-block-buttons-is-layout-flex\">\n<div class=\"wp-block-button\"><a class=\"wp-block-button__link wp-element-button\" href=\"https:\/\/www.wirbelwirrwarr.de\/index.php\/pots\/\" target=\"_blank\" rel=\"noreferrer noopener\">POTS<\/a><\/div>\n<\/div>\n\n\n\n<hr class=\"wp-block-separator has-css-opacity\"\/>\n\n\n\n<p><em>Zum Nachlesen:<\/em><br><em><a href=\"http:\/\/docplayer.org\/38782397-Kryptopyrrolurie-nitrosativer-stress-und-mitochondropathie.html\">http:\/\/docplayer.org\/38782397-Kryptopyrrolurie-nitrosativer-stress-und-mitochondropathie.html<\/a><br><a href=\"https:\/\/www.praxis-posdzech.de\/themen\/Instabiles%20Genickgelenk%20Mindmap.pdf\">https:\/\/www.praxis-posdzech.de\/themen\/Instabiles%20Genickgelenk%20Mindmap.pdf<\/a><br><a href=\"https:\/\/www.praxis-posdzech.de\/backup_kopfgelenke.de\/symptome-bei-kopfgelenksinstabilitaten.html\">https:\/\/www.praxis-posdzech.de\/backup_kopfgelenke.de\/symptome-bei-kopfgelenksinstabilitaten.html<\/a><br><a href=\"http:\/\/www.menschundzahn-rostock.de\/behan\/Umweltmedizin-1.11-Kuklinski.pdf\">http:\/\/www.menschundzahn-rostock.de\/behan\/Umweltmedizin-1.11-Kuklinski.pdf<\/a><\/em><\/p>\n\n\n\n<p>Kuklinski, B. (2008). Praxisrelevanz des nitrosativen Stresses. OM &amp; Ern\u00e4hrung. 124, 2-19.<\/p>\n\n\n\n<hr class=\"wp-block-separator has-css-opacity\"\/>\n","protected":false},"excerpt":{"rendered":"<p>Die Symptome einer Kopfgelenksinstabilit\u00e4t erinnern mich manchmal an ein kompliziertes Klavierst\u00fcck und dessen unz\u00e4hlige Variationen. Es kommt eben immer drauf an, welche Tasten gedr\u00fcckt werden. Wie jedes andere Gelenk sind auch die Kopfgelenke von Muskeln, einer Gelenkkapsel und B\u00e4ndern umgeben. Muskeln \u00fcbertragen mit Hilfe von Sehnen Kraft auf das Skelett, sodass Bewegung zustande kommen kann. Sie sorgen andererseits jedoch auch f\u00fcr Stabilit\u00e4t und halten Knochen in ihrer physiologischen Position. Diesen Zweck erf\u00fcllen auch B\u00e4nder. Diese bestehen aus parallel verlaufenden Bindegewebsfasern und verhindern unphysiologische Bewegungen der Gelenke. Sobald B\u00e4nder im Bereich der Kopfgelenke ihre Aufgabe nur noch suboptimal erf\u00fcllen, kann [&hellip;]<\/p>\n","protected":false},"author":1,"featured_media":11318,"parent":0,"menu_order":0,"comment_status":"closed","ping_status":"closed","template":"","meta":{"inline_featured_image":false,"footnotes":""},"yoast_head":"<!-- This site is optimized with the Yoast SEO plugin v21.8 - https:\/\/yoast.com\/wordpress\/plugins\/seo\/ -->\n<title>Symptom-Regenbogen - wirbelwirrwarr<\/title>\n<meta name=\"description\" content=\"Sobald B\u00e4nder im Bereich der Kopfgelenke ihre Aufgabe nur noch suboptimal erf\u00fcllen, kann es passieren, dass sich der Bewegungsspielraum...\" \/>\n<meta name=\"robots\" content=\"index, follow, max-snippet:-1, max-image-preview:large, max-video-preview:-1\" \/>\n<link rel=\"canonical\" href=\"https:\/\/www.wirbelwirrwarr.de\/index.php\/symptomregenbogen\/\" \/>\n<meta property=\"og:locale\" content=\"de_DE\" \/>\n<meta property=\"og:type\" content=\"article\" \/>\n<meta property=\"og:title\" content=\"Symptom-Regenbogen - wirbelwirrwarr\" \/>\n<meta property=\"og:description\" content=\"Sobald B\u00e4nder im Bereich der Kopfgelenke ihre Aufgabe nur noch suboptimal erf\u00fcllen, kann es passieren, dass sich der Bewegungsspielraum...\" \/>\n<meta property=\"og:url\" content=\"https:\/\/www.wirbelwirrwarr.de\/index.php\/symptomregenbogen\/\" \/>\n<meta property=\"og:site_name\" content=\"wirbelwirrwarr\" \/>\n<meta property=\"article:modified_time\" content=\"2023-09-21T16:46:44+00:00\" \/>\n<meta property=\"og:image\" content=\"https:\/\/www.wirbelwirrwarr.de\/wp-content\/uploads\/2023\/02\/DALL\u00b7E-2023-02-04-19.12.31-Rainbow-wichtig-headache-e1675952183351.png\" \/>\n\t<meta property=\"og:image:width\" content=\"1024\" \/>\n\t<meta property=\"og:image:height\" content=\"768\" \/>\n\t<meta property=\"og:image:type\" content=\"image\/png\" \/>\n<meta name=\"twitter:card\" content=\"summary_large_image\" \/>\n<meta name=\"twitter:label1\" content=\"Gesch\u00e4tzte Lesezeit\" \/>\n\t<meta name=\"twitter:data1\" content=\"5\u00a0Minuten\" \/>\n<script type=\"application\/ld+json\" class=\"yoast-schema-graph\">{\"@context\":\"https:\/\/schema.org\",\"@graph\":[{\"@type\":\"WebPage\",\"@id\":\"https:\/\/www.wirbelwirrwarr.de\/index.php\/symptomregenbogen\/\",\"url\":\"https:\/\/www.wirbelwirrwarr.de\/index.php\/symptomregenbogen\/\",\"name\":\"Symptom-Regenbogen - wirbelwirrwarr\",\"isPartOf\":{\"@id\":\"https:\/\/www.wirbelwirrwarr.de\/#website\"},\"datePublished\":\"2020-02-16T13:06:34+00:00\",\"dateModified\":\"2023-09-21T16:46:44+00:00\",\"description\":\"Sobald B\u00e4nder im Bereich der Kopfgelenke ihre Aufgabe nur noch suboptimal erf\u00fcllen, kann es passieren, dass sich der Bewegungsspielraum...\",\"breadcrumb\":{\"@id\":\"https:\/\/www.wirbelwirrwarr.de\/index.php\/symptomregenbogen\/#breadcrumb\"},\"inLanguage\":\"de\",\"potentialAction\":[{\"@type\":\"ReadAction\",\"target\":[\"https:\/\/www.wirbelwirrwarr.de\/index.php\/symptomregenbogen\/\"]}]},{\"@type\":\"BreadcrumbList\",\"@id\":\"https:\/\/www.wirbelwirrwarr.de\/index.php\/symptomregenbogen\/#breadcrumb\",\"itemListElement\":[{\"@type\":\"ListItem\",\"position\":1,\"name\":\"Startseite\",\"item\":\"https:\/\/www.wirbelwirrwarr.de\/\"},{\"@type\":\"ListItem\",\"position\":2,\"name\":\"Symptom-Regenbogen\"}]},{\"@type\":\"WebSite\",\"@id\":\"https:\/\/www.wirbelwirrwarr.de\/#website\",\"url\":\"https:\/\/www.wirbelwirrwarr.de\/\",\"name\":\"wirbelwirrwarr\",\"description\":\"Wie eine unsichtbare Krankheit mein Leben bunt macht\",\"publisher\":{\"@id\":\"https:\/\/www.wirbelwirrwarr.de\/#organization\"},\"potentialAction\":[{\"@type\":\"SearchAction\",\"target\":{\"@type\":\"EntryPoint\",\"urlTemplate\":\"https:\/\/www.wirbelwirrwarr.de\/?s={search_term_string}\"},\"query-input\":\"required name=search_term_string\"}],\"inLanguage\":\"de\"},{\"@type\":\"Organization\",\"@id\":\"https:\/\/www.wirbelwirrwarr.de\/#organization\",\"name\":\"wirbelwirrwarr\",\"url\":\"https:\/\/www.wirbelwirrwarr.de\/\",\"logo\":{\"@type\":\"ImageObject\",\"inLanguage\":\"de\",\"@id\":\"https:\/\/www.wirbelwirrwarr.de\/#\/schema\/logo\/image\/\",\"url\":\"https:\/\/www.wirbelwirrwarr.de\/wp-content\/uploads\/2023\/02\/logoatlas9.svg\",\"contentUrl\":\"https:\/\/www.wirbelwirrwarr.de\/wp-content\/uploads\/2023\/02\/logoatlas9.svg\",\"caption\":\"wirbelwirrwarr\"},\"image\":{\"@id\":\"https:\/\/www.wirbelwirrwarr.de\/#\/schema\/logo\/image\/\"}}]}<\/script>\n<!-- \/ Yoast SEO plugin. -->","yoast_head_json":{"title":"Symptom-Regenbogen - wirbelwirrwarr","description":"Sobald B\u00e4nder im Bereich der Kopfgelenke ihre Aufgabe nur noch suboptimal erf\u00fcllen, kann es passieren, dass sich der Bewegungsspielraum...","robots":{"index":"index","follow":"follow","max-snippet":"max-snippet:-1","max-image-preview":"max-image-preview:large","max-video-preview":"max-video-preview:-1"},"canonical":"https:\/\/www.wirbelwirrwarr.de\/index.php\/symptomregenbogen\/","og_locale":"de_DE","og_type":"article","og_title":"Symptom-Regenbogen - wirbelwirrwarr","og_description":"Sobald B\u00e4nder im Bereich der Kopfgelenke ihre Aufgabe nur noch suboptimal erf\u00fcllen, kann es passieren, dass sich der Bewegungsspielraum...","og_url":"https:\/\/www.wirbelwirrwarr.de\/index.php\/symptomregenbogen\/","og_site_name":"wirbelwirrwarr","article_modified_time":"2023-09-21T16:46:44+00:00","og_image":[{"width":1024,"height":768,"url":"https:\/\/www.wirbelwirrwarr.de\/wp-content\/uploads\/2023\/02\/DALL\u00b7E-2023-02-04-19.12.31-Rainbow-wichtig-headache-e1675952183351.png","type":"image\/png"}],"twitter_card":"summary_large_image","twitter_misc":{"Gesch\u00e4tzte Lesezeit":"5\u00a0Minuten"},"schema":{"@context":"https:\/\/schema.org","@graph":[{"@type":"WebPage","@id":"https:\/\/www.wirbelwirrwarr.de\/index.php\/symptomregenbogen\/","url":"https:\/\/www.wirbelwirrwarr.de\/index.php\/symptomregenbogen\/","name":"Symptom-Regenbogen - wirbelwirrwarr","isPartOf":{"@id":"https:\/\/www.wirbelwirrwarr.de\/#website"},"datePublished":"2020-02-16T13:06:34+00:00","dateModified":"2023-09-21T16:46:44+00:00","description":"Sobald B\u00e4nder im Bereich der Kopfgelenke ihre Aufgabe nur noch suboptimal erf\u00fcllen, kann es passieren, dass sich der Bewegungsspielraum...","breadcrumb":{"@id":"https:\/\/www.wirbelwirrwarr.de\/index.php\/symptomregenbogen\/#breadcrumb"},"inLanguage":"de","potentialAction":[{"@type":"ReadAction","target":["https:\/\/www.wirbelwirrwarr.de\/index.php\/symptomregenbogen\/"]}]},{"@type":"BreadcrumbList","@id":"https:\/\/www.wirbelwirrwarr.de\/index.php\/symptomregenbogen\/#breadcrumb","itemListElement":[{"@type":"ListItem","position":1,"name":"Startseite","item":"https:\/\/www.wirbelwirrwarr.de\/"},{"@type":"ListItem","position":2,"name":"Symptom-Regenbogen"}]},{"@type":"WebSite","@id":"https:\/\/www.wirbelwirrwarr.de\/#website","url":"https:\/\/www.wirbelwirrwarr.de\/","name":"wirbelwirrwarr","description":"Wie eine unsichtbare Krankheit mein Leben bunt macht","publisher":{"@id":"https:\/\/www.wirbelwirrwarr.de\/#organization"},"potentialAction":[{"@type":"SearchAction","target":{"@type":"EntryPoint","urlTemplate":"https:\/\/www.wirbelwirrwarr.de\/?s={search_term_string}"},"query-input":"required name=search_term_string"}],"inLanguage":"de"},{"@type":"Organization","@id":"https:\/\/www.wirbelwirrwarr.de\/#organization","name":"wirbelwirrwarr","url":"https:\/\/www.wirbelwirrwarr.de\/","logo":{"@type":"ImageObject","inLanguage":"de","@id":"https:\/\/www.wirbelwirrwarr.de\/#\/schema\/logo\/image\/","url":"https:\/\/www.wirbelwirrwarr.de\/wp-content\/uploads\/2023\/02\/logoatlas9.svg","contentUrl":"https:\/\/www.wirbelwirrwarr.de\/wp-content\/uploads\/2023\/02\/logoatlas9.svg","caption":"wirbelwirrwarr"},"image":{"@id":"https:\/\/www.wirbelwirrwarr.de\/#\/schema\/logo\/image\/"}}]}},"_links":{"self":[{"href":"https:\/\/www.wirbelwirrwarr.de\/index.php\/wp-json\/wp\/v2\/pages\/3088"}],"collection":[{"href":"https:\/\/www.wirbelwirrwarr.de\/index.php\/wp-json\/wp\/v2\/pages"}],"about":[{"href":"https:\/\/www.wirbelwirrwarr.de\/index.php\/wp-json\/wp\/v2\/types\/page"}],"author":[{"embeddable":true,"href":"https:\/\/www.wirbelwirrwarr.de\/index.php\/wp-json\/wp\/v2\/users\/1"}],"replies":[{"embeddable":true,"href":"https:\/\/www.wirbelwirrwarr.de\/index.php\/wp-json\/wp\/v2\/comments?post=3088"}],"version-history":[{"count":84,"href":"https:\/\/www.wirbelwirrwarr.de\/index.php\/wp-json\/wp\/v2\/pages\/3088\/revisions"}],"predecessor-version":[{"id":14598,"href":"https:\/\/www.wirbelwirrwarr.de\/index.php\/wp-json\/wp\/v2\/pages\/3088\/revisions\/14598"}],"wp:featuredmedia":[{"embeddable":true,"href":"https:\/\/www.wirbelwirrwarr.de\/index.php\/wp-json\/wp\/v2\/media\/11318"}],"wp:attachment":[{"href":"https:\/\/www.wirbelwirrwarr.de\/index.php\/wp-json\/wp\/v2\/media?parent=3088"}],"curies":[{"name":"wp","href":"https:\/\/api.w.org\/{rel}","templated":true}]}}