{"id":2529,"date":"2020-01-27T07:36:18","date_gmt":"2020-01-27T06:36:18","guid":{"rendered":"http:\/\/www.wirbelwirrwarr.de\/?page_id=2529"},"modified":"2025-05-21T07:24:44","modified_gmt":"2025-05-21T05:24:44","slug":"cci","status":"publish","type":"page","link":"https:\/\/www.wirbelwirrwarr.de\/index.php\/cci\/","title":{"rendered":"CCI"},"content":{"rendered":"\n<p>CCI? Ist das ein Code? Sozusagen schon &#8211; denn diese beide Abk\u00fcrzungen stehen f\u00fcr ein gro\u00dfes polarisierendes medizinisches Ph\u00e4nomen: die instabilen Kopfgelenke. Aber erstmal der Reihe nach.<\/p>\n\n\n\n<!--more-->\n\n\n\n<hr class=\"wp-block-separator has-alpha-channel-opacity\"\/>\n\n\n\n<h2 class=\"wp-block-heading\">Die Halswirbels\u00e4ule kann alles<\/h2>\n\n\n\n<p>K\u00f6rperliche Symptome haben immer eine Ursache, besonders die seltsamen. Neurologen m\u00f6gen es noch immer vehement abstreiten, doch als Gebeutelte meiner eigenen Physis halte ich dagegen und best\u00e4tige jedem, der es bereits vermutet: Ja, die <a href=\"https:\/\/www.medneo.com\/patienten\/anatomie-halswirbelsaeule\/\" target=\"_blank\" rel=\"noreferrer noopener\">Halswirbels\u00e4ule<\/a> kann verantwortlich sein f\u00fcr:<\/p>\n\n\n\n<ul>\n<li>Schwindel<\/li>\n\n\n\n<li>Schmerzen<\/li>\n\n\n\n<li>Sehst\u00f6rungen<\/li>\n\n\n\n<li>n\u00e4chtliches Aufschrecken<\/li>\n\n\n\n<li>Schw\u00e4che in Armen und Beinen<\/li>\n\n\n\n<li>Stromst\u00f6\u00dfe<\/li>\n\n\n\n<li>Schluckst\u00f6rungen<\/li>\n\n\n\n<li>Ersch\u00f6pfung<\/li>\n\n\n\n<li>Herzrasen und -stolpern <\/li>\n\n\n\n<li>Muskelzucken<\/li>\n\n\n\n<li>Atemnot<\/li>\n\n\n\n<li>H\u00f6rprobleme (Tinnitus, Rauschen, H\u00f6rverlust)<\/li>\n\n\n\n<li>Missempfindungen (Brennen, Kribbeln, Zwicken, Vibrieren)<\/li>\n\n\n\n<li>Kopfschmerzen\/Druck im Kopf<\/li>\n\n\n\n<li>rot unterlaufene Augen und \u00d6deme im Gesicht <\/li>\n\n\n\n<li>extrem hoher Blutdruck im Wechsel mit extrem niedrigen Blutdruck<\/li>\n\n\n\n<li>kognitive Verlangsamung<\/li>\n\n\n\n<li>Konzentrationsprobleme<\/li>\n\n\n\n<li>Gereiztheit<\/li>\n\n\n\n<li>Benommenheit<\/li>\n<\/ul>\n\n\n\n<div style=\"height:21px\" aria-hidden=\"true\" class=\"wp-block-spacer\"><\/div>\n\n\n\n<p><a href=\"https:\/\/www.wirbelwirrwarr.de\/index.php\/symptomregenbogen\/\" target=\"_blank\" rel=\"noreferrer noopener\">Und noch mehr als das.<\/a> Wenn man so m\u00f6chte: alles. <\/p>\n\n\n\n<div style=\"height:13px\" aria-hidden=\"true\" class=\"wp-block-spacer\"><\/div>\n\n\n\n<p>Subsumiert wird diese mysteri\u00f6se Symptompalette unter dem Begriff <strong>HWS-Syndrom<\/strong>, worunter im Grunde alles und nichts zu verstehen ist. Denn <strong>Syndrom <\/strong>bedeutet letztendlich nichts anderes als Symptomkombination. Klingt pr\u00e4gnant, erlaubt jedoch keine konkrete Aussage \u00fcber die individuelle Ursachen. Zu diesen z\u00e4hlen laut Schulmedizin:<\/p>\n\n\n\n<ul>\n<li>Stress<\/li>\n\n\n\n<li>Muskelverh\u00e4rtungen <\/li>\n\n\n\n<li>muskul\u00e4re Dysbalance <\/li>\n\n\n\n<li>\u00dcberspannung der Faszien<\/li>\n\n\n\n<li>degenerative Ver\u00e4nderungen der Knochenstruktur<\/li>\n\n\n\n<li>chronischer Fl\u00fcssigkeitsmangel <\/li>\n\n\n\n<li>Fehlbelastungen <\/li>\n<\/ul>\n\n\n\n<div style=\"height:13px\" aria-hidden=\"true\" class=\"wp-block-spacer\"><\/div>\n\n\n\n<h2 class=\"wp-block-heading\">Manchmal steckt mehr dahinter &#8211; zum Beispiel CCI<\/h2>\n\n\n\n<p>Wer unter besonders vielen, scheinbar unvereinbaren und stark ausgepr\u00e4gten Symptomen leidet, st\u00f6\u00dft fr\u00fcher oder sp\u00e4ter &#8211; meist von selbst &#8211; auf das Akronym <strong>CCI<\/strong>, hinter dem sich ein vielschichtiges Krankheitsbild verbirgt: die <strong>kraniozervikale Instabilit\u00e4t<\/strong>, auch bekannt als <strong>Instabilit\u00e4t der Kopfgelenke\/Kopfgelenksinstabilit\u00e4t<\/strong>. <\/p>\n\n\n\n<p>Mit <strong>CCI<\/strong> ist vor allem eine Instabilit\u00e4t der Verbindung zwischen Sch\u00e4del und dem ersten Halswirbel (Atlas) gemeint, die gemeinsam das erste Kopfgelenk bilden. Davon unterschieden wird <strong>AAI<\/strong>, eine Instabilit\u00e4t des zweiten Kopfgelenks, das sich zwischen Atlas und dem zweiten Halswirbel (Axis) befindet. <\/p>\n\n\n\n<figure class=\"wp-block-image size-large\"><img loading=\"lazy\" decoding=\"async\" width=\"1024\" height=\"768\" src=\"https:\/\/www.wirbelwirrwarr.de\/wp-content\/uploads\/2023\/02\/atlas2-1024x768.png\" alt=\"\" class=\"wp-image-11692\" srcset=\"https:\/\/www.wirbelwirrwarr.de\/wp-content\/uploads\/2023\/02\/atlas2-1024x768.png 1024w, https:\/\/www.wirbelwirrwarr.de\/wp-content\/uploads\/2023\/02\/atlas2-300x225.png 300w, https:\/\/www.wirbelwirrwarr.de\/wp-content\/uploads\/2023\/02\/atlas2-768x576.png 768w, https:\/\/www.wirbelwirrwarr.de\/wp-content\/uploads\/2023\/02\/atlas2-1536x1152.png 1536w, https:\/\/www.wirbelwirrwarr.de\/wp-content\/uploads\/2023\/02\/atlas2-2048x1536.png 2048w\" sizes=\"(max-width: 1024px) 100vw, 1024px\" \/><figcaption class=\"wp-element-caption\"><em>Wenn k\u00f6rperliche Beschwerden immer zahlreicher werden, sollte man an die Halswirbels\u00e4ule denken. Der erste Halswirbel hei\u00dft Atlas.<\/em> <em>(Foto: OpenClipart-Vectors &#8211; pixabay.com)<\/em><\/figcaption><\/figure>\n\n\n\n<p>Eine Kopfgelenksinstabilit\u00e4t l\u00e4sst sich jedoch nicht nur danach einordnen, <em>wo<\/em> sie auftritt, sondern auch <em>wie<\/em>. Sowohl eine <strong>\u00dcberdehnung<\/strong> als auch Risse oder vollst\u00e4ndige <strong>Rupturen<\/strong> wichtiger Bandstrukturen k\u00f6nnen CCI\/AAI ausl\u00f6sen. Im ersten Fall k\u00f6nnte man daher von prim\u00e4r funktioneller, im zweiten Fall von prim\u00e4r struktureller Instabilit\u00e4t sprechen. <\/p>\n\n\n\n<p>In meinem Blog werde ich jeden dieser Aspekte unter <strong>CCI<\/strong> oder <strong>Kopfgelenksinstabilit\u00e4t<\/strong> zusammenfassen. <\/p>\n\n\n\n<h2 class=\"wp-block-heading\">B\u00fccher zum Nachw\u00e4lzen<\/h2>\n\n\n\n<p>F\u00fcr einen bek\u00f6mmlichen Einstieg ins Thema empfehle ich <a href=\"https:\/\/amzn.to\/3GZSvHt\" target=\"_blank\" rel=\"noreferrer noopener\">&#8222;Schwachstelle Genick&#8220; von Dr. Bodo Kuklinski*:<\/a><\/p>\n\n\n\n<figure class=\"wp-block-image size-large\"><img loading=\"lazy\" decoding=\"async\" width=\"768\" height=\"1024\" src=\"https:\/\/www.wirbelwirrwarr.de\/wp-content\/uploads\/2022\/04\/20220429709394618069466054-768x1024.jpg\" alt=\"\" class=\"wp-image-9797\" srcset=\"https:\/\/www.wirbelwirrwarr.de\/wp-content\/uploads\/2022\/04\/20220429709394618069466054-768x1023.jpg 768w, https:\/\/www.wirbelwirrwarr.de\/wp-content\/uploads\/2022\/04\/20220429709394618069466054-225x300.jpg 225w, https:\/\/www.wirbelwirrwarr.de\/wp-content\/uploads\/2022\/04\/20220429709394618069466054.jpg 956w\" sizes=\"(max-width: 768px) 100vw, 768px\" \/><\/figure>\n\n\n\n<hr class=\"wp-block-separator has-css-opacity\"\/>\n\n\n\n<p><em>*bezahlter Link<\/em><\/p>\n","protected":false},"excerpt":{"rendered":"<p>CCI? Ist das ein Code? Sozusagen schon &#8211; denn diese beide Abk\u00fcrzungen stehen f\u00fcr ein gro\u00dfes polarisierendes medizinisches Ph\u00e4nomen: die instabilen Kopfgelenke. Aber erstmal der Reihe nach.<\/p>\n","protected":false},"author":1,"featured_media":12001,"parent":0,"menu_order":0,"comment_status":"closed","ping_status":"closed","template":"","meta":{"inline_featured_image":false,"footnotes":""},"yoast_head":"<!-- This site is optimized with the Yoast SEO plugin v21.8 - https:\/\/yoast.com\/wordpress\/plugins\/seo\/ -->\n<title>CCI - wirbelwirrwarr<\/title>\n<meta name=\"description\" content=\"Wer jedoch unter besonders vielen, scheinbar unvereinbaren Symptomen leidet, st\u00f6\u00dft fr\u00fcher oder sp\u00e4ter auf das Akronym CCI...\" \/>\n<meta name=\"robots\" content=\"index, follow, max-snippet:-1, max-image-preview:large, max-video-preview:-1\" \/>\n<link rel=\"canonical\" href=\"https:\/\/www.wirbelwirrwarr.de\/index.php\/cci\/\" \/>\n<meta property=\"og:locale\" content=\"de_DE\" \/>\n<meta property=\"og:type\" content=\"article\" \/>\n<meta property=\"og:title\" content=\"CCI - wirbelwirrwarr\" \/>\n<meta property=\"og:description\" content=\"Wer jedoch unter besonders vielen, scheinbar unvereinbaren Symptomen leidet, st\u00f6\u00dft fr\u00fcher oder sp\u00e4ter auf das Akronym CCI...\" \/>\n<meta property=\"og:url\" content=\"https:\/\/www.wirbelwirrwarr.de\/index.php\/cci\/\" \/>\n<meta property=\"og:site_name\" content=\"wirbelwirrwarr\" \/>\n<meta property=\"article:modified_time\" content=\"2025-05-21T05:24:44+00:00\" \/>\n<meta property=\"og:image\" content=\"https:\/\/www.wirbelwirrwarr.de\/wp-content\/uploads\/2020\/02\/Photo-by-Jairo-Alzate-on-Unsplash-scaled.jpg\" \/>\n\t<meta property=\"og:image:width\" content=\"1722\" \/>\n\t<meta property=\"og:image:height\" content=\"2560\" \/>\n\t<meta property=\"og:image:type\" content=\"image\/jpeg\" \/>\n<meta name=\"twitter:card\" content=\"summary_large_image\" \/>\n<meta name=\"twitter:label1\" content=\"Gesch\u00e4tzte Lesezeit\" \/>\n\t<meta name=\"twitter:data1\" content=\"3\u00a0Minuten\" \/>\n<script type=\"application\/ld+json\" class=\"yoast-schema-graph\">{\"@context\":\"https:\/\/schema.org\",\"@graph\":[{\"@type\":\"WebPage\",\"@id\":\"https:\/\/www.wirbelwirrwarr.de\/index.php\/cci\/\",\"url\":\"https:\/\/www.wirbelwirrwarr.de\/index.php\/cci\/\",\"name\":\"CCI - wirbelwirrwarr\",\"isPartOf\":{\"@id\":\"https:\/\/www.wirbelwirrwarr.de\/#website\"},\"datePublished\":\"2020-01-27T06:36:18+00:00\",\"dateModified\":\"2025-05-21T05:24:44+00:00\",\"description\":\"Wer jedoch unter besonders vielen, scheinbar unvereinbaren Symptomen leidet, st\u00f6\u00dft fr\u00fcher oder sp\u00e4ter auf das Akronym CCI...\",\"breadcrumb\":{\"@id\":\"https:\/\/www.wirbelwirrwarr.de\/index.php\/cci\/#breadcrumb\"},\"inLanguage\":\"de\",\"potentialAction\":[{\"@type\":\"ReadAction\",\"target\":[\"https:\/\/www.wirbelwirrwarr.de\/index.php\/cci\/\"]}]},{\"@type\":\"BreadcrumbList\",\"@id\":\"https:\/\/www.wirbelwirrwarr.de\/index.php\/cci\/#breadcrumb\",\"itemListElement\":[{\"@type\":\"ListItem\",\"position\":1,\"name\":\"Startseite\",\"item\":\"https:\/\/www.wirbelwirrwarr.de\/\"},{\"@type\":\"ListItem\",\"position\":2,\"name\":\"CCI\"}]},{\"@type\":\"WebSite\",\"@id\":\"https:\/\/www.wirbelwirrwarr.de\/#website\",\"url\":\"https:\/\/www.wirbelwirrwarr.de\/\",\"name\":\"wirbelwirrwarr\",\"description\":\"Wie eine unsichtbare Krankheit mein Leben bunt macht\",\"publisher\":{\"@id\":\"https:\/\/www.wirbelwirrwarr.de\/#organization\"},\"potentialAction\":[{\"@type\":\"SearchAction\",\"target\":{\"@type\":\"EntryPoint\",\"urlTemplate\":\"https:\/\/www.wirbelwirrwarr.de\/?s={search_term_string}\"},\"query-input\":\"required name=search_term_string\"}],\"inLanguage\":\"de\"},{\"@type\":\"Organization\",\"@id\":\"https:\/\/www.wirbelwirrwarr.de\/#organization\",\"name\":\"wirbelwirrwarr\",\"url\":\"https:\/\/www.wirbelwirrwarr.de\/\",\"logo\":{\"@type\":\"ImageObject\",\"inLanguage\":\"de\",\"@id\":\"https:\/\/www.wirbelwirrwarr.de\/#\/schema\/logo\/image\/\",\"url\":\"https:\/\/www.wirbelwirrwarr.de\/wp-content\/uploads\/2023\/02\/logoatlas9.svg\",\"contentUrl\":\"https:\/\/www.wirbelwirrwarr.de\/wp-content\/uploads\/2023\/02\/logoatlas9.svg\",\"caption\":\"wirbelwirrwarr\"},\"image\":{\"@id\":\"https:\/\/www.wirbelwirrwarr.de\/#\/schema\/logo\/image\/\"}}]}<\/script>\n<!-- \/ Yoast SEO plugin. -->","yoast_head_json":{"title":"CCI - wirbelwirrwarr","description":"Wer jedoch unter besonders vielen, scheinbar unvereinbaren Symptomen leidet, st\u00f6\u00dft fr\u00fcher oder sp\u00e4ter auf das Akronym CCI...","robots":{"index":"index","follow":"follow","max-snippet":"max-snippet:-1","max-image-preview":"max-image-preview:large","max-video-preview":"max-video-preview:-1"},"canonical":"https:\/\/www.wirbelwirrwarr.de\/index.php\/cci\/","og_locale":"de_DE","og_type":"article","og_title":"CCI - wirbelwirrwarr","og_description":"Wer jedoch unter besonders vielen, scheinbar unvereinbaren Symptomen leidet, st\u00f6\u00dft fr\u00fcher oder sp\u00e4ter auf das Akronym CCI...","og_url":"https:\/\/www.wirbelwirrwarr.de\/index.php\/cci\/","og_site_name":"wirbelwirrwarr","article_modified_time":"2025-05-21T05:24:44+00:00","og_image":[{"width":1722,"height":2560,"url":"https:\/\/www.wirbelwirrwarr.de\/wp-content\/uploads\/2020\/02\/Photo-by-Jairo-Alzate-on-Unsplash-scaled.jpg","type":"image\/jpeg"}],"twitter_card":"summary_large_image","twitter_misc":{"Gesch\u00e4tzte Lesezeit":"3\u00a0Minuten"},"schema":{"@context":"https:\/\/schema.org","@graph":[{"@type":"WebPage","@id":"https:\/\/www.wirbelwirrwarr.de\/index.php\/cci\/","url":"https:\/\/www.wirbelwirrwarr.de\/index.php\/cci\/","name":"CCI - wirbelwirrwarr","isPartOf":{"@id":"https:\/\/www.wirbelwirrwarr.de\/#website"},"datePublished":"2020-01-27T06:36:18+00:00","dateModified":"2025-05-21T05:24:44+00:00","description":"Wer jedoch unter besonders vielen, scheinbar unvereinbaren Symptomen leidet, st\u00f6\u00dft fr\u00fcher oder sp\u00e4ter auf das Akronym CCI...","breadcrumb":{"@id":"https:\/\/www.wirbelwirrwarr.de\/index.php\/cci\/#breadcrumb"},"inLanguage":"de","potentialAction":[{"@type":"ReadAction","target":["https:\/\/www.wirbelwirrwarr.de\/index.php\/cci\/"]}]},{"@type":"BreadcrumbList","@id":"https:\/\/www.wirbelwirrwarr.de\/index.php\/cci\/#breadcrumb","itemListElement":[{"@type":"ListItem","position":1,"name":"Startseite","item":"https:\/\/www.wirbelwirrwarr.de\/"},{"@type":"ListItem","position":2,"name":"CCI"}]},{"@type":"WebSite","@id":"https:\/\/www.wirbelwirrwarr.de\/#website","url":"https:\/\/www.wirbelwirrwarr.de\/","name":"wirbelwirrwarr","description":"Wie eine unsichtbare Krankheit mein Leben bunt macht","publisher":{"@id":"https:\/\/www.wirbelwirrwarr.de\/#organization"},"potentialAction":[{"@type":"SearchAction","target":{"@type":"EntryPoint","urlTemplate":"https:\/\/www.wirbelwirrwarr.de\/?s={search_term_string}"},"query-input":"required name=search_term_string"}],"inLanguage":"de"},{"@type":"Organization","@id":"https:\/\/www.wirbelwirrwarr.de\/#organization","name":"wirbelwirrwarr","url":"https:\/\/www.wirbelwirrwarr.de\/","logo":{"@type":"ImageObject","inLanguage":"de","@id":"https:\/\/www.wirbelwirrwarr.de\/#\/schema\/logo\/image\/","url":"https:\/\/www.wirbelwirrwarr.de\/wp-content\/uploads\/2023\/02\/logoatlas9.svg","contentUrl":"https:\/\/www.wirbelwirrwarr.de\/wp-content\/uploads\/2023\/02\/logoatlas9.svg","caption":"wirbelwirrwarr"},"image":{"@id":"https:\/\/www.wirbelwirrwarr.de\/#\/schema\/logo\/image\/"}}]}},"_links":{"self":[{"href":"https:\/\/www.wirbelwirrwarr.de\/index.php\/wp-json\/wp\/v2\/pages\/2529"}],"collection":[{"href":"https:\/\/www.wirbelwirrwarr.de\/index.php\/wp-json\/wp\/v2\/pages"}],"about":[{"href":"https:\/\/www.wirbelwirrwarr.de\/index.php\/wp-json\/wp\/v2\/types\/page"}],"author":[{"embeddable":true,"href":"https:\/\/www.wirbelwirrwarr.de\/index.php\/wp-json\/wp\/v2\/users\/1"}],"replies":[{"embeddable":true,"href":"https:\/\/www.wirbelwirrwarr.de\/index.php\/wp-json\/wp\/v2\/comments?post=2529"}],"version-history":[{"count":180,"href":"https:\/\/www.wirbelwirrwarr.de\/index.php\/wp-json\/wp\/v2\/pages\/2529\/revisions"}],"predecessor-version":[{"id":18098,"href":"https:\/\/www.wirbelwirrwarr.de\/index.php\/wp-json\/wp\/v2\/pages\/2529\/revisions\/18098"}],"wp:featuredmedia":[{"embeddable":true,"href":"https:\/\/www.wirbelwirrwarr.de\/index.php\/wp-json\/wp\/v2\/media\/12001"}],"wp:attachment":[{"href":"https:\/\/www.wirbelwirrwarr.de\/index.php\/wp-json\/wp\/v2\/media?parent=2529"}],"curies":[{"name":"wp","href":"https:\/\/api.w.org\/{rel}","templated":true}]}}