{"id":16011,"date":"2024-04-13T19:02:47","date_gmt":"2024-04-13T17:02:47","guid":{"rendered":"https:\/\/www.wirbelwirrwarr.de\/?page_id=16011"},"modified":"2024-04-25T20:32:37","modified_gmt":"2024-04-25T18:32:37","slug":"dvt","status":"publish","type":"page","link":"https:\/\/www.wirbelwirrwarr.de\/index.php\/dvt\/","title":{"rendered":"DVT"},"content":{"rendered":"\n<p>Die digitale Volumentomographie (DVT) ist ein fortschrittliches bildgebendes Verfahren, das insbesondere in der Zahnmedizin und Kieferchirurgie weit verbreitet ist, jedoch auch zunehmend zur Diagnose von Erkrankungen und Fehlstellungen der Kopfgelenke eingesetzt wird. Diese spezielle Form der Computertomographie erm\u00f6glicht es, hochaufl\u00f6sende 3D-Bilder des Kopfes und der Halsregion zu erstellen, was eine detaillierte Betrachtung der kn\u00f6chernen Strukturen und der damit verbundenen Gelenke erm\u00f6glicht.<\/p>\n\n\n\n<p>Kleiner Hint: F\u00fcr eine aufschlussreiche Eagle-Syndrom-Diagnostik k\u00f6nnt ihr euch an <a href=\"https:\/\/www.mkg-martini.de\/\" target=\"_blank\" rel=\"noreferrer noopener\">diese<\/a> Praxis wenden.<\/p>\n","protected":false},"excerpt":{"rendered":"<p>Die digitale Volumentomographie (DVT) ist ein fortschrittliches bildgebendes Verfahren, das insbesondere in der Zahnmedizin und Kieferchirurgie weit verbreitet ist, jedoch auch zunehmend zur Diagnose von Erkrankungen und Fehlstellungen der Kopfgelenke eingesetzt wird. Diese spezielle Form der Computertomographie erm\u00f6glicht es, hochaufl\u00f6sende 3D-Bilder des Kopfes und der Halsregion zu erstellen, was eine detaillierte Betrachtung der kn\u00f6chernen Strukturen und der damit verbundenen Gelenke erm\u00f6glicht. Kleiner Hint: F\u00fcr eine aufschlussreiche Eagle-Syndrom-Diagnostik k\u00f6nnt ihr euch an diese Praxis wenden.<\/p>\n","protected":false},"author":1,"featured_media":0,"parent":0,"menu_order":0,"comment_status":"closed","ping_status":"closed","template":"","meta":{"inline_featured_image":false,"footnotes":""},"yoast_head":"<!-- This site is optimized with the Yoast SEO plugin v21.8 - https:\/\/yoast.com\/wordpress\/plugins\/seo\/ -->\n<title>DVT - wirbelwirrwarr<\/title>\n<meta name=\"robots\" content=\"index, follow, max-snippet:-1, max-image-preview:large, max-video-preview:-1\" \/>\n<link rel=\"canonical\" href=\"https:\/\/www.wirbelwirrwarr.de\/index.php\/dvt\/\" \/>\n<meta property=\"og:locale\" content=\"de_DE\" \/>\n<meta property=\"og:type\" content=\"article\" \/>\n<meta property=\"og:title\" content=\"DVT - wirbelwirrwarr\" \/>\n<meta property=\"og:description\" content=\"Die digitale Volumentomographie (DVT) ist ein fortschrittliches bildgebendes Verfahren, das insbesondere in der Zahnmedizin und Kieferchirurgie weit verbreitet ist, jedoch auch zunehmend zur Diagnose von Erkrankungen und Fehlstellungen der Kopfgelenke eingesetzt wird. Diese spezielle Form der Computertomographie erm\u00f6glicht es, hochaufl\u00f6sende 3D-Bilder des Kopfes und der Halsregion zu erstellen, was eine detaillierte Betrachtung der kn\u00f6chernen Strukturen und der damit verbundenen Gelenke erm\u00f6glicht. Kleiner Hint: F\u00fcr eine aufschlussreiche Eagle-Syndrom-Diagnostik k\u00f6nnt ihr euch an diese Praxis wenden.\" \/>\n<meta property=\"og:url\" content=\"https:\/\/www.wirbelwirrwarr.de\/index.php\/dvt\/\" \/>\n<meta property=\"og:site_name\" content=\"wirbelwirrwarr\" \/>\n<meta property=\"article:modified_time\" content=\"2024-04-25T18:32:37+00:00\" \/>\n<meta name=\"twitter:card\" content=\"summary_large_image\" \/>\n<meta name=\"twitter:label1\" content=\"Gesch\u00e4tzte Lesezeit\" \/>\n\t<meta name=\"twitter:data1\" content=\"1\u00a0Minute\" \/>\n<script type=\"application\/ld+json\" class=\"yoast-schema-graph\">{\"@context\":\"https:\/\/schema.org\",\"@graph\":[{\"@type\":\"WebPage\",\"@id\":\"https:\/\/www.wirbelwirrwarr.de\/index.php\/dvt\/\",\"url\":\"https:\/\/www.wirbelwirrwarr.de\/index.php\/dvt\/\",\"name\":\"DVT - wirbelwirrwarr\",\"isPartOf\":{\"@id\":\"https:\/\/www.wirbelwirrwarr.de\/#website\"},\"datePublished\":\"2024-04-13T17:02:47+00:00\",\"dateModified\":\"2024-04-25T18:32:37+00:00\",\"breadcrumb\":{\"@id\":\"https:\/\/www.wirbelwirrwarr.de\/index.php\/dvt\/#breadcrumb\"},\"inLanguage\":\"de\",\"potentialAction\":[{\"@type\":\"ReadAction\",\"target\":[\"https:\/\/www.wirbelwirrwarr.de\/index.php\/dvt\/\"]}]},{\"@type\":\"BreadcrumbList\",\"@id\":\"https:\/\/www.wirbelwirrwarr.de\/index.php\/dvt\/#breadcrumb\",\"itemListElement\":[{\"@type\":\"ListItem\",\"position\":1,\"name\":\"Startseite\",\"item\":\"https:\/\/www.wirbelwirrwarr.de\/\"},{\"@type\":\"ListItem\",\"position\":2,\"name\":\"DVT\"}]},{\"@type\":\"WebSite\",\"@id\":\"https:\/\/www.wirbelwirrwarr.de\/#website\",\"url\":\"https:\/\/www.wirbelwirrwarr.de\/\",\"name\":\"wirbelwirrwarr\",\"description\":\"Wie eine unsichtbare Krankheit mein Leben bunt macht\",\"publisher\":{\"@id\":\"https:\/\/www.wirbelwirrwarr.de\/#organization\"},\"potentialAction\":[{\"@type\":\"SearchAction\",\"target\":{\"@type\":\"EntryPoint\",\"urlTemplate\":\"https:\/\/www.wirbelwirrwarr.de\/?s={search_term_string}\"},\"query-input\":\"required name=search_term_string\"}],\"inLanguage\":\"de\"},{\"@type\":\"Organization\",\"@id\":\"https:\/\/www.wirbelwirrwarr.de\/#organization\",\"name\":\"wirbelwirrwarr\",\"url\":\"https:\/\/www.wirbelwirrwarr.de\/\",\"logo\":{\"@type\":\"ImageObject\",\"inLanguage\":\"de\",\"@id\":\"https:\/\/www.wirbelwirrwarr.de\/#\/schema\/logo\/image\/\",\"url\":\"https:\/\/www.wirbelwirrwarr.de\/wp-content\/uploads\/2023\/02\/logoatlas9.svg\",\"contentUrl\":\"https:\/\/www.wirbelwirrwarr.de\/wp-content\/uploads\/2023\/02\/logoatlas9.svg\",\"caption\":\"wirbelwirrwarr\"},\"image\":{\"@id\":\"https:\/\/www.wirbelwirrwarr.de\/#\/schema\/logo\/image\/\"}}]}<\/script>\n<!-- \/ Yoast SEO plugin. -->","yoast_head_json":{"title":"DVT - wirbelwirrwarr","robots":{"index":"index","follow":"follow","max-snippet":"max-snippet:-1","max-image-preview":"max-image-preview:large","max-video-preview":"max-video-preview:-1"},"canonical":"https:\/\/www.wirbelwirrwarr.de\/index.php\/dvt\/","og_locale":"de_DE","og_type":"article","og_title":"DVT - wirbelwirrwarr","og_description":"Die digitale Volumentomographie (DVT) ist ein fortschrittliches bildgebendes Verfahren, das insbesondere in der Zahnmedizin und Kieferchirurgie weit verbreitet ist, jedoch auch zunehmend zur Diagnose von Erkrankungen und Fehlstellungen der Kopfgelenke eingesetzt wird. Diese spezielle Form der Computertomographie erm\u00f6glicht es, hochaufl\u00f6sende 3D-Bilder des Kopfes und der Halsregion zu erstellen, was eine detaillierte Betrachtung der kn\u00f6chernen Strukturen und der damit verbundenen Gelenke erm\u00f6glicht. Kleiner Hint: F\u00fcr eine aufschlussreiche Eagle-Syndrom-Diagnostik k\u00f6nnt ihr euch an diese Praxis wenden.","og_url":"https:\/\/www.wirbelwirrwarr.de\/index.php\/dvt\/","og_site_name":"wirbelwirrwarr","article_modified_time":"2024-04-25T18:32:37+00:00","twitter_card":"summary_large_image","twitter_misc":{"Gesch\u00e4tzte Lesezeit":"1\u00a0Minute"},"schema":{"@context":"https:\/\/schema.org","@graph":[{"@type":"WebPage","@id":"https:\/\/www.wirbelwirrwarr.de\/index.php\/dvt\/","url":"https:\/\/www.wirbelwirrwarr.de\/index.php\/dvt\/","name":"DVT - wirbelwirrwarr","isPartOf":{"@id":"https:\/\/www.wirbelwirrwarr.de\/#website"},"datePublished":"2024-04-13T17:02:47+00:00","dateModified":"2024-04-25T18:32:37+00:00","breadcrumb":{"@id":"https:\/\/www.wirbelwirrwarr.de\/index.php\/dvt\/#breadcrumb"},"inLanguage":"de","potentialAction":[{"@type":"ReadAction","target":["https:\/\/www.wirbelwirrwarr.de\/index.php\/dvt\/"]}]},{"@type":"BreadcrumbList","@id":"https:\/\/www.wirbelwirrwarr.de\/index.php\/dvt\/#breadcrumb","itemListElement":[{"@type":"ListItem","position":1,"name":"Startseite","item":"https:\/\/www.wirbelwirrwarr.de\/"},{"@type":"ListItem","position":2,"name":"DVT"}]},{"@type":"WebSite","@id":"https:\/\/www.wirbelwirrwarr.de\/#website","url":"https:\/\/www.wirbelwirrwarr.de\/","name":"wirbelwirrwarr","description":"Wie eine unsichtbare Krankheit mein Leben bunt macht","publisher":{"@id":"https:\/\/www.wirbelwirrwarr.de\/#organization"},"potentialAction":[{"@type":"SearchAction","target":{"@type":"EntryPoint","urlTemplate":"https:\/\/www.wirbelwirrwarr.de\/?s={search_term_string}"},"query-input":"required name=search_term_string"}],"inLanguage":"de"},{"@type":"Organization","@id":"https:\/\/www.wirbelwirrwarr.de\/#organization","name":"wirbelwirrwarr","url":"https:\/\/www.wirbelwirrwarr.de\/","logo":{"@type":"ImageObject","inLanguage":"de","@id":"https:\/\/www.wirbelwirrwarr.de\/#\/schema\/logo\/image\/","url":"https:\/\/www.wirbelwirrwarr.de\/wp-content\/uploads\/2023\/02\/logoatlas9.svg","contentUrl":"https:\/\/www.wirbelwirrwarr.de\/wp-content\/uploads\/2023\/02\/logoatlas9.svg","caption":"wirbelwirrwarr"},"image":{"@id":"https:\/\/www.wirbelwirrwarr.de\/#\/schema\/logo\/image\/"}}]}},"_links":{"self":[{"href":"https:\/\/www.wirbelwirrwarr.de\/index.php\/wp-json\/wp\/v2\/pages\/16011"}],"collection":[{"href":"https:\/\/www.wirbelwirrwarr.de\/index.php\/wp-json\/wp\/v2\/pages"}],"about":[{"href":"https:\/\/www.wirbelwirrwarr.de\/index.php\/wp-json\/wp\/v2\/types\/page"}],"author":[{"embeddable":true,"href":"https:\/\/www.wirbelwirrwarr.de\/index.php\/wp-json\/wp\/v2\/users\/1"}],"replies":[{"embeddable":true,"href":"https:\/\/www.wirbelwirrwarr.de\/index.php\/wp-json\/wp\/v2\/comments?post=16011"}],"version-history":[{"count":2,"href":"https:\/\/www.wirbelwirrwarr.de\/index.php\/wp-json\/wp\/v2\/pages\/16011\/revisions"}],"predecessor-version":[{"id":16162,"href":"https:\/\/www.wirbelwirrwarr.de\/index.php\/wp-json\/wp\/v2\/pages\/16011\/revisions\/16162"}],"wp:attachment":[{"href":"https:\/\/www.wirbelwirrwarr.de\/index.php\/wp-json\/wp\/v2\/media?parent=16011"}],"curies":[{"name":"wp","href":"https:\/\/api.w.org\/{rel}","templated":true}]}}