{"id":15814,"date":"2024-04-02T16:10:34","date_gmt":"2024-04-02T14:10:34","guid":{"rendered":"https:\/\/www.wirbelwirrwarr.de\/?page_id=15814"},"modified":"2025-05-26T06:49:33","modified_gmt":"2025-05-26T04:49:33","slug":"klingelbeutel","status":"publish","type":"page","link":"https:\/\/www.wirbelwirrwarr.de\/index.php\/klingelbeutel\/","title":{"rendered":"Klingelbeutel"},"content":{"rendered":"\n<p>Es ist seltsam. Seit 2017 f\u00fclle ich diesen Blog kontinuierlich mit allerhand Wissensschnipseln zu einem sehr kniffligen, gro\u00dfen und zugleich kaum beachteten Krankheitsbild mit all seinen Ver\u00e4stelungen. Ich empfinde gro\u00dfen Stolz \u00fcber meine geleistete Arbeit und bin nat\u00fcrlich \u00fcberaus gl\u00fccklich, dass dieser Blog, genau wie ich es mir zu Beginn w\u00fcnschte, meine Reise in ein Happy End bezeugt. Eigentlich w\u00e4re es nun an der Zeit aufzuh\u00f6ren. <\/p>\n\n\n\n<p>Allerdings gibt es da drau\u00dfen Menschen, die ihr gl\u00fcckliches Ende noch nicht gefunden haben und darauf angewiesen sind, dass jemand ihre Not ans Licht bringt, dass jemand sich die M\u00fche macht, nach neuen L\u00f6sungen zu forschen, und dass jemand da ist, der Hoffnung weckt. <\/p>\n\n\n\n<p>All das m\u00f6chte ich gern weiterhin tun. Doch ich muss allm\u00e4hlich auch damit beginnen, mir einzugestehen, dass meine Erkrankung mich viel Zeit und vor allem Sicherheit gekostet hat, sodass ich von nun an so zielorientiert wie m\u00f6glich handeln muss und m\u00f6chte. <\/p>\n\n\n\n<p>Weit oben auf meiner Agenda steht mein Master in Psychologie. Und ich m\u00f6chte regelm\u00e4\u00dfig arbeiten gehen, um meiner Familie eine stabile St\u00fctze sein zu k\u00f6nnen. Bloggen ist nat\u00fcrlich auch Arbeit &#8211; und wie cool w\u00e4re es, wenn ich all eurer Lob und die vielen liebevollen Nachrichten im Supermarkt an der Kasse aus der Tasche ziehen und damit bezahlen k\u00f6nnte. Der Supermarkt w\u00fcrde mir geh\u00f6ren! Aber so funktioniert die Welt leider nicht. <\/p>\n\n\n\n<p>Ich k\u00f6nnte Werbung schalten oder eine Bezahlschranke einf\u00fchren. Aber das m\u00f6chte ich eigentlich nicht. Dieser Blog soll barrierefrei bleiben und nach M\u00f6glichkeit noch barrierefreier werden. Chronisch Kranken steht es einfach zu, m\u00f6glichst unkompliziert umfassende Informationen \u00fcber ihre Erkrankung, damit verbundene Hindernisse sowie Chancen zu bekommen. <\/p>\n\n\n\n<p>Wenn ihr der Ansicht seid, dass dieser Blog genau diesen Anspr\u00fcchen gerecht wird und  Unterst\u00fctzung verdient, um weiterhin bestehen zu k\u00f6nnen und regelm\u00e4\u00dfig relevanten Content zu pr\u00e4sentieren, dann w\u00fcrde ich mich sehr \u00fcber eine kleine Spende freuen. Ihr m\u00fcsst mich nat\u00fcrlich nicht reich machen (es sei denn, ihr k\u00f6nnt ansonsten nicht ruhig schlafen \ud83d\ude01), aber wenn ein wenig was rumk\u00e4me, w\u00fcrde ich mich sehr freuen. <\/p>\n\n\n\n<p>\u2764\ufe0f Ich danke euch sehr f\u00fcr eure Unterst\u00fctzung und freue mich nat\u00fcrlich weiterhin \u00fcber liebe Nachrichten, Lob und eure wertvollen Hinweise und Anregungen. \u2764\ufe0f<\/p>\n\n\n\n<h2 class=\"wp-block-heading\">Kontodaten<\/h2>\n\n\n\n<p>Christin Konrad <br>IBAN: DE79840510101010181706<br>BIC: HELADEF1ILK<br>Sparkasse Arnstadt-Ilmenau<br>Zweck: wirbelwirrwarr weiter so<\/p>\n\n\n\n<h2 class=\"wp-block-heading\">Paypal<\/h2>\n\n\n\n<p>christin@wirbelwirrwarr.de<\/p>\n\n\n\n<hr class=\"wp-block-separator has-alpha-channel-opacity\"\/>\n\n\n\n<p>All eure Daten werden nat\u00fcrlich streng vertraulich behandelt, siehe <a href=\"https:\/\/www.wirbelwirrwarr.de\/index.php\/datenschutzerklaerung\/\" target=\"_blank\" rel=\"noreferrer noopener\">Datenschutzerkl\u00e4rung<\/a>. <\/p>\n","protected":false},"excerpt":{"rendered":"<p>Es ist seltsam. Seit 2017 f\u00fclle ich diesen Blog kontinuierlich mit allerhand Wissensschnipseln zu einem sehr kniffligen, gro\u00dfen und zugleich kaum beachteten Krankheitsbild mit all seinen Ver\u00e4stelungen. Ich empfinde gro\u00dfen Stolz \u00fcber meine geleistete Arbeit und bin nat\u00fcrlich \u00fcberaus gl\u00fccklich, dass dieser Blog, genau wie ich es mir zu Beginn w\u00fcnschte, meine Reise in ein Happy End bezeugt. Eigentlich w\u00e4re es nun an der Zeit aufzuh\u00f6ren. Allerdings gibt es da drau\u00dfen Menschen, die ihr gl\u00fcckliches Ende noch nicht gefunden haben und darauf angewiesen sind, dass jemand ihre Not ans Licht bringt, dass jemand sich die M\u00fche macht, nach neuen [&hellip;]<\/p>\n","protected":false},"author":1,"featured_media":15825,"parent":0,"menu_order":0,"comment_status":"closed","ping_status":"closed","template":"","meta":{"inline_featured_image":false,"footnotes":""},"yoast_head":"<!-- This site is optimized with the Yoast SEO plugin v21.8 - https:\/\/yoast.com\/wordpress\/plugins\/seo\/ -->\n<title>Klingelbeutel - wirbelwirrwarr<\/title>\n<meta name=\"description\" content=\"Wenn ihr der Ansicht seid, dass dieser Blog Unterst\u00fctzung verdient, dann w\u00fcrde ich mich sehr \u00fcber eine kleine Spende freuen.\" \/>\n<meta name=\"robots\" content=\"index, follow, max-snippet:-1, max-image-preview:large, max-video-preview:-1\" \/>\n<link rel=\"canonical\" href=\"https:\/\/www.wirbelwirrwarr.de\/index.php\/klingelbeutel\/\" \/>\n<meta property=\"og:locale\" content=\"de_DE\" \/>\n<meta property=\"og:type\" content=\"article\" \/>\n<meta property=\"og:title\" content=\"Klingelbeutel - wirbelwirrwarr\" \/>\n<meta property=\"og:description\" content=\"Wenn ihr der Ansicht seid, dass dieser Blog Unterst\u00fctzung verdient, dann w\u00fcrde ich mich sehr \u00fcber eine kleine Spende freuen.\" \/>\n<meta property=\"og:url\" content=\"https:\/\/www.wirbelwirrwarr.de\/index.php\/klingelbeutel\/\" \/>\n<meta property=\"og:site_name\" content=\"wirbelwirrwarr\" \/>\n<meta property=\"article:modified_time\" content=\"2025-05-26T04:49:33+00:00\" \/>\n<meta property=\"og:image\" content=\"https:\/\/www.wirbelwirrwarr.de\/wp-content\/uploads\/2024\/04\/DALL\u00b7E-2024-04-02-18.39.53-Create-a-one-line-drawing-of-a-collection-bag-filled-with-little-hearts-ensuring-the-image-is-in-a-true-4_3-aspect-ratio.-This-minimalist-drawing-sho-e1712076043904.webp\" \/>\n\t<meta property=\"og:image:width\" content=\"1364\" \/>\n\t<meta property=\"og:image:height\" content=\"1024\" \/>\n\t<meta property=\"og:image:type\" content=\"image\/webp\" \/>\n<meta name=\"twitter:card\" content=\"summary_large_image\" \/>\n<meta name=\"twitter:label1\" content=\"Gesch\u00e4tzte Lesezeit\" \/>\n\t<meta name=\"twitter:data1\" content=\"3\u00a0Minuten\" \/>\n<script type=\"application\/ld+json\" class=\"yoast-schema-graph\">{\"@context\":\"https:\/\/schema.org\",\"@graph\":[{\"@type\":\"WebPage\",\"@id\":\"https:\/\/www.wirbelwirrwarr.de\/index.php\/klingelbeutel\/\",\"url\":\"https:\/\/www.wirbelwirrwarr.de\/index.php\/klingelbeutel\/\",\"name\":\"Klingelbeutel - wirbelwirrwarr\",\"isPartOf\":{\"@id\":\"https:\/\/www.wirbelwirrwarr.de\/#website\"},\"datePublished\":\"2024-04-02T14:10:34+00:00\",\"dateModified\":\"2025-05-26T04:49:33+00:00\",\"description\":\"Wenn ihr der Ansicht seid, dass dieser Blog Unterst\u00fctzung verdient, dann w\u00fcrde ich mich sehr \u00fcber eine kleine Spende freuen.\",\"breadcrumb\":{\"@id\":\"https:\/\/www.wirbelwirrwarr.de\/index.php\/klingelbeutel\/#breadcrumb\"},\"inLanguage\":\"de\",\"potentialAction\":[{\"@type\":\"ReadAction\",\"target\":[\"https:\/\/www.wirbelwirrwarr.de\/index.php\/klingelbeutel\/\"]}]},{\"@type\":\"BreadcrumbList\",\"@id\":\"https:\/\/www.wirbelwirrwarr.de\/index.php\/klingelbeutel\/#breadcrumb\",\"itemListElement\":[{\"@type\":\"ListItem\",\"position\":1,\"name\":\"Startseite\",\"item\":\"https:\/\/www.wirbelwirrwarr.de\/\"},{\"@type\":\"ListItem\",\"position\":2,\"name\":\"Klingelbeutel\"}]},{\"@type\":\"WebSite\",\"@id\":\"https:\/\/www.wirbelwirrwarr.de\/#website\",\"url\":\"https:\/\/www.wirbelwirrwarr.de\/\",\"name\":\"wirbelwirrwarr\",\"description\":\"Wie eine unsichtbare Krankheit mein Leben bunt macht\",\"publisher\":{\"@id\":\"https:\/\/www.wirbelwirrwarr.de\/#organization\"},\"potentialAction\":[{\"@type\":\"SearchAction\",\"target\":{\"@type\":\"EntryPoint\",\"urlTemplate\":\"https:\/\/www.wirbelwirrwarr.de\/?s={search_term_string}\"},\"query-input\":\"required name=search_term_string\"}],\"inLanguage\":\"de\"},{\"@type\":\"Organization\",\"@id\":\"https:\/\/www.wirbelwirrwarr.de\/#organization\",\"name\":\"wirbelwirrwarr\",\"url\":\"https:\/\/www.wirbelwirrwarr.de\/\",\"logo\":{\"@type\":\"ImageObject\",\"inLanguage\":\"de\",\"@id\":\"https:\/\/www.wirbelwirrwarr.de\/#\/schema\/logo\/image\/\",\"url\":\"https:\/\/www.wirbelwirrwarr.de\/wp-content\/uploads\/2023\/02\/logoatlas9.svg\",\"contentUrl\":\"https:\/\/www.wirbelwirrwarr.de\/wp-content\/uploads\/2023\/02\/logoatlas9.svg\",\"caption\":\"wirbelwirrwarr\"},\"image\":{\"@id\":\"https:\/\/www.wirbelwirrwarr.de\/#\/schema\/logo\/image\/\"}}]}<\/script>\n<!-- \/ Yoast SEO plugin. -->","yoast_head_json":{"title":"Klingelbeutel - wirbelwirrwarr","description":"Wenn ihr der Ansicht seid, dass dieser Blog Unterst\u00fctzung verdient, dann w\u00fcrde ich mich sehr \u00fcber eine kleine Spende freuen.","robots":{"index":"index","follow":"follow","max-snippet":"max-snippet:-1","max-image-preview":"max-image-preview:large","max-video-preview":"max-video-preview:-1"},"canonical":"https:\/\/www.wirbelwirrwarr.de\/index.php\/klingelbeutel\/","og_locale":"de_DE","og_type":"article","og_title":"Klingelbeutel - wirbelwirrwarr","og_description":"Wenn ihr der Ansicht seid, dass dieser Blog Unterst\u00fctzung verdient, dann w\u00fcrde ich mich sehr \u00fcber eine kleine Spende freuen.","og_url":"https:\/\/www.wirbelwirrwarr.de\/index.php\/klingelbeutel\/","og_site_name":"wirbelwirrwarr","article_modified_time":"2025-05-26T04:49:33+00:00","og_image":[{"width":1364,"height":1024,"url":"https:\/\/www.wirbelwirrwarr.de\/wp-content\/uploads\/2024\/04\/DALL\u00b7E-2024-04-02-18.39.53-Create-a-one-line-drawing-of-a-collection-bag-filled-with-little-hearts-ensuring-the-image-is-in-a-true-4_3-aspect-ratio.-This-minimalist-drawing-sho-e1712076043904.webp","type":"image\/webp"}],"twitter_card":"summary_large_image","twitter_misc":{"Gesch\u00e4tzte Lesezeit":"3\u00a0Minuten"},"schema":{"@context":"https:\/\/schema.org","@graph":[{"@type":"WebPage","@id":"https:\/\/www.wirbelwirrwarr.de\/index.php\/klingelbeutel\/","url":"https:\/\/www.wirbelwirrwarr.de\/index.php\/klingelbeutel\/","name":"Klingelbeutel - wirbelwirrwarr","isPartOf":{"@id":"https:\/\/www.wirbelwirrwarr.de\/#website"},"datePublished":"2024-04-02T14:10:34+00:00","dateModified":"2025-05-26T04:49:33+00:00","description":"Wenn ihr der Ansicht seid, dass dieser Blog Unterst\u00fctzung verdient, dann w\u00fcrde ich mich sehr \u00fcber eine kleine Spende freuen.","breadcrumb":{"@id":"https:\/\/www.wirbelwirrwarr.de\/index.php\/klingelbeutel\/#breadcrumb"},"inLanguage":"de","potentialAction":[{"@type":"ReadAction","target":["https:\/\/www.wirbelwirrwarr.de\/index.php\/klingelbeutel\/"]}]},{"@type":"BreadcrumbList","@id":"https:\/\/www.wirbelwirrwarr.de\/index.php\/klingelbeutel\/#breadcrumb","itemListElement":[{"@type":"ListItem","position":1,"name":"Startseite","item":"https:\/\/www.wirbelwirrwarr.de\/"},{"@type":"ListItem","position":2,"name":"Klingelbeutel"}]},{"@type":"WebSite","@id":"https:\/\/www.wirbelwirrwarr.de\/#website","url":"https:\/\/www.wirbelwirrwarr.de\/","name":"wirbelwirrwarr","description":"Wie eine unsichtbare Krankheit mein Leben bunt macht","publisher":{"@id":"https:\/\/www.wirbelwirrwarr.de\/#organization"},"potentialAction":[{"@type":"SearchAction","target":{"@type":"EntryPoint","urlTemplate":"https:\/\/www.wirbelwirrwarr.de\/?s={search_term_string}"},"query-input":"required name=search_term_string"}],"inLanguage":"de"},{"@type":"Organization","@id":"https:\/\/www.wirbelwirrwarr.de\/#organization","name":"wirbelwirrwarr","url":"https:\/\/www.wirbelwirrwarr.de\/","logo":{"@type":"ImageObject","inLanguage":"de","@id":"https:\/\/www.wirbelwirrwarr.de\/#\/schema\/logo\/image\/","url":"https:\/\/www.wirbelwirrwarr.de\/wp-content\/uploads\/2023\/02\/logoatlas9.svg","contentUrl":"https:\/\/www.wirbelwirrwarr.de\/wp-content\/uploads\/2023\/02\/logoatlas9.svg","caption":"wirbelwirrwarr"},"image":{"@id":"https:\/\/www.wirbelwirrwarr.de\/#\/schema\/logo\/image\/"}}]}},"_links":{"self":[{"href":"https:\/\/www.wirbelwirrwarr.de\/index.php\/wp-json\/wp\/v2\/pages\/15814"}],"collection":[{"href":"https:\/\/www.wirbelwirrwarr.de\/index.php\/wp-json\/wp\/v2\/pages"}],"about":[{"href":"https:\/\/www.wirbelwirrwarr.de\/index.php\/wp-json\/wp\/v2\/types\/page"}],"author":[{"embeddable":true,"href":"https:\/\/www.wirbelwirrwarr.de\/index.php\/wp-json\/wp\/v2\/users\/1"}],"replies":[{"embeddable":true,"href":"https:\/\/www.wirbelwirrwarr.de\/index.php\/wp-json\/wp\/v2\/comments?post=15814"}],"version-history":[{"count":7,"href":"https:\/\/www.wirbelwirrwarr.de\/index.php\/wp-json\/wp\/v2\/pages\/15814\/revisions"}],"predecessor-version":[{"id":18121,"href":"https:\/\/www.wirbelwirrwarr.de\/index.php\/wp-json\/wp\/v2\/pages\/15814\/revisions\/18121"}],"wp:featuredmedia":[{"embeddable":true,"href":"https:\/\/www.wirbelwirrwarr.de\/index.php\/wp-json\/wp\/v2\/media\/15825"}],"wp:attachment":[{"href":"https:\/\/www.wirbelwirrwarr.de\/index.php\/wp-json\/wp\/v2\/media?parent=15814"}],"curies":[{"name":"wp","href":"https:\/\/api.w.org\/{rel}","templated":true}]}}