{"id":15641,"date":"2024-03-18T15:11:49","date_gmt":"2024-03-18T14:11:49","guid":{"rendered":"https:\/\/www.wirbelwirrwarr.de\/?page_id=15641"},"modified":"2024-04-07T07:31:58","modified_gmt":"2024-04-07T05:31:58","slug":"was-ist-das","status":"publish","type":"page","link":"https:\/\/www.wirbelwirrwarr.de\/index.php\/was-ist-das\/","title":{"rendered":"Was ist das?"},"content":{"rendered":"\n<h2 class=\"wp-block-heading\">EDS<\/h2>\n\n\n\n<p>Das Ehlers-Danlos-Syndrom (EDS) umfasst eine Gruppe erblicher Bindegewebsst\u00f6rungen, die sich in ihren Auswirkungen auf den K\u00f6rper und ihren genetischen Ursachen voneinander unterscheiden. Typische Merkmale sind Gelenk\u00fcberbeweglichkeit (Gelenke, die \u00fcber das normale Ma\u00df hinaus beweglich sind), \u00fcberdehnbare Haut und eine Neigung zu Gewebsbr\u00fcchigkeit.<br>Derzeit sind dreizehn Subtypen von EDS bekannt, wobei jeder durch spezifische klinische Kriterien charakterisiert ist, die die Diagnosestellung unterst\u00fctzen. <\/p>\n\n\n\n<h2 class=\"wp-block-heading\">HSD<\/h2>\n\n\n\n<p>Hypermobilit\u00e4tsspektrumst\u00f6rungen (HSD) sind eine Gruppe von Erkrankungen, die durch eine \u00fcberm\u00e4\u00dfige Beweglichkeit der Gelenke charakterisiert sind, <strong>ohne<\/strong> dass die strengen Kriterien f\u00fcr das Ehlers-Danlos-Syndrom (EDS) erf\u00fcllt werden. HSD umfasst Personen mit symptomatischer Gelenkhypermobilit\u00e4t, die verschiedene Bereiche des K\u00f6rpers betreffen kann und oft mit Schmerzen und Instabilit\u00e4t einhergeht.<br>HSD wird als ein Kontinuum von Bindegewebsst\u00f6rungen betrachtet, das von lokalisierten Formen, bei denen nur wenige Gelenke betroffen sind, bis hin zu generalisierten Formen reicht, die viele Gelenke umfassen k\u00f6nnen. Die St\u00f6rung kann in jedem Lebensalter auftreten und hat eine variable Auspr\u00e4gung, wobei Frauen h\u00e4ufiger betroffen sind als M\u00e4nner.<\/p>\n\n\n\n<div style=\"height:23px\" aria-hidden=\"true\" class=\"wp-block-spacer\"><\/div>\n","protected":false},"excerpt":{"rendered":"<p>EDS Das Ehlers-Danlos-Syndrom (EDS) umfasst eine Gruppe erblicher Bindegewebsst\u00f6rungen, die sich in ihren Auswirkungen auf den K\u00f6rper und ihren genetischen Ursachen voneinander unterscheiden. Typische Merkmale sind Gelenk\u00fcberbeweglichkeit (Gelenke, die \u00fcber das normale Ma\u00df hinaus beweglich sind), \u00fcberdehnbare Haut und eine Neigung zu Gewebsbr\u00fcchigkeit.Derzeit sind dreizehn Subtypen von EDS bekannt, wobei jeder durch spezifische klinische Kriterien charakterisiert ist, die die Diagnosestellung unterst\u00fctzen. HSD Hypermobilit\u00e4tsspektrumst\u00f6rungen (HSD) sind eine Gruppe von Erkrankungen, die durch eine \u00fcberm\u00e4\u00dfige Beweglichkeit der Gelenke charakterisiert sind, ohne dass die strengen Kriterien f\u00fcr das Ehlers-Danlos-Syndrom (EDS) erf\u00fcllt werden. HSD umfasst Personen mit symptomatischer Gelenkhypermobilit\u00e4t, die verschiedene Bereiche des [&hellip;]<\/p>\n","protected":false},"author":1,"featured_media":0,"parent":0,"menu_order":0,"comment_status":"closed","ping_status":"closed","template":"","meta":{"inline_featured_image":false,"footnotes":""},"yoast_head":"<!-- This site is optimized with the Yoast SEO plugin v21.8 - https:\/\/yoast.com\/wordpress\/plugins\/seo\/ -->\n<title>Was ist das? - wirbelwirrwarr<\/title>\n<meta name=\"robots\" content=\"index, follow, max-snippet:-1, max-image-preview:large, max-video-preview:-1\" \/>\n<link rel=\"canonical\" href=\"https:\/\/www.wirbelwirrwarr.de\/index.php\/was-ist-das\/\" \/>\n<meta property=\"og:locale\" content=\"de_DE\" \/>\n<meta property=\"og:type\" content=\"article\" \/>\n<meta property=\"og:title\" content=\"Was ist das? - wirbelwirrwarr\" \/>\n<meta property=\"og:description\" content=\"EDS Das Ehlers-Danlos-Syndrom (EDS) umfasst eine Gruppe erblicher Bindegewebsst\u00f6rungen, die sich in ihren Auswirkungen auf den K\u00f6rper und ihren genetischen Ursachen voneinander unterscheiden. Typische Merkmale sind Gelenk\u00fcberbeweglichkeit (Gelenke, die \u00fcber das normale Ma\u00df hinaus beweglich sind), \u00fcberdehnbare Haut und eine Neigung zu Gewebsbr\u00fcchigkeit.Derzeit sind dreizehn Subtypen von EDS bekannt, wobei jeder durch spezifische klinische Kriterien charakterisiert ist, die die Diagnosestellung unterst\u00fctzen. HSD Hypermobilit\u00e4tsspektrumst\u00f6rungen (HSD) sind eine Gruppe von Erkrankungen, die durch eine \u00fcberm\u00e4\u00dfige Beweglichkeit der Gelenke charakterisiert sind, ohne dass die strengen Kriterien f\u00fcr das Ehlers-Danlos-Syndrom (EDS) erf\u00fcllt werden. HSD umfasst Personen mit symptomatischer Gelenkhypermobilit\u00e4t, die verschiedene Bereiche des [&hellip;]\" \/>\n<meta property=\"og:url\" content=\"https:\/\/www.wirbelwirrwarr.de\/index.php\/was-ist-das\/\" \/>\n<meta property=\"og:site_name\" content=\"wirbelwirrwarr\" \/>\n<meta property=\"article:modified_time\" content=\"2024-04-07T05:31:58+00:00\" \/>\n<meta name=\"twitter:card\" content=\"summary_large_image\" \/>\n<meta name=\"twitter:label1\" content=\"Gesch\u00e4tzte Lesezeit\" \/>\n\t<meta name=\"twitter:data1\" content=\"1\u00a0Minute\" \/>\n<script type=\"application\/ld+json\" class=\"yoast-schema-graph\">{\"@context\":\"https:\/\/schema.org\",\"@graph\":[{\"@type\":\"WebPage\",\"@id\":\"https:\/\/www.wirbelwirrwarr.de\/index.php\/was-ist-das\/\",\"url\":\"https:\/\/www.wirbelwirrwarr.de\/index.php\/was-ist-das\/\",\"name\":\"Was ist das? - wirbelwirrwarr\",\"isPartOf\":{\"@id\":\"https:\/\/www.wirbelwirrwarr.de\/#website\"},\"datePublished\":\"2024-03-18T14:11:49+00:00\",\"dateModified\":\"2024-04-07T05:31:58+00:00\",\"breadcrumb\":{\"@id\":\"https:\/\/www.wirbelwirrwarr.de\/index.php\/was-ist-das\/#breadcrumb\"},\"inLanguage\":\"de\",\"potentialAction\":[{\"@type\":\"ReadAction\",\"target\":[\"https:\/\/www.wirbelwirrwarr.de\/index.php\/was-ist-das\/\"]}]},{\"@type\":\"BreadcrumbList\",\"@id\":\"https:\/\/www.wirbelwirrwarr.de\/index.php\/was-ist-das\/#breadcrumb\",\"itemListElement\":[{\"@type\":\"ListItem\",\"position\":1,\"name\":\"Startseite\",\"item\":\"https:\/\/www.wirbelwirrwarr.de\/\"},{\"@type\":\"ListItem\",\"position\":2,\"name\":\"Was ist das?\"}]},{\"@type\":\"WebSite\",\"@id\":\"https:\/\/www.wirbelwirrwarr.de\/#website\",\"url\":\"https:\/\/www.wirbelwirrwarr.de\/\",\"name\":\"wirbelwirrwarr\",\"description\":\"Wie eine unsichtbare Krankheit mein Leben bunt macht\",\"publisher\":{\"@id\":\"https:\/\/www.wirbelwirrwarr.de\/#organization\"},\"potentialAction\":[{\"@type\":\"SearchAction\",\"target\":{\"@type\":\"EntryPoint\",\"urlTemplate\":\"https:\/\/www.wirbelwirrwarr.de\/?s={search_term_string}\"},\"query-input\":\"required name=search_term_string\"}],\"inLanguage\":\"de\"},{\"@type\":\"Organization\",\"@id\":\"https:\/\/www.wirbelwirrwarr.de\/#organization\",\"name\":\"wirbelwirrwarr\",\"url\":\"https:\/\/www.wirbelwirrwarr.de\/\",\"logo\":{\"@type\":\"ImageObject\",\"inLanguage\":\"de\",\"@id\":\"https:\/\/www.wirbelwirrwarr.de\/#\/schema\/logo\/image\/\",\"url\":\"https:\/\/www.wirbelwirrwarr.de\/wp-content\/uploads\/2023\/02\/logoatlas9.svg\",\"contentUrl\":\"https:\/\/www.wirbelwirrwarr.de\/wp-content\/uploads\/2023\/02\/logoatlas9.svg\",\"caption\":\"wirbelwirrwarr\"},\"image\":{\"@id\":\"https:\/\/www.wirbelwirrwarr.de\/#\/schema\/logo\/image\/\"}}]}<\/script>\n<!-- \/ Yoast SEO plugin. -->","yoast_head_json":{"title":"Was ist das? - wirbelwirrwarr","robots":{"index":"index","follow":"follow","max-snippet":"max-snippet:-1","max-image-preview":"max-image-preview:large","max-video-preview":"max-video-preview:-1"},"canonical":"https:\/\/www.wirbelwirrwarr.de\/index.php\/was-ist-das\/","og_locale":"de_DE","og_type":"article","og_title":"Was ist das? - wirbelwirrwarr","og_description":"EDS Das Ehlers-Danlos-Syndrom (EDS) umfasst eine Gruppe erblicher Bindegewebsst\u00f6rungen, die sich in ihren Auswirkungen auf den K\u00f6rper und ihren genetischen Ursachen voneinander unterscheiden. Typische Merkmale sind Gelenk\u00fcberbeweglichkeit (Gelenke, die \u00fcber das normale Ma\u00df hinaus beweglich sind), \u00fcberdehnbare Haut und eine Neigung zu Gewebsbr\u00fcchigkeit.Derzeit sind dreizehn Subtypen von EDS bekannt, wobei jeder durch spezifische klinische Kriterien charakterisiert ist, die die Diagnosestellung unterst\u00fctzen. HSD Hypermobilit\u00e4tsspektrumst\u00f6rungen (HSD) sind eine Gruppe von Erkrankungen, die durch eine \u00fcberm\u00e4\u00dfige Beweglichkeit der Gelenke charakterisiert sind, ohne dass die strengen Kriterien f\u00fcr das Ehlers-Danlos-Syndrom (EDS) erf\u00fcllt werden. HSD umfasst Personen mit symptomatischer Gelenkhypermobilit\u00e4t, die verschiedene Bereiche des [&hellip;]","og_url":"https:\/\/www.wirbelwirrwarr.de\/index.php\/was-ist-das\/","og_site_name":"wirbelwirrwarr","article_modified_time":"2024-04-07T05:31:58+00:00","twitter_card":"summary_large_image","twitter_misc":{"Gesch\u00e4tzte Lesezeit":"1\u00a0Minute"},"schema":{"@context":"https:\/\/schema.org","@graph":[{"@type":"WebPage","@id":"https:\/\/www.wirbelwirrwarr.de\/index.php\/was-ist-das\/","url":"https:\/\/www.wirbelwirrwarr.de\/index.php\/was-ist-das\/","name":"Was ist das? - wirbelwirrwarr","isPartOf":{"@id":"https:\/\/www.wirbelwirrwarr.de\/#website"},"datePublished":"2024-03-18T14:11:49+00:00","dateModified":"2024-04-07T05:31:58+00:00","breadcrumb":{"@id":"https:\/\/www.wirbelwirrwarr.de\/index.php\/was-ist-das\/#breadcrumb"},"inLanguage":"de","potentialAction":[{"@type":"ReadAction","target":["https:\/\/www.wirbelwirrwarr.de\/index.php\/was-ist-das\/"]}]},{"@type":"BreadcrumbList","@id":"https:\/\/www.wirbelwirrwarr.de\/index.php\/was-ist-das\/#breadcrumb","itemListElement":[{"@type":"ListItem","position":1,"name":"Startseite","item":"https:\/\/www.wirbelwirrwarr.de\/"},{"@type":"ListItem","position":2,"name":"Was ist das?"}]},{"@type":"WebSite","@id":"https:\/\/www.wirbelwirrwarr.de\/#website","url":"https:\/\/www.wirbelwirrwarr.de\/","name":"wirbelwirrwarr","description":"Wie eine unsichtbare Krankheit mein Leben bunt macht","publisher":{"@id":"https:\/\/www.wirbelwirrwarr.de\/#organization"},"potentialAction":[{"@type":"SearchAction","target":{"@type":"EntryPoint","urlTemplate":"https:\/\/www.wirbelwirrwarr.de\/?s={search_term_string}"},"query-input":"required name=search_term_string"}],"inLanguage":"de"},{"@type":"Organization","@id":"https:\/\/www.wirbelwirrwarr.de\/#organization","name":"wirbelwirrwarr","url":"https:\/\/www.wirbelwirrwarr.de\/","logo":{"@type":"ImageObject","inLanguage":"de","@id":"https:\/\/www.wirbelwirrwarr.de\/#\/schema\/logo\/image\/","url":"https:\/\/www.wirbelwirrwarr.de\/wp-content\/uploads\/2023\/02\/logoatlas9.svg","contentUrl":"https:\/\/www.wirbelwirrwarr.de\/wp-content\/uploads\/2023\/02\/logoatlas9.svg","caption":"wirbelwirrwarr"},"image":{"@id":"https:\/\/www.wirbelwirrwarr.de\/#\/schema\/logo\/image\/"}}]}},"_links":{"self":[{"href":"https:\/\/www.wirbelwirrwarr.de\/index.php\/wp-json\/wp\/v2\/pages\/15641"}],"collection":[{"href":"https:\/\/www.wirbelwirrwarr.de\/index.php\/wp-json\/wp\/v2\/pages"}],"about":[{"href":"https:\/\/www.wirbelwirrwarr.de\/index.php\/wp-json\/wp\/v2\/types\/page"}],"author":[{"embeddable":true,"href":"https:\/\/www.wirbelwirrwarr.de\/index.php\/wp-json\/wp\/v2\/users\/1"}],"replies":[{"embeddable":true,"href":"https:\/\/www.wirbelwirrwarr.de\/index.php\/wp-json\/wp\/v2\/comments?post=15641"}],"version-history":[{"count":4,"href":"https:\/\/www.wirbelwirrwarr.de\/index.php\/wp-json\/wp\/v2\/pages\/15641\/revisions"}],"predecessor-version":[{"id":15934,"href":"https:\/\/www.wirbelwirrwarr.de\/index.php\/wp-json\/wp\/v2\/pages\/15641\/revisions\/15934"}],"wp:attachment":[{"href":"https:\/\/www.wirbelwirrwarr.de\/index.php\/wp-json\/wp\/v2\/media?parent=15641"}],"curies":[{"name":"wp","href":"https:\/\/api.w.org\/{rel}","templated":true}]}}