{"id":14559,"date":"2023-09-19T09:48:14","date_gmt":"2023-09-19T07:48:14","guid":{"rendered":"https:\/\/www.wirbelwirrwarr.de\/?page_id=14559"},"modified":"2023-09-19T17:56:10","modified_gmt":"2023-09-19T15:56:10","slug":"dysautonomie","status":"publish","type":"page","link":"https:\/\/www.wirbelwirrwarr.de\/index.php\/dysautonomie\/","title":{"rendered":"Dysautonomie"},"content":{"rendered":"\n<p>Der Begriff &#8222;Dysautonomie&#8220; umschreibt eine Vielzahl von Krankheiten, die  St\u00f6rungen im autonomen Nervensystem verursachen. H\u00e4ufig passiert dabei eine Verlagerung des Gleichgewichts zwischen Sympathikus und Parasympathikus zugunsten des Sympathikus. Kopf- oder R\u00fcckenmarksverletzungen und somit auch CCI\/AAI gelten als eine von vielen anderen Ursachen f\u00fcr Dysautonomie. Die Symptome beginnen bei A und enden bei Z:<\/p>\n\n\n\n<ul>\n<li><strong>Orthostatische Intoleranz<\/strong>: Schwindel, Benommenheit oder sogar Ohnmacht, die beim Aufstehen aus einer liegenden oder sitzenden Position auftreten k\u00f6nnen. Dies resultiert oft aus einem unzureichenden Blutfluss zum Gehirn.<\/li>\n\n\n\n<li><strong>Tachykardie oder Bradykardie<\/strong>: Unregelm\u00e4\u00dfige Herzfrequenz, Herzklopfen oder schneller Herzschlag (Tachykardie) sowie langsamere Herzfrequenz (Bradykardie).<\/li>\n\n\n\n<li><strong>Blutdruckschwankungen<\/strong>: Wechselnder Blutdruck, einschlie\u00dflich niedrigem Blutdruck (Hypotonie) oder hohem Blutdruck (Hypertonie).<\/li>\n\n\n\n<li><strong>Schwierigkeiten mit der Temperaturregulierung<\/strong>: \u00dcberm\u00e4\u00dfiges Schwitzen oder Schwierigkeiten, die K\u00f6rpertemperatur aufrechtzuerhalten.<\/li>\n\n\n\n<li><strong>Magendarmprobleme<\/strong>: Verdauungsst\u00f6rungen, einschlie\u00dflich \u00dcbelkeit, Erbrechen, Bl\u00e4hungen, Verstopfung oder Durchfall.<\/li>\n\n\n\n<li><strong>M\u00fcdigkeit und Ersch\u00f6pfung<\/strong>: Starke Ersch\u00f6pfung, die nicht durch Ruhe gelindert wird.<\/li>\n\n\n\n<li><strong>Schlafst\u00f6rungen<\/strong>: Schlaflosigkeit, unruhiger Schlaf oder h\u00e4ufige n\u00e4chtliche Erwachungen.<\/li>\n\n\n\n<li><strong>Unregelm\u00e4\u00dfiger Herzschlag<\/strong>: Herzrhythmusst\u00f6rungen oder Palpitationen.<\/li>\n\n\n\n<li><strong>Atemprobleme<\/strong>: Schwierigkeiten beim Atmen oder unregelm\u00e4\u00dfige Atmung.<\/li>\n\n\n\n<li><strong>Neurologische Symptome<\/strong>: Kopfschmerzen, Schwindel, Benommenheit, Konzentrationsprobleme und Ged\u00e4chtnisprobleme.<\/li>\n\n\n\n<li><strong>Visuelle Probleme<\/strong>: Verschwommenes Sehen oder Sehst\u00f6rungen.<\/li>\n\n\n\n<li><strong>Hitzeregulation<\/strong>: Schwierigkeiten, Hitze oder K\u00e4lte angemessen zu tolerieren.<\/li>\n\n\n\n<li><strong>Gef\u00fchlsver\u00e4nderungen<\/strong>: Emotionale Labilit\u00e4t, Angstzust\u00e4nde und Depressionen k\u00f6nnen auftreten.<\/li>\n<\/ul>\n\n\n\n<figure class=\"wp-block-image size-large\"><img loading=\"lazy\" decoding=\"async\" width=\"1024\" height=\"768\" src=\"https:\/\/www.wirbelwirrwarr.de\/wp-content\/uploads\/2023\/09\/bai-3-1024x768.png\" alt=\"\" class=\"wp-image-14589\" srcset=\"https:\/\/www.wirbelwirrwarr.de\/wp-content\/uploads\/2023\/09\/bai-3-1024x768.png 1024w, https:\/\/www.wirbelwirrwarr.de\/wp-content\/uploads\/2023\/09\/bai-3-300x225.png 300w, https:\/\/www.wirbelwirrwarr.de\/wp-content\/uploads\/2023\/09\/bai-3-768x576.png 768w, https:\/\/www.wirbelwirrwarr.de\/wp-content\/uploads\/2023\/09\/bai-3.png 1200w\" sizes=\"(max-width: 1024px) 100vw, 1024px\" \/><\/figure>\n","protected":false},"excerpt":{"rendered":"<p>Der Begriff &#8222;Dysautonomie&#8220; umschreibt eine Vielzahl von Krankheiten, die St\u00f6rungen im autonomen Nervensystem verursachen. H\u00e4ufig passiert dabei eine Verlagerung des Gleichgewichts zwischen Sympathikus und Parasympathikus zugunsten des Sympathikus. Kopf- oder R\u00fcckenmarksverletzungen und somit auch CCI\/AAI gelten als eine von vielen anderen Ursachen f\u00fcr Dysautonomie. Die Symptome beginnen bei A und enden bei Z:<\/p>\n","protected":false},"author":1,"featured_media":0,"parent":0,"menu_order":0,"comment_status":"closed","ping_status":"closed","template":"","meta":{"inline_featured_image":false,"footnotes":""},"yoast_head":"<!-- This site is optimized with the Yoast SEO plugin v21.8 - https:\/\/yoast.com\/wordpress\/plugins\/seo\/ -->\n<title>Dysautonomie - wirbelwirrwarr<\/title>\n<meta name=\"robots\" content=\"index, follow, max-snippet:-1, max-image-preview:large, max-video-preview:-1\" \/>\n<link rel=\"canonical\" href=\"https:\/\/www.wirbelwirrwarr.de\/index.php\/dysautonomie\/\" \/>\n<meta property=\"og:locale\" content=\"de_DE\" \/>\n<meta property=\"og:type\" content=\"article\" \/>\n<meta property=\"og:title\" content=\"Dysautonomie - wirbelwirrwarr\" \/>\n<meta property=\"og:description\" content=\"Der Begriff &#8222;Dysautonomie&#8220; umschreibt eine Vielzahl von Krankheiten, die St\u00f6rungen im autonomen Nervensystem verursachen. H\u00e4ufig passiert dabei eine Verlagerung des Gleichgewichts zwischen Sympathikus und Parasympathikus zugunsten des Sympathikus. Kopf- oder R\u00fcckenmarksverletzungen und somit auch CCI\/AAI gelten als eine von vielen anderen Ursachen f\u00fcr Dysautonomie. Die Symptome beginnen bei A und enden bei Z:\" \/>\n<meta property=\"og:url\" content=\"https:\/\/www.wirbelwirrwarr.de\/index.php\/dysautonomie\/\" \/>\n<meta property=\"og:site_name\" content=\"wirbelwirrwarr\" \/>\n<meta property=\"article:modified_time\" content=\"2023-09-19T15:56:10+00:00\" \/>\n<meta property=\"og:image\" content=\"https:\/\/www.wirbelwirrwarr.de\/wp-content\/uploads\/2023\/09\/bai-3-1024x768.png\" \/>\n<meta name=\"twitter:card\" content=\"summary_large_image\" \/>\n<meta name=\"twitter:label1\" content=\"Gesch\u00e4tzte Lesezeit\" \/>\n\t<meta name=\"twitter:data1\" content=\"2\u00a0Minuten\" \/>\n<script type=\"application\/ld+json\" class=\"yoast-schema-graph\">{\"@context\":\"https:\/\/schema.org\",\"@graph\":[{\"@type\":\"WebPage\",\"@id\":\"https:\/\/www.wirbelwirrwarr.de\/index.php\/dysautonomie\/\",\"url\":\"https:\/\/www.wirbelwirrwarr.de\/index.php\/dysautonomie\/\",\"name\":\"Dysautonomie - wirbelwirrwarr\",\"isPartOf\":{\"@id\":\"https:\/\/www.wirbelwirrwarr.de\/#website\"},\"datePublished\":\"2023-09-19T07:48:14+00:00\",\"dateModified\":\"2023-09-19T15:56:10+00:00\",\"breadcrumb\":{\"@id\":\"https:\/\/www.wirbelwirrwarr.de\/index.php\/dysautonomie\/#breadcrumb\"},\"inLanguage\":\"de\",\"potentialAction\":[{\"@type\":\"ReadAction\",\"target\":[\"https:\/\/www.wirbelwirrwarr.de\/index.php\/dysautonomie\/\"]}]},{\"@type\":\"BreadcrumbList\",\"@id\":\"https:\/\/www.wirbelwirrwarr.de\/index.php\/dysautonomie\/#breadcrumb\",\"itemListElement\":[{\"@type\":\"ListItem\",\"position\":1,\"name\":\"Startseite\",\"item\":\"https:\/\/www.wirbelwirrwarr.de\/\"},{\"@type\":\"ListItem\",\"position\":2,\"name\":\"Dysautonomie\"}]},{\"@type\":\"WebSite\",\"@id\":\"https:\/\/www.wirbelwirrwarr.de\/#website\",\"url\":\"https:\/\/www.wirbelwirrwarr.de\/\",\"name\":\"wirbelwirrwarr\",\"description\":\"Wie eine unsichtbare Krankheit mein Leben bunt macht\",\"publisher\":{\"@id\":\"https:\/\/www.wirbelwirrwarr.de\/#organization\"},\"potentialAction\":[{\"@type\":\"SearchAction\",\"target\":{\"@type\":\"EntryPoint\",\"urlTemplate\":\"https:\/\/www.wirbelwirrwarr.de\/?s={search_term_string}\"},\"query-input\":\"required name=search_term_string\"}],\"inLanguage\":\"de\"},{\"@type\":\"Organization\",\"@id\":\"https:\/\/www.wirbelwirrwarr.de\/#organization\",\"name\":\"wirbelwirrwarr\",\"url\":\"https:\/\/www.wirbelwirrwarr.de\/\",\"logo\":{\"@type\":\"ImageObject\",\"inLanguage\":\"de\",\"@id\":\"https:\/\/www.wirbelwirrwarr.de\/#\/schema\/logo\/image\/\",\"url\":\"https:\/\/www.wirbelwirrwarr.de\/wp-content\/uploads\/2023\/02\/logoatlas9.svg\",\"contentUrl\":\"https:\/\/www.wirbelwirrwarr.de\/wp-content\/uploads\/2023\/02\/logoatlas9.svg\",\"caption\":\"wirbelwirrwarr\"},\"image\":{\"@id\":\"https:\/\/www.wirbelwirrwarr.de\/#\/schema\/logo\/image\/\"}}]}<\/script>\n<!-- \/ Yoast SEO plugin. -->","yoast_head_json":{"title":"Dysautonomie - wirbelwirrwarr","robots":{"index":"index","follow":"follow","max-snippet":"max-snippet:-1","max-image-preview":"max-image-preview:large","max-video-preview":"max-video-preview:-1"},"canonical":"https:\/\/www.wirbelwirrwarr.de\/index.php\/dysautonomie\/","og_locale":"de_DE","og_type":"article","og_title":"Dysautonomie - wirbelwirrwarr","og_description":"Der Begriff &#8222;Dysautonomie&#8220; umschreibt eine Vielzahl von Krankheiten, die St\u00f6rungen im autonomen Nervensystem verursachen. H\u00e4ufig passiert dabei eine Verlagerung des Gleichgewichts zwischen Sympathikus und Parasympathikus zugunsten des Sympathikus. Kopf- oder R\u00fcckenmarksverletzungen und somit auch CCI\/AAI gelten als eine von vielen anderen Ursachen f\u00fcr Dysautonomie. Die Symptome beginnen bei A und enden bei Z:","og_url":"https:\/\/www.wirbelwirrwarr.de\/index.php\/dysautonomie\/","og_site_name":"wirbelwirrwarr","article_modified_time":"2023-09-19T15:56:10+00:00","og_image":[{"url":"https:\/\/www.wirbelwirrwarr.de\/wp-content\/uploads\/2023\/09\/bai-3-1024x768.png"}],"twitter_card":"summary_large_image","twitter_misc":{"Gesch\u00e4tzte Lesezeit":"2\u00a0Minuten"},"schema":{"@context":"https:\/\/schema.org","@graph":[{"@type":"WebPage","@id":"https:\/\/www.wirbelwirrwarr.de\/index.php\/dysautonomie\/","url":"https:\/\/www.wirbelwirrwarr.de\/index.php\/dysautonomie\/","name":"Dysautonomie - wirbelwirrwarr","isPartOf":{"@id":"https:\/\/www.wirbelwirrwarr.de\/#website"},"datePublished":"2023-09-19T07:48:14+00:00","dateModified":"2023-09-19T15:56:10+00:00","breadcrumb":{"@id":"https:\/\/www.wirbelwirrwarr.de\/index.php\/dysautonomie\/#breadcrumb"},"inLanguage":"de","potentialAction":[{"@type":"ReadAction","target":["https:\/\/www.wirbelwirrwarr.de\/index.php\/dysautonomie\/"]}]},{"@type":"BreadcrumbList","@id":"https:\/\/www.wirbelwirrwarr.de\/index.php\/dysautonomie\/#breadcrumb","itemListElement":[{"@type":"ListItem","position":1,"name":"Startseite","item":"https:\/\/www.wirbelwirrwarr.de\/"},{"@type":"ListItem","position":2,"name":"Dysautonomie"}]},{"@type":"WebSite","@id":"https:\/\/www.wirbelwirrwarr.de\/#website","url":"https:\/\/www.wirbelwirrwarr.de\/","name":"wirbelwirrwarr","description":"Wie eine unsichtbare Krankheit mein Leben bunt macht","publisher":{"@id":"https:\/\/www.wirbelwirrwarr.de\/#organization"},"potentialAction":[{"@type":"SearchAction","target":{"@type":"EntryPoint","urlTemplate":"https:\/\/www.wirbelwirrwarr.de\/?s={search_term_string}"},"query-input":"required name=search_term_string"}],"inLanguage":"de"},{"@type":"Organization","@id":"https:\/\/www.wirbelwirrwarr.de\/#organization","name":"wirbelwirrwarr","url":"https:\/\/www.wirbelwirrwarr.de\/","logo":{"@type":"ImageObject","inLanguage":"de","@id":"https:\/\/www.wirbelwirrwarr.de\/#\/schema\/logo\/image\/","url":"https:\/\/www.wirbelwirrwarr.de\/wp-content\/uploads\/2023\/02\/logoatlas9.svg","contentUrl":"https:\/\/www.wirbelwirrwarr.de\/wp-content\/uploads\/2023\/02\/logoatlas9.svg","caption":"wirbelwirrwarr"},"image":{"@id":"https:\/\/www.wirbelwirrwarr.de\/#\/schema\/logo\/image\/"}}]}},"_links":{"self":[{"href":"https:\/\/www.wirbelwirrwarr.de\/index.php\/wp-json\/wp\/v2\/pages\/14559"}],"collection":[{"href":"https:\/\/www.wirbelwirrwarr.de\/index.php\/wp-json\/wp\/v2\/pages"}],"about":[{"href":"https:\/\/www.wirbelwirrwarr.de\/index.php\/wp-json\/wp\/v2\/types\/page"}],"author":[{"embeddable":true,"href":"https:\/\/www.wirbelwirrwarr.de\/index.php\/wp-json\/wp\/v2\/users\/1"}],"replies":[{"embeddable":true,"href":"https:\/\/www.wirbelwirrwarr.de\/index.php\/wp-json\/wp\/v2\/comments?post=14559"}],"version-history":[{"count":3,"href":"https:\/\/www.wirbelwirrwarr.de\/index.php\/wp-json\/wp\/v2\/pages\/14559\/revisions"}],"predecessor-version":[{"id":14590,"href":"https:\/\/www.wirbelwirrwarr.de\/index.php\/wp-json\/wp\/v2\/pages\/14559\/revisions\/14590"}],"wp:attachment":[{"href":"https:\/\/www.wirbelwirrwarr.de\/index.php\/wp-json\/wp\/v2\/media?parent=14559"}],"curies":[{"name":"wp","href":"https:\/\/api.w.org\/{rel}","templated":true}]}}