{"id":14551,"date":"2023-09-19T09:43:32","date_gmt":"2023-09-19T07:43:32","guid":{"rendered":"https:\/\/www.wirbelwirrwarr.de\/?page_id=14551"},"modified":"2023-09-19T09:43:32","modified_gmt":"2023-09-19T07:43:32","slug":"kryptopyrrolurie","status":"publish","type":"page","link":"https:\/\/www.wirbelwirrwarr.de\/index.php\/kryptopyrrolurie\/","title":{"rendered":"Kryptopyrrolurie"},"content":{"rendered":"\n<p>Hierbei handelt es sich um eine St\u00f6rung des Stoffwechsels, der einen erh\u00f6hten Abbau von Pyrrolen (Abbauprodukte des k\u00f6rpereigenen Stoffs H\u00e4m) verursacht, der wiederum lebensnotwendige Vitalstoffe (vor allem Zink, Vitamin B6 und Mangan) bindet und mit dem Urin aus dem K\u00f6rper leitet. <\/p>\n\n\n\n<p>Am h\u00e4ufigsten leiden Betroffene unter Symptomen, die das Gehirn betreffen, darunter Benommenheit, eingeschr\u00e4nkte Merkf\u00e4higkeit, L\u00e4rmempfindlichkeit, Leere im Kopf und schlechter Stimmung. <\/p>\n\n\n\n<p>Begr\u00fcndung: Vitamin B6 und Zink tragen einen gro\u00dfen Anteil an der Bildung der beiden Neurotransmitter Dopamin und Serotonin &#8211; die wir zum einen zum Denken ben\u00f6tigen und f\u00fcr das Empfinden von Zufriedenheit.  Fehlen diese Substanzen, schl\u00e4gt sich dies wie oben beschrieben nieder. <\/p>\n\n\n\n<p>Eine oft gefundene Gemeinsamkeit der Betroffenen ist, dass sie unter nitrosativem Stress leiden. Hinzu kommt, dass unter den Ursachen ebenso eine Instabilit\u00e4t der Kopfgelenke zu finden ist. <\/p>\n\n\n\n<p>Symptome laut <a href=\"https:\/\/www.praxis-posdzech.de\/themen\/kryptopyrrolurie_kpu.htm\">Praxis-Posdzech<\/a>:<\/p>\n\n\n\n<ul>\n<li>starke Benommenheit&nbsp;<\/li>\n\n\n\n<li>Drehschwindel oder Schwankschwindel beim aufrechten Sitzen &#8211; kurze aber heftige Attacken, manchmal so stark, dass man sich am Tisch oder Stuhl festhalten muss um die Orientierung zu behalten bzw. wiederzuerlangen<\/li>\n\n\n\n<li>Konzentrationsst\u00f6rungen<\/li>\n\n\n\n<li>Unwirklichkeitsgef\u00fchl, als sei man nicht richtig in der Wirklichkeit<\/li>\n\n\n\n<li>Depression, Minderwertigkeitsgef\u00fchle, sondert sich ab, lebt zur\u00fcckgezogen, Weltschmerz<\/li>\n\n\n\n<li>Reiz\u00fcberflutung durch zu viele Reize&nbsp;(Supermarkt, Menschenansammlungen) \u2013 ist dann wie leer im Kopf, kann nicht denken<br>Angst- und Panikattacken<\/li>\n\n\n\n<li>schnelle Reiz\u00fcberflutung durch L\u00e4rm und durch die Anwesenheit vieler Menschen (Feten, Kneipenbesuch, Schulhof)<\/li>\n\n\n\n<li>H\u00f6rschwierigkeiten bei L\u00e4rm &#8211; versteht nicht, was gesagt wird<\/li>\n\n\n\n<li>kann nichts auswendig lernen,&nbsp;merkt sich keine Namen und Gesichter<\/li>\n\n\n\n<li>schlechtes Kurzzeitged\u00e4chtnis (nach 10 Sekunden ist der Gedanke schon wieder vergessen) &#8211; muss sich alles aufschreiben<\/li>\n\n\n\n<li>\u201esobald im Alltag was anders ist, ist die Sortierung weg, es f\u00e4llt alles zusammen\u201c<\/li>\n\n\n\n<li>Tr\u00e4ume werden gar nicht oder nur selten erinnert (Hinweis auf eingeschr\u00e4nkte Gehirnleistung)<\/li>\n\n\n\n<li>als Kompensation oft ausgezeichnetes logisches Denken oder starke k\u00fcnstlerische Neigungen<\/li>\n\n\n\n<li>\u00fcberbewegliche Gelenke<\/li>\n\n\n\n<li>Mundgeruch<\/li>\n\n\n\n<li>schlechte Immunabwehr, oft erk\u00e4ltet<\/li>\n\n\n\n<li>Verdauungsst\u00f6rungen mit Schmerzen und Beschwerden, Histamin-Unvertr\u00e4glichkeit, Neigung zu andauernden Entz\u00fcndungen innerlich und \u00e4u\u00dferlich<\/li>\n\n\n\n<li>schlechte Entgiftung, vertr\u00e4gt keinen Alkohol (\u201ebetrunken\u201c nach einem Bier), vertr\u00e4gt andere Substanzen nicht<\/li>\n\n\n\n<li>eingerissenes Bindegewebe (\u201eSchwangerschaftsstreifen\u201c), Gefahr schwerer Komplikationen durch schwaches Bindegewebe (Aorten-Sch\u00e4den und andere)<\/li>\n\n\n\n<li>Menstruationsst\u00f6rungen, starke Schmerzen w\u00e4hrend Menstruation<\/li>\n\n\n\n<li>sehr schwach, Energiemangel, keine Ausdauer (weil ATP Bildung verringert)<\/li>\n\n\n\n<li>wei\u00dfe Flecken auf den Fingern\u00e4geln<\/li>\n\n\n\n<li>enge Zahnstellung<\/li>\n\n\n\n<li>blass, dunkle Augenringe<\/li>\n<\/ul>\n\n\n\n<div style=\"height:20px\" aria-hidden=\"true\" class=\"wp-block-spacer\"><\/div>\n\n\n\n<p><a href=\"https:\/\/www.zuckschwerdtverlag.de\/fileadmin\/Dateien\/Leseprobe_KPU_Strienz.pdf\">Mehr kostenlose Infos gibt es hier.<\/a><\/p>\n\n\n\n<p><a href=\"https:\/\/www.rki.de\/DE\/Content\/Kommissionen\/UmweltKommission\/Archiv\/KryptoPyrrolurie.pdf?__blob=publicationFile\" target=\"_blank\" rel=\"noreferrer noopener\">Und hier mal eine kritische Auseinandersetzung. <\/a><\/p>\n","protected":false},"excerpt":{"rendered":"<p>Hierbei handelt es sich um eine St\u00f6rung des Stoffwechsels, der einen erh\u00f6hten Abbau von Pyrrolen (Abbauprodukte des k\u00f6rpereigenen Stoffs H\u00e4m) verursacht, der wiederum lebensnotwendige Vitalstoffe (vor allem Zink, Vitamin B6 und Mangan) bindet und mit dem Urin aus dem K\u00f6rper leitet. Am h\u00e4ufigsten leiden Betroffene unter Symptomen, die das Gehirn betreffen, darunter Benommenheit, eingeschr\u00e4nkte Merkf\u00e4higkeit, L\u00e4rmempfindlichkeit, Leere im Kopf und schlechter Stimmung. Begr\u00fcndung: Vitamin B6 und Zink tragen einen gro\u00dfen Anteil an der Bildung der beiden Neurotransmitter Dopamin und Serotonin &#8211; die wir zum einen zum Denken ben\u00f6tigen und f\u00fcr das Empfinden von Zufriedenheit. Fehlen diese Substanzen, schl\u00e4gt sich [&hellip;]<\/p>\n","protected":false},"author":1,"featured_media":0,"parent":0,"menu_order":0,"comment_status":"closed","ping_status":"closed","template":"","meta":{"inline_featured_image":false,"footnotes":""},"yoast_head":"<!-- This site is optimized with the Yoast SEO plugin v21.8 - https:\/\/yoast.com\/wordpress\/plugins\/seo\/ -->\n<title>Kryptopyrrolurie - wirbelwirrwarr<\/title>\n<meta name=\"robots\" content=\"index, follow, max-snippet:-1, max-image-preview:large, max-video-preview:-1\" \/>\n<link rel=\"canonical\" href=\"https:\/\/www.wirbelwirrwarr.de\/index.php\/kryptopyrrolurie\/\" \/>\n<meta property=\"og:locale\" content=\"de_DE\" \/>\n<meta property=\"og:type\" content=\"article\" \/>\n<meta property=\"og:title\" content=\"Kryptopyrrolurie - wirbelwirrwarr\" \/>\n<meta property=\"og:description\" content=\"Hierbei handelt es sich um eine St\u00f6rung des Stoffwechsels, der einen erh\u00f6hten Abbau von Pyrrolen (Abbauprodukte des k\u00f6rpereigenen Stoffs H\u00e4m) verursacht, der wiederum lebensnotwendige Vitalstoffe (vor allem Zink, Vitamin B6 und Mangan) bindet und mit dem Urin aus dem K\u00f6rper leitet. Am h\u00e4ufigsten leiden Betroffene unter Symptomen, die das Gehirn betreffen, darunter Benommenheit, eingeschr\u00e4nkte Merkf\u00e4higkeit, L\u00e4rmempfindlichkeit, Leere im Kopf und schlechter Stimmung. Begr\u00fcndung: Vitamin B6 und Zink tragen einen gro\u00dfen Anteil an der Bildung der beiden Neurotransmitter Dopamin und Serotonin &#8211; die wir zum einen zum Denken ben\u00f6tigen und f\u00fcr das Empfinden von Zufriedenheit. Fehlen diese Substanzen, schl\u00e4gt sich [&hellip;]\" \/>\n<meta property=\"og:url\" content=\"https:\/\/www.wirbelwirrwarr.de\/index.php\/kryptopyrrolurie\/\" \/>\n<meta property=\"og:site_name\" content=\"wirbelwirrwarr\" \/>\n<meta name=\"twitter:card\" content=\"summary_large_image\" \/>\n<meta name=\"twitter:label1\" content=\"Gesch\u00e4tzte Lesezeit\" \/>\n\t<meta name=\"twitter:data1\" content=\"3\u00a0Minuten\" \/>\n<script type=\"application\/ld+json\" class=\"yoast-schema-graph\">{\"@context\":\"https:\/\/schema.org\",\"@graph\":[{\"@type\":\"WebPage\",\"@id\":\"https:\/\/www.wirbelwirrwarr.de\/index.php\/kryptopyrrolurie\/\",\"url\":\"https:\/\/www.wirbelwirrwarr.de\/index.php\/kryptopyrrolurie\/\",\"name\":\"Kryptopyrrolurie - wirbelwirrwarr\",\"isPartOf\":{\"@id\":\"https:\/\/www.wirbelwirrwarr.de\/#website\"},\"datePublished\":\"2023-09-19T07:43:32+00:00\",\"dateModified\":\"2023-09-19T07:43:32+00:00\",\"breadcrumb\":{\"@id\":\"https:\/\/www.wirbelwirrwarr.de\/index.php\/kryptopyrrolurie\/#breadcrumb\"},\"inLanguage\":\"de\",\"potentialAction\":[{\"@type\":\"ReadAction\",\"target\":[\"https:\/\/www.wirbelwirrwarr.de\/index.php\/kryptopyrrolurie\/\"]}]},{\"@type\":\"BreadcrumbList\",\"@id\":\"https:\/\/www.wirbelwirrwarr.de\/index.php\/kryptopyrrolurie\/#breadcrumb\",\"itemListElement\":[{\"@type\":\"ListItem\",\"position\":1,\"name\":\"Startseite\",\"item\":\"https:\/\/www.wirbelwirrwarr.de\/\"},{\"@type\":\"ListItem\",\"position\":2,\"name\":\"Kryptopyrrolurie\"}]},{\"@type\":\"WebSite\",\"@id\":\"https:\/\/www.wirbelwirrwarr.de\/#website\",\"url\":\"https:\/\/www.wirbelwirrwarr.de\/\",\"name\":\"wirbelwirrwarr\",\"description\":\"Wie eine unsichtbare Krankheit mein Leben bunt macht\",\"publisher\":{\"@id\":\"https:\/\/www.wirbelwirrwarr.de\/#organization\"},\"potentialAction\":[{\"@type\":\"SearchAction\",\"target\":{\"@type\":\"EntryPoint\",\"urlTemplate\":\"https:\/\/www.wirbelwirrwarr.de\/?s={search_term_string}\"},\"query-input\":\"required name=search_term_string\"}],\"inLanguage\":\"de\"},{\"@type\":\"Organization\",\"@id\":\"https:\/\/www.wirbelwirrwarr.de\/#organization\",\"name\":\"wirbelwirrwarr\",\"url\":\"https:\/\/www.wirbelwirrwarr.de\/\",\"logo\":{\"@type\":\"ImageObject\",\"inLanguage\":\"de\",\"@id\":\"https:\/\/www.wirbelwirrwarr.de\/#\/schema\/logo\/image\/\",\"url\":\"https:\/\/www.wirbelwirrwarr.de\/wp-content\/uploads\/2023\/02\/logoatlas9.svg\",\"contentUrl\":\"https:\/\/www.wirbelwirrwarr.de\/wp-content\/uploads\/2023\/02\/logoatlas9.svg\",\"caption\":\"wirbelwirrwarr\"},\"image\":{\"@id\":\"https:\/\/www.wirbelwirrwarr.de\/#\/schema\/logo\/image\/\"}}]}<\/script>\n<!-- \/ Yoast SEO plugin. -->","yoast_head_json":{"title":"Kryptopyrrolurie - wirbelwirrwarr","robots":{"index":"index","follow":"follow","max-snippet":"max-snippet:-1","max-image-preview":"max-image-preview:large","max-video-preview":"max-video-preview:-1"},"canonical":"https:\/\/www.wirbelwirrwarr.de\/index.php\/kryptopyrrolurie\/","og_locale":"de_DE","og_type":"article","og_title":"Kryptopyrrolurie - wirbelwirrwarr","og_description":"Hierbei handelt es sich um eine St\u00f6rung des Stoffwechsels, der einen erh\u00f6hten Abbau von Pyrrolen (Abbauprodukte des k\u00f6rpereigenen Stoffs H\u00e4m) verursacht, der wiederum lebensnotwendige Vitalstoffe (vor allem Zink, Vitamin B6 und Mangan) bindet und mit dem Urin aus dem K\u00f6rper leitet. Am h\u00e4ufigsten leiden Betroffene unter Symptomen, die das Gehirn betreffen, darunter Benommenheit, eingeschr\u00e4nkte Merkf\u00e4higkeit, L\u00e4rmempfindlichkeit, Leere im Kopf und schlechter Stimmung. Begr\u00fcndung: Vitamin B6 und Zink tragen einen gro\u00dfen Anteil an der Bildung der beiden Neurotransmitter Dopamin und Serotonin &#8211; die wir zum einen zum Denken ben\u00f6tigen und f\u00fcr das Empfinden von Zufriedenheit. Fehlen diese Substanzen, schl\u00e4gt sich [&hellip;]","og_url":"https:\/\/www.wirbelwirrwarr.de\/index.php\/kryptopyrrolurie\/","og_site_name":"wirbelwirrwarr","twitter_card":"summary_large_image","twitter_misc":{"Gesch\u00e4tzte Lesezeit":"3\u00a0Minuten"},"schema":{"@context":"https:\/\/schema.org","@graph":[{"@type":"WebPage","@id":"https:\/\/www.wirbelwirrwarr.de\/index.php\/kryptopyrrolurie\/","url":"https:\/\/www.wirbelwirrwarr.de\/index.php\/kryptopyrrolurie\/","name":"Kryptopyrrolurie - wirbelwirrwarr","isPartOf":{"@id":"https:\/\/www.wirbelwirrwarr.de\/#website"},"datePublished":"2023-09-19T07:43:32+00:00","dateModified":"2023-09-19T07:43:32+00:00","breadcrumb":{"@id":"https:\/\/www.wirbelwirrwarr.de\/index.php\/kryptopyrrolurie\/#breadcrumb"},"inLanguage":"de","potentialAction":[{"@type":"ReadAction","target":["https:\/\/www.wirbelwirrwarr.de\/index.php\/kryptopyrrolurie\/"]}]},{"@type":"BreadcrumbList","@id":"https:\/\/www.wirbelwirrwarr.de\/index.php\/kryptopyrrolurie\/#breadcrumb","itemListElement":[{"@type":"ListItem","position":1,"name":"Startseite","item":"https:\/\/www.wirbelwirrwarr.de\/"},{"@type":"ListItem","position":2,"name":"Kryptopyrrolurie"}]},{"@type":"WebSite","@id":"https:\/\/www.wirbelwirrwarr.de\/#website","url":"https:\/\/www.wirbelwirrwarr.de\/","name":"wirbelwirrwarr","description":"Wie eine unsichtbare Krankheit mein Leben bunt macht","publisher":{"@id":"https:\/\/www.wirbelwirrwarr.de\/#organization"},"potentialAction":[{"@type":"SearchAction","target":{"@type":"EntryPoint","urlTemplate":"https:\/\/www.wirbelwirrwarr.de\/?s={search_term_string}"},"query-input":"required name=search_term_string"}],"inLanguage":"de"},{"@type":"Organization","@id":"https:\/\/www.wirbelwirrwarr.de\/#organization","name":"wirbelwirrwarr","url":"https:\/\/www.wirbelwirrwarr.de\/","logo":{"@type":"ImageObject","inLanguage":"de","@id":"https:\/\/www.wirbelwirrwarr.de\/#\/schema\/logo\/image\/","url":"https:\/\/www.wirbelwirrwarr.de\/wp-content\/uploads\/2023\/02\/logoatlas9.svg","contentUrl":"https:\/\/www.wirbelwirrwarr.de\/wp-content\/uploads\/2023\/02\/logoatlas9.svg","caption":"wirbelwirrwarr"},"image":{"@id":"https:\/\/www.wirbelwirrwarr.de\/#\/schema\/logo\/image\/"}}]}},"_links":{"self":[{"href":"https:\/\/www.wirbelwirrwarr.de\/index.php\/wp-json\/wp\/v2\/pages\/14551"}],"collection":[{"href":"https:\/\/www.wirbelwirrwarr.de\/index.php\/wp-json\/wp\/v2\/pages"}],"about":[{"href":"https:\/\/www.wirbelwirrwarr.de\/index.php\/wp-json\/wp\/v2\/types\/page"}],"author":[{"embeddable":true,"href":"https:\/\/www.wirbelwirrwarr.de\/index.php\/wp-json\/wp\/v2\/users\/1"}],"replies":[{"embeddable":true,"href":"https:\/\/www.wirbelwirrwarr.de\/index.php\/wp-json\/wp\/v2\/comments?post=14551"}],"version-history":[{"count":2,"href":"https:\/\/www.wirbelwirrwarr.de\/index.php\/wp-json\/wp\/v2\/pages\/14551\/revisions"}],"predecessor-version":[{"id":14579,"href":"https:\/\/www.wirbelwirrwarr.de\/index.php\/wp-json\/wp\/v2\/pages\/14551\/revisions\/14579"}],"wp:attachment":[{"href":"https:\/\/www.wirbelwirrwarr.de\/index.php\/wp-json\/wp\/v2\/media?parent=14551"}],"curies":[{"name":"wp","href":"https:\/\/api.w.org\/{rel}","templated":true}]}}