{"id":14326,"date":"2023-09-08T17:20:32","date_gmt":"2023-09-08T15:20:32","guid":{"rendered":"https:\/\/www.wirbelwirrwarr.de\/?page_id=14326"},"modified":"2023-09-09T15:13:06","modified_gmt":"2023-09-09T13:13:06","slug":"manuelle-tests","status":"publish","type":"page","link":"https:\/\/www.wirbelwirrwarr.de\/index.php\/manuelle-tests\/","title":{"rendered":"Manuelle Tests"},"content":{"rendered":"\n<h2 class=\"wp-block-heading\">Alar Ligament Test <\/h2>\n\n\n\n<p>Der Alar Ligament Test wird in R\u00fcckenlage oder im Sitzen durchgef\u00fchrt. Der Therapeut fixiert den Dornfortsatz des Axis (C2) und beugt dann die Halswirbels\u00e4ule leicht zu jeder Seite. Die Seitw\u00e4rtsbewegung nach rechts testet das linke Fl\u00fcgelband, die Bewegung nach links das rechte. Es wird empfohlen, den Test in drei Positionen (neutral, Beugung, Streckung) durchzuf\u00fchren, um Variationen in der Ausrichtung der Fl\u00fcgelb\u00e4nder zu ber\u00fccksichtigen. Der Test ist positiv, wenn es zu einer Verz\u00f6gerung in der Bewegung des Dornfortsatzes von C2 in die entgegengesetzte Richtung der Seitw\u00e4rtsbewegung kommt. Dies deutet auf Laxizit\u00e4t hin.<\/p>\n\n\n\n<figure class=\"wp-block-image size-large\"><img loading=\"lazy\" decoding=\"async\" width=\"1024\" height=\"635\" src=\"https:\/\/www.wirbelwirrwarr.de\/wp-content\/uploads\/2023\/09\/blog-alar-test-1-1024x635.png\" alt=\"\" class=\"wp-image-14356\" srcset=\"https:\/\/www.wirbelwirrwarr.de\/wp-content\/uploads\/2023\/09\/blog-alar-test-1-1024x635.png 1024w, https:\/\/www.wirbelwirrwarr.de\/wp-content\/uploads\/2023\/09\/blog-alar-test-1-300x186.png 300w, https:\/\/www.wirbelwirrwarr.de\/wp-content\/uploads\/2023\/09\/blog-alar-test-1-768x476.png 768w, https:\/\/www.wirbelwirrwarr.de\/wp-content\/uploads\/2023\/09\/blog-alar-test-1-1536x952.png 1536w, https:\/\/www.wirbelwirrwarr.de\/wp-content\/uploads\/2023\/09\/blog-alar-test-1-2048x1270.png 2048w\" sizes=\"(max-width: 1024px) 100vw, 1024px\" \/><\/figure>\n\n\n\n<h2 class=\"wp-block-heading\">Transverse Ligament Test<\/h2>\n\n\n\n<p>Der Transverse Ligament Test, auch als Cranial Atlas Lift Test bekannt, wird in R\u00fcckenlage durchgef\u00fchrt. Dabei liegt der Kopf des Patienten in den H\u00e4nden des Therapeuten, der seine Finger \u00fcber dem Atlas platziert und das Hinterhaupt\/C1 des Patienten anhebt, um den Kopf und C1 nach vorne auf C2 zu verschieben. Der Hals sollte dabei weder gebeugt noch gestreckt werden. Die Position sollte 15 Sekunden lang gehalten werden. Ein positiver Test auf atlanto-axiale Instabilit\u00e4t zeigt sich durch Schwindel, Nystagmus, Par\u00e4sthesien (Missempfindungen) oder ein weiches Endgef\u00fchl.<\/p>\n\n\n\n<figure class=\"wp-block-image size-large\"><img loading=\"lazy\" decoding=\"async\" width=\"1024\" height=\"635\" src=\"https:\/\/www.wirbelwirrwarr.de\/wp-content\/uploads\/2023\/09\/transverse-ligament-test-2-1024x635.png\" alt=\"\" class=\"wp-image-14353\" srcset=\"https:\/\/www.wirbelwirrwarr.de\/wp-content\/uploads\/2023\/09\/transverse-ligament-test-2-1024x635.png 1024w, https:\/\/www.wirbelwirrwarr.de\/wp-content\/uploads\/2023\/09\/transverse-ligament-test-2-300x186.png 300w, https:\/\/www.wirbelwirrwarr.de\/wp-content\/uploads\/2023\/09\/transverse-ligament-test-2-768x476.png 768w, https:\/\/www.wirbelwirrwarr.de\/wp-content\/uploads\/2023\/09\/transverse-ligament-test-2-1536x952.png 1536w, https:\/\/www.wirbelwirrwarr.de\/wp-content\/uploads\/2023\/09\/transverse-ligament-test-2-2048x1270.png 2048w\" sizes=\"(max-width: 1024px) 100vw, 1024px\" \/><\/figure>\n\n\n\n<h2 class=\"wp-block-heading\">Sharp Purser Test<\/h2>\n\n\n\n<p>Der Sharp-Purser-Test passiert im Sitzen und wird zur Beurteilung der Instabilit\u00e4t zwischen Atlas und Axis eingesetzt. Der Kopf ist leicht auf dem Nacken gebeugt. Der Therapeut stabilisiert den Dornfortsatz von C2 mit einer Hand und legt die andere Hand auf die Stirn des Patienten. Es wird eine r\u00fcckw\u00e4rts gerichtete Kraft \u00fcber den Kontakt an der Stirn ausge\u00fcbt. Ein positiver Test tritt auf, wenn der Kopf nach hinten gleitet oder sich die Bewegung weich und instabil anf\u00fchlt. Dies zeigt eine Verschiebung des Atlas auf dem Axis an.<\/p>\n\n\n\n<figure class=\"wp-block-image size-large\"><img loading=\"lazy\" decoding=\"async\" width=\"1024\" height=\"635\" src=\"https:\/\/www.wirbelwirrwarr.de\/wp-content\/uploads\/2023\/09\/sharp-purser-2-1024x635.png\" alt=\"\" class=\"wp-image-14350\" srcset=\"https:\/\/www.wirbelwirrwarr.de\/wp-content\/uploads\/2023\/09\/sharp-purser-2-1024x635.png 1024w, https:\/\/www.wirbelwirrwarr.de\/wp-content\/uploads\/2023\/09\/sharp-purser-2-300x186.png 300w, https:\/\/www.wirbelwirrwarr.de\/wp-content\/uploads\/2023\/09\/sharp-purser-2-768x476.png 768w, https:\/\/www.wirbelwirrwarr.de\/wp-content\/uploads\/2023\/09\/sharp-purser-2-1536x952.png 1536w, https:\/\/www.wirbelwirrwarr.de\/wp-content\/uploads\/2023\/09\/sharp-purser-2-2048x1270.png 2048w\" sizes=\"(max-width: 1024px) 100vw, 1024px\" \/><\/figure>\n\n\n\n<h2 class=\"wp-block-heading\">Aspinall Test*<\/h2>\n\n\n\n<p>Wenn der Sharp-Purser-Test negativ ausf\u00e4llt, kann der Aspinall-Test durchgef\u00fchrt werden, um die Integrit\u00e4t des Querbandes zu \u00fcberpr\u00fcfen. Dabei stabilisiert der Therapeut das gebeugte Hinterhaupt auf dem Atlas, w\u00e4hrend eine nach vorne gerichtete Kraft auf den Atlas ausge\u00fcbt wird. Ein positiver Test zeigt sich durch ein weiches Endgef\u00fchl oder wenn der Patient Symptome wie Druck in der Speiser\u00f6hre und\/oder andere neurologisch bedingte R\u00fcckenmarksdruck-Symptome angibt.<\/p>\n\n\n\n<h2 class=\"wp-block-heading\">Lateral Shear Test*<\/h2>\n\n\n\n<p>Der Lateral Shear Test dient zur Beurteilung einer segmentalen Instabilit\u00e4t. In R\u00fcckenlage platziert der Therapeut das zweite Grundgelenk des Daumens einer Hand am Querfortsatz von C1 und das Grundgelenk der anderen Hand am Querfortsatz von C2. Eine sanfte Kraft wird in gleicher und entgegengesetzter Richtung durch den Handkontakt ausge\u00fcbt. Ein positiver Test zeigt sich durch eine erh\u00f6hte Verschiebung zwischen C1 und C2. Bitte beachten Sie, dass, wenn die H\u00e4nde des Therapeuten nicht in derselben Ebene sind, die Scherkraft unerw\u00fcnschte Rotation verursachen kann.<\/p>\n\n\n\n<hr class=\"wp-block-separator has-alpha-channel-opacity\"\/>\n\n\n\n<p><em>*gelten als nicht verl\u00e4sslich<\/em><\/p>\n","protected":false},"excerpt":{"rendered":"<p>Alar Ligament Test Der Alar Ligament Test wird in R\u00fcckenlage oder im Sitzen durchgef\u00fchrt. Der Therapeut fixiert den Dornfortsatz des Axis (C2) und beugt dann die Halswirbels\u00e4ule leicht zu jeder Seite. Die Seitw\u00e4rtsbewegung nach rechts testet das linke Fl\u00fcgelband, die Bewegung nach links das rechte. Es wird empfohlen, den Test in drei Positionen (neutral, Beugung, Streckung) durchzuf\u00fchren, um Variationen in der Ausrichtung der Fl\u00fcgelb\u00e4nder zu ber\u00fccksichtigen. Der Test ist positiv, wenn es zu einer Verz\u00f6gerung in der Bewegung des Dornfortsatzes von C2 in die entgegengesetzte Richtung der Seitw\u00e4rtsbewegung kommt. Dies deutet auf Laxizit\u00e4t hin. Transverse Ligament Test Der Transverse [&hellip;]<\/p>\n","protected":false},"author":1,"featured_media":14366,"parent":0,"menu_order":0,"comment_status":"closed","ping_status":"closed","template":"","meta":{"inline_featured_image":false,"footnotes":""},"yoast_head":"<!-- This site is optimized with the Yoast SEO plugin v21.8 - https:\/\/yoast.com\/wordpress\/plugins\/seo\/ -->\n<title>Manuelle Tests - wirbelwirrwarr<\/title>\n<meta name=\"description\" content=\"Der Alar Ligament Test wird in R\u00fcckenlage oder im Sitzen durchgef\u00fchrt.\" \/>\n<meta name=\"robots\" content=\"index, follow, max-snippet:-1, max-image-preview:large, max-video-preview:-1\" \/>\n<link rel=\"canonical\" href=\"https:\/\/www.wirbelwirrwarr.de\/index.php\/manuelle-tests\/\" \/>\n<meta property=\"og:locale\" content=\"de_DE\" \/>\n<meta property=\"og:type\" content=\"article\" \/>\n<meta property=\"og:title\" content=\"Manuelle Tests - wirbelwirrwarr\" \/>\n<meta property=\"og:description\" content=\"Der Alar Ligament Test wird in R\u00fcckenlage oder im Sitzen durchgef\u00fchrt.\" \/>\n<meta property=\"og:url\" content=\"https:\/\/www.wirbelwirrwarr.de\/index.php\/manuelle-tests\/\" \/>\n<meta property=\"og:site_name\" content=\"wirbelwirrwarr\" \/>\n<meta property=\"article:modified_time\" content=\"2023-09-09T13:13:06+00:00\" \/>\n<meta property=\"og:image\" content=\"https:\/\/www.wirbelwirrwarr.de\/wp-content\/uploads\/2023\/09\/hands-565601_1280-e1694265106964.jpg\" \/>\n\t<meta property=\"og:image:width\" content=\"1206\" \/>\n\t<meta property=\"og:image:height\" content=\"905\" \/>\n\t<meta property=\"og:image:type\" content=\"image\/jpeg\" \/>\n<meta name=\"twitter:card\" content=\"summary_large_image\" \/>\n<meta name=\"twitter:label1\" content=\"Gesch\u00e4tzte Lesezeit\" \/>\n\t<meta name=\"twitter:data1\" content=\"3\u00a0Minuten\" \/>\n<script type=\"application\/ld+json\" class=\"yoast-schema-graph\">{\"@context\":\"https:\/\/schema.org\",\"@graph\":[{\"@type\":\"WebPage\",\"@id\":\"https:\/\/www.wirbelwirrwarr.de\/index.php\/manuelle-tests\/\",\"url\":\"https:\/\/www.wirbelwirrwarr.de\/index.php\/manuelle-tests\/\",\"name\":\"Manuelle Tests - wirbelwirrwarr\",\"isPartOf\":{\"@id\":\"https:\/\/www.wirbelwirrwarr.de\/#website\"},\"datePublished\":\"2023-09-08T15:20:32+00:00\",\"dateModified\":\"2023-09-09T13:13:06+00:00\",\"description\":\"Der Alar Ligament Test wird in R\u00fcckenlage oder im Sitzen durchgef\u00fchrt.\",\"breadcrumb\":{\"@id\":\"https:\/\/www.wirbelwirrwarr.de\/index.php\/manuelle-tests\/#breadcrumb\"},\"inLanguage\":\"de\",\"potentialAction\":[{\"@type\":\"ReadAction\",\"target\":[\"https:\/\/www.wirbelwirrwarr.de\/index.php\/manuelle-tests\/\"]}]},{\"@type\":\"BreadcrumbList\",\"@id\":\"https:\/\/www.wirbelwirrwarr.de\/index.php\/manuelle-tests\/#breadcrumb\",\"itemListElement\":[{\"@type\":\"ListItem\",\"position\":1,\"name\":\"Startseite\",\"item\":\"https:\/\/www.wirbelwirrwarr.de\/\"},{\"@type\":\"ListItem\",\"position\":2,\"name\":\"Manuelle Tests\"}]},{\"@type\":\"WebSite\",\"@id\":\"https:\/\/www.wirbelwirrwarr.de\/#website\",\"url\":\"https:\/\/www.wirbelwirrwarr.de\/\",\"name\":\"wirbelwirrwarr\",\"description\":\"Wie eine unsichtbare Krankheit mein Leben bunt macht\",\"publisher\":{\"@id\":\"https:\/\/www.wirbelwirrwarr.de\/#organization\"},\"potentialAction\":[{\"@type\":\"SearchAction\",\"target\":{\"@type\":\"EntryPoint\",\"urlTemplate\":\"https:\/\/www.wirbelwirrwarr.de\/?s={search_term_string}\"},\"query-input\":\"required name=search_term_string\"}],\"inLanguage\":\"de\"},{\"@type\":\"Organization\",\"@id\":\"https:\/\/www.wirbelwirrwarr.de\/#organization\",\"name\":\"wirbelwirrwarr\",\"url\":\"https:\/\/www.wirbelwirrwarr.de\/\",\"logo\":{\"@type\":\"ImageObject\",\"inLanguage\":\"de\",\"@id\":\"https:\/\/www.wirbelwirrwarr.de\/#\/schema\/logo\/image\/\",\"url\":\"https:\/\/www.wirbelwirrwarr.de\/wp-content\/uploads\/2023\/02\/logoatlas9.svg\",\"contentUrl\":\"https:\/\/www.wirbelwirrwarr.de\/wp-content\/uploads\/2023\/02\/logoatlas9.svg\",\"caption\":\"wirbelwirrwarr\"},\"image\":{\"@id\":\"https:\/\/www.wirbelwirrwarr.de\/#\/schema\/logo\/image\/\"}}]}<\/script>\n<!-- \/ Yoast SEO plugin. -->","yoast_head_json":{"title":"Manuelle Tests - wirbelwirrwarr","description":"Der Alar Ligament Test wird in R\u00fcckenlage oder im Sitzen durchgef\u00fchrt.","robots":{"index":"index","follow":"follow","max-snippet":"max-snippet:-1","max-image-preview":"max-image-preview:large","max-video-preview":"max-video-preview:-1"},"canonical":"https:\/\/www.wirbelwirrwarr.de\/index.php\/manuelle-tests\/","og_locale":"de_DE","og_type":"article","og_title":"Manuelle Tests - wirbelwirrwarr","og_description":"Der Alar Ligament Test wird in R\u00fcckenlage oder im Sitzen durchgef\u00fchrt.","og_url":"https:\/\/www.wirbelwirrwarr.de\/index.php\/manuelle-tests\/","og_site_name":"wirbelwirrwarr","article_modified_time":"2023-09-09T13:13:06+00:00","og_image":[{"width":1206,"height":905,"url":"https:\/\/www.wirbelwirrwarr.de\/wp-content\/uploads\/2023\/09\/hands-565601_1280-e1694265106964.jpg","type":"image\/jpeg"}],"twitter_card":"summary_large_image","twitter_misc":{"Gesch\u00e4tzte Lesezeit":"3\u00a0Minuten"},"schema":{"@context":"https:\/\/schema.org","@graph":[{"@type":"WebPage","@id":"https:\/\/www.wirbelwirrwarr.de\/index.php\/manuelle-tests\/","url":"https:\/\/www.wirbelwirrwarr.de\/index.php\/manuelle-tests\/","name":"Manuelle Tests - wirbelwirrwarr","isPartOf":{"@id":"https:\/\/www.wirbelwirrwarr.de\/#website"},"datePublished":"2023-09-08T15:20:32+00:00","dateModified":"2023-09-09T13:13:06+00:00","description":"Der Alar Ligament Test wird in R\u00fcckenlage oder im Sitzen durchgef\u00fchrt.","breadcrumb":{"@id":"https:\/\/www.wirbelwirrwarr.de\/index.php\/manuelle-tests\/#breadcrumb"},"inLanguage":"de","potentialAction":[{"@type":"ReadAction","target":["https:\/\/www.wirbelwirrwarr.de\/index.php\/manuelle-tests\/"]}]},{"@type":"BreadcrumbList","@id":"https:\/\/www.wirbelwirrwarr.de\/index.php\/manuelle-tests\/#breadcrumb","itemListElement":[{"@type":"ListItem","position":1,"name":"Startseite","item":"https:\/\/www.wirbelwirrwarr.de\/"},{"@type":"ListItem","position":2,"name":"Manuelle Tests"}]},{"@type":"WebSite","@id":"https:\/\/www.wirbelwirrwarr.de\/#website","url":"https:\/\/www.wirbelwirrwarr.de\/","name":"wirbelwirrwarr","description":"Wie eine unsichtbare Krankheit mein Leben bunt macht","publisher":{"@id":"https:\/\/www.wirbelwirrwarr.de\/#organization"},"potentialAction":[{"@type":"SearchAction","target":{"@type":"EntryPoint","urlTemplate":"https:\/\/www.wirbelwirrwarr.de\/?s={search_term_string}"},"query-input":"required name=search_term_string"}],"inLanguage":"de"},{"@type":"Organization","@id":"https:\/\/www.wirbelwirrwarr.de\/#organization","name":"wirbelwirrwarr","url":"https:\/\/www.wirbelwirrwarr.de\/","logo":{"@type":"ImageObject","inLanguage":"de","@id":"https:\/\/www.wirbelwirrwarr.de\/#\/schema\/logo\/image\/","url":"https:\/\/www.wirbelwirrwarr.de\/wp-content\/uploads\/2023\/02\/logoatlas9.svg","contentUrl":"https:\/\/www.wirbelwirrwarr.de\/wp-content\/uploads\/2023\/02\/logoatlas9.svg","caption":"wirbelwirrwarr"},"image":{"@id":"https:\/\/www.wirbelwirrwarr.de\/#\/schema\/logo\/image\/"}}]}},"_links":{"self":[{"href":"https:\/\/www.wirbelwirrwarr.de\/index.php\/wp-json\/wp\/v2\/pages\/14326"}],"collection":[{"href":"https:\/\/www.wirbelwirrwarr.de\/index.php\/wp-json\/wp\/v2\/pages"}],"about":[{"href":"https:\/\/www.wirbelwirrwarr.de\/index.php\/wp-json\/wp\/v2\/types\/page"}],"author":[{"embeddable":true,"href":"https:\/\/www.wirbelwirrwarr.de\/index.php\/wp-json\/wp\/v2\/users\/1"}],"replies":[{"embeddable":true,"href":"https:\/\/www.wirbelwirrwarr.de\/index.php\/wp-json\/wp\/v2\/comments?post=14326"}],"version-history":[{"count":17,"href":"https:\/\/www.wirbelwirrwarr.de\/index.php\/wp-json\/wp\/v2\/pages\/14326\/revisions"}],"predecessor-version":[{"id":14368,"href":"https:\/\/www.wirbelwirrwarr.de\/index.php\/wp-json\/wp\/v2\/pages\/14326\/revisions\/14368"}],"wp:featuredmedia":[{"embeddable":true,"href":"https:\/\/www.wirbelwirrwarr.de\/index.php\/wp-json\/wp\/v2\/media\/14366"}],"wp:attachment":[{"href":"https:\/\/www.wirbelwirrwarr.de\/index.php\/wp-json\/wp\/v2\/media?parent=14326"}],"curies":[{"name":"wp","href":"https:\/\/api.w.org\/{rel}","templated":true}]}}