{"id":14035,"date":"2023-08-20T20:04:10","date_gmt":"2023-08-20T18:04:10","guid":{"rendered":"https:\/\/www.wirbelwirrwarr.de\/?page_id=14035"},"modified":"2023-09-23T15:48:25","modified_gmt":"2023-09-23T13:48:25","slug":"mythen","status":"publish","type":"page","link":"https:\/\/www.wirbelwirrwarr.de\/index.php\/mythen\/","title":{"rendered":"Mythen"},"content":{"rendered":"\n<p>Auch wenn instabile Kopfgelenke (CCI\/AAI) kaum bekannt sind, ranken sich hartn\u00e4ckige Mythen darum. Weg damit!<\/p>\n\n\n\n<h2 class=\"wp-block-heading\">1. Mythos: Instabile Kopfgelenke sind selten und betreffen deshalb nur wenige Menschen.<\/h2>\n\n\n\n<p>Aufkl\u00e4rung: CCI\/AAI ist eine Erkrankung, die nur wenige \u00c4rzte kennen, die nur mit viel Aufwand diagnostiziert werden kann, die h\u00e4ufig psychopathologisiert wird und die Ausl\u00f6ser zahlreicher Erkrankungen ist, die f\u00fcr gew\u00f6hnlich losgel\u00f6st von CCI\/AAI betrachtet werden. Die Dunkelziffer betroffener Patienten ist demnach wahrscheinlich recht hoch und es ist kaum m\u00f6glich zu sagen, ob wir in der Konsequenz noch von selten sprechen k\u00f6nnen. Selten diagnostiziert trifft es vermutlich eher.<\/p>\n\n\n\n<h2 class=\"wp-block-heading\">2. Mythos: Instabile Kopfgelenke sind ausschlie\u00dflich das Ergebnis von Verletzungen oder Unf\u00e4llen. <\/h2>\n\n\n\n<p>Aufkl\u00e4rung: W\u00e4hrend traumatische Ereignisse wie Verletzungen dazu f\u00fchren k\u00f6nnen, dass die Kopfgelenke instabil werden, z\u00e4hlen dar\u00fcber hinaus auch andere Faktoren, wie degenerative Ver\u00e4nderungen, Kollagenst\u00f6rungen und angeborene Fehlbildungen, zu den Ursachen von CCI\/AAI. Die Entstehung von instabilen Kopfgelenken ist somit multifaktoriell.<\/p>\n\n\n\n<h2 class=\"wp-block-heading\">3. Mythos: Instabile Kopfgelenke sind nur bei \u00e4lteren Menschen ein Problem. <\/h2>\n\n\n\n<p>Aufkl\u00e4rung: CCI\/AAI kann in jeder Altersgruppe auftreten. <\/p>\n\n\n\n<h2 class=\"wp-block-heading\">4. Mythos: Instabile Kopfgelenke sind nur mit Nackenschmerzen verbunden. <\/h2>\n\n\n\n<p>Aufkl\u00e4rung: Instabile Kopfgelenke k\u00f6nnen eine Vielzahl von Symptomen ausl\u00f6sen, oft aus mehreren Symptomgruppen. Es gibt keine Grenzen. <\/p>\n\n\n\n<h2 class=\"wp-block-heading\">5. Mythos: Instabile Kopfgelenke sind nicht heilbar.<\/h2>\n\n\n\n<p>Aufkl\u00e4rung: Alles ist heilbar. Aber nicht jeder. <\/p>\n\n\n\n<h2 class=\"wp-block-heading\">6. Mythos: Instabile Kopfgelenke erfordern immer eine Operation. <\/h2>\n\n\n\n<p>Aufkl\u00e4rung: Nicht alle F\u00e4lle erfordern eine Operation &#8211; auch nicht nach gewisser Zeit. Viele kleine Ma\u00dfnahmen k\u00f6nnen bereits einen gro\u00dfen Effekt haben, wenn sie konsequent verfolgt werden. Die Entscheidung h\u00e4ngt von der Schwere der Instabilit\u00e4t, den Symptomen und anderen individuellen Faktoren ab. Konservative Ans\u00e4tze werden oft bevorzugt, k\u00f6nnen aber an ihre Grenzen sto\u00dfen. <\/p>\n\n\n\n<h2 class=\"wp-block-heading\">7. Mythos: Instabile Kopfgelenke sind letztendlich eine imagin\u00e4re Erkrankung. <\/h2>\n\n\n\n<p>Aufkl\u00e4rung: Instabile Kopfgelenke sind eine anerkannte medizinische Bedingung, die mittels Bildgebungsstudien wie MRT oder R\u00f6ntgen best\u00e4tigt werden kann. Die Symptome resultieren aus der gest\u00f6rten Stabilit\u00e4t und Ausrichtung dieser Gelenke.<\/p>\n\n\n\n<h2 class=\"wp-block-heading\">8. Mythos: Instabile Kopfgelenke sind nur ein orthop\u00e4disches Problem. <\/h2>\n\n\n\n<p>Aufkl\u00e4rung: Instabile Kopfgelenke k\u00f6nnen auch das neurologische System beeinflussen, da sie benachbarte Nervenstrukturen beeintr\u00e4chtigen k\u00f6nnen. Dies kann zu vielf\u00e4ltigen neurologischen Symptomen f\u00fchren, die das zentrale Nervensystem betreffen.<\/p>\n\n\n\n<h2 class=\"wp-block-heading\">9. Mythos: Instabile Kopfgelenke lassen sich nur via Upright-MRT diagnostizieren. <\/h2>\n\n\n\n<p>Aufkl\u00e4rung: Das Upright-MRT ist eine gute, aber leider kaum anerkannte und f\u00fcr sich allein genommen auch nicht ausreichende M\u00f6glichkeit der diagnostischen Untermauerung instabiler Kopfgelenke. Es gibt n\u00e4mlich sehr viele Faktoren, die bei dieser Einsch\u00e4tzung ber\u00fccksichtigt werden m\u00fcssen. Schaut mal <a href=\"https:\/\/www.wirbelwirrwarr.de\/index.php\/diagnose\/\" target=\"_blank\" rel=\"noreferrer noopener\">hier<\/a>. Und schaut mal <a href=\"https:\/\/www.wirbelwirrwarr.de\/index.php\/2022\/10\/10\/cci-aai-aufklaerung-ist-zu-viel-davon-gefaehrlich\/\">da<\/a>. <\/p>\n\n\n\n<h2 class=\"wp-block-heading\">10. Mythos: Nacken\u00fcbungen k\u00f6nnen instabile Kopfgelenke heilen. <\/h2>\n\n\n\n<p>Aufkl\u00e4rung: Der Gedanken erscheint logisch, Nacken\u00fcbungen zur Stabilisierung instabiler Kopfgelenke einzusetzen. Doch w\u00e4hrend Nacken\u00fcbungen dazu beitragen k\u00f6nnen, die umgebende Muskulatur zu st\u00e4rken, bleibt das zugrundeliegende Problem oft kaum ber\u00fchrt. Instabile Kopfgelenke k\u00f6nnen schlie\u00dflich auf verschiedene Weisen auftreten, wie zum Beispiel durch eine (genetische) Lockerung der B\u00e4nder, die die Gelenke stabilisieren, oder durch strukturelle Anomalien der Gelenke selbst. Nacken\u00fcbungen k\u00f6nnten in einigen F\u00e4llen zus\u00e4tzlichen Druck auf bereits geschw\u00e4chte oder instabile Bereiche aus\u00fcben. Die richtige Herangehensweise beinhaltet somit eine sorgf\u00e4ltige Diagnose durch einen medizinischen Fachmann, der die genaue Ursache der Instabilit\u00e4t bestimmen kann. Auf dieser Grundlage kann ein individueller Behandlungsplan entwickelt werden. <\/p>\n\n\n\n<h2 class=\"wp-block-heading\">11. Mythos: instabile Kopfgelenke sind nur eine physische Angelegenheit.<\/h2>\n\n\n\n<p>Aufkl\u00e4rung: Psyche und Physis sind miteinander verbunden. Das eine leidet nie ohne das andere.<\/p>\n\n\n\n<p> <\/p>\n","protected":false},"excerpt":{"rendered":"<p>Auch wenn instabile Kopfgelenke (CCI\/AAI) kaum bekannt sind, ranken sich hartn\u00e4ckige Mythen darum. Weg damit! 1. Mythos: Instabile Kopfgelenke sind selten und betreffen deshalb nur wenige Menschen. Aufkl\u00e4rung: CCI\/AAI ist eine Erkrankung, die nur wenige \u00c4rzte kennen, die nur mit viel Aufwand diagnostiziert werden kann, die h\u00e4ufig psychopathologisiert wird und die Ausl\u00f6ser zahlreicher Erkrankungen ist, die f\u00fcr gew\u00f6hnlich losgel\u00f6st von CCI\/AAI betrachtet werden. Die Dunkelziffer betroffener Patienten ist demnach wahrscheinlich recht hoch und es ist kaum m\u00f6glich zu sagen, ob wir in der Konsequenz noch von selten sprechen k\u00f6nnen. Selten diagnostiziert trifft es vermutlich eher. 2. Mythos: Instabile Kopfgelenke [&hellip;]<\/p>\n","protected":false},"author":1,"featured_media":14049,"parent":0,"menu_order":0,"comment_status":"closed","ping_status":"closed","template":"","meta":{"inline_featured_image":false,"footnotes":""},"yoast_head":"<!-- This site is optimized with the Yoast SEO plugin v21.8 - https:\/\/yoast.com\/wordpress\/plugins\/seo\/ -->\n<title>Mythen - wirbelwirrwarr<\/title>\n<meta name=\"description\" content=\"Auch wenn instabile Kopfgelenke (CCI\/AAI) kaum bekannt sind, ranken sich hartn\u00e4ckige Mythen darum. Weg damit!\" \/>\n<meta name=\"robots\" content=\"index, follow, max-snippet:-1, max-image-preview:large, max-video-preview:-1\" \/>\n<link rel=\"canonical\" href=\"https:\/\/www.wirbelwirrwarr.de\/index.php\/mythen\/\" \/>\n<meta property=\"og:locale\" content=\"de_DE\" \/>\n<meta property=\"og:type\" content=\"article\" \/>\n<meta property=\"og:title\" content=\"Mythen - wirbelwirrwarr\" \/>\n<meta property=\"og:description\" content=\"Auch wenn instabile Kopfgelenke (CCI\/AAI) kaum bekannt sind, ranken sich hartn\u00e4ckige Mythen darum. Weg damit!\" \/>\n<meta property=\"og:url\" content=\"https:\/\/www.wirbelwirrwarr.de\/index.php\/mythen\/\" \/>\n<meta property=\"og:site_name\" content=\"wirbelwirrwarr\" \/>\n<meta property=\"article:modified_time\" content=\"2023-09-23T13:48:25+00:00\" \/>\n<meta property=\"og:image\" content=\"https:\/\/www.wirbelwirrwarr.de\/wp-content\/uploads\/2023\/08\/pexels-valentin-angel-fernandez-145537662.jpg\" \/>\n\t<meta property=\"og:image:width\" content=\"2160\" \/>\n\t<meta property=\"og:image:height\" content=\"1619\" \/>\n\t<meta property=\"og:image:type\" content=\"image\/jpeg\" \/>\n<meta name=\"twitter:card\" content=\"summary_large_image\" \/>\n<meta name=\"twitter:label1\" content=\"Gesch\u00e4tzte Lesezeit\" \/>\n\t<meta name=\"twitter:data1\" content=\"3\u00a0Minuten\" \/>\n<script type=\"application\/ld+json\" class=\"yoast-schema-graph\">{\"@context\":\"https:\/\/schema.org\",\"@graph\":[{\"@type\":\"WebPage\",\"@id\":\"https:\/\/www.wirbelwirrwarr.de\/index.php\/mythen\/\",\"url\":\"https:\/\/www.wirbelwirrwarr.de\/index.php\/mythen\/\",\"name\":\"Mythen - wirbelwirrwarr\",\"isPartOf\":{\"@id\":\"https:\/\/www.wirbelwirrwarr.de\/#website\"},\"datePublished\":\"2023-08-20T18:04:10+00:00\",\"dateModified\":\"2023-09-23T13:48:25+00:00\",\"description\":\"Auch wenn instabile Kopfgelenke (CCI\/AAI) kaum bekannt sind, ranken sich hartn\u00e4ckige Mythen darum. Weg damit!\",\"breadcrumb\":{\"@id\":\"https:\/\/www.wirbelwirrwarr.de\/index.php\/mythen\/#breadcrumb\"},\"inLanguage\":\"de\",\"potentialAction\":[{\"@type\":\"ReadAction\",\"target\":[\"https:\/\/www.wirbelwirrwarr.de\/index.php\/mythen\/\"]}]},{\"@type\":\"BreadcrumbList\",\"@id\":\"https:\/\/www.wirbelwirrwarr.de\/index.php\/mythen\/#breadcrumb\",\"itemListElement\":[{\"@type\":\"ListItem\",\"position\":1,\"name\":\"Startseite\",\"item\":\"https:\/\/www.wirbelwirrwarr.de\/\"},{\"@type\":\"ListItem\",\"position\":2,\"name\":\"Mythen\"}]},{\"@type\":\"WebSite\",\"@id\":\"https:\/\/www.wirbelwirrwarr.de\/#website\",\"url\":\"https:\/\/www.wirbelwirrwarr.de\/\",\"name\":\"wirbelwirrwarr\",\"description\":\"Wie eine unsichtbare Krankheit mein Leben bunt macht\",\"publisher\":{\"@id\":\"https:\/\/www.wirbelwirrwarr.de\/#organization\"},\"potentialAction\":[{\"@type\":\"SearchAction\",\"target\":{\"@type\":\"EntryPoint\",\"urlTemplate\":\"https:\/\/www.wirbelwirrwarr.de\/?s={search_term_string}\"},\"query-input\":\"required name=search_term_string\"}],\"inLanguage\":\"de\"},{\"@type\":\"Organization\",\"@id\":\"https:\/\/www.wirbelwirrwarr.de\/#organization\",\"name\":\"wirbelwirrwarr\",\"url\":\"https:\/\/www.wirbelwirrwarr.de\/\",\"logo\":{\"@type\":\"ImageObject\",\"inLanguage\":\"de\",\"@id\":\"https:\/\/www.wirbelwirrwarr.de\/#\/schema\/logo\/image\/\",\"url\":\"https:\/\/www.wirbelwirrwarr.de\/wp-content\/uploads\/2023\/02\/logoatlas9.svg\",\"contentUrl\":\"https:\/\/www.wirbelwirrwarr.de\/wp-content\/uploads\/2023\/02\/logoatlas9.svg\",\"caption\":\"wirbelwirrwarr\"},\"image\":{\"@id\":\"https:\/\/www.wirbelwirrwarr.de\/#\/schema\/logo\/image\/\"}}]}<\/script>\n<!-- \/ Yoast SEO plugin. -->","yoast_head_json":{"title":"Mythen - wirbelwirrwarr","description":"Auch wenn instabile Kopfgelenke (CCI\/AAI) kaum bekannt sind, ranken sich hartn\u00e4ckige Mythen darum. Weg damit!","robots":{"index":"index","follow":"follow","max-snippet":"max-snippet:-1","max-image-preview":"max-image-preview:large","max-video-preview":"max-video-preview:-1"},"canonical":"https:\/\/www.wirbelwirrwarr.de\/index.php\/mythen\/","og_locale":"de_DE","og_type":"article","og_title":"Mythen - wirbelwirrwarr","og_description":"Auch wenn instabile Kopfgelenke (CCI\/AAI) kaum bekannt sind, ranken sich hartn\u00e4ckige Mythen darum. Weg damit!","og_url":"https:\/\/www.wirbelwirrwarr.de\/index.php\/mythen\/","og_site_name":"wirbelwirrwarr","article_modified_time":"2023-09-23T13:48:25+00:00","og_image":[{"width":2160,"height":1619,"url":"https:\/\/www.wirbelwirrwarr.de\/wp-content\/uploads\/2023\/08\/pexels-valentin-angel-fernandez-145537662.jpg","type":"image\/jpeg"}],"twitter_card":"summary_large_image","twitter_misc":{"Gesch\u00e4tzte Lesezeit":"3\u00a0Minuten"},"schema":{"@context":"https:\/\/schema.org","@graph":[{"@type":"WebPage","@id":"https:\/\/www.wirbelwirrwarr.de\/index.php\/mythen\/","url":"https:\/\/www.wirbelwirrwarr.de\/index.php\/mythen\/","name":"Mythen - wirbelwirrwarr","isPartOf":{"@id":"https:\/\/www.wirbelwirrwarr.de\/#website"},"datePublished":"2023-08-20T18:04:10+00:00","dateModified":"2023-09-23T13:48:25+00:00","description":"Auch wenn instabile Kopfgelenke (CCI\/AAI) kaum bekannt sind, ranken sich hartn\u00e4ckige Mythen darum. Weg damit!","breadcrumb":{"@id":"https:\/\/www.wirbelwirrwarr.de\/index.php\/mythen\/#breadcrumb"},"inLanguage":"de","potentialAction":[{"@type":"ReadAction","target":["https:\/\/www.wirbelwirrwarr.de\/index.php\/mythen\/"]}]},{"@type":"BreadcrumbList","@id":"https:\/\/www.wirbelwirrwarr.de\/index.php\/mythen\/#breadcrumb","itemListElement":[{"@type":"ListItem","position":1,"name":"Startseite","item":"https:\/\/www.wirbelwirrwarr.de\/"},{"@type":"ListItem","position":2,"name":"Mythen"}]},{"@type":"WebSite","@id":"https:\/\/www.wirbelwirrwarr.de\/#website","url":"https:\/\/www.wirbelwirrwarr.de\/","name":"wirbelwirrwarr","description":"Wie eine unsichtbare Krankheit mein Leben bunt macht","publisher":{"@id":"https:\/\/www.wirbelwirrwarr.de\/#organization"},"potentialAction":[{"@type":"SearchAction","target":{"@type":"EntryPoint","urlTemplate":"https:\/\/www.wirbelwirrwarr.de\/?s={search_term_string}"},"query-input":"required name=search_term_string"}],"inLanguage":"de"},{"@type":"Organization","@id":"https:\/\/www.wirbelwirrwarr.de\/#organization","name":"wirbelwirrwarr","url":"https:\/\/www.wirbelwirrwarr.de\/","logo":{"@type":"ImageObject","inLanguage":"de","@id":"https:\/\/www.wirbelwirrwarr.de\/#\/schema\/logo\/image\/","url":"https:\/\/www.wirbelwirrwarr.de\/wp-content\/uploads\/2023\/02\/logoatlas9.svg","contentUrl":"https:\/\/www.wirbelwirrwarr.de\/wp-content\/uploads\/2023\/02\/logoatlas9.svg","caption":"wirbelwirrwarr"},"image":{"@id":"https:\/\/www.wirbelwirrwarr.de\/#\/schema\/logo\/image\/"}}]}},"_links":{"self":[{"href":"https:\/\/www.wirbelwirrwarr.de\/index.php\/wp-json\/wp\/v2\/pages\/14035"}],"collection":[{"href":"https:\/\/www.wirbelwirrwarr.de\/index.php\/wp-json\/wp\/v2\/pages"}],"about":[{"href":"https:\/\/www.wirbelwirrwarr.de\/index.php\/wp-json\/wp\/v2\/types\/page"}],"author":[{"embeddable":true,"href":"https:\/\/www.wirbelwirrwarr.de\/index.php\/wp-json\/wp\/v2\/users\/1"}],"replies":[{"embeddable":true,"href":"https:\/\/www.wirbelwirrwarr.de\/index.php\/wp-json\/wp\/v2\/comments?post=14035"}],"version-history":[{"count":12,"href":"https:\/\/www.wirbelwirrwarr.de\/index.php\/wp-json\/wp\/v2\/pages\/14035\/revisions"}],"predecessor-version":[{"id":14619,"href":"https:\/\/www.wirbelwirrwarr.de\/index.php\/wp-json\/wp\/v2\/pages\/14035\/revisions\/14619"}],"wp:featuredmedia":[{"embeddable":true,"href":"https:\/\/www.wirbelwirrwarr.de\/index.php\/wp-json\/wp\/v2\/media\/14049"}],"wp:attachment":[{"href":"https:\/\/www.wirbelwirrwarr.de\/index.php\/wp-json\/wp\/v2\/media?parent=14035"}],"curies":[{"name":"wp","href":"https:\/\/api.w.org\/{rel}","templated":true}]}}