{"id":13531,"date":"2023-05-17T07:43:15","date_gmt":"2023-05-17T05:43:15","guid":{"rendered":"https:\/\/www.wirbelwirrwarr.de\/?page_id=13531"},"modified":"2023-05-17T07:46:17","modified_gmt":"2023-05-17T05:46:17","slug":"otoneurologische-untersuchungen","status":"publish","type":"page","link":"https:\/\/www.wirbelwirrwarr.de\/index.php\/otoneurologische-untersuchungen\/","title":{"rendered":"Otoneurologische Untersuchungen"},"content":{"rendered":"\n<p>Eine otoneurologische Untersuchung ist eine medizinische Untersuchung, die sich auf das Geh\u00f6r- und Gleichgewichtssystem konzentriert. Sie wird verwendet, um verschiedene St\u00f6rungen und Erkrankungen des Innenohrs und des vestibul\u00e4ren Systems zu diagnostizieren und zu bewerten.<\/p>\n\n\n\n<p>Bei einer otoneurologischen Untersuchung f\u00fchrt der Arzt oder Audiologe verschiedene Tests durch, um Informationen \u00fcber das H\u00f6rverm\u00f6gen und das Gleichgewicht des Patienten zu erhalten. Dazu geh\u00f6ren H\u00f6rtests, bei denen die Empfindlichkeit des Geh\u00f6rs in verschiedenen Frequenzen gemessen wird. Es k\u00f6nnen auch Tests zur \u00dcberpr\u00fcfung der Funktion des Gleichgewichtssystems durchgef\u00fchrt werden, wie zum Beispiel die Kalorische Pr\u00fcfung, bei der warmes oder kaltes Wasser in den Geh\u00f6rgang eingef\u00fchrt wird, um Reaktionen des vestibul\u00e4ren Systems zu provozieren.<\/p>\n\n\n\n<p>Dar\u00fcber hinaus k\u00f6nnen weitere spezifische Tests durchgef\u00fchrt werden, um bestimmte St\u00f6rungen wie Schwindel, Tinnitus oder H\u00f6rverlust weiter zu untersuchen. Dazu geh\u00f6ren zum Beispiel die videonystagmografische Untersuchung, bei der Augenbewegungen w\u00e4hrend bestimmter Bewegungen des Kopfes analysiert werden, oder die otoakustischen Emissionen, bei denen die Reaktionen der Innenohrzellen auf Ger\u00e4usche gemessen werden.<\/p>\n\n\n\n<p>Kuklinski (2008) empfiehlt:<\/p>\n\n\n\n<ul>\n<li>fr\u00fche und sp\u00e4te akustische evozierte Potentiale (P300 Latenz wichtig)<\/li>\n\n\n\n<li>visuell evozierte Potentiale<\/li>\n\n\n\n<li>otoakustische Emissionen<\/li>\n\n\n\n<li>Corpocraniografie, Zervikalnystagmus etc.<\/li>\n<\/ul>\n\n\n\n<hr class=\"wp-block-separator has-alpha-channel-opacity\"\/>\n\n\n\n<p><em>Kuklinski, B. (2008). Nitrosativer Stress &#8211; Teil 1. OM &amp; Ern\u00e4hrung. 124, 2-19. <\/em><\/p>\n","protected":false},"excerpt":{"rendered":"<p>Eine otoneurologische Untersuchung ist eine medizinische Untersuchung, die sich auf das Geh\u00f6r- und Gleichgewichtssystem konzentriert. Sie wird verwendet, um verschiedene St\u00f6rungen und Erkrankungen des Innenohrs und des vestibul\u00e4ren Systems zu diagnostizieren und zu bewerten. Bei einer otoneurologischen Untersuchung f\u00fchrt der Arzt oder Audiologe verschiedene Tests durch, um Informationen \u00fcber das H\u00f6rverm\u00f6gen und das Gleichgewicht des Patienten zu erhalten. Dazu geh\u00f6ren H\u00f6rtests, bei denen die Empfindlichkeit des Geh\u00f6rs in verschiedenen Frequenzen gemessen wird. Es k\u00f6nnen auch Tests zur \u00dcberpr\u00fcfung der Funktion des Gleichgewichtssystems durchgef\u00fchrt werden, wie zum Beispiel die Kalorische Pr\u00fcfung, bei der warmes oder kaltes Wasser in den Geh\u00f6rgang [&hellip;]<\/p>\n","protected":false},"author":1,"featured_media":0,"parent":0,"menu_order":0,"comment_status":"closed","ping_status":"closed","template":"","meta":{"inline_featured_image":false,"footnotes":""},"yoast_head":"<!-- This site is optimized with the Yoast SEO plugin v21.8 - https:\/\/yoast.com\/wordpress\/plugins\/seo\/ -->\n<title>Otoneurologische Untersuchungen - wirbelwirrwarr<\/title>\n<meta name=\"description\" content=\"Eine otoneurologische Untersuchung ist eine medizinische Untersuchung, die sich auf das Geh\u00f6r- und Gleichgewichtssystem konzentriert.\" \/>\n<meta name=\"robots\" content=\"index, follow, max-snippet:-1, max-image-preview:large, max-video-preview:-1\" \/>\n<link rel=\"canonical\" href=\"https:\/\/www.wirbelwirrwarr.de\/index.php\/otoneurologische-untersuchungen\/\" \/>\n<meta property=\"og:locale\" content=\"de_DE\" \/>\n<meta property=\"og:type\" content=\"article\" \/>\n<meta property=\"og:title\" content=\"Otoneurologische Untersuchungen - wirbelwirrwarr\" \/>\n<meta property=\"og:description\" content=\"Eine otoneurologische Untersuchung ist eine medizinische Untersuchung, die sich auf das Geh\u00f6r- und Gleichgewichtssystem konzentriert.\" \/>\n<meta property=\"og:url\" content=\"https:\/\/www.wirbelwirrwarr.de\/index.php\/otoneurologische-untersuchungen\/\" \/>\n<meta property=\"og:site_name\" content=\"wirbelwirrwarr\" \/>\n<meta property=\"article:modified_time\" content=\"2023-05-17T05:46:17+00:00\" \/>\n<meta name=\"twitter:card\" content=\"summary_large_image\" \/>\n<meta name=\"twitter:label1\" content=\"Gesch\u00e4tzte Lesezeit\" \/>\n\t<meta name=\"twitter:data1\" content=\"1\u00a0Minute\" \/>\n<script type=\"application\/ld+json\" class=\"yoast-schema-graph\">{\"@context\":\"https:\/\/schema.org\",\"@graph\":[{\"@type\":\"WebPage\",\"@id\":\"https:\/\/www.wirbelwirrwarr.de\/index.php\/otoneurologische-untersuchungen\/\",\"url\":\"https:\/\/www.wirbelwirrwarr.de\/index.php\/otoneurologische-untersuchungen\/\",\"name\":\"Otoneurologische Untersuchungen - wirbelwirrwarr\",\"isPartOf\":{\"@id\":\"https:\/\/www.wirbelwirrwarr.de\/#website\"},\"datePublished\":\"2023-05-17T05:43:15+00:00\",\"dateModified\":\"2023-05-17T05:46:17+00:00\",\"description\":\"Eine otoneurologische Untersuchung ist eine medizinische Untersuchung, die sich auf das Geh\u00f6r- und Gleichgewichtssystem konzentriert.\",\"breadcrumb\":{\"@id\":\"https:\/\/www.wirbelwirrwarr.de\/index.php\/otoneurologische-untersuchungen\/#breadcrumb\"},\"inLanguage\":\"de\",\"potentialAction\":[{\"@type\":\"ReadAction\",\"target\":[\"https:\/\/www.wirbelwirrwarr.de\/index.php\/otoneurologische-untersuchungen\/\"]}]},{\"@type\":\"BreadcrumbList\",\"@id\":\"https:\/\/www.wirbelwirrwarr.de\/index.php\/otoneurologische-untersuchungen\/#breadcrumb\",\"itemListElement\":[{\"@type\":\"ListItem\",\"position\":1,\"name\":\"Startseite\",\"item\":\"https:\/\/www.wirbelwirrwarr.de\/\"},{\"@type\":\"ListItem\",\"position\":2,\"name\":\"Otoneurologische Untersuchungen\"}]},{\"@type\":\"WebSite\",\"@id\":\"https:\/\/www.wirbelwirrwarr.de\/#website\",\"url\":\"https:\/\/www.wirbelwirrwarr.de\/\",\"name\":\"wirbelwirrwarr\",\"description\":\"Wie eine unsichtbare Krankheit mein Leben bunt macht\",\"publisher\":{\"@id\":\"https:\/\/www.wirbelwirrwarr.de\/#organization\"},\"potentialAction\":[{\"@type\":\"SearchAction\",\"target\":{\"@type\":\"EntryPoint\",\"urlTemplate\":\"https:\/\/www.wirbelwirrwarr.de\/?s={search_term_string}\"},\"query-input\":\"required name=search_term_string\"}],\"inLanguage\":\"de\"},{\"@type\":\"Organization\",\"@id\":\"https:\/\/www.wirbelwirrwarr.de\/#organization\",\"name\":\"wirbelwirrwarr\",\"url\":\"https:\/\/www.wirbelwirrwarr.de\/\",\"logo\":{\"@type\":\"ImageObject\",\"inLanguage\":\"de\",\"@id\":\"https:\/\/www.wirbelwirrwarr.de\/#\/schema\/logo\/image\/\",\"url\":\"https:\/\/www.wirbelwirrwarr.de\/wp-content\/uploads\/2023\/02\/logoatlas9.svg\",\"contentUrl\":\"https:\/\/www.wirbelwirrwarr.de\/wp-content\/uploads\/2023\/02\/logoatlas9.svg\",\"caption\":\"wirbelwirrwarr\"},\"image\":{\"@id\":\"https:\/\/www.wirbelwirrwarr.de\/#\/schema\/logo\/image\/\"}}]}<\/script>\n<!-- \/ Yoast SEO plugin. -->","yoast_head_json":{"title":"Otoneurologische Untersuchungen - wirbelwirrwarr","description":"Eine otoneurologische Untersuchung ist eine medizinische Untersuchung, die sich auf das Geh\u00f6r- und Gleichgewichtssystem konzentriert.","robots":{"index":"index","follow":"follow","max-snippet":"max-snippet:-1","max-image-preview":"max-image-preview:large","max-video-preview":"max-video-preview:-1"},"canonical":"https:\/\/www.wirbelwirrwarr.de\/index.php\/otoneurologische-untersuchungen\/","og_locale":"de_DE","og_type":"article","og_title":"Otoneurologische Untersuchungen - wirbelwirrwarr","og_description":"Eine otoneurologische Untersuchung ist eine medizinische Untersuchung, die sich auf das Geh\u00f6r- und Gleichgewichtssystem konzentriert.","og_url":"https:\/\/www.wirbelwirrwarr.de\/index.php\/otoneurologische-untersuchungen\/","og_site_name":"wirbelwirrwarr","article_modified_time":"2023-05-17T05:46:17+00:00","twitter_card":"summary_large_image","twitter_misc":{"Gesch\u00e4tzte Lesezeit":"1\u00a0Minute"},"schema":{"@context":"https:\/\/schema.org","@graph":[{"@type":"WebPage","@id":"https:\/\/www.wirbelwirrwarr.de\/index.php\/otoneurologische-untersuchungen\/","url":"https:\/\/www.wirbelwirrwarr.de\/index.php\/otoneurologische-untersuchungen\/","name":"Otoneurologische Untersuchungen - wirbelwirrwarr","isPartOf":{"@id":"https:\/\/www.wirbelwirrwarr.de\/#website"},"datePublished":"2023-05-17T05:43:15+00:00","dateModified":"2023-05-17T05:46:17+00:00","description":"Eine otoneurologische Untersuchung ist eine medizinische Untersuchung, die sich auf das Geh\u00f6r- und Gleichgewichtssystem konzentriert.","breadcrumb":{"@id":"https:\/\/www.wirbelwirrwarr.de\/index.php\/otoneurologische-untersuchungen\/#breadcrumb"},"inLanguage":"de","potentialAction":[{"@type":"ReadAction","target":["https:\/\/www.wirbelwirrwarr.de\/index.php\/otoneurologische-untersuchungen\/"]}]},{"@type":"BreadcrumbList","@id":"https:\/\/www.wirbelwirrwarr.de\/index.php\/otoneurologische-untersuchungen\/#breadcrumb","itemListElement":[{"@type":"ListItem","position":1,"name":"Startseite","item":"https:\/\/www.wirbelwirrwarr.de\/"},{"@type":"ListItem","position":2,"name":"Otoneurologische Untersuchungen"}]},{"@type":"WebSite","@id":"https:\/\/www.wirbelwirrwarr.de\/#website","url":"https:\/\/www.wirbelwirrwarr.de\/","name":"wirbelwirrwarr","description":"Wie eine unsichtbare Krankheit mein Leben bunt macht","publisher":{"@id":"https:\/\/www.wirbelwirrwarr.de\/#organization"},"potentialAction":[{"@type":"SearchAction","target":{"@type":"EntryPoint","urlTemplate":"https:\/\/www.wirbelwirrwarr.de\/?s={search_term_string}"},"query-input":"required name=search_term_string"}],"inLanguage":"de"},{"@type":"Organization","@id":"https:\/\/www.wirbelwirrwarr.de\/#organization","name":"wirbelwirrwarr","url":"https:\/\/www.wirbelwirrwarr.de\/","logo":{"@type":"ImageObject","inLanguage":"de","@id":"https:\/\/www.wirbelwirrwarr.de\/#\/schema\/logo\/image\/","url":"https:\/\/www.wirbelwirrwarr.de\/wp-content\/uploads\/2023\/02\/logoatlas9.svg","contentUrl":"https:\/\/www.wirbelwirrwarr.de\/wp-content\/uploads\/2023\/02\/logoatlas9.svg","caption":"wirbelwirrwarr"},"image":{"@id":"https:\/\/www.wirbelwirrwarr.de\/#\/schema\/logo\/image\/"}}]}},"_links":{"self":[{"href":"https:\/\/www.wirbelwirrwarr.de\/index.php\/wp-json\/wp\/v2\/pages\/13531"}],"collection":[{"href":"https:\/\/www.wirbelwirrwarr.de\/index.php\/wp-json\/wp\/v2\/pages"}],"about":[{"href":"https:\/\/www.wirbelwirrwarr.de\/index.php\/wp-json\/wp\/v2\/types\/page"}],"author":[{"embeddable":true,"href":"https:\/\/www.wirbelwirrwarr.de\/index.php\/wp-json\/wp\/v2\/users\/1"}],"replies":[{"embeddable":true,"href":"https:\/\/www.wirbelwirrwarr.de\/index.php\/wp-json\/wp\/v2\/comments?post=13531"}],"version-history":[{"count":2,"href":"https:\/\/www.wirbelwirrwarr.de\/index.php\/wp-json\/wp\/v2\/pages\/13531\/revisions"}],"predecessor-version":[{"id":13534,"href":"https:\/\/www.wirbelwirrwarr.de\/index.php\/wp-json\/wp\/v2\/pages\/13531\/revisions\/13534"}],"wp:attachment":[{"href":"https:\/\/www.wirbelwirrwarr.de\/index.php\/wp-json\/wp\/v2\/media?parent=13531"}],"curies":[{"name":"wp","href":"https:\/\/api.w.org\/{rel}","templated":true}]}}