{"id":12907,"date":"2023-03-13T09:03:35","date_gmt":"2023-03-13T08:03:35","guid":{"rendered":"https:\/\/www.wirbelwirrwarr.de\/?page_id=12907"},"modified":"2024-08-11T11:58:11","modified_gmt":"2024-08-11T09:58:11","slug":"mitochondriopathie","status":"publish","type":"page","link":"https:\/\/www.wirbelwirrwarr.de\/index.php\/mitochondriopathie\/","title":{"rendered":"Mitochondriopathie"},"content":{"rendered":"\n<p>In der Fr\u00fchzeit der Erde gab es nur wenig Sauerstoff. Der Planet wurde von einzelligen<br>Organismen beherrscht, f\u00fcr die dieses Gas giftig war. Als blaugr\u00fcne Algen sich in den Meeren ausbreiteten, gerieten diese Einzeller in Bedr\u00e4ngnis &#8211; denn nach und nach stieg der Sauerstoffgehalt in der Atmosph\u00e4re an. Um zu \u00fcberleben, mussten sie neue Formen des Stoffwechsels entwickeln.<\/p>\n\n\n\n<p>Die Endosymbiontentheorie&nbsp;besagt, dass Mitochondrien urspr\u00fcnglich aerobe (sauerstoffatmende) Bakterien waren. Mit der Zeit wurden diese Teil des Zellstoffwechsels anaerober Organismen, die dadurch in der Sauerstoffatmosph\u00e4re \u00fcberleben konnten. Den Mitochondrien wiederum brachte diese Symbiose N\u00e4hrstoffe ein, deren Sicherstellung sie wiederum durch das Bereitstellen von Energie (ATP) erreichten.<\/p>\n\n\n\n<p><strong>Gut zu wissen: Beim Menschen stammen alle Mitochondrien eines Kindes aus der Eizelle der Mutter &#8211; denn die Energiekraftwerke des Spermiums befinden sich in dessen &#8222;Hals&#8220;, und der nimmt nicht an der Verschmelzung von Ei- und Samenzelle teil. <\/strong><\/p>\n\n\n\n<p>Diese evolution\u00e4r tief verwurzelte Symbiose macht Mitochondrien zu zentralen Organellen in den Zellen aller komplexen Lebewesen. Ihre Aufgabe, Energie in Form von ATP zu produzieren, ist essenziell f\u00fcr nahezu alle zellul\u00e4ren Prozesse. Doch genau diese fundamentale Rolle macht Mitochondrien auch zu einem potenziellen Schwachpunkt: Wenn sie nicht richtig funktionieren, k\u00f6nnen vielf\u00e4ltige gesundheitliche Probleme entstehen, die als Mitochondriopathien bekannt sind.<\/p>\n\n\n\n<p>Mitochondriopathien sind eine Gruppe von Krankheiten, die durch St\u00f6rungen in der Funktion der Mitochondrien verursacht werden. Diese Krankheiten k\u00f6nnen sich auf verschiedene Organe auswirken, besonders auf solche mit hohem Energiebedarf, wie das Gehirn, die Muskeln und das Herz. Die Symptome sind oft unspezifisch und k\u00f6nnen von Muskelkr\u00e4mpfen und -schw\u00e4che \u00fcber neurologische St\u00f6rungen bis hin zu Herzrhythmusst\u00f6rungen reichen. Da Mitochondrien in fast jeder Zelle des K\u00f6rpers vorkommen, k\u00f6nnen Mitochondriopathien weitreichende und oft schwerwiegende Auswirkungen haben.<\/p>\n\n\n\n<p>Eine der Herausforderungen bei der Diagnose von Mitochondriopathien liegt darin, dass die Symptome so vielf\u00e4ltig und oft subtil sind. Oft dauert es Jahre, bis eine genaue Diagnose gestellt wird, und selbst dann ist es sehr herausfordernd, die richtigen Behandlungsm\u00f6glichkeiten von denen zu unterscheiden, die noch mehr Schaden anrichten. Schaut mal <a href=\"https:\/\/www.youtube.com\/watch?v=SYizC2trwY4&amp;t=3495s\" target=\"_blank\" rel=\"noreferrer noopener\">hier<\/a>, bei Dr. Kuklinski vorbei, DEM Experten f\u00fcr Mitomedizin, <a href=\"https:\/\/www.naehrstoff-akademie.com\/de\/angewandte-ernaehrungsmedizin\/interview-mit-dr-kuklinski.php\" target=\"_blank\" rel=\"noreferrer noopener\">der ganz klar sagt<\/a>: &#8222;<strong>Die Widerstandskr\u00e4fte eines menschlichen K\u00f6rpers sind sehr, sehr gro\u00df, voraus\u00adgesetzt er bekommt was er ben\u00f6tigt.<\/strong>&#8222;<\/p>\n\n\n\n<p><\/p>\n","protected":false},"excerpt":{"rendered":"<p>In der Fr\u00fchzeit der Erde gab es nur wenig Sauerstoff. Der Planet wurde von einzelligenOrganismen beherrscht, f\u00fcr die dieses Gas giftig war. Als blaugr\u00fcne Algen sich in den Meeren ausbreiteten, gerieten diese Einzeller in Bedr\u00e4ngnis &#8211; denn nach und nach stieg der Sauerstoffgehalt in der Atmosph\u00e4re an. Um zu \u00fcberleben, mussten sie neue Formen des Stoffwechsels entwickeln. Die Endosymbiontentheorie&nbsp;besagt, dass Mitochondrien urspr\u00fcnglich aerobe (sauerstoffatmende) Bakterien waren. Mit der Zeit wurden diese Teil des Zellstoffwechsels anaerober Organismen, die dadurch in der Sauerstoffatmosph\u00e4re \u00fcberleben konnten. Den Mitochondrien wiederum brachte diese Symbiose N\u00e4hrstoffe ein, deren Sicherstellung sie wiederum durch das Bereitstellen von [&hellip;]<\/p>\n","protected":false},"author":1,"featured_media":15587,"parent":0,"menu_order":0,"comment_status":"closed","ping_status":"closed","template":"","meta":{"inline_featured_image":false,"footnotes":""},"yoast_head":"<!-- This site is optimized with the Yoast SEO plugin v21.8 - https:\/\/yoast.com\/wordpress\/plugins\/seo\/ -->\n<title>Mitochondriopathie - wirbelwirrwarr<\/title>\n<meta name=\"robots\" content=\"index, follow, max-snippet:-1, max-image-preview:large, max-video-preview:-1\" \/>\n<link rel=\"canonical\" href=\"https:\/\/www.wirbelwirrwarr.de\/index.php\/mitochondriopathie\/\" \/>\n<meta property=\"og:locale\" content=\"de_DE\" \/>\n<meta property=\"og:type\" content=\"article\" \/>\n<meta property=\"og:title\" content=\"Mitochondriopathie - wirbelwirrwarr\" \/>\n<meta property=\"og:description\" content=\"In der Fr\u00fchzeit der Erde gab es nur wenig Sauerstoff. Der Planet wurde von einzelligenOrganismen beherrscht, f\u00fcr die dieses Gas giftig war. Als blaugr\u00fcne Algen sich in den Meeren ausbreiteten, gerieten diese Einzeller in Bedr\u00e4ngnis &#8211; denn nach und nach stieg der Sauerstoffgehalt in der Atmosph\u00e4re an. Um zu \u00fcberleben, mussten sie neue Formen des Stoffwechsels entwickeln. Die Endosymbiontentheorie&nbsp;besagt, dass Mitochondrien urspr\u00fcnglich aerobe (sauerstoffatmende) Bakterien waren. Mit der Zeit wurden diese Teil des Zellstoffwechsels anaerober Organismen, die dadurch in der Sauerstoffatmosph\u00e4re \u00fcberleben konnten. Den Mitochondrien wiederum brachte diese Symbiose N\u00e4hrstoffe ein, deren Sicherstellung sie wiederum durch das Bereitstellen von [&hellip;]\" \/>\n<meta property=\"og:url\" content=\"https:\/\/www.wirbelwirrwarr.de\/index.php\/mitochondriopathie\/\" \/>\n<meta property=\"og:site_name\" content=\"wirbelwirrwarr\" \/>\n<meta property=\"article:modified_time\" content=\"2024-08-11T09:58:11+00:00\" \/>\n<meta property=\"og:image\" content=\"https:\/\/www.wirbelwirrwarr.de\/wp-content\/uploads\/2024\/03\/mitotraurig.png\" \/>\n\t<meta property=\"og:image:width\" content=\"1200\" \/>\n\t<meta property=\"og:image:height\" content=\"900\" \/>\n\t<meta property=\"og:image:type\" content=\"image\/png\" \/>\n<meta name=\"twitter:card\" content=\"summary_large_image\" \/>\n<meta name=\"twitter:label1\" content=\"Gesch\u00e4tzte Lesezeit\" \/>\n\t<meta name=\"twitter:data1\" content=\"3\u00a0Minuten\" \/>\n<script type=\"application\/ld+json\" class=\"yoast-schema-graph\">{\"@context\":\"https:\/\/schema.org\",\"@graph\":[{\"@type\":\"WebPage\",\"@id\":\"https:\/\/www.wirbelwirrwarr.de\/index.php\/mitochondriopathie\/\",\"url\":\"https:\/\/www.wirbelwirrwarr.de\/index.php\/mitochondriopathie\/\",\"name\":\"Mitochondriopathie - wirbelwirrwarr\",\"isPartOf\":{\"@id\":\"https:\/\/www.wirbelwirrwarr.de\/#website\"},\"datePublished\":\"2023-03-13T08:03:35+00:00\",\"dateModified\":\"2024-08-11T09:58:11+00:00\",\"breadcrumb\":{\"@id\":\"https:\/\/www.wirbelwirrwarr.de\/index.php\/mitochondriopathie\/#breadcrumb\"},\"inLanguage\":\"de\",\"potentialAction\":[{\"@type\":\"ReadAction\",\"target\":[\"https:\/\/www.wirbelwirrwarr.de\/index.php\/mitochondriopathie\/\"]}]},{\"@type\":\"BreadcrumbList\",\"@id\":\"https:\/\/www.wirbelwirrwarr.de\/index.php\/mitochondriopathie\/#breadcrumb\",\"itemListElement\":[{\"@type\":\"ListItem\",\"position\":1,\"name\":\"Startseite\",\"item\":\"https:\/\/www.wirbelwirrwarr.de\/\"},{\"@type\":\"ListItem\",\"position\":2,\"name\":\"Mitochondriopathie\"}]},{\"@type\":\"WebSite\",\"@id\":\"https:\/\/www.wirbelwirrwarr.de\/#website\",\"url\":\"https:\/\/www.wirbelwirrwarr.de\/\",\"name\":\"wirbelwirrwarr\",\"description\":\"Wie eine unsichtbare Krankheit mein Leben bunt macht\",\"publisher\":{\"@id\":\"https:\/\/www.wirbelwirrwarr.de\/#organization\"},\"potentialAction\":[{\"@type\":\"SearchAction\",\"target\":{\"@type\":\"EntryPoint\",\"urlTemplate\":\"https:\/\/www.wirbelwirrwarr.de\/?s={search_term_string}\"},\"query-input\":\"required name=search_term_string\"}],\"inLanguage\":\"de\"},{\"@type\":\"Organization\",\"@id\":\"https:\/\/www.wirbelwirrwarr.de\/#organization\",\"name\":\"wirbelwirrwarr\",\"url\":\"https:\/\/www.wirbelwirrwarr.de\/\",\"logo\":{\"@type\":\"ImageObject\",\"inLanguage\":\"de\",\"@id\":\"https:\/\/www.wirbelwirrwarr.de\/#\/schema\/logo\/image\/\",\"url\":\"https:\/\/www.wirbelwirrwarr.de\/wp-content\/uploads\/2023\/02\/logoatlas9.svg\",\"contentUrl\":\"https:\/\/www.wirbelwirrwarr.de\/wp-content\/uploads\/2023\/02\/logoatlas9.svg\",\"caption\":\"wirbelwirrwarr\"},\"image\":{\"@id\":\"https:\/\/www.wirbelwirrwarr.de\/#\/schema\/logo\/image\/\"}}]}<\/script>\n<!-- \/ Yoast SEO plugin. -->","yoast_head_json":{"title":"Mitochondriopathie - wirbelwirrwarr","robots":{"index":"index","follow":"follow","max-snippet":"max-snippet:-1","max-image-preview":"max-image-preview:large","max-video-preview":"max-video-preview:-1"},"canonical":"https:\/\/www.wirbelwirrwarr.de\/index.php\/mitochondriopathie\/","og_locale":"de_DE","og_type":"article","og_title":"Mitochondriopathie - wirbelwirrwarr","og_description":"In der Fr\u00fchzeit der Erde gab es nur wenig Sauerstoff. Der Planet wurde von einzelligenOrganismen beherrscht, f\u00fcr die dieses Gas giftig war. Als blaugr\u00fcne Algen sich in den Meeren ausbreiteten, gerieten diese Einzeller in Bedr\u00e4ngnis &#8211; denn nach und nach stieg der Sauerstoffgehalt in der Atmosph\u00e4re an. Um zu \u00fcberleben, mussten sie neue Formen des Stoffwechsels entwickeln. Die Endosymbiontentheorie&nbsp;besagt, dass Mitochondrien urspr\u00fcnglich aerobe (sauerstoffatmende) Bakterien waren. Mit der Zeit wurden diese Teil des Zellstoffwechsels anaerober Organismen, die dadurch in der Sauerstoffatmosph\u00e4re \u00fcberleben konnten. Den Mitochondrien wiederum brachte diese Symbiose N\u00e4hrstoffe ein, deren Sicherstellung sie wiederum durch das Bereitstellen von [&hellip;]","og_url":"https:\/\/www.wirbelwirrwarr.de\/index.php\/mitochondriopathie\/","og_site_name":"wirbelwirrwarr","article_modified_time":"2024-08-11T09:58:11+00:00","og_image":[{"width":1200,"height":900,"url":"https:\/\/www.wirbelwirrwarr.de\/wp-content\/uploads\/2024\/03\/mitotraurig.png","type":"image\/png"}],"twitter_card":"summary_large_image","twitter_misc":{"Gesch\u00e4tzte Lesezeit":"3\u00a0Minuten"},"schema":{"@context":"https:\/\/schema.org","@graph":[{"@type":"WebPage","@id":"https:\/\/www.wirbelwirrwarr.de\/index.php\/mitochondriopathie\/","url":"https:\/\/www.wirbelwirrwarr.de\/index.php\/mitochondriopathie\/","name":"Mitochondriopathie - wirbelwirrwarr","isPartOf":{"@id":"https:\/\/www.wirbelwirrwarr.de\/#website"},"datePublished":"2023-03-13T08:03:35+00:00","dateModified":"2024-08-11T09:58:11+00:00","breadcrumb":{"@id":"https:\/\/www.wirbelwirrwarr.de\/index.php\/mitochondriopathie\/#breadcrumb"},"inLanguage":"de","potentialAction":[{"@type":"ReadAction","target":["https:\/\/www.wirbelwirrwarr.de\/index.php\/mitochondriopathie\/"]}]},{"@type":"BreadcrumbList","@id":"https:\/\/www.wirbelwirrwarr.de\/index.php\/mitochondriopathie\/#breadcrumb","itemListElement":[{"@type":"ListItem","position":1,"name":"Startseite","item":"https:\/\/www.wirbelwirrwarr.de\/"},{"@type":"ListItem","position":2,"name":"Mitochondriopathie"}]},{"@type":"WebSite","@id":"https:\/\/www.wirbelwirrwarr.de\/#website","url":"https:\/\/www.wirbelwirrwarr.de\/","name":"wirbelwirrwarr","description":"Wie eine unsichtbare Krankheit mein Leben bunt macht","publisher":{"@id":"https:\/\/www.wirbelwirrwarr.de\/#organization"},"potentialAction":[{"@type":"SearchAction","target":{"@type":"EntryPoint","urlTemplate":"https:\/\/www.wirbelwirrwarr.de\/?s={search_term_string}"},"query-input":"required name=search_term_string"}],"inLanguage":"de"},{"@type":"Organization","@id":"https:\/\/www.wirbelwirrwarr.de\/#organization","name":"wirbelwirrwarr","url":"https:\/\/www.wirbelwirrwarr.de\/","logo":{"@type":"ImageObject","inLanguage":"de","@id":"https:\/\/www.wirbelwirrwarr.de\/#\/schema\/logo\/image\/","url":"https:\/\/www.wirbelwirrwarr.de\/wp-content\/uploads\/2023\/02\/logoatlas9.svg","contentUrl":"https:\/\/www.wirbelwirrwarr.de\/wp-content\/uploads\/2023\/02\/logoatlas9.svg","caption":"wirbelwirrwarr"},"image":{"@id":"https:\/\/www.wirbelwirrwarr.de\/#\/schema\/logo\/image\/"}}]}},"_links":{"self":[{"href":"https:\/\/www.wirbelwirrwarr.de\/index.php\/wp-json\/wp\/v2\/pages\/12907"}],"collection":[{"href":"https:\/\/www.wirbelwirrwarr.de\/index.php\/wp-json\/wp\/v2\/pages"}],"about":[{"href":"https:\/\/www.wirbelwirrwarr.de\/index.php\/wp-json\/wp\/v2\/types\/page"}],"author":[{"embeddable":true,"href":"https:\/\/www.wirbelwirrwarr.de\/index.php\/wp-json\/wp\/v2\/users\/1"}],"replies":[{"embeddable":true,"href":"https:\/\/www.wirbelwirrwarr.de\/index.php\/wp-json\/wp\/v2\/comments?post=12907"}],"version-history":[{"count":8,"href":"https:\/\/www.wirbelwirrwarr.de\/index.php\/wp-json\/wp\/v2\/pages\/12907\/revisions"}],"predecessor-version":[{"id":16535,"href":"https:\/\/www.wirbelwirrwarr.de\/index.php\/wp-json\/wp\/v2\/pages\/12907\/revisions\/16535"}],"wp:featuredmedia":[{"embeddable":true,"href":"https:\/\/www.wirbelwirrwarr.de\/index.php\/wp-json\/wp\/v2\/media\/15587"}],"wp:attachment":[{"href":"https:\/\/www.wirbelwirrwarr.de\/index.php\/wp-json\/wp\/v2\/media?parent=12907"}],"curies":[{"name":"wp","href":"https:\/\/api.w.org\/{rel}","templated":true}]}}