{"id":11955,"date":"2023-02-20T07:34:54","date_gmt":"2023-02-20T06:34:54","guid":{"rendered":"https:\/\/www.wirbelwirrwarr.de\/?page_id=11955"},"modified":"2023-03-09T07:25:31","modified_gmt":"2023-03-09T06:25:31","slug":"psychhygiene","status":"publish","type":"page","link":"https:\/\/www.wirbelwirrwarr.de\/index.php\/psychhygiene\/","title":{"rendered":"Psychohygiene"},"content":{"rendered":"\n<p>Als Wackeldackel sind wir es leid, von \u00c4rzten in die &#8222;Psychoschiene&#8220; verfrachtet zu werden. Dennoch w\u00e4re es unklug, ihr deshalb den R\u00fccken zu kehren. Denn wenn tief in uns das Meiste im Lot ist, geraten auch k\u00f6rperliche Baustellen allm\u00e4hlich wieder in ihr Gleichgewicht &#8211; oder zumindest wird diese Entwicklung unterst\u00fctzt. K\u00f6rper und Psyche sind fest verbunden, niemals leidet oder heilt das eine ohne das andere! Deshalb ist unsere Psyche bei k\u00f6rperlichen Problemen, egal welcher Art, ein effektiver Joker. Lasst euch also blo\u00df nicht einreden, ihr h\u00e4ttet auf eure Gesundheit keinerlei Einfluss. <\/p>\n\n\n\n<h2 class=\"wp-block-heading\">Meditation<\/h2>\n\n\n\n<p>Meditation ist meiner \u00dcberzeugung nach die wirkungsvollste Heilmethode. Wer es immer wieder schafft, seine Gedanken loszulassen, erzeugt neben mehr Gelassenheit auch einen gereinigten N\u00e4hrboden f\u00fcr k\u00f6rperliche Ver\u00e4nderungen. Das hei\u00dft nicht, man m\u00fcsse sich das Denken g\u00e4nzlich verkneifen. Es geht viel mehr darum, zu lernen, die Bilder im Kopf wie auf Wasser treibendes Laub zu verstehen, die kommen und gesehen werden d\u00fcrfen, bis sie der Str\u00f6mung folgend f\u00fcr das <strong>Hier und Jetzt<\/strong> aus dem Blick entschwinden. Das innere Gedankenkarussell l\u00f6st sich auf. Der Kopf ist aufger\u00e4umt und empf\u00e4nglicher f\u00fcr Positives.<\/p>\n\n\n\n<p>Wenn ihr wissen wollt, wozu es gut sein soll, aufger\u00e4umte Gedanken zu haben, lasst euch von mir auf ein Experiment einladen. <\/p>\n\n\n\n<p>Denkt mal in diesem Augenblick an eine pralle Zitrone. Stellt euch vor, wie ihr sie sch\u00e4lt und Saft aus ihrem Fruchtfleisch dr\u00fcckt. Stellt euch vor, wie ihr beherzt hineinbei\u00dft und G\u00e4nsehaut euch \u00fcbermannt. Na? Ist auch euch, so wie mir beim Schreiben, das Wasser im Mund zusammengelaufen? <\/p>\n\n\n\n<figure class=\"wp-block-image size-large\"><img loading=\"lazy\" decoding=\"async\" width=\"2560\" height=\"1921\" src=\"https:\/\/www.wirbelwirrwarr.de\/wp-content\/uploads\/2021\/02\/pexels-lukas-1414110-edited-scaled.jpg\" alt=\"\" class=\"wp-image-6625\" srcset=\"https:\/\/www.wirbelwirrwarr.de\/wp-content\/uploads\/2021\/02\/pexels-lukas-1414110-edited-scaled.jpg 2560w, https:\/\/www.wirbelwirrwarr.de\/wp-content\/uploads\/2021\/02\/pexels-lukas-1414110-edited-300x225.jpg 300w, https:\/\/www.wirbelwirrwarr.de\/wp-content\/uploads\/2021\/02\/pexels-lukas-1414110-edited-1024x768.jpg 1024w, https:\/\/www.wirbelwirrwarr.de\/wp-content\/uploads\/2021\/02\/pexels-lukas-1414110-edited-768x576.jpg 768w, https:\/\/www.wirbelwirrwarr.de\/wp-content\/uploads\/2021\/02\/pexels-lukas-1414110-edited-1536x1153.jpg 1536w, https:\/\/www.wirbelwirrwarr.de\/wp-content\/uploads\/2021\/02\/pexels-lukas-1414110-edited-2048x1537.jpg 2048w\" sizes=\"(max-width: 2560px) 100vw, 2560px\" \/><\/figure>\n\n\n\n<p>Unsere Gedanken k\u00f6nnen jedweden K\u00f6rperprozess initiieren, ob er uns hilft oder nicht. Die meisten Menschen denken t\u00e4glich tausende Gedanken, die ihnen nicht helfen, und nur wenige, die ihnen gut tun. Fr\u00fcher oder sp\u00e4ter transformieren sich Gedanken und werden zu k\u00f6rperlichen Reaktionen &#8211; wie wenn man an eine Zitrone denkt und der Speichelfluss aktiviert wird. Unterbricht man allerdings die negative Gedankenkette durch Meditation, werden biochemische Prozesse, die nicht zu unseren Gunsten arbeiten, sozusagen auf Neustart gestellt. Je \u00f6fter, umso besser. Mehr dazu sp\u00e4ter an anderer Stelle.<\/p>\n\n\n\n<h2 class=\"wp-block-heading\">Stressreduktion<\/h2>\n\n\n\n<p>Mithalten m\u00fcssen, das ist ein Anspruch, dem viele Leute ihr Leben lang hinterherhetzen. Gelingt dies aufgrund von Krankheit pl\u00f6tzlich nicht mehr, muss (zum Gl\u00fcck) ein neuer Orientierungspunkt her. Wie w\u00e4r&#8217;s mit den eigenen Bed\u00fcrfnissen? Das Leben ist schlie\u00dflich kein Wettkampf, mag es uns auch anders beigebracht worden sein. Es ist dazu da, dass jeder von uns seinen individuellen Platz findet, wo er bestm\u00f6glich wirken und Erf\u00fcllung finden kann. Dazu braucht es nicht zwingend einen Doktortitel. <\/p>\n\n\n\n<p>Ach, wusstet ihr nicht? Doch, doch: Prestige und Gl\u00fcck sind zwei ganz unterschiedliche Dinge. Aber unter Druck und in permanenter Hektik kann man sowas schon mal vergessen. Ganz normal, dass dann der Blick auf pers\u00f6nliche Ziele verloren geht und man mitunter Jahrzehnte v\u00f6llig entgegen seiner Natur lebt. Sowas ist anstrengend, nicht wahr? Sowas stresst. Und genau deshalb macht sowas krank. <\/p>\n\n\n\n<p>Klingt ein bisschen infantil, zugegeben. Man hat schlie\u00dflich Verantwortung zu tragen und kann sich deshalb nicht einfach irgendwelchen Fantastereien hingeben. Ein Leben ohne Stress gibt es doch sowieso nicht. Und das stimmt auch &#8211; wenn einem der Unterschied zwischen gutem (Eu-) und schlechtem (Dis-) Stress pupsegal ist. Stress muss n\u00e4mlich nicht negativ sein. Wenn er es ist, sollte man zusehen, dass man ihm aus dem Weg geht.<\/p>\n\n\n\n<h2 class=\"wp-block-heading\">Hypnotherapie<\/h2>\n\n\n\n<p>Wart ihr schon einmal in einer Hypnose-Show und habt euch vor den Augen aller Zuschauer in ein Baby oder in eine miesepetrige Miezekatze verwandeln lassen? Dann war das etwas v\u00f6llig anderes als klinische Hypnose.<\/p>\n\n\n\n<p>Klinische Hypnose findet nicht auf der B\u00fchne statt, sondern in der gesch\u00fctzten Obhut eines Hypnotherapeuten. W\u00e4hrend einer Hypnose ist der Klient allzeit orientiert, sein Wille legt die Grenzen der Behandlung fest und es besteht f\u00fcr ihn jederzeit die M\u00f6glichkeit, auszusteigen. Klinische Hypnose ist also nicht gleichbedeutend mit Zwang, sondern viel mehr als Hilfestellung bei einem schon bestehenden Wunsch, etwas zu ver\u00e4ndern, zu begreifen. <\/p>\n\n\n\n<p>Nicht jeder Mensch ist gleich gut hypnotisierbar. Es kommt, wie eben angedeutet, zum einen darauf an, ob der Wille dazu besteht und wie lebhaft Vorstellungen entwickelt und aufrechterhalten werden k\u00f6nnen. Zudem wird auch die F\u00e4higkeit zur &#8222;Absorption&#8220; (Aufgehen in der Besch\u00e4ftigung mit einer Sache) diskutiert. <\/p>\n\n\n\n<p>Meine Erfahrung zeigt: Hypnose ist wie eine Seeledusche, die k\u00f6rperliche Knoten aufweicht. Wenn ihr es mal damit ausprobieren wollt, lege ich euch einen Besuch bei <a href=\"https:\/\/hypnotherapie-gauer.de\/ueber-mich\/\" target=\"_blank\" rel=\"noreferrer noopener\">Andree Gauer<\/a> ans Herz, einem herzensguten Psychologen, der sich seit Jahren mit den zahllosen Fassetten von Heilung befasst.  <\/p>\n\n\n\n<h2 class=\"wp-block-heading\">Selbstgespr\u00e4che<\/h2>\n\n\n\n<p>Unsere Gedanken haben einen starken Einfluss auf unseren Organismus. &#8222;Steter Tropfen h\u00f6hlt den Stein&#8220; fasst perfekt zusammen, was wiederkehrende negative Gedanken mit uns anrichten k\u00f6nnen. Einer der sch\u00e4dlichsten Glaubenss\u00e4tze ist: \u201eDieser Zustand wird nie besser werden.\u201c <\/p>\n\n\n\n<p>Ein Trick besteht darin, \u201eStop!\u201c zu sagen, wann immer ihr diesen oder einen anderen negativen Satz denkt. Arbeitet daran, diesen Gedanken durch einen positiven zu ersetzen, wie zum Beispiel: \u201eDas geht vorbei\u201c, \u201eIch schaffe das\u201c oder \u201eMir geht es jeden Tag ein bisschen besser.\u201c Ihr werdet den Unterschied merken.<\/p>\n\n\n\n<h2 class=\"wp-block-heading\">Humor<\/h2>\n\n\n\n<p>Ist euch schon mal aufgefallen, dass ihr euch nicht gleichzeitig depressiv oder \u00e4ngstlich oder von Schmerzen \u00fcberw\u00e4ltigt f\u00fchlen und aus dem Bauch heraus lachen k\u00f6nnt? Das liegt daran, dass Lachen das Gehirn mit nat\u00fcrlichen schmerzstillenden Substanzen (Neurotransmittern) \u00fcberschwemmt. <\/p>\n\n\n\n<p>Auch wenn es albern erscheint und euch momentan vielleicht gar nicht zum Lachen ist: Probiert, gerade wenn es richtig schlimm um euer Wohlbefinden steht, lustige Filme zu schauen, Menschen einzuladen, die euch zum Lachen bringen, lustige Geschichten zu lesen oder witzige Serien zu schauen. Humor hilft &#8211; kein Scherz.<\/p>\n\n\n\n<h2 class=\"wp-block-heading\">EMDR<\/h2>\n\n\n\n<p><\/p>\n\n\n\n<p>Fortsetzung folgt&#8230;<\/p>\n","protected":false},"excerpt":{"rendered":"<p>Als Wackeldackel sind wir es leid, von \u00c4rzten in die &#8222;Psychoschiene&#8220; verfrachtet zu werden. Dennoch w\u00e4re es unklug, ihr deshalb den R\u00fccken zu kehren. Denn wenn tief in uns das Meiste im Lot ist, geraten auch k\u00f6rperliche Baustellen allm\u00e4hlich wieder in ihr Gleichgewicht &#8211; oder zumindest wird diese Entwicklung unterst\u00fctzt. K\u00f6rper und Psyche sind fest verbunden, niemals leidet oder heilt das eine ohne das andere! Deshalb ist unsere Psyche bei k\u00f6rperlichen Problemen, egal welcher Art, ein effektiver Joker. Lasst euch also blo\u00df nicht einreden, ihr h\u00e4ttet auf eure Gesundheit keinerlei Einfluss. Meditation Meditation ist meiner \u00dcberzeugung nach die wirkungsvollste [&hellip;]<\/p>\n","protected":false},"author":1,"featured_media":0,"parent":0,"menu_order":0,"comment_status":"closed","ping_status":"closed","template":"","meta":{"inline_featured_image":false,"footnotes":""},"yoast_head":"<!-- This site is optimized with the Yoast SEO plugin v21.8 - https:\/\/yoast.com\/wordpress\/plugins\/seo\/ -->\n<title>Psychohygiene - wirbelwirrwarr<\/title>\n<meta name=\"description\" content=\"Als Wackeldackel sind wir es leid, von \u00c4rzten in die &quot;Psychoschiene&quot; verfrachtet zu werden. Dennoch w\u00e4re es unklug, ihr deshalb den R\u00fccken zu kehren.\" \/>\n<meta name=\"robots\" content=\"index, follow, max-snippet:-1, max-image-preview:large, max-video-preview:-1\" \/>\n<link rel=\"canonical\" href=\"https:\/\/www.wirbelwirrwarr.de\/index.php\/psychhygiene\/\" \/>\n<meta property=\"og:locale\" content=\"de_DE\" \/>\n<meta property=\"og:type\" content=\"article\" \/>\n<meta property=\"og:title\" content=\"Psychohygiene - wirbelwirrwarr\" \/>\n<meta property=\"og:description\" content=\"Als Wackeldackel sind wir es leid, von \u00c4rzten in die &quot;Psychoschiene&quot; verfrachtet zu werden. Dennoch w\u00e4re es unklug, ihr deshalb den R\u00fccken zu kehren.\" \/>\n<meta property=\"og:url\" content=\"https:\/\/www.wirbelwirrwarr.de\/index.php\/psychhygiene\/\" \/>\n<meta property=\"og:site_name\" content=\"wirbelwirrwarr\" \/>\n<meta property=\"article:modified_time\" content=\"2023-03-09T06:25:31+00:00\" \/>\n<meta property=\"og:image\" content=\"https:\/\/www.wirbelwirrwarr.de\/wp-content\/uploads\/2021\/02\/pexels-lukas-1414110-edited-scaled.jpg\" \/>\n<meta name=\"twitter:card\" content=\"summary_large_image\" \/>\n<meta name=\"twitter:label1\" content=\"Gesch\u00e4tzte Lesezeit\" \/>\n\t<meta name=\"twitter:data1\" content=\"5\u00a0Minuten\" \/>\n<script type=\"application\/ld+json\" class=\"yoast-schema-graph\">{\"@context\":\"https:\/\/schema.org\",\"@graph\":[{\"@type\":\"WebPage\",\"@id\":\"https:\/\/www.wirbelwirrwarr.de\/index.php\/psychhygiene\/\",\"url\":\"https:\/\/www.wirbelwirrwarr.de\/index.php\/psychhygiene\/\",\"name\":\"Psychohygiene - wirbelwirrwarr\",\"isPartOf\":{\"@id\":\"https:\/\/www.wirbelwirrwarr.de\/#website\"},\"datePublished\":\"2023-02-20T06:34:54+00:00\",\"dateModified\":\"2023-03-09T06:25:31+00:00\",\"description\":\"Als Wackeldackel sind wir es leid, von \u00c4rzten in die \\\"Psychoschiene\\\" verfrachtet zu werden. Dennoch w\u00e4re es unklug, ihr deshalb den R\u00fccken zu kehren.\",\"breadcrumb\":{\"@id\":\"https:\/\/www.wirbelwirrwarr.de\/index.php\/psychhygiene\/#breadcrumb\"},\"inLanguage\":\"de\",\"potentialAction\":[{\"@type\":\"ReadAction\",\"target\":[\"https:\/\/www.wirbelwirrwarr.de\/index.php\/psychhygiene\/\"]}]},{\"@type\":\"BreadcrumbList\",\"@id\":\"https:\/\/www.wirbelwirrwarr.de\/index.php\/psychhygiene\/#breadcrumb\",\"itemListElement\":[{\"@type\":\"ListItem\",\"position\":1,\"name\":\"Startseite\",\"item\":\"https:\/\/www.wirbelwirrwarr.de\/\"},{\"@type\":\"ListItem\",\"position\":2,\"name\":\"Psychohygiene\"}]},{\"@type\":\"WebSite\",\"@id\":\"https:\/\/www.wirbelwirrwarr.de\/#website\",\"url\":\"https:\/\/www.wirbelwirrwarr.de\/\",\"name\":\"wirbelwirrwarr\",\"description\":\"Wie eine unsichtbare Krankheit mein Leben bunt macht\",\"publisher\":{\"@id\":\"https:\/\/www.wirbelwirrwarr.de\/#organization\"},\"potentialAction\":[{\"@type\":\"SearchAction\",\"target\":{\"@type\":\"EntryPoint\",\"urlTemplate\":\"https:\/\/www.wirbelwirrwarr.de\/?s={search_term_string}\"},\"query-input\":\"required name=search_term_string\"}],\"inLanguage\":\"de\"},{\"@type\":\"Organization\",\"@id\":\"https:\/\/www.wirbelwirrwarr.de\/#organization\",\"name\":\"wirbelwirrwarr\",\"url\":\"https:\/\/www.wirbelwirrwarr.de\/\",\"logo\":{\"@type\":\"ImageObject\",\"inLanguage\":\"de\",\"@id\":\"https:\/\/www.wirbelwirrwarr.de\/#\/schema\/logo\/image\/\",\"url\":\"https:\/\/www.wirbelwirrwarr.de\/wp-content\/uploads\/2023\/02\/logoatlas9.svg\",\"contentUrl\":\"https:\/\/www.wirbelwirrwarr.de\/wp-content\/uploads\/2023\/02\/logoatlas9.svg\",\"caption\":\"wirbelwirrwarr\"},\"image\":{\"@id\":\"https:\/\/www.wirbelwirrwarr.de\/#\/schema\/logo\/image\/\"}}]}<\/script>\n<!-- \/ Yoast SEO plugin. -->","yoast_head_json":{"title":"Psychohygiene - wirbelwirrwarr","description":"Als Wackeldackel sind wir es leid, von \u00c4rzten in die \"Psychoschiene\" verfrachtet zu werden. Dennoch w\u00e4re es unklug, ihr deshalb den R\u00fccken zu kehren.","robots":{"index":"index","follow":"follow","max-snippet":"max-snippet:-1","max-image-preview":"max-image-preview:large","max-video-preview":"max-video-preview:-1"},"canonical":"https:\/\/www.wirbelwirrwarr.de\/index.php\/psychhygiene\/","og_locale":"de_DE","og_type":"article","og_title":"Psychohygiene - wirbelwirrwarr","og_description":"Als Wackeldackel sind wir es leid, von \u00c4rzten in die \"Psychoschiene\" verfrachtet zu werden. Dennoch w\u00e4re es unklug, ihr deshalb den R\u00fccken zu kehren.","og_url":"https:\/\/www.wirbelwirrwarr.de\/index.php\/psychhygiene\/","og_site_name":"wirbelwirrwarr","article_modified_time":"2023-03-09T06:25:31+00:00","og_image":[{"url":"https:\/\/www.wirbelwirrwarr.de\/wp-content\/uploads\/2021\/02\/pexels-lukas-1414110-edited-scaled.jpg"}],"twitter_card":"summary_large_image","twitter_misc":{"Gesch\u00e4tzte Lesezeit":"5\u00a0Minuten"},"schema":{"@context":"https:\/\/schema.org","@graph":[{"@type":"WebPage","@id":"https:\/\/www.wirbelwirrwarr.de\/index.php\/psychhygiene\/","url":"https:\/\/www.wirbelwirrwarr.de\/index.php\/psychhygiene\/","name":"Psychohygiene - wirbelwirrwarr","isPartOf":{"@id":"https:\/\/www.wirbelwirrwarr.de\/#website"},"datePublished":"2023-02-20T06:34:54+00:00","dateModified":"2023-03-09T06:25:31+00:00","description":"Als Wackeldackel sind wir es leid, von \u00c4rzten in die \"Psychoschiene\" verfrachtet zu werden. Dennoch w\u00e4re es unklug, ihr deshalb den R\u00fccken zu kehren.","breadcrumb":{"@id":"https:\/\/www.wirbelwirrwarr.de\/index.php\/psychhygiene\/#breadcrumb"},"inLanguage":"de","potentialAction":[{"@type":"ReadAction","target":["https:\/\/www.wirbelwirrwarr.de\/index.php\/psychhygiene\/"]}]},{"@type":"BreadcrumbList","@id":"https:\/\/www.wirbelwirrwarr.de\/index.php\/psychhygiene\/#breadcrumb","itemListElement":[{"@type":"ListItem","position":1,"name":"Startseite","item":"https:\/\/www.wirbelwirrwarr.de\/"},{"@type":"ListItem","position":2,"name":"Psychohygiene"}]},{"@type":"WebSite","@id":"https:\/\/www.wirbelwirrwarr.de\/#website","url":"https:\/\/www.wirbelwirrwarr.de\/","name":"wirbelwirrwarr","description":"Wie eine unsichtbare Krankheit mein Leben bunt macht","publisher":{"@id":"https:\/\/www.wirbelwirrwarr.de\/#organization"},"potentialAction":[{"@type":"SearchAction","target":{"@type":"EntryPoint","urlTemplate":"https:\/\/www.wirbelwirrwarr.de\/?s={search_term_string}"},"query-input":"required name=search_term_string"}],"inLanguage":"de"},{"@type":"Organization","@id":"https:\/\/www.wirbelwirrwarr.de\/#organization","name":"wirbelwirrwarr","url":"https:\/\/www.wirbelwirrwarr.de\/","logo":{"@type":"ImageObject","inLanguage":"de","@id":"https:\/\/www.wirbelwirrwarr.de\/#\/schema\/logo\/image\/","url":"https:\/\/www.wirbelwirrwarr.de\/wp-content\/uploads\/2023\/02\/logoatlas9.svg","contentUrl":"https:\/\/www.wirbelwirrwarr.de\/wp-content\/uploads\/2023\/02\/logoatlas9.svg","caption":"wirbelwirrwarr"},"image":{"@id":"https:\/\/www.wirbelwirrwarr.de\/#\/schema\/logo\/image\/"}}]}},"_links":{"self":[{"href":"https:\/\/www.wirbelwirrwarr.de\/index.php\/wp-json\/wp\/v2\/pages\/11955"}],"collection":[{"href":"https:\/\/www.wirbelwirrwarr.de\/index.php\/wp-json\/wp\/v2\/pages"}],"about":[{"href":"https:\/\/www.wirbelwirrwarr.de\/index.php\/wp-json\/wp\/v2\/types\/page"}],"author":[{"embeddable":true,"href":"https:\/\/www.wirbelwirrwarr.de\/index.php\/wp-json\/wp\/v2\/users\/1"}],"replies":[{"embeddable":true,"href":"https:\/\/www.wirbelwirrwarr.de\/index.php\/wp-json\/wp\/v2\/comments?post=11955"}],"version-history":[{"count":13,"href":"https:\/\/www.wirbelwirrwarr.de\/index.php\/wp-json\/wp\/v2\/pages\/11955\/revisions"}],"predecessor-version":[{"id":12775,"href":"https:\/\/www.wirbelwirrwarr.de\/index.php\/wp-json\/wp\/v2\/pages\/11955\/revisions\/12775"}],"wp:attachment":[{"href":"https:\/\/www.wirbelwirrwarr.de\/index.php\/wp-json\/wp\/v2\/media?parent=11955"}],"curies":[{"name":"wp","href":"https:\/\/api.w.org\/{rel}","templated":true}]}}