{"id":11950,"date":"2023-02-20T07:50:11","date_gmt":"2023-02-20T06:50:11","guid":{"rendered":"https:\/\/www.wirbelwirrwarr.de\/?page_id=11950"},"modified":"2025-04-25T10:39:34","modified_gmt":"2025-04-25T08:39:34","slug":"koordination-und-kraft","status":"publish","type":"page","link":"https:\/\/www.wirbelwirrwarr.de\/index.php\/koordination-und-kraft\/","title":{"rendered":"Koordination und Kraft"},"content":{"rendered":"\n<p>Unter Aufsicht eines mit CCI und AAI vertrauten Arztes und\/oder Therapeuten k\u00f6nnen Trainingsvarianten zur Stabilisierung der Hals-, Brust- und Lendenwirbels\u00e4ule erarbeitet werden. Diese richten sich jedoch streng nach den individuellen Voraussetzungen jedes Patienten und sollten nicht als pauschale Empfehlung f\u00fcr jedermann dienen. <\/p>\n\n\n\n<h1 class=\"wp-block-heading\">Immer erst Koordination <\/h1>\n\n\n\n<h4 class=\"wp-block-heading\">Einfache \u00dcbungen<\/h4>\n\n\n\n<p>Zun\u00e4chst einmal n\u00fctzt es wenig, sich ganz viele Muskeln anzutrainieren, wenn man diese durch zum Teil jahrelange Fehl- und Schonhaltung nicht mehr koordinieren bzw. gezielt ansprechen kann. Die Einleitung einer effektiven Verbesserung sollte deshalb stets ein Koordinationstraining sein. Leider bedeutet das, t\u00e4glich \u00dcbungen absolvieren zu m\u00fcssen, die sich nicht besonders hilfreich oder st\u00e4rkend anf\u00fchlen. Stabilit\u00e4t entsteht aber dennoch (<a href=\"https:\/\/www.wirbelwirrwarr.de\/index.php\/2025\/04\/24\/die-tiefen-nackenmuskeln-unsere-fluglotsen\/\" target=\"_blank\" rel=\"noreferrer noopener\">wie ihr hier besser nachvollziehen k\u00f6nnt<\/a>), n\u00e4mlich dort bzw. von dort aus, wo sie eigentlich gebraucht und herkommen sollte: in der Tiefenmuskulatur. Ein paar dieser langweiligen \u00dcbungen k\u00f6nnt ihr in diesem unscheinbaren B\u00fcchlein entdecken:<\/p>\n\n\n\n<figure class=\"wp-block-image size-full\"><img loading=\"lazy\" decoding=\"async\" width=\"984\" height=\"738\" src=\"https:\/\/www.wirbelwirrwarr.de\/wp-content\/uploads\/2023\/02\/202204291326749701967905665-edited.jpg\" alt=\"\" class=\"wp-image-11320\" srcset=\"https:\/\/www.wirbelwirrwarr.de\/wp-content\/uploads\/2023\/02\/202204291326749701967905665-edited.jpg 984w, https:\/\/www.wirbelwirrwarr.de\/wp-content\/uploads\/2023\/02\/202204291326749701967905665-edited-300x225.jpg 300w, https:\/\/www.wirbelwirrwarr.de\/wp-content\/uploads\/2023\/02\/202204291326749701967905665-edited-768x576.jpg 768w\" sizes=\"(max-width: 984px) 100vw, 984px\" \/><\/figure>\n\n\n\n<h4 class=\"wp-block-heading\">Lasertherapie<\/h4>\n\n\n\n<p>Das Hauptziel dieses einfachen Trainings besteht darin, die erneute Synchronisation von Kopfbewegungen und Augenbewegungen zu erreichen. Bei vielen Menschen kann es aufgrund von Traumata an der Halswirbels\u00e4ule dazu kommen, dass die in Mitleidenschaft geratenen Muskeln keine Informationen mehr \u00fcber Gelenkstellungen senden k\u00f6nnen, wodurch das Gehirn nicht mehr wei\u00df, wo im Raum sich der K\u00f6rper befindet (gest\u00f6rte Propriozeption). Ohne diese Informationen kann der Kopf nicht optimal ausgerichtet werden, es entsteht eine Vielfalt unangenehmer Beschwerden, zum Beispiel Schwindel.<\/p>\n\n\n<div class=\"wp-block-image\">\n<figure class=\"aligncenter size-large is-resized\"><img loading=\"lazy\" decoding=\"async\" width=\"1024\" height=\"1024\" src=\"https:\/\/www.wirbelwirrwarr.de\/wp-content\/uploads\/2023\/10\/ziel-1024x1024.png\" alt=\"\" class=\"wp-image-14826\" style=\"width:404px;height:404px\" srcset=\"https:\/\/www.wirbelwirrwarr.de\/wp-content\/uploads\/2023\/10\/ziel-1024x1024.png 1024w, https:\/\/www.wirbelwirrwarr.de\/wp-content\/uploads\/2023\/10\/ziel-300x300.png 300w, https:\/\/www.wirbelwirrwarr.de\/wp-content\/uploads\/2023\/10\/ziel-150x150.png 150w, https:\/\/www.wirbelwirrwarr.de\/wp-content\/uploads\/2023\/10\/ziel-768x768.png 768w, https:\/\/www.wirbelwirrwarr.de\/wp-content\/uploads\/2023\/10\/ziel.png 1280w\" sizes=\"(max-width: 1024px) 100vw, 1024px\" \/><\/figure><\/div>\n\n\n<p><a href=\"http:\/\/www.laser-spine.de\/index.php\/trainingsmaterial\" target=\"_blank\" rel=\"noreferrer noopener\">Ein selbstgebasteltes Labyrinth\/eine Zielscheibe oder ein Uhrenblatt in Postergr\u00f6\u00dfe<\/a> ist schon alles, was es braucht &#8211; neben einem <a href=\"https:\/\/amzn.to\/3rNe0nX\" target=\"_blank\" rel=\"noreferrer noopener\">Laserpointer <\/a>nat\u00fcrlich und einer <a href=\"https:\/\/amzn.to\/45JuefK\" target=\"_blank\" rel=\"noreferrer noopener\">Kopfbefestigung<\/a>. Das postergro\u00dfe Bild wird an der Wand befestigt, der Laserpointer wiederum am Kopf (am besten mit Hilfe einer Gummihalterung oder eines Scheinwerfergurtes). In gem\u00fctlicher Position setzt man sich in einiger Entfernung davor und durchl\u00e4uft mit dem Laserpointer die eingezeichneten Pfade. Feine Kopfbewegungen sind daf\u00fcr erforderlich, die wie ein Mikrotraining f\u00fcr die Halsmuskulatur wirken. Der Effekt erstreckt sich sowohl auf die Koordination der Hals- und Nackenmuskulatur als auch auf die Augenkoordination (denn beide Systeme sind eng miteinander verbunden). Und das ist auch schon die ganze Kunst. Es ist einfach, stellt aber einen gro\u00dfen Zugewinn f\u00fcr den Alltag mit CCI dar.<\/p>\n\n\n\n<p>Die Zielscheibe gibt&#8217;s <a href=\"http:\/\/www.laser-spine.de\/index.php\/trainingsmaterial\" target=\"_blank\" rel=\"noreferrer noopener\">hier <\/a>oder als Download bei mir:<\/p>\n\n\n\n<div data-wp-interactive=\"\" class=\"wp-block-file\"><object data-wp-bind--hidden=\"!selectors.core.file.hasPdfPreview\" hidden class=\"wp-block-file__embed\" data=\"https:\/\/www.wirbelwirrwarr.de\/wp-content\/uploads\/2023\/10\/Zielscheibe_wirbelwirrwarr.pdf\" type=\"application\/pdf\" style=\"width:100%;height:600px\" aria-label=\"Einbettung von Zielscheibe_wirbelwirrwarr.\"><\/object><a id=\"wp-block-file--media-b54aaf77-d4e6-4963-b5a6-4b689e244cde\" href=\"https:\/\/www.wirbelwirrwarr.de\/wp-content\/uploads\/2023\/10\/Zielscheibe_wirbelwirrwarr.pdf\">Zielscheibe_wirbelwirrwarr<\/a><a href=\"https:\/\/www.wirbelwirrwarr.de\/wp-content\/uploads\/2023\/10\/Zielscheibe_wirbelwirrwarr.pdf\" class=\"wp-block-file__button wp-element-button\" download aria-describedby=\"wp-block-file--media-b54aaf77-d4e6-4963-b5a6-4b689e244cde\">Herunterladen<\/a><\/div>\n\n\n\n<p>Druckt es aus und klebt die Bl\u00e4tter zusammen. Hier die Anleitung:<\/p>\n\n\n<div class=\"wp-block-image\">\n<figure class=\"aligncenter size-large is-resized\"><img loading=\"lazy\" decoding=\"async\" width=\"1024\" height=\"910\" src=\"https:\/\/www.wirbelwirrwarr.de\/wp-content\/uploads\/2023\/10\/Anleitung-1024x910.png\" alt=\"\" class=\"wp-image-14832\" style=\"width:304px;height:270px\" srcset=\"https:\/\/www.wirbelwirrwarr.de\/wp-content\/uploads\/2023\/10\/Anleitung-1024x910.png 1024w, https:\/\/www.wirbelwirrwarr.de\/wp-content\/uploads\/2023\/10\/Anleitung-300x267.png 300w, https:\/\/www.wirbelwirrwarr.de\/wp-content\/uploads\/2023\/10\/Anleitung-768x683.png 768w, https:\/\/www.wirbelwirrwarr.de\/wp-content\/uploads\/2023\/10\/Anleitung.png 1280w\" sizes=\"(max-width: 1024px) 100vw, 1024px\" \/><\/figure><\/div>\n\n\n<h4 class=\"wp-block-heading\">Spiegel\u00fcbungen<\/h4>\n\n\n\n<p>Koordinations\u00fcbungen funktionieren \u00fcbrigens noch besser, wenn ihr euch einen Spiegel oder andere Arten visuellen Feedbacks zu Hilfe nehmt (einen Monitor zum Beispiel.) Warum, wieso, weshalb, erfahrt ihr <a href=\"https:\/\/www.wirbelwirrwarr.de\/index.php\/2025\/04\/24\/die-tiefen-nackenmuskeln-unsere-fluglotsen\/\" target=\"_blank\" rel=\"noreferrer noopener\">hier<\/a> und <a href=\"https:\/\/www.wirbelwirrwarr.de\/index.php\/2023\/06\/01\/spieglein-spieglein-an-der-wand\/\" target=\"_blank\" rel=\"noreferrer noopener\">hier<\/a>. <\/p>\n\n\n\n<h1 class=\"wp-block-heading\">Das A und O: Bauch, Beine, Po<\/h1>\n\n\n\n<p>Was oft vergessen wird, ist, dass die Halswirbels\u00e4ule nicht allein durch die Hals- und Nackenmuskulatur gehalten wird. Da alle Strukturen im menschlichen K\u00f6rper miteinander verbunden sind und somit interagieren, braucht es ebenfalls die Unterst\u00fctzung weiter entfernter Muskeln.<\/p>\n\n\n\n<p>Viel Aufmerksamkeit erfahren von mir deshalb die wichtigsten Stabilisatoren der gesamten Wirbels\u00e4ule: mein Po, mein Bauch, meine Oberschenkel. Sind alle diese Muskelgruppen gut trainiert, wird die Halswirbels\u00e4ule um ein nicht zu verachtendes Ma\u00df entlastet. Unterst\u00fctzend schaue ich mir Pilates-Videos zum Schwerpunkt <em>Bauch, Beine, Po<\/em> auf YouTube an. Inspiration ist schlie\u00dflich nie verkehrt. <\/p>\n\n\n\n<figure class=\"wp-block-image size-large\"><img loading=\"lazy\" decoding=\"async\" width=\"1024\" height=\"768\" src=\"https:\/\/www.wirbelwirrwarr.de\/wp-content\/uploads\/2023\/03\/unterarm-1-1024x768.png\" alt=\"\" class=\"wp-image-13039\" srcset=\"https:\/\/www.wirbelwirrwarr.de\/wp-content\/uploads\/2023\/03\/unterarm-1-1024x768.png 1024w, https:\/\/www.wirbelwirrwarr.de\/wp-content\/uploads\/2023\/03\/unterarm-1-300x225.png 300w, https:\/\/www.wirbelwirrwarr.de\/wp-content\/uploads\/2023\/03\/unterarm-1-768x576.png 768w, https:\/\/www.wirbelwirrwarr.de\/wp-content\/uploads\/2023\/03\/unterarm-1.png 1200w\" sizes=\"(max-width: 1024px) 100vw, 1024px\" \/><figcaption class=\"wp-element-caption\"> <em>Mir pers\u00f6nlich helfen isometrische \u00dcbungen, darunter der Unterarm- und&#8230; (Bild: wirbelwirrwarr)  <\/em><\/figcaption><\/figure>\n\n\n\n<figure class=\"wp-block-image size-large\"><img loading=\"lazy\" decoding=\"async\" width=\"1024\" height=\"768\" src=\"https:\/\/www.wirbelwirrwarr.de\/wp-content\/uploads\/2023\/03\/seitst-1024x768.png\" alt=\"\" class=\"wp-image-13041\" srcset=\"https:\/\/www.wirbelwirrwarr.de\/wp-content\/uploads\/2023\/03\/seitst-1024x768.png 1024w, https:\/\/www.wirbelwirrwarr.de\/wp-content\/uploads\/2023\/03\/seitst-300x225.png 300w, https:\/\/www.wirbelwirrwarr.de\/wp-content\/uploads\/2023\/03\/seitst-768x576.png 768w, https:\/\/www.wirbelwirrwarr.de\/wp-content\/uploads\/2023\/03\/seitst.png 1200w\" sizes=\"(max-width: 1024px) 100vw, 1024px\" \/><figcaption class=\"wp-element-caption\"><em>&#8230;der Seitst\u00fctz. (Bild: wirbelwirrwarr)<\/em><\/figcaption><\/figure>\n\n\n\n<p>Fortsetzung folgt&#8230; <em>Seite ist im Umbau. <\/em><\/p>\n\n\n\n<figure class=\"wp-block-image size-large\"><img loading=\"lazy\" decoding=\"async\" width=\"1024\" height=\"328\" src=\"https:\/\/www.wirbelwirrwarr.de\/wp-content\/uploads\/2023\/03\/uebungen-flat-1024x328.png\" alt=\"\" class=\"wp-image-13047\" srcset=\"https:\/\/www.wirbelwirrwarr.de\/wp-content\/uploads\/2023\/03\/uebungen-flat-1024x328.png 1024w, https:\/\/www.wirbelwirrwarr.de\/wp-content\/uploads\/2023\/03\/uebungen-flat-300x96.png 300w, https:\/\/www.wirbelwirrwarr.de\/wp-content\/uploads\/2023\/03\/uebungen-flat-768x246.png 768w, https:\/\/www.wirbelwirrwarr.de\/wp-content\/uploads\/2023\/03\/uebungen-flat.png 1200w\" sizes=\"(max-width: 1024px) 100vw, 1024px\" \/><figcaption class=\"wp-element-caption\"><em>Bleibt erstmal liegen. (Bild: wirbelwirrwarr)<\/em><\/figcaption><\/figure>\n\n\n\n<hr class=\"wp-block-separator has-alpha-channel-opacity\"\/>\n\n\n\n<p><em>Kuklinski, B. &amp; Schemionek, A.&nbsp;(2016).&nbsp;Schwachstelle Genick \u2013 Ursachen, Auswirkungen und erfolgreiche Therapie. (15. Auflage), Aurum.<br>Kuklinski, B. &amp; Schemionek, A. (2020). Mitochondrientherapie \u2013 Die Alternative. Aurum.<br>Kuklinski, B.&nbsp;(2018).&nbsp;Das HWS-Trauma \u2013 Ursachen, Diagnose und Therapie. (9. Auflage), Aurum.<br>Kuklinski, B. (2018). Mitochondrien &#8211; Symptome, Diagnose und Therapie. Aurum.<\/em><br><em>Myhill, S. (2018). Diagnosis and treatment of chronic fatigue syndrome and myalgic encephalitis. It\u2019s mitochondria not hypochondria. Chelsea Green.<br>Ohmer, U. (2013). Chronische Erkrankungen erfolgreich behandelt mit der Regenerativen Mitochondrien-Medizin. tao.<\/em><\/p>\n","protected":false},"excerpt":{"rendered":"<p>Unter Aufsicht eines mit CCI und AAI vertrauten Arztes und\/oder Therapeuten k\u00f6nnen Trainingsvarianten zur Stabilisierung der Hals-, Brust- und Lendenwirbels\u00e4ule erarbeitet werden. Diese richten sich jedoch streng nach den individuellen Voraussetzungen jedes Patienten und sollten nicht als pauschale Empfehlung f\u00fcr jedermann dienen. Immer erst Koordination Einfache \u00dcbungen Zun\u00e4chst einmal n\u00fctzt es wenig, sich ganz viele Muskeln anzutrainieren, wenn man diese durch zum Teil jahrelange Fehl- und Schonhaltung nicht mehr koordinieren bzw. gezielt ansprechen kann. Die Einleitung einer effektiven Verbesserung sollte deshalb stets ein Koordinationstraining sein. Leider bedeutet das, t\u00e4glich \u00dcbungen absolvieren zu m\u00fcssen, die sich nicht besonders hilfreich oder [&hellip;]<\/p>\n","protected":false},"author":1,"featured_media":0,"parent":0,"menu_order":0,"comment_status":"closed","ping_status":"closed","template":"","meta":{"inline_featured_image":false,"footnotes":""},"yoast_head":"<!-- This site is optimized with the Yoast SEO plugin v21.8 - https:\/\/yoast.com\/wordpress\/plugins\/seo\/ -->\n<title>Koordination und Kraft - wirbelwirrwarr<\/title>\n<meta name=\"description\" content=\"Unter Aufsicht eines mit CCI und AAI vertrauten Arztes und\/oder Therapeuten k\u00f6nnen Trainingsvarianten zur Stabilisierung der Hals-, Brust- und Lendenwirbels\u00e4ule erarbeitet werde\" \/>\n<meta name=\"robots\" content=\"index, follow, max-snippet:-1, max-image-preview:large, max-video-preview:-1\" \/>\n<link rel=\"canonical\" href=\"https:\/\/www.wirbelwirrwarr.de\/index.php\/koordination-und-kraft\/\" \/>\n<meta property=\"og:locale\" content=\"de_DE\" \/>\n<meta property=\"og:type\" content=\"article\" \/>\n<meta property=\"og:title\" content=\"Koordination und Kraft - wirbelwirrwarr\" \/>\n<meta property=\"og:description\" content=\"Unter Aufsicht eines mit CCI und AAI vertrauten Arztes und\/oder Therapeuten k\u00f6nnen Trainingsvarianten zur Stabilisierung der Hals-, Brust- und Lendenwirbels\u00e4ule erarbeitet werde\" \/>\n<meta property=\"og:url\" content=\"https:\/\/www.wirbelwirrwarr.de\/index.php\/koordination-und-kraft\/\" \/>\n<meta property=\"og:site_name\" content=\"wirbelwirrwarr\" \/>\n<meta property=\"article:modified_time\" content=\"2025-04-25T08:39:34+00:00\" \/>\n<meta property=\"og:image\" content=\"https:\/\/www.wirbelwirrwarr.de\/wp-content\/uploads\/2023\/02\/202204291326749701967905665-edited.jpg\" \/>\n<meta name=\"twitter:card\" content=\"summary_large_image\" \/>\n<meta name=\"twitter:label1\" content=\"Gesch\u00e4tzte Lesezeit\" \/>\n\t<meta name=\"twitter:data1\" content=\"5\u00a0Minuten\" \/>\n<script type=\"application\/ld+json\" class=\"yoast-schema-graph\">{\"@context\":\"https:\/\/schema.org\",\"@graph\":[{\"@type\":\"WebPage\",\"@id\":\"https:\/\/www.wirbelwirrwarr.de\/index.php\/koordination-und-kraft\/\",\"url\":\"https:\/\/www.wirbelwirrwarr.de\/index.php\/koordination-und-kraft\/\",\"name\":\"Koordination und Kraft - wirbelwirrwarr\",\"isPartOf\":{\"@id\":\"https:\/\/www.wirbelwirrwarr.de\/#website\"},\"datePublished\":\"2023-02-20T06:50:11+00:00\",\"dateModified\":\"2025-04-25T08:39:34+00:00\",\"description\":\"Unter Aufsicht eines mit CCI und AAI vertrauten Arztes und\/oder Therapeuten k\u00f6nnen Trainingsvarianten zur Stabilisierung der Hals-, Brust- und Lendenwirbels\u00e4ule erarbeitet werde\",\"breadcrumb\":{\"@id\":\"https:\/\/www.wirbelwirrwarr.de\/index.php\/koordination-und-kraft\/#breadcrumb\"},\"inLanguage\":\"de\",\"potentialAction\":[{\"@type\":\"ReadAction\",\"target\":[\"https:\/\/www.wirbelwirrwarr.de\/index.php\/koordination-und-kraft\/\"]}]},{\"@type\":\"BreadcrumbList\",\"@id\":\"https:\/\/www.wirbelwirrwarr.de\/index.php\/koordination-und-kraft\/#breadcrumb\",\"itemListElement\":[{\"@type\":\"ListItem\",\"position\":1,\"name\":\"Startseite\",\"item\":\"https:\/\/www.wirbelwirrwarr.de\/\"},{\"@type\":\"ListItem\",\"position\":2,\"name\":\"Koordination und Kraft\"}]},{\"@type\":\"WebSite\",\"@id\":\"https:\/\/www.wirbelwirrwarr.de\/#website\",\"url\":\"https:\/\/www.wirbelwirrwarr.de\/\",\"name\":\"wirbelwirrwarr\",\"description\":\"Wie eine unsichtbare Krankheit mein Leben bunt macht\",\"publisher\":{\"@id\":\"https:\/\/www.wirbelwirrwarr.de\/#organization\"},\"potentialAction\":[{\"@type\":\"SearchAction\",\"target\":{\"@type\":\"EntryPoint\",\"urlTemplate\":\"https:\/\/www.wirbelwirrwarr.de\/?s={search_term_string}\"},\"query-input\":\"required name=search_term_string\"}],\"inLanguage\":\"de\"},{\"@type\":\"Organization\",\"@id\":\"https:\/\/www.wirbelwirrwarr.de\/#organization\",\"name\":\"wirbelwirrwarr\",\"url\":\"https:\/\/www.wirbelwirrwarr.de\/\",\"logo\":{\"@type\":\"ImageObject\",\"inLanguage\":\"de\",\"@id\":\"https:\/\/www.wirbelwirrwarr.de\/#\/schema\/logo\/image\/\",\"url\":\"https:\/\/www.wirbelwirrwarr.de\/wp-content\/uploads\/2023\/02\/logoatlas9.svg\",\"contentUrl\":\"https:\/\/www.wirbelwirrwarr.de\/wp-content\/uploads\/2023\/02\/logoatlas9.svg\",\"caption\":\"wirbelwirrwarr\"},\"image\":{\"@id\":\"https:\/\/www.wirbelwirrwarr.de\/#\/schema\/logo\/image\/\"}}]}<\/script>\n<!-- \/ Yoast SEO plugin. -->","yoast_head_json":{"title":"Koordination und Kraft - wirbelwirrwarr","description":"Unter Aufsicht eines mit CCI und AAI vertrauten Arztes und\/oder Therapeuten k\u00f6nnen Trainingsvarianten zur Stabilisierung der Hals-, Brust- und Lendenwirbels\u00e4ule erarbeitet werde","robots":{"index":"index","follow":"follow","max-snippet":"max-snippet:-1","max-image-preview":"max-image-preview:large","max-video-preview":"max-video-preview:-1"},"canonical":"https:\/\/www.wirbelwirrwarr.de\/index.php\/koordination-und-kraft\/","og_locale":"de_DE","og_type":"article","og_title":"Koordination und Kraft - wirbelwirrwarr","og_description":"Unter Aufsicht eines mit CCI und AAI vertrauten Arztes und\/oder Therapeuten k\u00f6nnen Trainingsvarianten zur Stabilisierung der Hals-, Brust- und Lendenwirbels\u00e4ule erarbeitet werde","og_url":"https:\/\/www.wirbelwirrwarr.de\/index.php\/koordination-und-kraft\/","og_site_name":"wirbelwirrwarr","article_modified_time":"2025-04-25T08:39:34+00:00","og_image":[{"url":"https:\/\/www.wirbelwirrwarr.de\/wp-content\/uploads\/2023\/02\/202204291326749701967905665-edited.jpg"}],"twitter_card":"summary_large_image","twitter_misc":{"Gesch\u00e4tzte Lesezeit":"5\u00a0Minuten"},"schema":{"@context":"https:\/\/schema.org","@graph":[{"@type":"WebPage","@id":"https:\/\/www.wirbelwirrwarr.de\/index.php\/koordination-und-kraft\/","url":"https:\/\/www.wirbelwirrwarr.de\/index.php\/koordination-und-kraft\/","name":"Koordination und Kraft - wirbelwirrwarr","isPartOf":{"@id":"https:\/\/www.wirbelwirrwarr.de\/#website"},"datePublished":"2023-02-20T06:50:11+00:00","dateModified":"2025-04-25T08:39:34+00:00","description":"Unter Aufsicht eines mit CCI und AAI vertrauten Arztes und\/oder Therapeuten k\u00f6nnen Trainingsvarianten zur Stabilisierung der Hals-, Brust- und Lendenwirbels\u00e4ule erarbeitet werde","breadcrumb":{"@id":"https:\/\/www.wirbelwirrwarr.de\/index.php\/koordination-und-kraft\/#breadcrumb"},"inLanguage":"de","potentialAction":[{"@type":"ReadAction","target":["https:\/\/www.wirbelwirrwarr.de\/index.php\/koordination-und-kraft\/"]}]},{"@type":"BreadcrumbList","@id":"https:\/\/www.wirbelwirrwarr.de\/index.php\/koordination-und-kraft\/#breadcrumb","itemListElement":[{"@type":"ListItem","position":1,"name":"Startseite","item":"https:\/\/www.wirbelwirrwarr.de\/"},{"@type":"ListItem","position":2,"name":"Koordination und Kraft"}]},{"@type":"WebSite","@id":"https:\/\/www.wirbelwirrwarr.de\/#website","url":"https:\/\/www.wirbelwirrwarr.de\/","name":"wirbelwirrwarr","description":"Wie eine unsichtbare Krankheit mein Leben bunt macht","publisher":{"@id":"https:\/\/www.wirbelwirrwarr.de\/#organization"},"potentialAction":[{"@type":"SearchAction","target":{"@type":"EntryPoint","urlTemplate":"https:\/\/www.wirbelwirrwarr.de\/?s={search_term_string}"},"query-input":"required name=search_term_string"}],"inLanguage":"de"},{"@type":"Organization","@id":"https:\/\/www.wirbelwirrwarr.de\/#organization","name":"wirbelwirrwarr","url":"https:\/\/www.wirbelwirrwarr.de\/","logo":{"@type":"ImageObject","inLanguage":"de","@id":"https:\/\/www.wirbelwirrwarr.de\/#\/schema\/logo\/image\/","url":"https:\/\/www.wirbelwirrwarr.de\/wp-content\/uploads\/2023\/02\/logoatlas9.svg","contentUrl":"https:\/\/www.wirbelwirrwarr.de\/wp-content\/uploads\/2023\/02\/logoatlas9.svg","caption":"wirbelwirrwarr"},"image":{"@id":"https:\/\/www.wirbelwirrwarr.de\/#\/schema\/logo\/image\/"}}]}},"_links":{"self":[{"href":"https:\/\/www.wirbelwirrwarr.de\/index.php\/wp-json\/wp\/v2\/pages\/11950"}],"collection":[{"href":"https:\/\/www.wirbelwirrwarr.de\/index.php\/wp-json\/wp\/v2\/pages"}],"about":[{"href":"https:\/\/www.wirbelwirrwarr.de\/index.php\/wp-json\/wp\/v2\/types\/page"}],"author":[{"embeddable":true,"href":"https:\/\/www.wirbelwirrwarr.de\/index.php\/wp-json\/wp\/v2\/users\/1"}],"replies":[{"embeddable":true,"href":"https:\/\/www.wirbelwirrwarr.de\/index.php\/wp-json\/wp\/v2\/comments?post=11950"}],"version-history":[{"count":27,"href":"https:\/\/www.wirbelwirrwarr.de\/index.php\/wp-json\/wp\/v2\/pages\/11950\/revisions"}],"predecessor-version":[{"id":17955,"href":"https:\/\/www.wirbelwirrwarr.de\/index.php\/wp-json\/wp\/v2\/pages\/11950\/revisions\/17955"}],"wp:attachment":[{"href":"https:\/\/www.wirbelwirrwarr.de\/index.php\/wp-json\/wp\/v2\/media?parent=11950"}],"curies":[{"name":"wp","href":"https:\/\/api.w.org\/{rel}","templated":true}]}}