{"id":11931,"date":"2023-02-20T07:48:39","date_gmt":"2023-02-20T06:48:39","guid":{"rendered":"https:\/\/www.wirbelwirrwarr.de\/?page_id=11931"},"modified":"2024-04-25T18:54:41","modified_gmt":"2024-04-25T16:54:41","slug":"vertrauen","status":"publish","type":"page","link":"https:\/\/www.wirbelwirrwarr.de\/index.php\/vertrauen\/","title":{"rendered":"Vertrauen"},"content":{"rendered":"\n<p>Wenn der eigene K\u00f6rper pl\u00f6tzlich nicht mehr wie gewohnt funktioniert, m\u00fcndet das manchmal in einem Vertrauensbruch. Aus einem bis dahin unumst\u00f6\u00dflichen &#8222;Mir passiert schon nichts.&#8220; wird ein &#8222;Wieso ausgerechnet ich?&#8220; Und dann kommt es drauf an&#8230;<\/p>\n\n\n\n<p>Erkenntnisse, wie &#8222;Ah! Das ist so, weil mich ein Pferd gebissen hat&#8220;, sind f\u00fcr uns zwar unsch\u00f6n, aber zugleich auch w\u00fcnschenswert. Sie pr\u00e4sentieren uns <strong>schnell <\/strong>und<strong> eindeutig <\/strong>eine Ursache f\u00fcr unser Leiden, die wir &#8211; und das ist das Entscheidende &#8211; zuk\u00fcnftig <strong>meiden k\u00f6nnen<\/strong>. Ganz anders bei nicht so klar eingrenzbaren Beschwerden, wie CCI\/AAI. Denn hierf\u00fcr ist oft kein eindeutiger und erst recht kein alleiniger Ausl\u00f6ser auszumachen. Somit kann im Nachhinein auch nicht einfach Abstand dazu eingenommen werden, zumal sich die verschiedenen ausl\u00f6senden Faktoren und deren Konsequenzen mit der Zeit vermischen und dadurch alles noch un\u00fcbersichtlicher wird. Wohin also mit dem Misstrauen, wenn kein konkretes Ziel existiert? Eigentlich bleibt da nur das einzig Greifbare: der eigene K\u00f6rper. <\/p>\n\n\n\n<h2 class=\"wp-block-heading\">Mistk\u00f6rper<\/h2>\n\n\n\n<p>Pausenloser Symptombeschuss kann einen in den Wahnsinn treiben, vor allem wenn man ihm partout nicht ausweichen kann. In sich selbst gefangengehalten b\u00e4umt sich bei Vielen neben Misstrauen nach und nach die \u00dcberzeugung auf, g\u00e4nzlich widerstandslos geworden zu sein &#8211; oder anders ausgedr\u00fcckt: ein hoffnungsloser Fall.<\/p>\n\n\n\n<p>Neues Futter f\u00fcr diese Haltung gibt es wie ein Souvenir nach jeder weiteren wirkungslosen Intervention durch \u00c4rzte, Therapeuten oder Heiler. Wut macht sich breit und am liebsten m\u00f6chte man ausholen, um sich selbst in den Hintern zu treten und dabei lauthals zu br\u00fcllen: &#8222;Mistk\u00f6rper, wieso kannst du nicht einfach heilen?!&#8220; <\/p>\n\n\n\n<p>Aber woher wollen wir eigentlich wissen, dass er das nicht l\u00e4ngst tut?<\/p>\n\n\n\n<h2 class=\"wp-block-heading\">Der K\u00f6rper wei\u00df sich zu helfen<\/h2>\n\n\n\n<p>Nach zehn Jahren als verkannter Zombie bin ich zu einer \u00dcberzeugung gelangt, die nicht einmal eine Abrissbirne zerschmettern k\u00f6nnte. Und das obwohl sie auf den ersten Blick unglaubw\u00fcrdig erscheint: Der K\u00f6rper wei\u00df sich zu helfen. Er wei\u00df es nicht nur, er tut es auch. <\/p>\n\n\n\n<p>Schon klar, sowas sollte ich mal den Angeh\u00f6rigen einer an einem Glioblastom zugrundegehenden Mutter vortragen, deren Kinder sie nicht mehr erkennen, weil die starken Medikamente ihr Gesicht wie Hefeteig aufgehen lassen. Oder einem schwer an CCI\/AAI erkrankten Vater, der es nicht mehr aus dem Bett schafft, zerfressen von Schuldgef\u00fchlen, weil er seiner Familie auf der Tasche liegt. Ich wei\u00df um solche Schicksale; ich bin Sterbebegleiterin. Ich wei\u00df, dass alles seine Grenzen hat. <\/p>\n\n\n\n<p>Aber zugleich auch wieder nicht! Der K\u00f6rper ist doch nicht nur ein kaltes St\u00fcck Fleisch auf zwei Stelzen ohne Recht auf Mitsprache. Er kann sich wandeln, anpassen, immense Kr\u00e4fte entfachen, Gleichgesinnte anziehen, mit seiner Umwelt interagieren, immense Verluste kompensieren und sogar Leben erschaffen. Das Potential ist theoretisch grenzenlos. Womit man im echten Leben allerdings rechnen muss, ist, dass dieses Potential manchmal blockiert und wir dann, ohne es zu merken, blind, taub und gef\u00fchllos f\u00fcr die Bemerkungen unseres K\u00f6rpers werden &#8211; schlimmstenfalls auch dann, wenn es sich dabei um Einspr\u00fcche handelt. <\/p>\n\n\n\n<p>H\u00e4? Der K\u00f6rper kann Einspruch einlegen? <\/p>\n\n\n\n<h2 class=\"wp-block-heading\">Geduldsprobe <\/h2>\n\n\n\n<p>Festzuhalten ist zun\u00e4chst, dass Potentialentfaltung (denn dabei waren wir ja eben) Energie verbraucht, genauso wie ein ungesunder Lebensstil, eine niederschmetternde Umgebung, Vorw\u00fcrfe, ertraglose Konflikte oder Entt\u00e4uschungen. Ersteres kann uns allerdings eine gewisse Rendite bescheren; der Rest hinterl\u00e4sst nur Baustellen. Manche Menschen haben davon mehr als sie bew\u00e4ltigen k\u00f6nnen, denn das Leben ist eben nicht immer nur rosarot. Auch Heilung bleibt in solchen schwierigen Phasen oft auf der Strecke, sodass unsere Geduld gleich durch mehrere Herausforderungen auf die Probe gestellt wird. <\/p>\n\n\n\n<p>Aus diesem Grund bin ich damals beinahe w\u00f6chentlich von Arzt zu Arzt gezogen, habe die buntesten Behandlungen ausprobiert, Spezialisten aufgesucht, mich mit Mikron\u00e4hrstoffen zugesch\u00fcttet &#8211; alles, um so <strong>schnell<\/strong> wie m\u00f6glich gesund zu werden und weil ich meinem K\u00f6rper diese Leistung nach diesem gro\u00dfen Vertrauensbruch nicht mehr zutraute und auch nichts davon wissen wollte, dass diese Strategie nur Schlimmeres herbeif\u00fchrte. Denn mein K\u00f6rper f\u00fchlte sich von meinem Misstrauen nicht angesprochen, sondern tat, was K\u00f6rper immer tun: heilen. Aber eben auf seine Weise, was mir wiederum ziemlich auf den Zeiger ging, da dadurch alle Therapieman\u00f6ver fr\u00fcher oder sp\u00e4ter gegen die Wand prallten. <\/p>\n\n\n\n<h2 class=\"wp-block-heading\">Mein K\u00f6rper muss es allein schaffen<\/h2>\n\n\n\n<p>Alles, worauf ich mich eingelassen habe, klang f\u00fcr mich zu Beginn vielversprechend. Doch entweder bewirkte die auserw\u00e4hlte Behandlung nur eine kurzzeitige Verbesserung oder bescherte mir noch mehr Symptome. Warum das so war, konnte ich erst begreifen, nachdem unsere Familie die Stadt mit all ihren M\u00f6glichkeiten verlassen hatte und auf&#8217;s Dorf zog. Dorthin, wo nicht an jedem zweiten Hauseingang ein goldenes Schild prangt, auf dem Dr. med. stand oder Praxis f\u00fcr XY. Das war das beste, was mir passieren konnte. <\/p>\n\n\n\n<p>Zugegeben, es f\u00fchlte sich anfangs an wie ein Entzug, nicht jederzeit zu einem Chiropraktor oder dergleichen gehen zu k\u00f6nnen. Aber irgendwann blickte ich auf die d\u00fcstere Bilanz der letzten Jahre und beschloss: Mein K\u00f6rper muss das jetzt allein schaffen. Anders geht es nicht. <\/p>\n\n\n\n<h2 class=\"wp-block-heading\">Viele K\u00f6che und so<\/h2>\n\n\n\n<p>Manchmal frage ich mich, ob mir all das Leid erspart geblieben w\u00e4re, wenn ich zumindest f\u00fcr eine gewisse Zeit akzeptiert h\u00e4tte, dass auch ich nicht immer gleichzeitig Baustellen zusch\u00fctten und regenerieren kann. Wenn ich nicht schnurstracks einen \u00c4rztemarathon begonnen und alles auf den Kopf gestellt h\u00e4tte, als das erste Symptom auftauchte, sondern etwas geduldiger mit meinem K\u00f6rper gewesen w\u00e4re &#8211; und eigentlich kenne ich die Antwort. Mein K\u00f6rper wollte heilen, weil er ja nicht anders konnte. Nur tut so ein K\u00f6rper das in dem Tempo und auf die Weise, die er f\u00fcr angebracht h\u00e4lt. So ein K\u00f6rper kennt sich schlie\u00dflich selbst am allerbesten. <\/p>\n\n\n\n<p>Aber ich war zu ungeduldig, lie\u00df deshalb Behandlungen \u00fcber mich ergehen, die in diese Heilung einschritten und mitunter sogar neue Baustellen er\u00f6ffneten. Ich kann nur sagen, es stimmt, was man sagt: Viele K\u00f6che verderben den Brei. Oder eben die Gesundheit. <\/p>\n\n\n\n<p>Vielleicht t\u00e4te mehr Vertrauen uns allen gut. Doch ich kann nur f\u00fcr mich sprechen. Seit mein K\u00f6rper wieder Mitspracherecht hat, l\u00e4uft&#8217;s bei mir. <\/p>\n\n\n\n<hr class=\"wp-block-separator has-alpha-channel-opacity\"\/>\n\n\n\n<p><em>Kuklinski, B. &amp; Schemionek, A.&nbsp;(2016).&nbsp;Schwachstelle Genick \u2013 Ursachen, Auswirkungen und erfolgreiche Therapie. (15. Auflage), Aurum.<br>Kuklinski, B. &amp; Schemionek, A. (2020). Mitochondrientherapie \u2013 Die Alternative. Aurum.<br>Kuklinski, B.&nbsp;(2018).&nbsp;Das HWS-Trauma \u2013 Ursachen, Diagnose und Therapie. (9. Auflage), Aurum.<br>Kuklinski, B. (2018). Mitochondrien &#8211; Symptome, Diagnose und Therapie. Aurum.<\/em><br><em>Myhill, S. (2018). Diagnosis and treatment of chronic fatigue syndrome and myalgic encephalitis. It\u2019s mitochondria not hypochondria. Chelsea Green.<br>Ohmer, U. (2013). Chronische Erkrankungen erfolgreich behandelt mit der Regenerativen Mitochondrien-Medizin. tao.<\/em><\/p>\n","protected":false},"excerpt":{"rendered":"<p>Wenn der eigene K\u00f6rper pl\u00f6tzlich nicht mehr wie gewohnt funktioniert, m\u00fcndet das manchmal in einem Vertrauensbruch. Aus einem bis dahin unumst\u00f6\u00dflichen &#8222;Mir passiert schon nichts.&#8220; wird ein &#8222;Wieso ausgerechnet ich?&#8220; Und dann kommt es drauf an&#8230; Erkenntnisse, wie &#8222;Ah! Das ist so, weil mich ein Pferd gebissen hat&#8220;, sind f\u00fcr uns zwar unsch\u00f6n, aber zugleich auch w\u00fcnschenswert. Sie pr\u00e4sentieren uns schnell und eindeutig eine Ursache f\u00fcr unser Leiden, die wir &#8211; und das ist das Entscheidende &#8211; zuk\u00fcnftig meiden k\u00f6nnen. Ganz anders bei nicht so klar eingrenzbaren Beschwerden, wie CCI\/AAI. Denn hierf\u00fcr ist oft kein eindeutiger und erst recht [&hellip;]<\/p>\n","protected":false},"author":1,"featured_media":12028,"parent":0,"menu_order":0,"comment_status":"closed","ping_status":"closed","template":"","meta":{"inline_featured_image":false,"footnotes":""},"yoast_head":"<!-- This site is optimized with the Yoast SEO plugin v21.8 - https:\/\/yoast.com\/wordpress\/plugins\/seo\/ -->\n<title>Vertrauen - wirbelwirrwarr<\/title>\n<meta name=\"description\" content=\"Wenn der eigene K\u00f6rper pl\u00f6tzlich nicht mehr wie gewohnt funktioniert, m\u00fcndet das manchmal in einem Vertrauensbruch.\" \/>\n<meta name=\"robots\" content=\"index, follow, max-snippet:-1, max-image-preview:large, max-video-preview:-1\" \/>\n<link rel=\"canonical\" href=\"https:\/\/www.wirbelwirrwarr.de\/index.php\/vertrauen\/\" \/>\n<meta property=\"og:locale\" content=\"de_DE\" \/>\n<meta property=\"og:type\" content=\"article\" \/>\n<meta property=\"og:title\" content=\"Vertrauen - wirbelwirrwarr\" \/>\n<meta property=\"og:description\" content=\"Wenn der eigene K\u00f6rper pl\u00f6tzlich nicht mehr wie gewohnt funktioniert, m\u00fcndet das manchmal in einem Vertrauensbruch.\" \/>\n<meta property=\"og:url\" content=\"https:\/\/www.wirbelwirrwarr.de\/index.php\/vertrauen\/\" \/>\n<meta property=\"og:site_name\" content=\"wirbelwirrwarr\" \/>\n<meta property=\"article:modified_time\" content=\"2024-04-25T16:54:41+00:00\" \/>\n<meta property=\"og:image\" content=\"https:\/\/www.wirbelwirrwarr.de\/wp-content\/uploads\/2023\/02\/kirahoffmann-pixa.png\" \/>\n\t<meta property=\"og:image:width\" content=\"1200\" \/>\n\t<meta property=\"og:image:height\" content=\"900\" \/>\n\t<meta property=\"og:image:type\" content=\"image\/png\" \/>\n<meta name=\"twitter:card\" content=\"summary_large_image\" \/>\n<meta name=\"twitter:label1\" content=\"Gesch\u00e4tzte Lesezeit\" \/>\n\t<meta name=\"twitter:data1\" content=\"6\u00a0Minuten\" \/>\n<script type=\"application\/ld+json\" class=\"yoast-schema-graph\">{\"@context\":\"https:\/\/schema.org\",\"@graph\":[{\"@type\":\"WebPage\",\"@id\":\"https:\/\/www.wirbelwirrwarr.de\/index.php\/vertrauen\/\",\"url\":\"https:\/\/www.wirbelwirrwarr.de\/index.php\/vertrauen\/\",\"name\":\"Vertrauen - wirbelwirrwarr\",\"isPartOf\":{\"@id\":\"https:\/\/www.wirbelwirrwarr.de\/#website\"},\"datePublished\":\"2023-02-20T06:48:39+00:00\",\"dateModified\":\"2024-04-25T16:54:41+00:00\",\"description\":\"Wenn der eigene K\u00f6rper pl\u00f6tzlich nicht mehr wie gewohnt funktioniert, m\u00fcndet das manchmal in einem Vertrauensbruch.\",\"breadcrumb\":{\"@id\":\"https:\/\/www.wirbelwirrwarr.de\/index.php\/vertrauen\/#breadcrumb\"},\"inLanguage\":\"de\",\"potentialAction\":[{\"@type\":\"ReadAction\",\"target\":[\"https:\/\/www.wirbelwirrwarr.de\/index.php\/vertrauen\/\"]}]},{\"@type\":\"BreadcrumbList\",\"@id\":\"https:\/\/www.wirbelwirrwarr.de\/index.php\/vertrauen\/#breadcrumb\",\"itemListElement\":[{\"@type\":\"ListItem\",\"position\":1,\"name\":\"Startseite\",\"item\":\"https:\/\/www.wirbelwirrwarr.de\/\"},{\"@type\":\"ListItem\",\"position\":2,\"name\":\"Vertrauen\"}]},{\"@type\":\"WebSite\",\"@id\":\"https:\/\/www.wirbelwirrwarr.de\/#website\",\"url\":\"https:\/\/www.wirbelwirrwarr.de\/\",\"name\":\"wirbelwirrwarr\",\"description\":\"Wie eine unsichtbare Krankheit mein Leben bunt macht\",\"publisher\":{\"@id\":\"https:\/\/www.wirbelwirrwarr.de\/#organization\"},\"potentialAction\":[{\"@type\":\"SearchAction\",\"target\":{\"@type\":\"EntryPoint\",\"urlTemplate\":\"https:\/\/www.wirbelwirrwarr.de\/?s={search_term_string}\"},\"query-input\":\"required name=search_term_string\"}],\"inLanguage\":\"de\"},{\"@type\":\"Organization\",\"@id\":\"https:\/\/www.wirbelwirrwarr.de\/#organization\",\"name\":\"wirbelwirrwarr\",\"url\":\"https:\/\/www.wirbelwirrwarr.de\/\",\"logo\":{\"@type\":\"ImageObject\",\"inLanguage\":\"de\",\"@id\":\"https:\/\/www.wirbelwirrwarr.de\/#\/schema\/logo\/image\/\",\"url\":\"https:\/\/www.wirbelwirrwarr.de\/wp-content\/uploads\/2023\/02\/logoatlas9.svg\",\"contentUrl\":\"https:\/\/www.wirbelwirrwarr.de\/wp-content\/uploads\/2023\/02\/logoatlas9.svg\",\"caption\":\"wirbelwirrwarr\"},\"image\":{\"@id\":\"https:\/\/www.wirbelwirrwarr.de\/#\/schema\/logo\/image\/\"}}]}<\/script>\n<!-- \/ Yoast SEO plugin. -->","yoast_head_json":{"title":"Vertrauen - wirbelwirrwarr","description":"Wenn der eigene K\u00f6rper pl\u00f6tzlich nicht mehr wie gewohnt funktioniert, m\u00fcndet das manchmal in einem Vertrauensbruch.","robots":{"index":"index","follow":"follow","max-snippet":"max-snippet:-1","max-image-preview":"max-image-preview:large","max-video-preview":"max-video-preview:-1"},"canonical":"https:\/\/www.wirbelwirrwarr.de\/index.php\/vertrauen\/","og_locale":"de_DE","og_type":"article","og_title":"Vertrauen - wirbelwirrwarr","og_description":"Wenn der eigene K\u00f6rper pl\u00f6tzlich nicht mehr wie gewohnt funktioniert, m\u00fcndet das manchmal in einem Vertrauensbruch.","og_url":"https:\/\/www.wirbelwirrwarr.de\/index.php\/vertrauen\/","og_site_name":"wirbelwirrwarr","article_modified_time":"2024-04-25T16:54:41+00:00","og_image":[{"width":1200,"height":900,"url":"https:\/\/www.wirbelwirrwarr.de\/wp-content\/uploads\/2023\/02\/kirahoffmann-pixa.png","type":"image\/png"}],"twitter_card":"summary_large_image","twitter_misc":{"Gesch\u00e4tzte Lesezeit":"6\u00a0Minuten"},"schema":{"@context":"https:\/\/schema.org","@graph":[{"@type":"WebPage","@id":"https:\/\/www.wirbelwirrwarr.de\/index.php\/vertrauen\/","url":"https:\/\/www.wirbelwirrwarr.de\/index.php\/vertrauen\/","name":"Vertrauen - wirbelwirrwarr","isPartOf":{"@id":"https:\/\/www.wirbelwirrwarr.de\/#website"},"datePublished":"2023-02-20T06:48:39+00:00","dateModified":"2024-04-25T16:54:41+00:00","description":"Wenn der eigene K\u00f6rper pl\u00f6tzlich nicht mehr wie gewohnt funktioniert, m\u00fcndet das manchmal in einem Vertrauensbruch.","breadcrumb":{"@id":"https:\/\/www.wirbelwirrwarr.de\/index.php\/vertrauen\/#breadcrumb"},"inLanguage":"de","potentialAction":[{"@type":"ReadAction","target":["https:\/\/www.wirbelwirrwarr.de\/index.php\/vertrauen\/"]}]},{"@type":"BreadcrumbList","@id":"https:\/\/www.wirbelwirrwarr.de\/index.php\/vertrauen\/#breadcrumb","itemListElement":[{"@type":"ListItem","position":1,"name":"Startseite","item":"https:\/\/www.wirbelwirrwarr.de\/"},{"@type":"ListItem","position":2,"name":"Vertrauen"}]},{"@type":"WebSite","@id":"https:\/\/www.wirbelwirrwarr.de\/#website","url":"https:\/\/www.wirbelwirrwarr.de\/","name":"wirbelwirrwarr","description":"Wie eine unsichtbare Krankheit mein Leben bunt macht","publisher":{"@id":"https:\/\/www.wirbelwirrwarr.de\/#organization"},"potentialAction":[{"@type":"SearchAction","target":{"@type":"EntryPoint","urlTemplate":"https:\/\/www.wirbelwirrwarr.de\/?s={search_term_string}"},"query-input":"required name=search_term_string"}],"inLanguage":"de"},{"@type":"Organization","@id":"https:\/\/www.wirbelwirrwarr.de\/#organization","name":"wirbelwirrwarr","url":"https:\/\/www.wirbelwirrwarr.de\/","logo":{"@type":"ImageObject","inLanguage":"de","@id":"https:\/\/www.wirbelwirrwarr.de\/#\/schema\/logo\/image\/","url":"https:\/\/www.wirbelwirrwarr.de\/wp-content\/uploads\/2023\/02\/logoatlas9.svg","contentUrl":"https:\/\/www.wirbelwirrwarr.de\/wp-content\/uploads\/2023\/02\/logoatlas9.svg","caption":"wirbelwirrwarr"},"image":{"@id":"https:\/\/www.wirbelwirrwarr.de\/#\/schema\/logo\/image\/"}}]}},"_links":{"self":[{"href":"https:\/\/www.wirbelwirrwarr.de\/index.php\/wp-json\/wp\/v2\/pages\/11931"}],"collection":[{"href":"https:\/\/www.wirbelwirrwarr.de\/index.php\/wp-json\/wp\/v2\/pages"}],"about":[{"href":"https:\/\/www.wirbelwirrwarr.de\/index.php\/wp-json\/wp\/v2\/types\/page"}],"author":[{"embeddable":true,"href":"https:\/\/www.wirbelwirrwarr.de\/index.php\/wp-json\/wp\/v2\/users\/1"}],"replies":[{"embeddable":true,"href":"https:\/\/www.wirbelwirrwarr.de\/index.php\/wp-json\/wp\/v2\/comments?post=11931"}],"version-history":[{"count":37,"href":"https:\/\/www.wirbelwirrwarr.de\/index.php\/wp-json\/wp\/v2\/pages\/11931\/revisions"}],"predecessor-version":[{"id":16150,"href":"https:\/\/www.wirbelwirrwarr.de\/index.php\/wp-json\/wp\/v2\/pages\/11931\/revisions\/16150"}],"wp:featuredmedia":[{"embeddable":true,"href":"https:\/\/www.wirbelwirrwarr.de\/index.php\/wp-json\/wp\/v2\/media\/12028"}],"wp:attachment":[{"href":"https:\/\/www.wirbelwirrwarr.de\/index.php\/wp-json\/wp\/v2\/media?parent=11931"}],"curies":[{"name":"wp","href":"https:\/\/api.w.org\/{rel}","templated":true}]}}