{"id":11624,"date":"2023-02-08T15:28:11","date_gmt":"2023-02-08T14:28:11","guid":{"rendered":"https:\/\/www.wirbelwirrwarr.de\/?page_id=11624"},"modified":"2024-04-17T16:54:59","modified_gmt":"2024-04-17T14:54:59","slug":"heds-kriterien","status":"publish","type":"page","link":"https:\/\/www.wirbelwirrwarr.de\/index.php\/heds-kriterien\/","title":{"rendered":"hEDS &#8211; Kriterien"},"content":{"rendered":"\n<p>F\u00fcr die Diagnose von hEDS m\u00fcssen bestimmte Kriterien erf\u00fcllt sein. Diese sind jedoch nicht starr, sondern wandeln sich mit zunehmenden Erkenntnissen. hEDS ist bunt. Bis zur n\u00e4chsten diagnostischen Revolution orientieren sich \u00c4rzte jedoch vorerst an drei Kriterien, wobei sich das zweite in A, B und C untergliedert.&nbsp;<\/p>\n\n\n\n<h2 class=\"wp-block-heading\">Kriterium 1<\/h2>\n\n\n\n<p>F\u00fcr eine hEDS-Diagnose m\u00fcssen drei Kriterien erf\u00fcllt sein. <\/p>\n\n\n\n<p>Kriterium 1<em>:<\/em> ein positiver Beighton Score <em>(Der Beighton Score ist ein Test, der verwendet wird, um die Hypermobilit\u00e4t der Gelenke zu bewerten und damit das Vorliegen des Hypermobility Spectrum Disorders (HSD) oder des Ehlers-Danlos-Syndroms (EDS) zu bestimmen. Der Beighton Score bewertet die Beweglichkeit in neun Gelenken &#8211; jeweils f\u00fcnf im rechten und linken Arm, im rechten und linken Bein sowie im R\u00fccken &#8211; auf einer Skala von 0 bis 9. Ein hoher Beighton Score von 5 oder mehr kann auf ein HSD oder EDS hindeuten, aber er ist keine definitive Diagnose.)<\/em><\/p>\n\n\n\n<p>Kinder: 6 von 9<br>Menschen \u00fcber 50: 4 von 9<br>Menschen unter 50: 5 von 9<\/p>\n\n\n\n<p>Achtung! Fehlt beim Beighton-Score ein Punkt, kann \u00fcber das 5-Fragen-System (zweimal positive Antwort) dennoch die Diagnose Generalisierte Hypermobilit\u00e4t gestellt werden!<br>Die Fragen sind:<\/p>\n\n\n\n<ul>\n<li>Kannst du oder konntest du deine H\u00e4nde in der Vergangenheit flach auf dem Boden ablegen ohne deine Knie zu beugen? (Hypermobile sind oft steif, weshalb sie solche Kunstst\u00fccke f\u00fcr sie wider Erwarten nicht selbstverst\u00e4ndlich sind!)<\/li>\n\n\n\n<li>Kannst du oder konntest du deinen Daumen an den Unterarm anlegen?<\/li>\n\n\n\n<li>Hast du als Kind deine Freunde am\u00fcsiert, indem du ungew\u00f6hnliche Verrenkungen vorgef\u00fchrt hast, oder konntest du Spagat?<\/li>\n\n\n\n<li>Hast du dir deine Schulter oder Kniescheibe als Kind mehr als einmal (sub)luxiert?<\/li>\n\n\n\n<li>Bezeichnest du dich selbst als double jointed? (meint: sehr gelenkig<em>)<\/em><\/li>\n<\/ul>\n\n\n\n<div style=\"height:20px\" aria-hidden=\"true\" class=\"wp-block-spacer\"><\/div>\n\n\n\n<h2 class=\"wp-block-heading\">Kriterium 2<\/h2>\n\n\n\n<p>Hierf\u00fcr m\u00fcssen zwei oder mehr der im Folgenden aufgef\u00fchrten Features vorhanden sein (entweder A +B, A+C oder B+C):<\/p>\n\n\n\n<p>Feature A (mindestens 5 Punkte m\u00fcssen erf\u00fcllt sein): <\/p>\n\n\n\n<ul>\n<li>weichte, samtige Haut<\/li>\n\n\n\n<li>milde Hautdehnbarkeit<\/li>\n\n\n\n<li>nicht erkl\u00e4rliche Dehnungsstreifen<\/li>\n\n\n\n<li>Hernien<\/li>\n\n\n\n<li>Piezogene Papeln an den Fersen<\/li>\n\n\n\n<li>Atrophische Narben (nicht hauchd\u00fcnn)<\/li>\n\n\n\n<li>Uterus- und Rekum-Prolaps<\/li>\n\n\n\n<li>Engstehende Z\u00e4hne, hoher, schmaler Gaumen<\/li>\n\n\n\n<li>Arachnodaktylie <\/li>\n\n\n\n<li>Verh\u00e4ltnis von Armspanne zu K\u00f6rpergr\u00f6\u00dfe &gt; 1,05<\/li>\n\n\n\n<li>Mitralklappenprolaps <\/li>\n\n\n\n<li>Aortenwurzelerweiterung<\/li>\n<\/ul>\n\n\n\n<p>Feature B:<\/p>\n\n\n\n<ul>\n<li>positive Familiengeschichte<\/li>\n<\/ul>\n\n\n\n<p>Feature C (mindestens ein  Punkt muss erf\u00fcllt sein):<\/p>\n\n\n\n<ul>\n<li>Muskuloskeletaler Schmerz in zwei oder mehr Extremit\u00e4ten (l\u00e4nger als drei Monate)<\/li>\n\n\n\n<li>chronischer globaler Schmerz<\/li>\n\n\n\n<li>Rezidivierende Gelenksdislokationen oder Instabilit\u00e4t ohne Trauma <\/li>\n<\/ul>\n\n\n\n<div style=\"height:20px\" aria-hidden=\"true\" class=\"wp-block-spacer\"><\/div>\n\n\n\n<h2 class=\"wp-block-heading\">Kriterium 3<\/h2>\n\n\n\n<ul>\n<li>Abwesenheit von un\u00fcblicher Hautbr\u00fcchigkeit<\/li>\n\n\n\n<li>Ausschluss anderer angeborener und erworbener Bindegewebserkrankungen<\/li>\n\n\n\n<li>Personen mit Autoimmunerkrankungen erhalten die Diagnose bei Vorhandensein von A und B.  Schmerz oder Instabilit\u00e4t wird hierbei nicht ber\u00fccksichtigt.&nbsp;<\/li>\n\n\n\n<li>Ausschluss anderer Erkrankungen, die Hypermobilit\u00e4t oder lasches Bindegewebe verursachen.<\/li>\n<\/ul>\n\n\n\n<div style=\"height:20px\" aria-hidden=\"true\" class=\"wp-block-spacer\"><\/div>\n","protected":false},"excerpt":{"rendered":"<p>F\u00fcr die Diagnose von hEDS m\u00fcssen bestimmte Kriterien erf\u00fcllt sein. Diese sind jedoch nicht starr, sondern wandeln sich mit zunehmenden Erkenntnissen. hEDS ist bunt. Bis zur n\u00e4chsten diagnostischen Revolution orientieren sich \u00c4rzte jedoch vorerst an drei Kriterien, wobei sich das zweite in A, B und C untergliedert.&nbsp; Kriterium 1 F\u00fcr eine hEDS-Diagnose m\u00fcssen drei Kriterien erf\u00fcllt sein. Kriterium 1: ein positiver Beighton Score (Der Beighton Score ist ein Test, der verwendet wird, um die Hypermobilit\u00e4t der Gelenke zu bewerten und damit das Vorliegen des Hypermobility Spectrum Disorders (HSD) oder des Ehlers-Danlos-Syndroms (EDS) zu bestimmen. Der Beighton Score bewertet die [&hellip;]<\/p>\n","protected":false},"author":1,"featured_media":16045,"parent":0,"menu_order":0,"comment_status":"closed","ping_status":"closed","template":"","meta":{"inline_featured_image":false,"footnotes":""},"yoast_head":"<!-- This site is optimized with the Yoast SEO plugin v21.8 - https:\/\/yoast.com\/wordpress\/plugins\/seo\/ -->\n<title>hEDS - Kriterien - wirbelwirrwarr<\/title>\n<meta name=\"description\" content=\"F\u00fcr die Diagnose von hEDS m\u00fcssen bestimmte Kriterien erf\u00fcllt sein. Diese sind jedoch nicht starr, sondern wandeln sich\" \/>\n<meta name=\"robots\" content=\"index, follow, max-snippet:-1, max-image-preview:large, max-video-preview:-1\" \/>\n<link rel=\"canonical\" href=\"https:\/\/www.wirbelwirrwarr.de\/index.php\/heds-kriterien\/\" \/>\n<meta property=\"og:locale\" content=\"de_DE\" \/>\n<meta property=\"og:type\" content=\"article\" \/>\n<meta property=\"og:title\" content=\"hEDS - Kriterien - wirbelwirrwarr\" \/>\n<meta property=\"og:description\" content=\"F\u00fcr die Diagnose von hEDS m\u00fcssen bestimmte Kriterien erf\u00fcllt sein. Diese sind jedoch nicht starr, sondern wandeln sich\" \/>\n<meta property=\"og:url\" content=\"https:\/\/www.wirbelwirrwarr.de\/index.php\/heds-kriterien\/\" \/>\n<meta property=\"og:site_name\" content=\"wirbelwirrwarr\" \/>\n<meta property=\"article:modified_time\" content=\"2024-04-17T14:54:59+00:00\" \/>\n<meta property=\"og:image\" content=\"https:\/\/www.wirbelwirrwarr.de\/wp-content\/uploads\/2024\/04\/DALL\u00b7E-2024-04-17-16.54.05-A-pop-art-style-image-of-a-noodle-man-depicted-in-a-vibrant-and-colorful-manner-characteristic-of-pop-art.-The-noodle-man-should-be-whimsically-d-e1713365693240.webp\" \/>\n\t<meta property=\"og:image:width\" content=\"1364\" \/>\n\t<meta property=\"og:image:height\" content=\"1024\" \/>\n\t<meta property=\"og:image:type\" content=\"image\/webp\" \/>\n<meta name=\"twitter:card\" content=\"summary_large_image\" \/>\n<meta name=\"twitter:label1\" content=\"Gesch\u00e4tzte Lesezeit\" \/>\n\t<meta name=\"twitter:data1\" content=\"3\u00a0Minuten\" \/>\n<script type=\"application\/ld+json\" class=\"yoast-schema-graph\">{\"@context\":\"https:\/\/schema.org\",\"@graph\":[{\"@type\":\"WebPage\",\"@id\":\"https:\/\/www.wirbelwirrwarr.de\/index.php\/heds-kriterien\/\",\"url\":\"https:\/\/www.wirbelwirrwarr.de\/index.php\/heds-kriterien\/\",\"name\":\"hEDS - Kriterien - wirbelwirrwarr\",\"isPartOf\":{\"@id\":\"https:\/\/www.wirbelwirrwarr.de\/#website\"},\"datePublished\":\"2023-02-08T14:28:11+00:00\",\"dateModified\":\"2024-04-17T14:54:59+00:00\",\"description\":\"F\u00fcr die Diagnose von hEDS m\u00fcssen bestimmte Kriterien erf\u00fcllt sein. Diese sind jedoch nicht starr, sondern wandeln sich\",\"breadcrumb\":{\"@id\":\"https:\/\/www.wirbelwirrwarr.de\/index.php\/heds-kriterien\/#breadcrumb\"},\"inLanguage\":\"de\",\"potentialAction\":[{\"@type\":\"ReadAction\",\"target\":[\"https:\/\/www.wirbelwirrwarr.de\/index.php\/heds-kriterien\/\"]}]},{\"@type\":\"BreadcrumbList\",\"@id\":\"https:\/\/www.wirbelwirrwarr.de\/index.php\/heds-kriterien\/#breadcrumb\",\"itemListElement\":[{\"@type\":\"ListItem\",\"position\":1,\"name\":\"Startseite\",\"item\":\"https:\/\/www.wirbelwirrwarr.de\/\"},{\"@type\":\"ListItem\",\"position\":2,\"name\":\"hEDS &#8211; Kriterien\"}]},{\"@type\":\"WebSite\",\"@id\":\"https:\/\/www.wirbelwirrwarr.de\/#website\",\"url\":\"https:\/\/www.wirbelwirrwarr.de\/\",\"name\":\"wirbelwirrwarr\",\"description\":\"Wie eine unsichtbare Krankheit mein Leben bunt macht\",\"publisher\":{\"@id\":\"https:\/\/www.wirbelwirrwarr.de\/#organization\"},\"potentialAction\":[{\"@type\":\"SearchAction\",\"target\":{\"@type\":\"EntryPoint\",\"urlTemplate\":\"https:\/\/www.wirbelwirrwarr.de\/?s={search_term_string}\"},\"query-input\":\"required name=search_term_string\"}],\"inLanguage\":\"de\"},{\"@type\":\"Organization\",\"@id\":\"https:\/\/www.wirbelwirrwarr.de\/#organization\",\"name\":\"wirbelwirrwarr\",\"url\":\"https:\/\/www.wirbelwirrwarr.de\/\",\"logo\":{\"@type\":\"ImageObject\",\"inLanguage\":\"de\",\"@id\":\"https:\/\/www.wirbelwirrwarr.de\/#\/schema\/logo\/image\/\",\"url\":\"https:\/\/www.wirbelwirrwarr.de\/wp-content\/uploads\/2023\/02\/logoatlas9.svg\",\"contentUrl\":\"https:\/\/www.wirbelwirrwarr.de\/wp-content\/uploads\/2023\/02\/logoatlas9.svg\",\"caption\":\"wirbelwirrwarr\"},\"image\":{\"@id\":\"https:\/\/www.wirbelwirrwarr.de\/#\/schema\/logo\/image\/\"}}]}<\/script>\n<!-- \/ Yoast SEO plugin. -->","yoast_head_json":{"title":"hEDS - Kriterien - wirbelwirrwarr","description":"F\u00fcr die Diagnose von hEDS m\u00fcssen bestimmte Kriterien erf\u00fcllt sein. Diese sind jedoch nicht starr, sondern wandeln sich","robots":{"index":"index","follow":"follow","max-snippet":"max-snippet:-1","max-image-preview":"max-image-preview:large","max-video-preview":"max-video-preview:-1"},"canonical":"https:\/\/www.wirbelwirrwarr.de\/index.php\/heds-kriterien\/","og_locale":"de_DE","og_type":"article","og_title":"hEDS - Kriterien - wirbelwirrwarr","og_description":"F\u00fcr die Diagnose von hEDS m\u00fcssen bestimmte Kriterien erf\u00fcllt sein. Diese sind jedoch nicht starr, sondern wandeln sich","og_url":"https:\/\/www.wirbelwirrwarr.de\/index.php\/heds-kriterien\/","og_site_name":"wirbelwirrwarr","article_modified_time":"2024-04-17T14:54:59+00:00","og_image":[{"width":1364,"height":1024,"url":"https:\/\/www.wirbelwirrwarr.de\/wp-content\/uploads\/2024\/04\/DALL\u00b7E-2024-04-17-16.54.05-A-pop-art-style-image-of-a-noodle-man-depicted-in-a-vibrant-and-colorful-manner-characteristic-of-pop-art.-The-noodle-man-should-be-whimsically-d-e1713365693240.webp","type":"image\/webp"}],"twitter_card":"summary_large_image","twitter_misc":{"Gesch\u00e4tzte Lesezeit":"3\u00a0Minuten"},"schema":{"@context":"https:\/\/schema.org","@graph":[{"@type":"WebPage","@id":"https:\/\/www.wirbelwirrwarr.de\/index.php\/heds-kriterien\/","url":"https:\/\/www.wirbelwirrwarr.de\/index.php\/heds-kriterien\/","name":"hEDS - Kriterien - wirbelwirrwarr","isPartOf":{"@id":"https:\/\/www.wirbelwirrwarr.de\/#website"},"datePublished":"2023-02-08T14:28:11+00:00","dateModified":"2024-04-17T14:54:59+00:00","description":"F\u00fcr die Diagnose von hEDS m\u00fcssen bestimmte Kriterien erf\u00fcllt sein. Diese sind jedoch nicht starr, sondern wandeln sich","breadcrumb":{"@id":"https:\/\/www.wirbelwirrwarr.de\/index.php\/heds-kriterien\/#breadcrumb"},"inLanguage":"de","potentialAction":[{"@type":"ReadAction","target":["https:\/\/www.wirbelwirrwarr.de\/index.php\/heds-kriterien\/"]}]},{"@type":"BreadcrumbList","@id":"https:\/\/www.wirbelwirrwarr.de\/index.php\/heds-kriterien\/#breadcrumb","itemListElement":[{"@type":"ListItem","position":1,"name":"Startseite","item":"https:\/\/www.wirbelwirrwarr.de\/"},{"@type":"ListItem","position":2,"name":"hEDS &#8211; Kriterien"}]},{"@type":"WebSite","@id":"https:\/\/www.wirbelwirrwarr.de\/#website","url":"https:\/\/www.wirbelwirrwarr.de\/","name":"wirbelwirrwarr","description":"Wie eine unsichtbare Krankheit mein Leben bunt macht","publisher":{"@id":"https:\/\/www.wirbelwirrwarr.de\/#organization"},"potentialAction":[{"@type":"SearchAction","target":{"@type":"EntryPoint","urlTemplate":"https:\/\/www.wirbelwirrwarr.de\/?s={search_term_string}"},"query-input":"required name=search_term_string"}],"inLanguage":"de"},{"@type":"Organization","@id":"https:\/\/www.wirbelwirrwarr.de\/#organization","name":"wirbelwirrwarr","url":"https:\/\/www.wirbelwirrwarr.de\/","logo":{"@type":"ImageObject","inLanguage":"de","@id":"https:\/\/www.wirbelwirrwarr.de\/#\/schema\/logo\/image\/","url":"https:\/\/www.wirbelwirrwarr.de\/wp-content\/uploads\/2023\/02\/logoatlas9.svg","contentUrl":"https:\/\/www.wirbelwirrwarr.de\/wp-content\/uploads\/2023\/02\/logoatlas9.svg","caption":"wirbelwirrwarr"},"image":{"@id":"https:\/\/www.wirbelwirrwarr.de\/#\/schema\/logo\/image\/"}}]}},"_links":{"self":[{"href":"https:\/\/www.wirbelwirrwarr.de\/index.php\/wp-json\/wp\/v2\/pages\/11624"}],"collection":[{"href":"https:\/\/www.wirbelwirrwarr.de\/index.php\/wp-json\/wp\/v2\/pages"}],"about":[{"href":"https:\/\/www.wirbelwirrwarr.de\/index.php\/wp-json\/wp\/v2\/types\/page"}],"author":[{"embeddable":true,"href":"https:\/\/www.wirbelwirrwarr.de\/index.php\/wp-json\/wp\/v2\/users\/1"}],"replies":[{"embeddable":true,"href":"https:\/\/www.wirbelwirrwarr.de\/index.php\/wp-json\/wp\/v2\/comments?post=11624"}],"version-history":[{"count":12,"href":"https:\/\/www.wirbelwirrwarr.de\/index.php\/wp-json\/wp\/v2\/pages\/11624\/revisions"}],"predecessor-version":[{"id":12590,"href":"https:\/\/www.wirbelwirrwarr.de\/index.php\/wp-json\/wp\/v2\/pages\/11624\/revisions\/12590"}],"wp:featuredmedia":[{"embeddable":true,"href":"https:\/\/www.wirbelwirrwarr.de\/index.php\/wp-json\/wp\/v2\/media\/16045"}],"wp:attachment":[{"href":"https:\/\/www.wirbelwirrwarr.de\/index.php\/wp-json\/wp\/v2\/media?parent=11624"}],"curies":[{"name":"wp","href":"https:\/\/api.w.org\/{rel}","templated":true}]}}