{"id":11618,"date":"2023-02-08T15:02:16","date_gmt":"2023-02-08T14:02:16","guid":{"rendered":"https:\/\/www.wirbelwirrwarr.de\/?page_id=11618"},"modified":"2025-12-26T08:22:41","modified_gmt":"2025-12-26T07:22:41","slug":"nitrosativer-stress","status":"publish","type":"page","link":"https:\/\/www.wirbelwirrwarr.de\/index.php\/nitrosativer-stress\/","title":{"rendered":"Nitrosativer Stress"},"content":{"rendered":"\n<p>Instabile Kopfgelenke verursachen oft eine verminderte Blutversorgung des Gehirns, wodurch erhebliche Mangelzust\u00e4nde entstehen k\u00f6nnen (N\u00e4hrstoffe, Sauerstoff). Das Gehirn antwortet auf diese Unterversorgung mit der \u00fcberm\u00e4\u00dfigen Bildung aggressiver Stickstoffmonoxidradikale (NO) &#8211; anders formuliert: <strong>Nitrosativer Stress.<\/strong> <\/p>\n\n\n\n<h2 class=\"wp-block-heading\">Nitrosativer Stress &#8211; Gro\u00dfalarm im Organismus<\/h2>\n\n\n\n<p>NO ist die Formel f\u00fcr Stickstoffmonoxid. Im Allgemeinen werden damit sch\u00e4digende Charakteristika assoziiert, da dieses Gas zu den Umweltschadstoffen z\u00e4hlt. Doch NO hat auch positive Eigenschaften, besonders f\u00fcr unsere Gesundheit. Es wird \u00fcblicherweise gebraucht, um das Herz und die Gef\u00e4\u00dfe zu entlasten, da es blutdrucksenkend wirkt. Zudem unterst\u00fctzt es das Immunsystem dabei, Bakterien und Parasiten abzuwehren und ist als Botenstoff aktiv. <\/p>\n\n\n\n<p>Von Nachteil wird NO, sobald der K\u00f6rper es im \u00dcberma\u00df produziert. Dann n\u00e4mlich wirkt es wie Gift auf unseren Organismus, verursacht Zellsch\u00e4den, Vitamin- und Mineralstoffm\u00e4ngel und somit fr\u00fcher oder sp\u00e4ter ernsthafte Erkrankungen. Man spricht von nitrosativem Stress oder Nitrostress.<\/p>\n\n\n\n<h2 class=\"wp-block-heading\">Anzeichen von Nitrostress<\/h2>\n\n\n\n<p>Einige Anzeichen f\u00fcr Nitrostress sind: <\/p>\n\n\n\n<ul>\n<li>starker Kraftverlust <\/li>\n\n\n\n<li>Benommenheit<\/li>\n\n\n\n<li>Gef\u00fchl von Depersonalisierung <\/li>\n\n\n\n<li>kognitive Leistungsschw\u00e4che <\/li>\n\n\n\n<li>niedrige Stressresistenz<\/li>\n\n\n\n<li>schwaches Immunsystem<\/li>\n\n\n\n<li>reduzierte Leberfunktion (Medikamente und Alkohol werden nicht vertragen) <\/li>\n\n\n\n<li>Schlafst\u00f6rungen <\/li>\n\n\n\n<li>Beeintr\u00e4chtigungen der Organfunktionen<\/li>\n<\/ul>\n\n\n\n<div style=\"height:20px\" aria-hidden=\"true\" class=\"wp-block-spacer\"><\/div>\n\n\n\n<blockquote class=\"wp-block-quote\">\n<p style=\"font-size:16px\">&#8222;Nach dem Erwachen fehlt der Erholungseffekt, es treten lange Anlaufszeiten, Inappetenz, LWS-, Gelenkschmerzen und -steife auf. NO in der Exspirationsluft oder Urin-Citrullin sind pathologisch erh\u00f6ht, bei gesunden Personen v\u00f6llig normal. Bei Personen mit chronisch erh\u00f6hten NO-Bildungsraten wird dies zum Dauerzustand. Dass sie am Tage nicht leistungsf\u00e4hig sind, liegt auf der Hand.&#8220;<\/p>\n<cite>Kuklinski, 2008<\/cite><\/blockquote>\n\n\n\n<h2 class=\"wp-block-heading\">Ursachen<\/h2>\n\n\n\n<p>Nitrostress tritt immer dann auf, sobald der K\u00f6rper stark belastet ist. Bei CCI\/AAI steht insbesondere die durch haltlos gewordene Wirbelk\u00f6rper verursachte chronische Reizung des Nervensystems (Sympathikusstress) sowie auf direktem oder indirektem Weg eine Sauerstoffunterversorgung des Gehirns im Fokus. Der Organismus l\u00f6st auf diese Bedrohung hin Gro\u00dfalarm aus, was mit starker NO-Produktion einhergeht. <\/p>\n\n\n\n<h2 class=\"wp-block-heading\">Diagnose<\/h2>\n\n\n\n<p>Der Nachweis von Nitrostress ist \u00fcber verschiedene Wege m\u00f6glich. Ein simpler Urintest kann beim Arzt oder Heilpraktiker schnell f\u00fcr Gewissheit sorgen; im Zweifel lie\u00dfe sich dieser sogar mittels Testkit in den eigenen vier W\u00e4nden durchf\u00fchren.<\/p>\n\n\n\n<p>Folgende Urinmarker sind laut Kuklinski (2008) ausschlaggebend:<\/p>\n\n\n\n<ul>\n<li>Citrullin <\/li>\n\n\n\n<li>Methylmalons\u00e4ure<\/li>\n\n\n\n<li>Cystathionin<\/li>\n<\/ul>\n\n\n\n<p>Auch die Expirationsluft zeigt Auff\u00e4lligkeiten (ebd.):<\/p>\n\n\n\n<ul>\n<li>NO<\/li>\n\n\n\n<li>Ammoniak<\/li>\n\n\n\n<li>Pentan<\/li>\n\n\n\n<li>Isopren<\/li>\n\n\n\n<li>Aceton<\/li>\n\n\n\n<li>Ethanol<\/li>\n\n\n\n<li>Methanol u. a.<\/li>\n<\/ul>\n\n\n\n<p>Mehr Parameter findet ihr <a href=\"https:\/\/www.dr-kuklinski.info\/wp-content\/uploads\/2019\/08\/kuklinski-praxisrelevanz-nitrosativer-stress-1.pdf\" target=\"_blank\" rel=\"noreferrer noopener\">hier<\/a>. <\/p>\n\n\n\n<figure class=\"wp-block-image size-large\"><img loading=\"lazy\" decoding=\"async\" width=\"1024\" height=\"1024\" src=\"https:\/\/www.wirbelwirrwarr.de\/wp-content\/uploads\/2023\/03\/orange-no-1024x1024.png\" alt=\"\" class=\"wp-image-12895\" srcset=\"https:\/\/www.wirbelwirrwarr.de\/wp-content\/uploads\/2023\/03\/orange-no-1024x1024.png 1024w, https:\/\/www.wirbelwirrwarr.de\/wp-content\/uploads\/2023\/03\/orange-no-300x300.png 300w, https:\/\/www.wirbelwirrwarr.de\/wp-content\/uploads\/2023\/03\/orange-no-150x150.png 150w, https:\/\/www.wirbelwirrwarr.de\/wp-content\/uploads\/2023\/03\/orange-no-768x768.png 768w, https:\/\/www.wirbelwirrwarr.de\/wp-content\/uploads\/2023\/03\/orange-no-1536x1536.png 1536w, https:\/\/www.wirbelwirrwarr.de\/wp-content\/uploads\/2023\/03\/orange-no-2048x2048.png 2048w\" sizes=\"(max-width: 1024px) 100vw, 1024px\" \/><figcaption class=\"wp-element-caption\">Nitrostress im \u00dcberblick. (Bild: wirbelwirrwarr)<\/figcaption><\/figure>\n\n\n\n<h2 class=\"wp-block-heading\">Der ONOO&#8211;Zyklus<\/h2>\n\n\n\n<p>Zu viel NO kann schon einiges anrichten. Reagiert NO nun auch noch mit Superoxid (OO-, das ist ein Sauerstoffradikal) zu Peroxynitrit (NO + OO- = ONOO-), ist das der Supergau. Denn Peroxynitrit ist ein gef\u00e4hrliches Zellgift, das den gesamten Organismus sch\u00e4digt und obendrein die Eigenschaft besitzt, die Produktion von NO und OO- anzuregen &#8211; selbst dann, wenn der urspr\u00fcngliche Ausl\u00f6ser l\u00e4ngst Geschichte ist! Dazu z\u00e4hlen \u00fcbrigens:<\/p>\n\n\n\n<ul>\n<li>Virusinfektionen<\/li>\n\n\n\n<li>k\u00f6rperliche Traumata<\/li>\n\n\n\n<li>Strahlenbelastung<\/li>\n\n\n\n<li>k\u00f6rperliche Belastung<\/li>\n\n\n\n<li>Toxoplasmose<\/li>\n\n\n\n<li>bakterielle Infektion<\/li>\n\n\n\n<li>psychische Belastung<\/li>\n\n\n\n<li>Instabile Kopfgelenke (Dancing Dens)<\/li>\n\n\n\n<li>nitratreiche Ern\u00e4hrung (ger\u00e4ucherte Nahrungsmittel, mit Kunstd\u00fcnger belastete Nahrungsmittel; Kersten, 2009)<\/li>\n\n\n\n<li>Medikamente<\/li>\n\n\n\n<li>kohlenhydratreiche Ern\u00e4hrung<\/li>\n<\/ul>\n\n\n\n<div style=\"height:20px\" aria-hidden=\"true\" class=\"wp-block-spacer\"><\/div>\n\n\n\n<p><a href=\"https:\/\/www.wirbelwirrwarr.de\/index.php\/2022\/01\/03\/der-onoo-zyklus\/\" target=\"_blank\" rel=\"noreferrer noopener\">ONOO&#8211;Zyklus<\/a> wird dieser sich selbst belebende Teufelskreis genannt und stellt sich mehr und mehr als die gro\u00dfe Gemeinsamkeit <a href=\"https:\/\/www.wirbelwirrwarr.de\/index.php\/begleiterkrankungen-von-cci-aai-erklaert-durch-den-onoo-zyklus\/\" target=\"_blank\" rel=\"noreferrer noopener\">vieler bislang unerkl\u00e4rlicher chronischer Erkrankungen<\/a> heraus (e.g. Kersten, 2009; Pall, 2009). Auf diesen um sich greifenden Fl\u00e4chenbrand reagieren die Energiekraftwerke in unseren Zellen, die Mitochondrien, besonders empfindlich, sodass dem Organismus in der Konsequenz nach und nach die Energie ausgeht. Der Name f\u00fcr dieses Unheil lautet <strong>Mitochondriopathie<\/strong>.<\/p>\n\n\n<div class=\"wp-block-image\">\n<figure class=\"aligncenter size-large is-resized\"><img loading=\"lazy\" decoding=\"async\" width=\"1024\" height=\"768\" src=\"https:\/\/www.wirbelwirrwarr.de\/wp-content\/uploads\/2023\/02\/mito-1024x768.png\" alt=\"\" class=\"wp-image-11756\" style=\"width:588px;height:441px\" srcset=\"https:\/\/www.wirbelwirrwarr.de\/wp-content\/uploads\/2023\/02\/mito-1024x768.png 1024w, https:\/\/www.wirbelwirrwarr.de\/wp-content\/uploads\/2023\/02\/mito-300x225.png 300w, https:\/\/www.wirbelwirrwarr.de\/wp-content\/uploads\/2023\/02\/mito-768x576.png 768w, https:\/\/www.wirbelwirrwarr.de\/wp-content\/uploads\/2023\/02\/mito-1536x1152.png 1536w, https:\/\/www.wirbelwirrwarr.de\/wp-content\/uploads\/2023\/02\/mito-2048x1536.png 2048w\" sizes=\"(max-width: 1024px) 100vw, 1024px\" \/><figcaption class=\"wp-element-caption\">Mitochondrien sind die Energiekraftwerke unseres K\u00f6rpers. Nitrostress zerst\u00f6rt sie. (Bild: Clker-Free-Vector-Images &#8211; pixabay.com)<\/figcaption><\/figure><\/div>\n\n\n<p><strong>Gut zu wissen:<\/strong><\/p>\n\n\n\n<p>Mitochondrien werden ausschlie\u00dflich <strong>m\u00fctterlicherseits<\/strong> vererbt, und somit auch Mitochondriopathien. Im Groben hei\u00dft das: Hat die Mutter kaputte Mitochondrien, hat diese auch der Nachwuchs. Schlecht, wenn dieser im Laufe seines Lebens dann auch noch seine eigene Mitochondriopathien entwickelt. Kuklinski (2018) gibt zu bedenken: \u201eJunge Frauen mit Multisystemerkrankungen wie Migr\u00e4ne, Nahrungsmittelintoleranzen, Durchschlafst\u00f6rungen, rascher Ersch\u00f6pfbarkeit und vielen anderen Symptomen sind alle miteinander Frauen mit sekund\u00e4ren Mitochondriopathien.\u201c <\/p>\n\n\n\n<p><\/p>\n\n\n\n<hr class=\"wp-block-separator has-alpha-channel-opacity\"\/>\n\n\n\n<p><em>Buchwald, D., &amp; Garrity, D. (1994). Comparison of patients with chronic fatigue syndrome, fibromyalgia, and multiple chemical sensitivities.&nbsp;Archives of internal medicine,&nbsp;154(18), 2049\u20132053.<\/em><\/p>\n\n\n\n<p><em>De Meirleir K, De Becker P, Nijs J, et al. (2002). CFS etiology, the immune system, and infection. Chronic Fatigue Syndrome, A Biological Approach, CRC Press. 201-228.<\/em><\/p>\n\n\n\n<p><em>Donnay A. &amp; Ziem, G. (1999). Prevalence and Overlap of Chronic Fatigue Syndrome and Fibromyalgia Syndrome Among 100 New Patients with Multiple Chemical Sensitivity Syndrome. 1(5). 3-4.<\/em><\/p>\n\n\n\n<p>Kersten, W. (2009). Paradigmenwechsel im Verst\u00e4ndnis chronischer Zivilisationskrankheiten. Komplement\u00e4re und integrative Medizin. 50(4). 7-15.<\/p>\n\n\n\n<p>Kuklinski, B. (2008). <em>Praxisrelevanz des nitrosativen Stresses<\/em>. Umwelt &amp; Medizin Verlagsgesellschaft.<\/p>\n\n\n\n<p><em>Kuklinski, B. (2018). Das HWS-Trauma \u2013 Ursachen, Diagnose und Therapie. Aurum.<\/em><\/p>\n\n\n\n<p><em>Myhill, S. (2018). Diagnosis and treatment of chronic fatigue syndrome and myalgic encephalitis. It\u2019s mitochondria not hypochondria. Chelsea Green.<\/em><\/p>\n\n\n\n<p><em>Pall, M.L., (2009). Explaining unexlained illnesses. Disease paradigm for chronic fatigue syndrome, multiple chemical sensitivity, fibromyalgia, post-traumatic stress disorder, gulf war syndrome, an others. informa.<\/em><\/p>\n\n\n\n<p><em>Pall ML (2009) Multiple Chemical Sensitivity: Toxicological Questions and Mechanisms.<br>Chapter XX in General and Applied Toxicology, Bryan Ballantyne, Timothy C. Marrs, Tore<br>Syversen, Eds., John Wiley &amp; Sons, London.<\/em><\/p>\n\n\n\n<p><em>Pall M.L. (2000) Elevated, sustained peroxynitrite levels as the cause of chronic<br>fatigue syndrome. Med Hypoth 54:115-125.<\/em><\/p>\n\n\n\n<p><em>Pall M.L. (2000). Elevated peroxynitrite as the cause of chronic fatigue syndrome: Other inducers and mechanisms of symptom generation. J Chronic Fatigue Syndr2000;7(4):45-58.<\/em><\/p>\n\n\n\n<p><em>Pall M.L. (2002). Levels of nitric oxide synthase product citrulline are elevated in sera of chronic fatigue syndrome patients. J Chronic Fatigue Syndr 10(3\/4):37-41<\/em><\/p>\n\n\n\n<p><em>Pall ML (2007) Nitric oxide synthase partial uncoupling as a key switching mechanism for<br>the NO\/ONOO\u2014 cycle. Med Hypotheses 69, 821-825.<\/em><\/p>\n\n\n\n<p><em>Pall, M.L. (2010). How Can We Cure NO\/ONOO\u2212 Cycle Diseases? A Review. https:\/\/www.clinicaleducation.org\/resources\/reviews\/how-can-we-cure-noonoo-cycle-diseases-a-review\/<\/em><\/p>\n\n\n\n<p>Rothman, S. (1983). Synaptic activity mediates death of hypoxic neurons. Science. 220: 536-538.<\/p>\n","protected":false},"excerpt":{"rendered":"<p>Instabile Kopfgelenke verursachen oft eine verminderte Blutversorgung des Gehirns, wodurch erhebliche Mangelzust\u00e4nde entstehen k\u00f6nnen (N\u00e4hrstoffe, Sauerstoff). Das Gehirn antwortet auf diese Unterversorgung mit der \u00fcberm\u00e4\u00dfigen Bildung aggressiver Stickstoffmonoxidradikale (NO) &#8211; anders formuliert: Nitrosativer Stress. Nitrosativer Stress &#8211; Gro\u00dfalarm im Organismus NO ist die Formel f\u00fcr Stickstoffmonoxid. Im Allgemeinen werden damit sch\u00e4digende Charakteristika assoziiert, da dieses Gas zu den Umweltschadstoffen z\u00e4hlt. Doch NO hat auch positive Eigenschaften, besonders f\u00fcr unsere Gesundheit. Es wird \u00fcblicherweise gebraucht, um das Herz und die Gef\u00e4\u00dfe zu entlasten, da es blutdrucksenkend wirkt. Zudem unterst\u00fctzt es das Immunsystem dabei, Bakterien und Parasiten abzuwehren und ist als [&hellip;]<\/p>\n","protected":false},"author":1,"featured_media":12295,"parent":0,"menu_order":0,"comment_status":"closed","ping_status":"closed","template":"","meta":{"inline_featured_image":false,"footnotes":""},"yoast_head":"<!-- This site is optimized with the Yoast SEO plugin v21.8 - https:\/\/yoast.com\/wordpress\/plugins\/seo\/ -->\n<title>Nitrosativer Stress - wirbelwirrwarr<\/title>\n<meta name=\"description\" content=\"Das Gehirn antwortet auf diese Unterversorgung mit der \u00fcberm\u00e4\u00dfigen Bildung aggressiver Stoffe (Peroxide, NO) - anders formuliert: Nitrosativer Stress.\" \/>\n<meta name=\"robots\" content=\"index, follow, max-snippet:-1, max-image-preview:large, max-video-preview:-1\" \/>\n<link rel=\"canonical\" href=\"https:\/\/www.wirbelwirrwarr.de\/index.php\/nitrosativer-stress\/\" \/>\n<meta property=\"og:locale\" content=\"de_DE\" \/>\n<meta property=\"og:type\" content=\"article\" \/>\n<meta property=\"og:title\" content=\"Nitrosativer Stress - wirbelwirrwarr\" \/>\n<meta property=\"og:description\" content=\"Das Gehirn antwortet auf diese Unterversorgung mit der \u00fcberm\u00e4\u00dfigen Bildung aggressiver Stoffe (Peroxide, NO) - anders formuliert: Nitrosativer Stress.\" \/>\n<meta property=\"og:url\" content=\"https:\/\/www.wirbelwirrwarr.de\/index.php\/nitrosativer-stress\/\" \/>\n<meta property=\"og:site_name\" content=\"wirbelwirrwarr\" \/>\n<meta property=\"article:modified_time\" content=\"2025-12-26T07:22:41+00:00\" \/>\n<meta property=\"og:image\" content=\"https:\/\/www.wirbelwirrwarr.de\/wp-content\/uploads\/2023\/02\/Schablone_4zu3mito.png\" \/>\n\t<meta property=\"og:image:width\" content=\"4267\" \/>\n\t<meta property=\"og:image:height\" content=\"3200\" \/>\n\t<meta property=\"og:image:type\" content=\"image\/png\" \/>\n<meta name=\"twitter:card\" content=\"summary_large_image\" \/>\n<meta name=\"twitter:label1\" content=\"Gesch\u00e4tzte Lesezeit\" \/>\n\t<meta name=\"twitter:data1\" content=\"6\u00a0Minuten\" \/>\n<script type=\"application\/ld+json\" class=\"yoast-schema-graph\">{\"@context\":\"https:\/\/schema.org\",\"@graph\":[{\"@type\":\"WebPage\",\"@id\":\"https:\/\/www.wirbelwirrwarr.de\/index.php\/nitrosativer-stress\/\",\"url\":\"https:\/\/www.wirbelwirrwarr.de\/index.php\/nitrosativer-stress\/\",\"name\":\"Nitrosativer Stress - wirbelwirrwarr\",\"isPartOf\":{\"@id\":\"https:\/\/www.wirbelwirrwarr.de\/#website\"},\"datePublished\":\"2023-02-08T14:02:16+00:00\",\"dateModified\":\"2025-12-26T07:22:41+00:00\",\"description\":\"Das Gehirn antwortet auf diese Unterversorgung mit der \u00fcberm\u00e4\u00dfigen Bildung aggressiver Stoffe (Peroxide, NO) - anders formuliert: Nitrosativer Stress.\",\"breadcrumb\":{\"@id\":\"https:\/\/www.wirbelwirrwarr.de\/index.php\/nitrosativer-stress\/#breadcrumb\"},\"inLanguage\":\"de\",\"potentialAction\":[{\"@type\":\"ReadAction\",\"target\":[\"https:\/\/www.wirbelwirrwarr.de\/index.php\/nitrosativer-stress\/\"]}]},{\"@type\":\"BreadcrumbList\",\"@id\":\"https:\/\/www.wirbelwirrwarr.de\/index.php\/nitrosativer-stress\/#breadcrumb\",\"itemListElement\":[{\"@type\":\"ListItem\",\"position\":1,\"name\":\"Startseite\",\"item\":\"https:\/\/www.wirbelwirrwarr.de\/\"},{\"@type\":\"ListItem\",\"position\":2,\"name\":\"Nitrosativer Stress\"}]},{\"@type\":\"WebSite\",\"@id\":\"https:\/\/www.wirbelwirrwarr.de\/#website\",\"url\":\"https:\/\/www.wirbelwirrwarr.de\/\",\"name\":\"wirbelwirrwarr\",\"description\":\"Wie eine unsichtbare Krankheit mein Leben bunt macht\",\"publisher\":{\"@id\":\"https:\/\/www.wirbelwirrwarr.de\/#organization\"},\"potentialAction\":[{\"@type\":\"SearchAction\",\"target\":{\"@type\":\"EntryPoint\",\"urlTemplate\":\"https:\/\/www.wirbelwirrwarr.de\/?s={search_term_string}\"},\"query-input\":\"required name=search_term_string\"}],\"inLanguage\":\"de\"},{\"@type\":\"Organization\",\"@id\":\"https:\/\/www.wirbelwirrwarr.de\/#organization\",\"name\":\"wirbelwirrwarr\",\"url\":\"https:\/\/www.wirbelwirrwarr.de\/\",\"logo\":{\"@type\":\"ImageObject\",\"inLanguage\":\"de\",\"@id\":\"https:\/\/www.wirbelwirrwarr.de\/#\/schema\/logo\/image\/\",\"url\":\"https:\/\/www.wirbelwirrwarr.de\/wp-content\/uploads\/2023\/02\/logoatlas9.svg\",\"contentUrl\":\"https:\/\/www.wirbelwirrwarr.de\/wp-content\/uploads\/2023\/02\/logoatlas9.svg\",\"caption\":\"wirbelwirrwarr\"},\"image\":{\"@id\":\"https:\/\/www.wirbelwirrwarr.de\/#\/schema\/logo\/image\/\"}}]}<\/script>\n<!-- \/ Yoast SEO plugin. -->","yoast_head_json":{"title":"Nitrosativer Stress - wirbelwirrwarr","description":"Das Gehirn antwortet auf diese Unterversorgung mit der \u00fcberm\u00e4\u00dfigen Bildung aggressiver Stoffe (Peroxide, NO) - anders formuliert: Nitrosativer Stress.","robots":{"index":"index","follow":"follow","max-snippet":"max-snippet:-1","max-image-preview":"max-image-preview:large","max-video-preview":"max-video-preview:-1"},"canonical":"https:\/\/www.wirbelwirrwarr.de\/index.php\/nitrosativer-stress\/","og_locale":"de_DE","og_type":"article","og_title":"Nitrosativer Stress - wirbelwirrwarr","og_description":"Das Gehirn antwortet auf diese Unterversorgung mit der \u00fcberm\u00e4\u00dfigen Bildung aggressiver Stoffe (Peroxide, NO) - anders formuliert: Nitrosativer Stress.","og_url":"https:\/\/www.wirbelwirrwarr.de\/index.php\/nitrosativer-stress\/","og_site_name":"wirbelwirrwarr","article_modified_time":"2025-12-26T07:22:41+00:00","og_image":[{"width":4267,"height":3200,"url":"https:\/\/www.wirbelwirrwarr.de\/wp-content\/uploads\/2023\/02\/Schablone_4zu3mito.png","type":"image\/png"}],"twitter_card":"summary_large_image","twitter_misc":{"Gesch\u00e4tzte Lesezeit":"6\u00a0Minuten"},"schema":{"@context":"https:\/\/schema.org","@graph":[{"@type":"WebPage","@id":"https:\/\/www.wirbelwirrwarr.de\/index.php\/nitrosativer-stress\/","url":"https:\/\/www.wirbelwirrwarr.de\/index.php\/nitrosativer-stress\/","name":"Nitrosativer Stress - wirbelwirrwarr","isPartOf":{"@id":"https:\/\/www.wirbelwirrwarr.de\/#website"},"datePublished":"2023-02-08T14:02:16+00:00","dateModified":"2025-12-26T07:22:41+00:00","description":"Das Gehirn antwortet auf diese Unterversorgung mit der \u00fcberm\u00e4\u00dfigen Bildung aggressiver Stoffe (Peroxide, NO) - anders formuliert: Nitrosativer Stress.","breadcrumb":{"@id":"https:\/\/www.wirbelwirrwarr.de\/index.php\/nitrosativer-stress\/#breadcrumb"},"inLanguage":"de","potentialAction":[{"@type":"ReadAction","target":["https:\/\/www.wirbelwirrwarr.de\/index.php\/nitrosativer-stress\/"]}]},{"@type":"BreadcrumbList","@id":"https:\/\/www.wirbelwirrwarr.de\/index.php\/nitrosativer-stress\/#breadcrumb","itemListElement":[{"@type":"ListItem","position":1,"name":"Startseite","item":"https:\/\/www.wirbelwirrwarr.de\/"},{"@type":"ListItem","position":2,"name":"Nitrosativer Stress"}]},{"@type":"WebSite","@id":"https:\/\/www.wirbelwirrwarr.de\/#website","url":"https:\/\/www.wirbelwirrwarr.de\/","name":"wirbelwirrwarr","description":"Wie eine unsichtbare Krankheit mein Leben bunt macht","publisher":{"@id":"https:\/\/www.wirbelwirrwarr.de\/#organization"},"potentialAction":[{"@type":"SearchAction","target":{"@type":"EntryPoint","urlTemplate":"https:\/\/www.wirbelwirrwarr.de\/?s={search_term_string}"},"query-input":"required name=search_term_string"}],"inLanguage":"de"},{"@type":"Organization","@id":"https:\/\/www.wirbelwirrwarr.de\/#organization","name":"wirbelwirrwarr","url":"https:\/\/www.wirbelwirrwarr.de\/","logo":{"@type":"ImageObject","inLanguage":"de","@id":"https:\/\/www.wirbelwirrwarr.de\/#\/schema\/logo\/image\/","url":"https:\/\/www.wirbelwirrwarr.de\/wp-content\/uploads\/2023\/02\/logoatlas9.svg","contentUrl":"https:\/\/www.wirbelwirrwarr.de\/wp-content\/uploads\/2023\/02\/logoatlas9.svg","caption":"wirbelwirrwarr"},"image":{"@id":"https:\/\/www.wirbelwirrwarr.de\/#\/schema\/logo\/image\/"}}]}},"_links":{"self":[{"href":"https:\/\/www.wirbelwirrwarr.de\/index.php\/wp-json\/wp\/v2\/pages\/11618"}],"collection":[{"href":"https:\/\/www.wirbelwirrwarr.de\/index.php\/wp-json\/wp\/v2\/pages"}],"about":[{"href":"https:\/\/www.wirbelwirrwarr.de\/index.php\/wp-json\/wp\/v2\/types\/page"}],"author":[{"embeddable":true,"href":"https:\/\/www.wirbelwirrwarr.de\/index.php\/wp-json\/wp\/v2\/users\/1"}],"replies":[{"embeddable":true,"href":"https:\/\/www.wirbelwirrwarr.de\/index.php\/wp-json\/wp\/v2\/comments?post=11618"}],"version-history":[{"count":44,"href":"https:\/\/www.wirbelwirrwarr.de\/index.php\/wp-json\/wp\/v2\/pages\/11618\/revisions"}],"predecessor-version":[{"id":18390,"href":"https:\/\/www.wirbelwirrwarr.de\/index.php\/wp-json\/wp\/v2\/pages\/11618\/revisions\/18390"}],"wp:featuredmedia":[{"embeddable":true,"href":"https:\/\/www.wirbelwirrwarr.de\/index.php\/wp-json\/wp\/v2\/media\/12295"}],"wp:attachment":[{"href":"https:\/\/www.wirbelwirrwarr.de\/index.php\/wp-json\/wp\/v2\/media?parent=11618"}],"curies":[{"name":"wp","href":"https:\/\/api.w.org\/{rel}","templated":true}]}}