{"id":11340,"date":"2023-02-10T08:32:37","date_gmt":"2023-02-10T07:32:37","guid":{"rendered":"https:\/\/www.wirbelwirrwarr.de\/?page_id=11340"},"modified":"2024-11-03T13:28:32","modified_gmt":"2024-11-03T12:28:32","slug":"begleiterkrankungen-von-cci-aai-erklaert-durch-den-onoo-zyklus","status":"publish","type":"page","link":"https:\/\/www.wirbelwirrwarr.de\/index.php\/begleiterkrankungen-von-cci-aai-erklaert-durch-den-onoo-zyklus\/","title":{"rendered":"Suberkrankungen von CCI\/AAI"},"content":{"rendered":"\n<p>Marotten der Halswirbels\u00e4ule stehen selten allein. Oft geht damit eine ganze <a href=\"http:\/\/www.csn-deutschland.de\/Protokoll-Martin-PallARG.pdf\" target=\"_blank\" rel=\"noreferrer noopener\">Palette <\/a>von Nebenbaustellen einher, die scheinbar nichts miteinander zu tun haben. Aber ist das wirklich so? Der <a href=\"https:\/\/www.wirbelwirrwarr.de\/index.php\/nitrosativer-stress\/\" target=\"_blank\" rel=\"noreferrer noopener\">ONOO&#8211;Zyklus<\/a> als Erkl\u00e4rungsmodell gibt Antworten.<\/p>\n\n\n\n<h2 class=\"wp-block-heading\">5 Prinzipien des ONOO&#8211;Zyklus<\/h2>\n\n\n\n<p>Dem NO\/ONOO&#8212;Zyklus als Erkl\u00e4rungsmodell liegen f\u00fcnf Prinzipien zugrunde (Pall, 2009):<\/p>\n\n\n\n<ol>\n<li>Kurzzeitige Stressoren l\u00f6sen Multisystemerkrankungen aus, indem sie den Stickoxidspiegel erh\u00f6hen und\/oder andere Zykluselemente anregen.<\/li>\n\n\n\n<li>Nach der Ausl\u00f6sung f\u00fchren die Mechanismen des Teufelskreises zu einer chronischen Erkrankung, chronisch erh\u00f6htes Peroxynitrit erzeugt und h\u00e4lt den Zyklus aufrecht. <\/li>\n\n\n\n<li>Symptome\/Erkrankungen werden durch erh\u00f6hte Stickoxidspiegel und\/oder andere Mechanismen des ONOO&#8211;Zyklus erzeugt. <\/li>\n\n\n\n<li>Da die beteiligten Verbindungen Stickoxid, Superoxid und Peroxynitrit nur kurze Strecken<br>durch Gewebe zur\u00fccklegen k\u00f6nnen, begrenzt sich der Mechanismus auf die betroffenen Bereiche.<br>Damit erkl\u00e4rt sich die <strong>Vielfalt an Symptomen und die Unterschiedlichkeit im Falle von Multisystemerkrankungen<\/strong>, mit der sich Betroffene Medizinern pr\u00e4sentieren (Heuser et al., 1994; Simon et al., 1994; Fincher et al., 1994; Heuser &amp; Wu, 2001; Hillert et al., 2007).<\/li>\n\n\n\n<li>Die Therapie umfasst die Herabregulierung der Biochemie des NO\/ONOO&#8211;Zyklus. <\/li>\n<\/ol>\n\n\n\n<div style=\"height:20px\" aria-hidden=\"true\" class=\"wp-block-spacer\"><\/div>\n\n\n\n<h2 class=\"wp-block-heading\">Fibromyalgie (FMS)<\/h2>\n\n\n\n<p>Chronische Schmerzen in mehreren K\u00f6rperregionen kommen h\u00e4ufig vor. Die Diagnose \u201eFibromyalgie-Syndrom\u201c (FMS)&nbsp;kann jedoch erst gestellt werden, sobald zu Schmerzen&nbsp;der rechten und linken K\u00f6rperseite sowie des Ober- und Unterk\u00f6rpers weitere Symptome hinzukommen. Dies sind:<\/p>\n\n\n\n<ul>\n<li>Steifigkeits- oder Schwellungsgef\u00fchl&nbsp;der H\u00e4nde, der F\u00fc\u00dfe oder im Gesicht<\/li>\n\n\n\n<li>M\u00fcdigkeit<\/li>\n\n\n\n<li>Ersch\u00f6pfung<\/li>\n\n\n\n<li>Konzentrations- und Schlafst\u00f6rungen<\/li>\n\n\n\n<li>\u00dcberempfindlichkeit f\u00fcr Schmerzreize, manchmal auch f\u00fcr Ger\u00e4usche, Ger\u00fcche oder Medikamente<\/li>\n<\/ul>\n\n\n\n<div style=\"height:21px\" aria-hidden=\"true\" class=\"wp-block-spacer\"><\/div>\n\n\n\n<p>Alle Symptome m\u00fcssen \u00fcber einen&nbsp;Zeitraum von mindestens drei Monaten&nbsp;auftreten. <\/p>\n\n\n\n<p>In der Literatur genannte Stressoren f\u00fcr die Ausl\u00f6sung von FMS (Pall, 2009; Kuklinski, 2015):<\/p>\n\n\n\n<ul>\n<li>Physisches Trauma (insbesondere Kopf- und Nackenverletzungen)<\/li>\n\n\n\n<li>Virusinfektion<\/li>\n\n\n\n<li>bakterielle Infektion<\/li>\n\n\n\n<li>schwere<\/li>\n\n\n\n<li>psychische Stressbelastung<\/li>\n\n\n\n<li>Vorbelastung durch Autoimmunkrankheit<\/li>\n<\/ul>\n\n\n\n<div style=\"height:20px\" aria-hidden=\"true\" class=\"wp-block-spacer\"><\/div>\n\n\n\n<h2 class=\"wp-block-heading\">Mastzellaktivierungs-Syndrom (MCAS)<\/h2>\n\n\n\n<p>MCAS ist eine immunologische Erkrankung, die die Mastzellen betrifft. Mastzellen sind Zellen&nbsp;der&nbsp;k\u00f6rpereigenen Abwehr, die Botenstoffe enthalten, unter anderem&nbsp;Histamin, Heparin, Zytokine etc., die im Verlauf einer Immunreaktion ausgesch\u00fcttet werden, um den K\u00f6rper zu sch\u00fctzen. Bei MCAS sind die Mastzellen nicht nur w\u00e4hrend einer allergischen Reaktion oder Immunantwort aktiv, sondern dauerhaft. <\/p>\n\n\n\n<p>Die Symptome richten sich nach dem Ort der Mastzellanreicherung und dem ausgesch\u00fctteten Botenstoff. Ist der Darm betroffen, kann eine Reizdarmsymptomatik entstehen.  <\/p>\n\n\n\n<h2 class=\"wp-block-heading\">Multiple Sklerose (MS)<\/h2>\n\n\n\n<p>Multiple Sklerose (MS) ist eine chronische Erkrankung des zentralen Nervensystems, die Gehirn, R\u00fcckenmark und Sehnerven betrifft. Sie wird als Autoimmunerkrankung eingestuft, bei der das Immunsystem f\u00e4lschlicherweise die Myelinscheiden angreift, die die Nervenfasern sch\u00fctzen. Dies f\u00fchrt zu Entz\u00fcndungen und Narbenbildung (Sklerose), was die Kommunikation zwischen dem Gehirn und anderen K\u00f6rperteilen st\u00f6rt. Die Symptome von MS sind vielf\u00e4ltig und der Verlauf der Krankheit kann von Person zu Person stark variieren.<\/p>\n\n\n\n<h2 class=\"wp-block-heading\">Chronisches Ersch\u00f6pfungssyndrom (ME\/CFS)<\/h2>\n\n\n\n<p>Das Chronische Ersch\u00f6pfungssyndrom, auch bekannt unter der Bezeichnung Myalgische Enzephalomyelitis (ME\/CFS), ist eine komplexe und schwer fassbare Krankheit, die sich durch anhaltende und extreme Ersch\u00f6pfung auszeichnet, die sich nicht durch Ruhe verbessert. Typische Symptome umfassen eine extreme Erm\u00fcdung, Schmerzen, Schlafst\u00f6rungen, Konzentrations- und Ged\u00e4chtnisprobleme sowie eine Vielzahl anderer Beschwerden, die die Lebensqualit\u00e4t erheblich beeintr\u00e4chtigen.<\/p>\n\n\n\n<p>Die Diagnose von ME\/CFS kann schwierig sein, da es keine spezifischen Tests gibt, die die Krankheit direkt nachweisen k\u00f6nnen. Stattdessen basiert die Diagnose auf der Krankengeschichte des Patienten, Symptomen und dem Ausschluss anderer Erkrankungen, die \u00e4hnliche Symptome verursachen k\u00f6nnen. <\/p>\n\n\n\n<div class=\"wp-block-buttons is-layout-flex wp-block-buttons-is-layout-flex\">\n<div class=\"wp-block-button\"><a class=\"wp-block-button__link wp-element-button\" href=\"https:\/\/www.ich-werde-gesund.com\/2022\/10\/01\/genesungsprogramme-im-%C3%BCberblick\/?fbclid=IwY2xjawGUSylleHRuA2FlbQIxMQABHYJg3iX7zo_UBn6p2fAwWPj0S3UByhV8nNZM2GkRCyGjeIlYqWUSy0lY9Q_aem_XTkOuSXyVMIf7cEOG6DNzg\" target=\"_blank\" rel=\"noreferrer noopener\">Genesungsprogramme<\/a><\/div>\n<\/div>\n\n\n\n<div style=\"height:21px\" aria-hidden=\"true\" class=\"wp-block-spacer\"><\/div>\n\n\n\n<h2 class=\"wp-block-heading\">Multiple Chemikaliensensibilit\u00e4t (MCS)<\/h2>\n\n\n\n<p>Multiple Chemikalien-Sensibilit\u00e4t (MCS) ist eine Erkrankung, bei der Menschen \u00fcberempfindlich auf verschiedene chemische Stoffe reagieren, die in der Umwelt vorkommen. Dazu k\u00f6nnen Haushaltsreiniger, Parf\u00fcm, Rauch, Pestizide und sogar Druckertinte z\u00e4hlen. Symptome sind vielf\u00e4ltig und k\u00f6nnen Kopfschmerzen, Ersch\u00f6pfung, Schwindel, \u00dcbelkeit, Hautausschl\u00e4ge und Atembeschwerden umfassen. Behandlung und Management konzentrieren sich in der Regel darauf, die Exposition gegen\u00fcber ausl\u00f6senden Chemikalien zu minimieren und die Symptome zu lindern.<\/p>\n\n\n\n<h2 class=\"wp-block-heading\">Migr\u00e4ne <\/h2>\n\n\n\n<p>Migr\u00e4ne ist eine komplexe neurologische Erkrankung, die durch wiederkehrende, meist einseitige, pulsierende Kopfschmerzen gekennzeichnet ist, die von leicht bis sehr stark variieren k\u00f6nnen. Diese Kopfschmerzepisoden, die zwischen einigen Stunden und bis zu 3 Tagen andauern k\u00f6nnen, werden oft von \u00dcbelkeit, Erbrechen, sowie Licht- und L\u00e4rmempfindlichkeit begleitet. Einige Betroffene erleben auch eine Aura vor dem Einsetzen der Kopfschmerzen, die sich durch visuelle St\u00f6rungen (wie flackernde Lichter, Zickzacklinien oder tempor\u00e4ren Verlust des Sehverm\u00f6gens), Sprach- oder Gef\u00fchlsst\u00f6rungen auszeichnet.<\/p>\n\n\n\n<h2 class=\"wp-block-heading\">Psychische Erkrankungen<\/h2>\n\n\n\n<p><\/p>\n\n\n\n<p><\/p>\n\n\n\n<p><\/p>\n\n\n\n<p> <\/p>\n\n\n\n<hr class=\"wp-block-separator has-alpha-channel-opacity\"\/>\n\n\n\n<p><em>Buchwald, D., &amp; Garrity, D. (1994). Comparison of patients with chronic fatigue syndrome, fibromyalgia, and multiple chemical sensitivities.&nbsp;Archives of internal medicine,&nbsp;154(18), 2049\u20132053.<\/em><\/p>\n\n\n\n<p><em>De Meirleir K, De Becker P, Nijs J, et al. (2002). CFS etiology, the immune system, and infection. Chronic Fatigue Syndrome, A Biological Approach, CRC Press. 201-228.<\/em><\/p>\n\n\n\n<p><em>Donnay A. &amp; Ziem, G. (1999). Prevalence and Overlap of Chronic Fatigue Syndrome and Fibromyalgia Syndrome Among 100 New Patients with Multiple Chemical Sensitivity Syndrome. 1(5). 3-4.<\/em><\/p>\n\n\n\n<p>Fincher, C. E. et al. (1997). Comparison of single photon emission computed tomography findings in cases of healthy adults and solvent-exposed adults. Am J Ind Med 31,4-14.<\/p>\n\n\n\n<p>Fincher, C. E. et al. (1997). Comparison of single photon emission computed tomography findings in cases of healthy adults and solvent-exposed adults: Correction of previous results. Am J Ind Med 32,693-694.<\/p>\n\n\n\n<p>Hillert, L. et al. (2007). Odor processing in multiple chemical sensitivity. Hum Brain Mapp 28,172-182.<\/p>\n\n\n\n<p>Heuser, G. et al. (1994). NeuroSPECT findings in patients exposed to neurotoxic chemicals. Toxicol Ind Health 10,561-571.<\/p>\n\n\n\n<p>Heuser G. &amp;, Wu J. C. (2001). Deep subcortical (including limbic) hypermetabolism in patients<br>with chemical intolerance: human PET studies. Ann N Y Acad Sci 933,319-322<\/p>\n\n\n\n<p>Kersten, W. (2009). Paradigmenwechsel im Verst\u00e4ndnis chronischer Zivilisationskrankheiten. Komplement\u00e4re und integrative Medizin. 50(4). 7-15.<\/p>\n\n\n\n<p>Kuklinski, B. (2008). Praxisrelevanz des nitrosativen Stresses. <\/p>\n\n\n\n<p>Kuklinski, B. (2015). Mitochondrien. Aurum. OM &amp; Ern\u00e4hrung. 124, 2-19. <\/p>\n\n\n\n<p><em>Kuklinski, B. (2018). Das HWS-Trauma \u2013 Ursachen, Diagnose und Therapie. Aurum.<\/em><\/p>\n\n\n\n<p><em>Myhill, S. (2018). Diagnosis and treatment of chronic fatigue syndrome and myalgic encephalitis. It\u2019s mitochondria not hypochondria. Chelsea Green.<\/em><\/p>\n\n\n\n<p><em>Pall, M.L., (2009). Explaining unexlained illnesses. Disease paradigm for chronic fatigue syndrome, multiple chemical sensitivity, fibromyalgia, post-traumatic stress disorder, gulf war syndrome, an others. Informa Healthcare.<\/em><\/p>\n\n\n\n<p><em>Pall, M.L. (2009). Multiple Chemical Sensitivity: Toxicological Questions and Mechanisms.<br>General and Applied Toxicology. John Wiley &amp; Sons<\/em>.<\/p>\n\n\n\n<p><em>Pall M.L. (2000). Elevated, sustained peroxynitrite levels as the cause of chronic<br>fatigue syndrome. Med Hypoth 54:115-125.<\/em><\/p>\n\n\n\n<p><em>Pall M.L. (2000). Elevated peroxynitrite as the cause of chronic fatigue syndrome: Other inducers and mechanisms of symptom generation. J Chronic Fatigue Syndr2000;7(4):45-58.<\/em><\/p>\n\n\n\n<p><em>Pall M.L. (2002). Levels of nitric oxide synthase product citrulline are elevated in sera of chronic fatigue syndrome patients. J Chronic Fatigue Syndr 10(3\/4):37-41<\/em><\/p>\n\n\n\n<p><em>Pall, M. L. (2007). Nitric oxide synthase partial uncoupling as a key switching mechanism for<br>the NO\/ONOO\u2014 cycle. Med Hypotheses. 69, 821-825.<\/em><\/p>\n\n\n\n<p><em>Pall, M.L. (2010). How Can We Cure NO\/ONOO\u2212 Cycle Diseases? A Review. https:\/\/www.clinicaleducation.org\/resources\/reviews\/how-can-we-cure-noonoo-cycle-diseases-a-review\/<\/em><\/p>\n\n\n\n<p>Rothman, S. (1983). Synaptic activity mediates death of hypoxic neurons. Science. 220: 536-538.<\/p>\n\n\n\n<p>Simon, T. R. et al. (1994). Single photon emission computed tomography of the brain in patients with chemical sensitivities. Toxicol Ind Health 10, 573-577.<\/p>\n","protected":false},"excerpt":{"rendered":"<p>Marotten der Halswirbels\u00e4ule stehen selten allein. Oft geht damit eine ganze Palette von Nebenbaustellen einher, die scheinbar nichts miteinander zu tun haben. Aber ist das wirklich so? Der ONOO&#8211;Zyklus als Erkl\u00e4rungsmodell gibt Antworten. 5 Prinzipien des ONOO&#8211;Zyklus Dem NO\/ONOO&#8212;Zyklus als Erkl\u00e4rungsmodell liegen f\u00fcnf Prinzipien zugrunde (Pall, 2009): Fibromyalgie (FMS) Chronische Schmerzen in mehreren K\u00f6rperregionen kommen h\u00e4ufig vor. Die Diagnose \u201eFibromyalgie-Syndrom\u201c (FMS)&nbsp;kann jedoch erst gestellt werden, sobald zu Schmerzen&nbsp;der rechten und linken K\u00f6rperseite sowie des Ober- und Unterk\u00f6rpers weitere Symptome hinzukommen. Dies sind: Alle Symptome m\u00fcssen \u00fcber einen&nbsp;Zeitraum von mindestens drei Monaten&nbsp;auftreten. In der Literatur genannte Stressoren f\u00fcr die Ausl\u00f6sung [&hellip;]<\/p>\n","protected":false},"author":1,"featured_media":0,"parent":0,"menu_order":0,"comment_status":"closed","ping_status":"closed","template":"","meta":{"inline_featured_image":false,"footnotes":""},"yoast_head":"<!-- This site is optimized with the Yoast SEO plugin v21.8 - https:\/\/yoast.com\/wordpress\/plugins\/seo\/ -->\n<title>Suberkrankungen von CCI\/AAI - wirbelwirrwarr<\/title>\n<meta name=\"description\" content=\"Marotten der Halswirbels\u00e4ule\/CCI\/AAI stehen selten allein. Oft geht damit eine ganze Palette von Nebenbaustellen einher, die scheinbar nichts miteinander zu tun haben. Aber ist das wirklich so?\" \/>\n<meta name=\"robots\" content=\"index, follow, max-snippet:-1, max-image-preview:large, max-video-preview:-1\" \/>\n<link rel=\"canonical\" href=\"https:\/\/www.wirbelwirrwarr.de\/index.php\/begleiterkrankungen-von-cci-aai-erklaert-durch-den-onoo-zyklus\/\" \/>\n<meta property=\"og:locale\" content=\"de_DE\" \/>\n<meta property=\"og:type\" content=\"article\" \/>\n<meta property=\"og:title\" content=\"Suberkrankungen von CCI\/AAI - wirbelwirrwarr\" \/>\n<meta property=\"og:description\" content=\"Marotten der Halswirbels\u00e4ule\/CCI\/AAI stehen selten allein. Oft geht damit eine ganze Palette von Nebenbaustellen einher, die scheinbar nichts miteinander zu tun haben. Aber ist das wirklich so?\" \/>\n<meta property=\"og:url\" content=\"https:\/\/www.wirbelwirrwarr.de\/index.php\/begleiterkrankungen-von-cci-aai-erklaert-durch-den-onoo-zyklus\/\" \/>\n<meta property=\"og:site_name\" content=\"wirbelwirrwarr\" \/>\n<meta property=\"article:modified_time\" content=\"2024-11-03T12:28:32+00:00\" \/>\n<meta name=\"twitter:card\" content=\"summary_large_image\" \/>\n<meta name=\"twitter:label1\" content=\"Gesch\u00e4tzte Lesezeit\" \/>\n\t<meta name=\"twitter:data1\" content=\"7\u00a0Minuten\" \/>\n<script type=\"application\/ld+json\" class=\"yoast-schema-graph\">{\"@context\":\"https:\/\/schema.org\",\"@graph\":[{\"@type\":\"WebPage\",\"@id\":\"https:\/\/www.wirbelwirrwarr.de\/index.php\/begleiterkrankungen-von-cci-aai-erklaert-durch-den-onoo-zyklus\/\",\"url\":\"https:\/\/www.wirbelwirrwarr.de\/index.php\/begleiterkrankungen-von-cci-aai-erklaert-durch-den-onoo-zyklus\/\",\"name\":\"Suberkrankungen von CCI\/AAI - wirbelwirrwarr\",\"isPartOf\":{\"@id\":\"https:\/\/www.wirbelwirrwarr.de\/#website\"},\"datePublished\":\"2023-02-10T07:32:37+00:00\",\"dateModified\":\"2024-11-03T12:28:32+00:00\",\"description\":\"Marotten der Halswirbels\u00e4ule\/CCI\/AAI stehen selten allein. Oft geht damit eine ganze Palette von Nebenbaustellen einher, die scheinbar nichts miteinander zu tun haben. Aber ist das wirklich so?\",\"breadcrumb\":{\"@id\":\"https:\/\/www.wirbelwirrwarr.de\/index.php\/begleiterkrankungen-von-cci-aai-erklaert-durch-den-onoo-zyklus\/#breadcrumb\"},\"inLanguage\":\"de\",\"potentialAction\":[{\"@type\":\"ReadAction\",\"target\":[\"https:\/\/www.wirbelwirrwarr.de\/index.php\/begleiterkrankungen-von-cci-aai-erklaert-durch-den-onoo-zyklus\/\"]}]},{\"@type\":\"BreadcrumbList\",\"@id\":\"https:\/\/www.wirbelwirrwarr.de\/index.php\/begleiterkrankungen-von-cci-aai-erklaert-durch-den-onoo-zyklus\/#breadcrumb\",\"itemListElement\":[{\"@type\":\"ListItem\",\"position\":1,\"name\":\"Startseite\",\"item\":\"https:\/\/www.wirbelwirrwarr.de\/\"},{\"@type\":\"ListItem\",\"position\":2,\"name\":\"Suberkrankungen von CCI\/AAI\"}]},{\"@type\":\"WebSite\",\"@id\":\"https:\/\/www.wirbelwirrwarr.de\/#website\",\"url\":\"https:\/\/www.wirbelwirrwarr.de\/\",\"name\":\"wirbelwirrwarr\",\"description\":\"Wie eine unsichtbare Krankheit mein Leben bunt macht\",\"publisher\":{\"@id\":\"https:\/\/www.wirbelwirrwarr.de\/#organization\"},\"potentialAction\":[{\"@type\":\"SearchAction\",\"target\":{\"@type\":\"EntryPoint\",\"urlTemplate\":\"https:\/\/www.wirbelwirrwarr.de\/?s={search_term_string}\"},\"query-input\":\"required name=search_term_string\"}],\"inLanguage\":\"de\"},{\"@type\":\"Organization\",\"@id\":\"https:\/\/www.wirbelwirrwarr.de\/#organization\",\"name\":\"wirbelwirrwarr\",\"url\":\"https:\/\/www.wirbelwirrwarr.de\/\",\"logo\":{\"@type\":\"ImageObject\",\"inLanguage\":\"de\",\"@id\":\"https:\/\/www.wirbelwirrwarr.de\/#\/schema\/logo\/image\/\",\"url\":\"https:\/\/www.wirbelwirrwarr.de\/wp-content\/uploads\/2023\/02\/logoatlas9.svg\",\"contentUrl\":\"https:\/\/www.wirbelwirrwarr.de\/wp-content\/uploads\/2023\/02\/logoatlas9.svg\",\"caption\":\"wirbelwirrwarr\"},\"image\":{\"@id\":\"https:\/\/www.wirbelwirrwarr.de\/#\/schema\/logo\/image\/\"}}]}<\/script>\n<!-- \/ Yoast SEO plugin. -->","yoast_head_json":{"title":"Suberkrankungen von CCI\/AAI - wirbelwirrwarr","description":"Marotten der Halswirbels\u00e4ule\/CCI\/AAI stehen selten allein. Oft geht damit eine ganze Palette von Nebenbaustellen einher, die scheinbar nichts miteinander zu tun haben. Aber ist das wirklich so?","robots":{"index":"index","follow":"follow","max-snippet":"max-snippet:-1","max-image-preview":"max-image-preview:large","max-video-preview":"max-video-preview:-1"},"canonical":"https:\/\/www.wirbelwirrwarr.de\/index.php\/begleiterkrankungen-von-cci-aai-erklaert-durch-den-onoo-zyklus\/","og_locale":"de_DE","og_type":"article","og_title":"Suberkrankungen von CCI\/AAI - wirbelwirrwarr","og_description":"Marotten der Halswirbels\u00e4ule\/CCI\/AAI stehen selten allein. Oft geht damit eine ganze Palette von Nebenbaustellen einher, die scheinbar nichts miteinander zu tun haben. Aber ist das wirklich so?","og_url":"https:\/\/www.wirbelwirrwarr.de\/index.php\/begleiterkrankungen-von-cci-aai-erklaert-durch-den-onoo-zyklus\/","og_site_name":"wirbelwirrwarr","article_modified_time":"2024-11-03T12:28:32+00:00","twitter_card":"summary_large_image","twitter_misc":{"Gesch\u00e4tzte Lesezeit":"7\u00a0Minuten"},"schema":{"@context":"https:\/\/schema.org","@graph":[{"@type":"WebPage","@id":"https:\/\/www.wirbelwirrwarr.de\/index.php\/begleiterkrankungen-von-cci-aai-erklaert-durch-den-onoo-zyklus\/","url":"https:\/\/www.wirbelwirrwarr.de\/index.php\/begleiterkrankungen-von-cci-aai-erklaert-durch-den-onoo-zyklus\/","name":"Suberkrankungen von CCI\/AAI - wirbelwirrwarr","isPartOf":{"@id":"https:\/\/www.wirbelwirrwarr.de\/#website"},"datePublished":"2023-02-10T07:32:37+00:00","dateModified":"2024-11-03T12:28:32+00:00","description":"Marotten der Halswirbels\u00e4ule\/CCI\/AAI stehen selten allein. Oft geht damit eine ganze Palette von Nebenbaustellen einher, die scheinbar nichts miteinander zu tun haben. Aber ist das wirklich so?","breadcrumb":{"@id":"https:\/\/www.wirbelwirrwarr.de\/index.php\/begleiterkrankungen-von-cci-aai-erklaert-durch-den-onoo-zyklus\/#breadcrumb"},"inLanguage":"de","potentialAction":[{"@type":"ReadAction","target":["https:\/\/www.wirbelwirrwarr.de\/index.php\/begleiterkrankungen-von-cci-aai-erklaert-durch-den-onoo-zyklus\/"]}]},{"@type":"BreadcrumbList","@id":"https:\/\/www.wirbelwirrwarr.de\/index.php\/begleiterkrankungen-von-cci-aai-erklaert-durch-den-onoo-zyklus\/#breadcrumb","itemListElement":[{"@type":"ListItem","position":1,"name":"Startseite","item":"https:\/\/www.wirbelwirrwarr.de\/"},{"@type":"ListItem","position":2,"name":"Suberkrankungen von CCI\/AAI"}]},{"@type":"WebSite","@id":"https:\/\/www.wirbelwirrwarr.de\/#website","url":"https:\/\/www.wirbelwirrwarr.de\/","name":"wirbelwirrwarr","description":"Wie eine unsichtbare Krankheit mein Leben bunt macht","publisher":{"@id":"https:\/\/www.wirbelwirrwarr.de\/#organization"},"potentialAction":[{"@type":"SearchAction","target":{"@type":"EntryPoint","urlTemplate":"https:\/\/www.wirbelwirrwarr.de\/?s={search_term_string}"},"query-input":"required name=search_term_string"}],"inLanguage":"de"},{"@type":"Organization","@id":"https:\/\/www.wirbelwirrwarr.de\/#organization","name":"wirbelwirrwarr","url":"https:\/\/www.wirbelwirrwarr.de\/","logo":{"@type":"ImageObject","inLanguage":"de","@id":"https:\/\/www.wirbelwirrwarr.de\/#\/schema\/logo\/image\/","url":"https:\/\/www.wirbelwirrwarr.de\/wp-content\/uploads\/2023\/02\/logoatlas9.svg","contentUrl":"https:\/\/www.wirbelwirrwarr.de\/wp-content\/uploads\/2023\/02\/logoatlas9.svg","caption":"wirbelwirrwarr"},"image":{"@id":"https:\/\/www.wirbelwirrwarr.de\/#\/schema\/logo\/image\/"}}]}},"_links":{"self":[{"href":"https:\/\/www.wirbelwirrwarr.de\/index.php\/wp-json\/wp\/v2\/pages\/11340"}],"collection":[{"href":"https:\/\/www.wirbelwirrwarr.de\/index.php\/wp-json\/wp\/v2\/pages"}],"about":[{"href":"https:\/\/www.wirbelwirrwarr.de\/index.php\/wp-json\/wp\/v2\/types\/page"}],"author":[{"embeddable":true,"href":"https:\/\/www.wirbelwirrwarr.de\/index.php\/wp-json\/wp\/v2\/users\/1"}],"replies":[{"embeddable":true,"href":"https:\/\/www.wirbelwirrwarr.de\/index.php\/wp-json\/wp\/v2\/comments?post=11340"}],"version-history":[{"count":40,"href":"https:\/\/www.wirbelwirrwarr.de\/index.php\/wp-json\/wp\/v2\/pages\/11340\/revisions"}],"predecessor-version":[{"id":17201,"href":"https:\/\/www.wirbelwirrwarr.de\/index.php\/wp-json\/wp\/v2\/pages\/11340\/revisions\/17201"}],"wp:attachment":[{"href":"https:\/\/www.wirbelwirrwarr.de\/index.php\/wp-json\/wp\/v2\/media?parent=11340"}],"curies":[{"name":"wp","href":"https:\/\/api.w.org\/{rel}","templated":true}]}}