{"id":11300,"date":"2023-02-04T18:21:36","date_gmt":"2023-02-04T17:21:36","guid":{"rendered":"https:\/\/www.wirbelwirrwarr.de\/?page_id=11300"},"modified":"2023-09-20T20:24:04","modified_gmt":"2023-09-20T18:24:04","slug":"wichtige-winkel-zur-beurteilung-einer-cci-aai","status":"publish","type":"page","link":"https:\/\/www.wirbelwirrwarr.de\/index.php\/wichtige-winkel-zur-beurteilung-einer-cci-aai\/","title":{"rendered":"Wichtige Ma\u00dfe zur Beurteilung einer CCI\/AAI"},"content":{"rendered":"\n<p>Anatomische Begriffe: <\/p>\n\n\n\n<ol>\n<li><strong>Basion<\/strong>: Der Basion ist ein anatomischer Punkt an der vorderen Basis des Sch\u00e4dels. Er befindet sich normalerweise an der Stelle, an der das Foramen magnum beginnt, das Loch im Sch\u00e4del, durch das das R\u00fcckenmark in den Sch\u00e4del eintritt. <\/li>\n\n\n\n<li><strong>Opisthion<\/strong>: Das Opisthion ist ein anderer anatomischer Punkt am hinteren Ende des Sch\u00e4dels. Es liegt in der N\u00e4he des Hinterhauptlochs (Foramen magnum) und ist ein wichtiger Referenzpunkt f\u00fcr die Beurteilung der Sch\u00e4delanatomie, insbesondere in Bezug auf die Position des Sch\u00e4dels relativ zur Wirbels\u00e4ule.<\/li>\n\n\n\n<li><strong>Clivus<\/strong>: Das Clivus ist eine schr\u00e4ge Fl\u00e4che an der Basis des Sch\u00e4dels. Das Clivus erstreckt sich von der vorderen Basis des Sch\u00e4dels bis zum Hinterhauptloch (Foramen magnum), durch das das R\u00fcckenmark in den Sch\u00e4del eintritt.<\/li>\n<\/ol>\n\n\n\n<div style=\"height:20px\" aria-hidden=\"true\" class=\"wp-block-spacer\"><\/div>\n\n\n\n<h4 class=\"wp-block-heading\">Chamberlain Linie<\/h4>\n\n\n\n<figure class=\"wp-block-image size-large\"><img loading=\"lazy\" decoding=\"async\" width=\"1024\" height=\"768\" src=\"https:\/\/www.wirbelwirrwarr.de\/wp-content\/uploads\/2023\/09\/chamberlain-1024x768.png\" alt=\"\" class=\"wp-image-14527\" srcset=\"https:\/\/www.wirbelwirrwarr.de\/wp-content\/uploads\/2023\/09\/chamberlain-1024x768.png 1024w, https:\/\/www.wirbelwirrwarr.de\/wp-content\/uploads\/2023\/09\/chamberlain-300x225.png 300w, https:\/\/www.wirbelwirrwarr.de\/wp-content\/uploads\/2023\/09\/chamberlain-768x576.png 768w, https:\/\/www.wirbelwirrwarr.de\/wp-content\/uploads\/2023\/09\/chamberlain.png 1200w\" sizes=\"(max-width: 1024px) 100vw, 1024px\" \/><\/figure>\n\n\n\n<p>Die Chamberlains Linie dient dazu, die Lage der Spitze des Dens axis zu beurteilen (Chamberlain, 1939). Sie wird vom kaudalen Ende des harten Gaumens zum hinterer Rand des Foramen magnum gezogen. Ragt die Spitze des Dens axis mehr als 3 mm \u00fcber diese Linie hinaus, spricht man von einer basilaren Invagination (Smoker, 1994).<\/p>\n\n\n\n<h4 class=\"wp-block-heading\">Clivo Axial Angle (CXA)<\/h4>\n\n\n\n<p>Es wird eine Linie entlang der Basis und eine weitere an der R\u00fcckseite des Axisk\u00f6rpers gezogen. Die normale CXA betr\u00e4gt etwa 155\u00b0, nimmt in Flexion (Beugung) 10\u00b0 ab und in Extension (Streckung) 10\u00b0 zu. Unter 135\u00b0 gilt als pathologisch. Hierbei besteht die Gefahr der mechanischen Deformit\u00e4t des Hirnstamms bzw. des R\u00fcckenmarks (Henderson et al., 2019).  <\/p>\n\n\n\n<figure class=\"wp-block-image size-large\"><img loading=\"lazy\" decoding=\"async\" width=\"1024\" height=\"768\" src=\"https:\/\/www.wirbelwirrwarr.de\/wp-content\/uploads\/2023\/09\/cxa-1-1024x768.png\" alt=\"\" class=\"wp-image-14521\" srcset=\"https:\/\/www.wirbelwirrwarr.de\/wp-content\/uploads\/2023\/09\/cxa-1-1024x768.png 1024w, https:\/\/www.wirbelwirrwarr.de\/wp-content\/uploads\/2023\/09\/cxa-1-300x225.png 300w, https:\/\/www.wirbelwirrwarr.de\/wp-content\/uploads\/2023\/09\/cxa-1-768x576.png 768w, https:\/\/www.wirbelwirrwarr.de\/wp-content\/uploads\/2023\/09\/cxa-1.png 1200w\" sizes=\"(max-width: 1024px) 100vw, 1024px\" \/><\/figure>\n\n\n\n<h4 class=\"wp-block-heading\">Wackenheim Linie<\/h4>\n\n\n\n<p>Linie, die den Verlauf des Clivus (= eine nach dorsal (hinten) abfallende kn\u00f6cherne Struktur; trennt die mittlere von der hinteren Sch\u00e4delgrube) fortsetzt. Sie sollte sich oberhalb des Dens axis befinden oder tangential zu ihm (Wackenheim, 1974). <\/p>\n\n\n\n<figure class=\"wp-block-image size-large\"><img loading=\"lazy\" decoding=\"async\" width=\"1024\" height=\"768\" src=\"https:\/\/www.wirbelwirrwarr.de\/wp-content\/uploads\/2023\/09\/wackenheim2-1024x768.png\" alt=\"\" class=\"wp-image-14465\" srcset=\"https:\/\/www.wirbelwirrwarr.de\/wp-content\/uploads\/2023\/09\/wackenheim2-1024x768.png 1024w, https:\/\/www.wirbelwirrwarr.de\/wp-content\/uploads\/2023\/09\/wackenheim2-300x225.png 300w, https:\/\/www.wirbelwirrwarr.de\/wp-content\/uploads\/2023\/09\/wackenheim2-768x576.png 768w, https:\/\/www.wirbelwirrwarr.de\/wp-content\/uploads\/2023\/09\/wackenheim2.png 1200w\" sizes=\"(max-width: 1024px) 100vw, 1024px\" \/><\/figure>\n\n\n\n<h4 class=\"wp-block-heading\">Boogards Angle<\/h4>\n\n\n\n<p>Der Boogards Angle wird gemessen, indem eine Linie von Basion zu Opisthion und eine weitere Linie entlang der Ebene des Clivus zum Basion gezogen wird, wobei sie die erste Linie schneidet. Der Winkel zwischen diesen beiden Linien wird gemessen.<\/p>\n\n\n\n<p>Der normale Winkel betr\u00e4gt 126\u00b0 +\/- 6\u00b0. Wenn der Winkel mehr als 136\u00b0 betr\u00e4gt, deutet dies auf eine Platybasie hin.<\/p>\n\n\n\n<figure class=\"wp-block-image size-large\"><img loading=\"lazy\" decoding=\"async\" width=\"1024\" height=\"768\" src=\"https:\/\/www.wirbelwirrwarr.de\/wp-content\/uploads\/2023\/09\/boogaard-1024x768.png\" alt=\"\" class=\"wp-image-14540\" srcset=\"https:\/\/www.wirbelwirrwarr.de\/wp-content\/uploads\/2023\/09\/boogaard-1024x768.png 1024w, https:\/\/www.wirbelwirrwarr.de\/wp-content\/uploads\/2023\/09\/boogaard-300x225.png 300w, https:\/\/www.wirbelwirrwarr.de\/wp-content\/uploads\/2023\/09\/boogaard-768x576.png 768w, https:\/\/www.wirbelwirrwarr.de\/wp-content\/uploads\/2023\/09\/boogaard.png 1200w\" sizes=\"(max-width: 1024px) 100vw, 1024px\" \/><\/figure>\n\n\n\n<h4 class=\"wp-block-heading\">Grabb-Mapstone-Oakes-Messung <\/h4>\n\n\n\n<p>Mit diesem Ma\u00df wird das Vordringen des Dens axis in den oberen Spinalkanal beurteilt. Dadurch kann eine ventrale Hirnstammkompression erkannt werden. Vorgehen: Es wird eine Linie von der Vorderseite des Foramen magnum zum untersten posterioren Part des Axis gezogen. Eine zweite Linie wird senkrecht zur ersten zur Dura eingezeichnet. Der Abstand zwischen dem Schnittpunkt der beiden Linien und der Dura ist das, was die Grabb-Mapstone-Oakes-Messung ergibt.<\/p>\n\n\n\n<figure class=\"wp-block-image size-large\"><img loading=\"lazy\" decoding=\"async\" width=\"1024\" height=\"768\" src=\"https:\/\/www.wirbelwirrwarr.de\/wp-content\/uploads\/2023\/09\/grabboakes-1024x768.png\" alt=\"\" class=\"wp-image-14466\" srcset=\"https:\/\/www.wirbelwirrwarr.de\/wp-content\/uploads\/2023\/09\/grabboakes-1024x768.png 1024w, https:\/\/www.wirbelwirrwarr.de\/wp-content\/uploads\/2023\/09\/grabboakes-300x225.png 300w, https:\/\/www.wirbelwirrwarr.de\/wp-content\/uploads\/2023\/09\/grabboakes-768x576.png 768w, https:\/\/www.wirbelwirrwarr.de\/wp-content\/uploads\/2023\/09\/grabboakes.png 1200w\" sizes=\"(max-width: 1024px) 100vw, 1024px\" \/><\/figure>\n\n\n\n<h4 class=\"wp-block-heading\">Basion dens interval (BDI)<\/h4>\n\n\n\n<p>Abstand zwischen der unteren Spitze des Basion (vorderer Mittelpunkt des Formane magnum) und der Spitze des Dens axis. Ein Wert &gt; 12 mm ist auff\u00e4llig.<\/p>\n\n\n\n<figure class=\"wp-block-image size-large\"><img loading=\"lazy\" decoding=\"async\" width=\"1024\" height=\"768\" src=\"https:\/\/www.wirbelwirrwarr.de\/wp-content\/uploads\/2023\/09\/bdi-1024x768.png\" alt=\"\" class=\"wp-image-14467\" srcset=\"https:\/\/www.wirbelwirrwarr.de\/wp-content\/uploads\/2023\/09\/bdi-1024x768.png 1024w, https:\/\/www.wirbelwirrwarr.de\/wp-content\/uploads\/2023\/09\/bdi-300x225.png 300w, https:\/\/www.wirbelwirrwarr.de\/wp-content\/uploads\/2023\/09\/bdi-768x576.png 768w, https:\/\/www.wirbelwirrwarr.de\/wp-content\/uploads\/2023\/09\/bdi.png 1200w\" sizes=\"(max-width: 1024px) 100vw, 1024px\" \/><\/figure>\n\n\n\n<h4 class=\"wp-block-heading\">Basion axial interval (BAI)<\/h4>\n\n\n\n<p>Das ist der horizontale Abstand zwischen Basion und posteriorer Axislinie.<\/p>\n\n\n\n<p>Pathologisch: &gt;12 mm<\/p>\n\n\n\n<figure class=\"wp-block-image size-large\"><img loading=\"lazy\" decoding=\"async\" width=\"1024\" height=\"768\" src=\"https:\/\/www.wirbelwirrwarr.de\/wp-content\/uploads\/2023\/09\/bai-1024x768.png\" alt=\"\" class=\"wp-image-14468\" srcset=\"https:\/\/www.wirbelwirrwarr.de\/wp-content\/uploads\/2023\/09\/bai-1024x768.png 1024w, https:\/\/www.wirbelwirrwarr.de\/wp-content\/uploads\/2023\/09\/bai-300x225.png 300w, https:\/\/www.wirbelwirrwarr.de\/wp-content\/uploads\/2023\/09\/bai-768x576.png 768w, https:\/\/www.wirbelwirrwarr.de\/wp-content\/uploads\/2023\/09\/bai.png 1200w\" sizes=\"(max-width: 1024px) 100vw, 1024px\" \/><\/figure>\n\n\n\n<h4 class=\"wp-block-heading\">Harris-Messung<\/h4>\n\n\n\n<p>BDI + BAI; &gt;12mm = auff\u00e4llig.<\/p>\n\n\n\n<h4 class=\"wp-block-heading\">Clivo Canal Angle<\/h4>\n\n\n\n<p>Gem\u00e4\u00df einigen Autoren wird der craniocervicale \u00dcbergang als instabil betrachtet, wenn &#8222;irgendeine Anomalie vorliegt, die zu neurologischen Defiziten, progressiver Deformit\u00e4t oder strukturellen Schmerzen f\u00fchrt&#8220;. Ein Clivo canal angle unter 125\u00b0 und\/oder ein Grabb-Ma\u00df \u00fcber 9 mm gelten als pr\u00e4diktiv f\u00fcr CCI (Joaquim et al., 2018).<\/p>\n\n\n\n<p><\/p>\n\n\n\n<figure class=\"wp-block-image size-large\"><img loading=\"lazy\" decoding=\"async\" width=\"1024\" height=\"768\" src=\"https:\/\/www.wirbelwirrwarr.de\/wp-content\/uploads\/2023\/09\/cca-1024x768.png\" alt=\"\" class=\"wp-image-14523\" srcset=\"https:\/\/www.wirbelwirrwarr.de\/wp-content\/uploads\/2023\/09\/cca-1024x768.png 1024w, https:\/\/www.wirbelwirrwarr.de\/wp-content\/uploads\/2023\/09\/cca-300x225.png 300w, https:\/\/www.wirbelwirrwarr.de\/wp-content\/uploads\/2023\/09\/cca-768x576.png 768w, https:\/\/www.wirbelwirrwarr.de\/wp-content\/uploads\/2023\/09\/cca.png 1200w\" sizes=\"(max-width: 1024px) 100vw, 1024px\" \/><\/figure>\n\n\n\n<p><strong>Fortsetzung folgt&#8230; (Ja, richtig. Da gibt&#8217;s noch viel mehr.) <\/strong><\/p>\n\n\n\n<hr class=\"wp-block-separator has-css-opacity\"\/>\n\n\n\n<p><em>Chamberlain, W. E. (1939). Basilar impression (platybasia). A bizarre developmental<br>anomaly of the occipital bone and upper cervical spine with striking and misleading<br>neurologic manifestations. Yale Journal of Biology and Medicine 11 (5), S. 487.<\/em><\/p>\n\n\n\n<p><em>Henderson, F. C. et al. (2019). Cervical medullary syndrome secondary to craniocervical instability and ventral brainstem compression in hereditary hypermobility connective tissue disorders: 5-year follow-up after craniocervical reduction, fusion, and stabilization.&nbsp;Neurosurgical review,&nbsp;42(4), 915\u2013936. https:\/\/doi.org\/10.1007\/s10143-018-01070-4<\/em><\/p>\n\n\n\n<p><em>Joaquim, A. F. et al. (2018). Controversies in the surgical management of congenital craniocervical junction disorders &#8211; A critical review.&nbsp;Neurology India,&nbsp;66(4), 1003\u20131015. https:\/\/doi.org\/10.4103\/0028-3886.237025<\/em><\/p>\n\n\n\n<p><em>Smoker, W.R. (1994). Craniovertebral junction. Normal anatomy, craniometry, and<br>congenital anomalies. Journal of Radiographics 14 (2), S. 255\u2013277.<\/em><\/p>\n\n\n\n<p><em>Wackenheim, A. (1974). Roentgen Diagnosis of the Craniovertebral Region. Springer.<\/em><\/p>\n","protected":false},"excerpt":{"rendered":"<p>Anatomische Begriffe: Chamberlain Linie Die Chamberlains Linie dient dazu, die Lage der Spitze des Dens axis zu beurteilen (Chamberlain, 1939). Sie wird vom kaudalen Ende des harten Gaumens zum hinterer Rand des Foramen magnum gezogen. Ragt die Spitze des Dens axis mehr als 3 mm \u00fcber diese Linie hinaus, spricht man von einer basilaren Invagination (Smoker, 1994). Clivo Axial Angle (CXA) Es wird eine Linie entlang der Basis und eine weitere an der R\u00fcckseite des Axisk\u00f6rpers gezogen. Die normale CXA betr\u00e4gt etwa 155\u00b0, nimmt in Flexion (Beugung) 10\u00b0 ab und in Extension (Streckung) 10\u00b0 zu. Unter 135\u00b0 gilt als [&hellip;]<\/p>\n","protected":false},"author":1,"featured_media":0,"parent":0,"menu_order":0,"comment_status":"closed","ping_status":"closed","template":"","meta":{"inline_featured_image":false,"footnotes":""},"yoast_head":"<!-- This site is optimized with the Yoast SEO plugin v21.8 - https:\/\/yoast.com\/wordpress\/plugins\/seo\/ -->\n<title>Wichtige Ma\u00dfe zur Beurteilung einer CCI\/AAI - wirbelwirrwarr<\/title>\n<meta name=\"robots\" content=\"index, follow, max-snippet:-1, max-image-preview:large, max-video-preview:-1\" \/>\n<link rel=\"canonical\" href=\"https:\/\/www.wirbelwirrwarr.de\/index.php\/wichtige-winkel-zur-beurteilung-einer-cci-aai\/\" \/>\n<meta property=\"og:locale\" content=\"de_DE\" \/>\n<meta property=\"og:type\" content=\"article\" \/>\n<meta property=\"og:title\" content=\"Wichtige Ma\u00dfe zur Beurteilung einer CCI\/AAI - wirbelwirrwarr\" \/>\n<meta property=\"og:description\" content=\"Anatomische Begriffe: Chamberlain Linie Die Chamberlains Linie dient dazu, die Lage der Spitze des Dens axis zu beurteilen (Chamberlain, 1939). Sie wird vom kaudalen Ende des harten Gaumens zum hinterer Rand des Foramen magnum gezogen. Ragt die Spitze des Dens axis mehr als 3 mm \u00fcber diese Linie hinaus, spricht man von einer basilaren Invagination (Smoker, 1994). Clivo Axial Angle (CXA) Es wird eine Linie entlang der Basis und eine weitere an der R\u00fcckseite des Axisk\u00f6rpers gezogen. Die normale CXA betr\u00e4gt etwa 155\u00b0, nimmt in Flexion (Beugung) 10\u00b0 ab und in Extension (Streckung) 10\u00b0 zu. Unter 135\u00b0 gilt als [&hellip;]\" \/>\n<meta property=\"og:url\" content=\"https:\/\/www.wirbelwirrwarr.de\/index.php\/wichtige-winkel-zur-beurteilung-einer-cci-aai\/\" \/>\n<meta property=\"og:site_name\" content=\"wirbelwirrwarr\" \/>\n<meta property=\"article:modified_time\" content=\"2023-09-20T18:24:04+00:00\" \/>\n<meta property=\"og:image\" content=\"https:\/\/www.wirbelwirrwarr.de\/wp-content\/uploads\/2023\/09\/chamberlain-1024x768.png\" \/>\n<meta name=\"twitter:card\" content=\"summary_large_image\" \/>\n<meta name=\"twitter:label1\" content=\"Gesch\u00e4tzte Lesezeit\" \/>\n\t<meta name=\"twitter:data1\" content=\"6\u00a0Minuten\" \/>\n<script type=\"application\/ld+json\" class=\"yoast-schema-graph\">{\"@context\":\"https:\/\/schema.org\",\"@graph\":[{\"@type\":\"WebPage\",\"@id\":\"https:\/\/www.wirbelwirrwarr.de\/index.php\/wichtige-winkel-zur-beurteilung-einer-cci-aai\/\",\"url\":\"https:\/\/www.wirbelwirrwarr.de\/index.php\/wichtige-winkel-zur-beurteilung-einer-cci-aai\/\",\"name\":\"Wichtige Ma\u00dfe zur Beurteilung einer CCI\/AAI - wirbelwirrwarr\",\"isPartOf\":{\"@id\":\"https:\/\/www.wirbelwirrwarr.de\/#website\"},\"datePublished\":\"2023-02-04T17:21:36+00:00\",\"dateModified\":\"2023-09-20T18:24:04+00:00\",\"breadcrumb\":{\"@id\":\"https:\/\/www.wirbelwirrwarr.de\/index.php\/wichtige-winkel-zur-beurteilung-einer-cci-aai\/#breadcrumb\"},\"inLanguage\":\"de\",\"potentialAction\":[{\"@type\":\"ReadAction\",\"target\":[\"https:\/\/www.wirbelwirrwarr.de\/index.php\/wichtige-winkel-zur-beurteilung-einer-cci-aai\/\"]}]},{\"@type\":\"BreadcrumbList\",\"@id\":\"https:\/\/www.wirbelwirrwarr.de\/index.php\/wichtige-winkel-zur-beurteilung-einer-cci-aai\/#breadcrumb\",\"itemListElement\":[{\"@type\":\"ListItem\",\"position\":1,\"name\":\"Startseite\",\"item\":\"https:\/\/www.wirbelwirrwarr.de\/\"},{\"@type\":\"ListItem\",\"position\":2,\"name\":\"Wichtige Ma\u00dfe zur Beurteilung einer CCI\/AAI\"}]},{\"@type\":\"WebSite\",\"@id\":\"https:\/\/www.wirbelwirrwarr.de\/#website\",\"url\":\"https:\/\/www.wirbelwirrwarr.de\/\",\"name\":\"wirbelwirrwarr\",\"description\":\"Wie eine unsichtbare Krankheit mein Leben bunt macht\",\"publisher\":{\"@id\":\"https:\/\/www.wirbelwirrwarr.de\/#organization\"},\"potentialAction\":[{\"@type\":\"SearchAction\",\"target\":{\"@type\":\"EntryPoint\",\"urlTemplate\":\"https:\/\/www.wirbelwirrwarr.de\/?s={search_term_string}\"},\"query-input\":\"required name=search_term_string\"}],\"inLanguage\":\"de\"},{\"@type\":\"Organization\",\"@id\":\"https:\/\/www.wirbelwirrwarr.de\/#organization\",\"name\":\"wirbelwirrwarr\",\"url\":\"https:\/\/www.wirbelwirrwarr.de\/\",\"logo\":{\"@type\":\"ImageObject\",\"inLanguage\":\"de\",\"@id\":\"https:\/\/www.wirbelwirrwarr.de\/#\/schema\/logo\/image\/\",\"url\":\"https:\/\/www.wirbelwirrwarr.de\/wp-content\/uploads\/2023\/02\/logoatlas9.svg\",\"contentUrl\":\"https:\/\/www.wirbelwirrwarr.de\/wp-content\/uploads\/2023\/02\/logoatlas9.svg\",\"caption\":\"wirbelwirrwarr\"},\"image\":{\"@id\":\"https:\/\/www.wirbelwirrwarr.de\/#\/schema\/logo\/image\/\"}}]}<\/script>\n<!-- \/ Yoast SEO plugin. -->","yoast_head_json":{"title":"Wichtige Ma\u00dfe zur Beurteilung einer CCI\/AAI - wirbelwirrwarr","robots":{"index":"index","follow":"follow","max-snippet":"max-snippet:-1","max-image-preview":"max-image-preview:large","max-video-preview":"max-video-preview:-1"},"canonical":"https:\/\/www.wirbelwirrwarr.de\/index.php\/wichtige-winkel-zur-beurteilung-einer-cci-aai\/","og_locale":"de_DE","og_type":"article","og_title":"Wichtige Ma\u00dfe zur Beurteilung einer CCI\/AAI - wirbelwirrwarr","og_description":"Anatomische Begriffe: Chamberlain Linie Die Chamberlains Linie dient dazu, die Lage der Spitze des Dens axis zu beurteilen (Chamberlain, 1939). Sie wird vom kaudalen Ende des harten Gaumens zum hinterer Rand des Foramen magnum gezogen. Ragt die Spitze des Dens axis mehr als 3 mm \u00fcber diese Linie hinaus, spricht man von einer basilaren Invagination (Smoker, 1994). Clivo Axial Angle (CXA) Es wird eine Linie entlang der Basis und eine weitere an der R\u00fcckseite des Axisk\u00f6rpers gezogen. Die normale CXA betr\u00e4gt etwa 155\u00b0, nimmt in Flexion (Beugung) 10\u00b0 ab und in Extension (Streckung) 10\u00b0 zu. Unter 135\u00b0 gilt als [&hellip;]","og_url":"https:\/\/www.wirbelwirrwarr.de\/index.php\/wichtige-winkel-zur-beurteilung-einer-cci-aai\/","og_site_name":"wirbelwirrwarr","article_modified_time":"2023-09-20T18:24:04+00:00","og_image":[{"url":"https:\/\/www.wirbelwirrwarr.de\/wp-content\/uploads\/2023\/09\/chamberlain-1024x768.png"}],"twitter_card":"summary_large_image","twitter_misc":{"Gesch\u00e4tzte Lesezeit":"6\u00a0Minuten"},"schema":{"@context":"https:\/\/schema.org","@graph":[{"@type":"WebPage","@id":"https:\/\/www.wirbelwirrwarr.de\/index.php\/wichtige-winkel-zur-beurteilung-einer-cci-aai\/","url":"https:\/\/www.wirbelwirrwarr.de\/index.php\/wichtige-winkel-zur-beurteilung-einer-cci-aai\/","name":"Wichtige Ma\u00dfe zur Beurteilung einer CCI\/AAI - wirbelwirrwarr","isPartOf":{"@id":"https:\/\/www.wirbelwirrwarr.de\/#website"},"datePublished":"2023-02-04T17:21:36+00:00","dateModified":"2023-09-20T18:24:04+00:00","breadcrumb":{"@id":"https:\/\/www.wirbelwirrwarr.de\/index.php\/wichtige-winkel-zur-beurteilung-einer-cci-aai\/#breadcrumb"},"inLanguage":"de","potentialAction":[{"@type":"ReadAction","target":["https:\/\/www.wirbelwirrwarr.de\/index.php\/wichtige-winkel-zur-beurteilung-einer-cci-aai\/"]}]},{"@type":"BreadcrumbList","@id":"https:\/\/www.wirbelwirrwarr.de\/index.php\/wichtige-winkel-zur-beurteilung-einer-cci-aai\/#breadcrumb","itemListElement":[{"@type":"ListItem","position":1,"name":"Startseite","item":"https:\/\/www.wirbelwirrwarr.de\/"},{"@type":"ListItem","position":2,"name":"Wichtige Ma\u00dfe zur Beurteilung einer CCI\/AAI"}]},{"@type":"WebSite","@id":"https:\/\/www.wirbelwirrwarr.de\/#website","url":"https:\/\/www.wirbelwirrwarr.de\/","name":"wirbelwirrwarr","description":"Wie eine unsichtbare Krankheit mein Leben bunt macht","publisher":{"@id":"https:\/\/www.wirbelwirrwarr.de\/#organization"},"potentialAction":[{"@type":"SearchAction","target":{"@type":"EntryPoint","urlTemplate":"https:\/\/www.wirbelwirrwarr.de\/?s={search_term_string}"},"query-input":"required name=search_term_string"}],"inLanguage":"de"},{"@type":"Organization","@id":"https:\/\/www.wirbelwirrwarr.de\/#organization","name":"wirbelwirrwarr","url":"https:\/\/www.wirbelwirrwarr.de\/","logo":{"@type":"ImageObject","inLanguage":"de","@id":"https:\/\/www.wirbelwirrwarr.de\/#\/schema\/logo\/image\/","url":"https:\/\/www.wirbelwirrwarr.de\/wp-content\/uploads\/2023\/02\/logoatlas9.svg","contentUrl":"https:\/\/www.wirbelwirrwarr.de\/wp-content\/uploads\/2023\/02\/logoatlas9.svg","caption":"wirbelwirrwarr"},"image":{"@id":"https:\/\/www.wirbelwirrwarr.de\/#\/schema\/logo\/image\/"}}]}},"_links":{"self":[{"href":"https:\/\/www.wirbelwirrwarr.de\/index.php\/wp-json\/wp\/v2\/pages\/11300"}],"collection":[{"href":"https:\/\/www.wirbelwirrwarr.de\/index.php\/wp-json\/wp\/v2\/pages"}],"about":[{"href":"https:\/\/www.wirbelwirrwarr.de\/index.php\/wp-json\/wp\/v2\/types\/page"}],"author":[{"embeddable":true,"href":"https:\/\/www.wirbelwirrwarr.de\/index.php\/wp-json\/wp\/v2\/users\/1"}],"replies":[{"embeddable":true,"href":"https:\/\/www.wirbelwirrwarr.de\/index.php\/wp-json\/wp\/v2\/comments?post=11300"}],"version-history":[{"count":20,"href":"https:\/\/www.wirbelwirrwarr.de\/index.php\/wp-json\/wp\/v2\/pages\/11300\/revisions"}],"predecessor-version":[{"id":14597,"href":"https:\/\/www.wirbelwirrwarr.de\/index.php\/wp-json\/wp\/v2\/pages\/11300\/revisions\/14597"}],"wp:attachment":[{"href":"https:\/\/www.wirbelwirrwarr.de\/index.php\/wp-json\/wp\/v2\/media?parent=11300"}],"curies":[{"name":"wp","href":"https:\/\/api.w.org\/{rel}","templated":true}]}}