{"id":11298,"date":"2023-02-04T18:21:01","date_gmt":"2023-02-04T17:21:01","guid":{"rendered":"https:\/\/www.wirbelwirrwarr.de\/?page_id=11298"},"modified":"2023-02-04T18:21:01","modified_gmt":"2023-02-04T17:21:01","slug":"spect-untersuchung","status":"publish","type":"page","link":"https:\/\/www.wirbelwirrwarr.de\/index.php\/spect-untersuchung\/","title":{"rendered":"SPECT-Untersuchung"},"content":{"rendered":"\n<p>SPECT (Single Photon Emission Computed Tomography) ist eine medizinische Bildgebungstechnik, die verwendet wird, um Funktionsst\u00f6rungen im K\u00f6rper zu identifizieren und zu beurteilen. Es arbeitet, indem es eine kleine Menge an radioaktiven Stoffen in den K\u00f6rper injiziert, die dann von speziellen Kameras verfolgt werden, um Bilder der Blutzirkulation und des Stoffwechsels in bestimmten Teilen des K\u00f6rpers zu erzeugen.<\/p>\n\n\n\n<p>Eine SPECT-Untersuchung kann verwendet werden, um eine Vielzahl von gesundheitlichen Problemen zu beurteilen, einschlie\u00dflich Herz-Kreislauf-Erkrankungen, neurologischen St\u00f6rungen, onkologischen Bedingungen und Schmerzen. Es kann auch hilfreich sein, um Stoffwechselprozesse im K\u00f6rper zu untersuchen und um zu \u00fcberwachen, wie gut eine Behandlung funktioniert.<\/p>\n\n\n\n<p>Es ist wichtig zu beachten, dass SPECT eine erg\u00e4nzende Technologie ist und dass andere Diagnostiktests wie CT- oder MRI-Scans auch verwendet werden sollten, um eine vollst\u00e4ndige Diagnostik zu gew\u00e4hrleisten. <\/p>\n","protected":false},"excerpt":{"rendered":"<p>SPECT (Single Photon Emission Computed Tomography) ist eine medizinische Bildgebungstechnik, die verwendet wird, um Funktionsst\u00f6rungen im K\u00f6rper zu identifizieren und zu beurteilen. Es arbeitet, indem es eine kleine Menge an radioaktiven Stoffen in den K\u00f6rper injiziert, die dann von speziellen Kameras verfolgt werden, um Bilder der Blutzirkulation und des Stoffwechsels in bestimmten Teilen des K\u00f6rpers zu erzeugen. Eine SPECT-Untersuchung kann verwendet werden, um eine Vielzahl von gesundheitlichen Problemen zu beurteilen, einschlie\u00dflich Herz-Kreislauf-Erkrankungen, neurologischen St\u00f6rungen, onkologischen Bedingungen und Schmerzen. Es kann auch hilfreich sein, um Stoffwechselprozesse im K\u00f6rper zu untersuchen und um zu \u00fcberwachen, wie gut eine Behandlung funktioniert. Es [&hellip;]<\/p>\n","protected":false},"author":1,"featured_media":0,"parent":0,"menu_order":0,"comment_status":"closed","ping_status":"closed","template":"","meta":{"inline_featured_image":false,"footnotes":""},"yoast_head":"<!-- This site is optimized with the Yoast SEO plugin v21.8 - https:\/\/yoast.com\/wordpress\/plugins\/seo\/ -->\n<title>SPECT-Untersuchung - wirbelwirrwarr<\/title>\n<meta name=\"robots\" content=\"index, follow, max-snippet:-1, max-image-preview:large, max-video-preview:-1\" \/>\n<link rel=\"canonical\" href=\"https:\/\/www.wirbelwirrwarr.de\/index.php\/spect-untersuchung\/\" \/>\n<meta property=\"og:locale\" content=\"de_DE\" \/>\n<meta property=\"og:type\" content=\"article\" \/>\n<meta property=\"og:title\" content=\"SPECT-Untersuchung - wirbelwirrwarr\" \/>\n<meta property=\"og:description\" content=\"SPECT (Single Photon Emission Computed Tomography) ist eine medizinische Bildgebungstechnik, die verwendet wird, um Funktionsst\u00f6rungen im K\u00f6rper zu identifizieren und zu beurteilen. Es arbeitet, indem es eine kleine Menge an radioaktiven Stoffen in den K\u00f6rper injiziert, die dann von speziellen Kameras verfolgt werden, um Bilder der Blutzirkulation und des Stoffwechsels in bestimmten Teilen des K\u00f6rpers zu erzeugen. Eine SPECT-Untersuchung kann verwendet werden, um eine Vielzahl von gesundheitlichen Problemen zu beurteilen, einschlie\u00dflich Herz-Kreislauf-Erkrankungen, neurologischen St\u00f6rungen, onkologischen Bedingungen und Schmerzen. Es kann auch hilfreich sein, um Stoffwechselprozesse im K\u00f6rper zu untersuchen und um zu \u00fcberwachen, wie gut eine Behandlung funktioniert. Es [&hellip;]\" \/>\n<meta property=\"og:url\" content=\"https:\/\/www.wirbelwirrwarr.de\/index.php\/spect-untersuchung\/\" \/>\n<meta property=\"og:site_name\" content=\"wirbelwirrwarr\" \/>\n<meta name=\"twitter:card\" content=\"summary_large_image\" \/>\n<meta name=\"twitter:label1\" content=\"Gesch\u00e4tzte Lesezeit\" \/>\n\t<meta name=\"twitter:data1\" content=\"1\u00a0Minute\" \/>\n<script type=\"application\/ld+json\" class=\"yoast-schema-graph\">{\"@context\":\"https:\/\/schema.org\",\"@graph\":[{\"@type\":\"WebPage\",\"@id\":\"https:\/\/www.wirbelwirrwarr.de\/index.php\/spect-untersuchung\/\",\"url\":\"https:\/\/www.wirbelwirrwarr.de\/index.php\/spect-untersuchung\/\",\"name\":\"SPECT-Untersuchung - wirbelwirrwarr\",\"isPartOf\":{\"@id\":\"https:\/\/www.wirbelwirrwarr.de\/#website\"},\"datePublished\":\"2023-02-04T17:21:01+00:00\",\"dateModified\":\"2023-02-04T17:21:01+00:00\",\"breadcrumb\":{\"@id\":\"https:\/\/www.wirbelwirrwarr.de\/index.php\/spect-untersuchung\/#breadcrumb\"},\"inLanguage\":\"de\",\"potentialAction\":[{\"@type\":\"ReadAction\",\"target\":[\"https:\/\/www.wirbelwirrwarr.de\/index.php\/spect-untersuchung\/\"]}]},{\"@type\":\"BreadcrumbList\",\"@id\":\"https:\/\/www.wirbelwirrwarr.de\/index.php\/spect-untersuchung\/#breadcrumb\",\"itemListElement\":[{\"@type\":\"ListItem\",\"position\":1,\"name\":\"Startseite\",\"item\":\"https:\/\/www.wirbelwirrwarr.de\/\"},{\"@type\":\"ListItem\",\"position\":2,\"name\":\"SPECT-Untersuchung\"}]},{\"@type\":\"WebSite\",\"@id\":\"https:\/\/www.wirbelwirrwarr.de\/#website\",\"url\":\"https:\/\/www.wirbelwirrwarr.de\/\",\"name\":\"wirbelwirrwarr\",\"description\":\"Wie eine unsichtbare Krankheit mein Leben bunt macht\",\"publisher\":{\"@id\":\"https:\/\/www.wirbelwirrwarr.de\/#organization\"},\"potentialAction\":[{\"@type\":\"SearchAction\",\"target\":{\"@type\":\"EntryPoint\",\"urlTemplate\":\"https:\/\/www.wirbelwirrwarr.de\/?s={search_term_string}\"},\"query-input\":\"required name=search_term_string\"}],\"inLanguage\":\"de\"},{\"@type\":\"Organization\",\"@id\":\"https:\/\/www.wirbelwirrwarr.de\/#organization\",\"name\":\"wirbelwirrwarr\",\"url\":\"https:\/\/www.wirbelwirrwarr.de\/\",\"logo\":{\"@type\":\"ImageObject\",\"inLanguage\":\"de\",\"@id\":\"https:\/\/www.wirbelwirrwarr.de\/#\/schema\/logo\/image\/\",\"url\":\"https:\/\/www.wirbelwirrwarr.de\/wp-content\/uploads\/2023\/02\/logoatlas9.svg\",\"contentUrl\":\"https:\/\/www.wirbelwirrwarr.de\/wp-content\/uploads\/2023\/02\/logoatlas9.svg\",\"caption\":\"wirbelwirrwarr\"},\"image\":{\"@id\":\"https:\/\/www.wirbelwirrwarr.de\/#\/schema\/logo\/image\/\"}}]}<\/script>\n<!-- \/ Yoast SEO plugin. -->","yoast_head_json":{"title":"SPECT-Untersuchung - wirbelwirrwarr","robots":{"index":"index","follow":"follow","max-snippet":"max-snippet:-1","max-image-preview":"max-image-preview:large","max-video-preview":"max-video-preview:-1"},"canonical":"https:\/\/www.wirbelwirrwarr.de\/index.php\/spect-untersuchung\/","og_locale":"de_DE","og_type":"article","og_title":"SPECT-Untersuchung - wirbelwirrwarr","og_description":"SPECT (Single Photon Emission Computed Tomography) ist eine medizinische Bildgebungstechnik, die verwendet wird, um Funktionsst\u00f6rungen im K\u00f6rper zu identifizieren und zu beurteilen. Es arbeitet, indem es eine kleine Menge an radioaktiven Stoffen in den K\u00f6rper injiziert, die dann von speziellen Kameras verfolgt werden, um Bilder der Blutzirkulation und des Stoffwechsels in bestimmten Teilen des K\u00f6rpers zu erzeugen. Eine SPECT-Untersuchung kann verwendet werden, um eine Vielzahl von gesundheitlichen Problemen zu beurteilen, einschlie\u00dflich Herz-Kreislauf-Erkrankungen, neurologischen St\u00f6rungen, onkologischen Bedingungen und Schmerzen. Es kann auch hilfreich sein, um Stoffwechselprozesse im K\u00f6rper zu untersuchen und um zu \u00fcberwachen, wie gut eine Behandlung funktioniert. Es [&hellip;]","og_url":"https:\/\/www.wirbelwirrwarr.de\/index.php\/spect-untersuchung\/","og_site_name":"wirbelwirrwarr","twitter_card":"summary_large_image","twitter_misc":{"Gesch\u00e4tzte Lesezeit":"1\u00a0Minute"},"schema":{"@context":"https:\/\/schema.org","@graph":[{"@type":"WebPage","@id":"https:\/\/www.wirbelwirrwarr.de\/index.php\/spect-untersuchung\/","url":"https:\/\/www.wirbelwirrwarr.de\/index.php\/spect-untersuchung\/","name":"SPECT-Untersuchung - wirbelwirrwarr","isPartOf":{"@id":"https:\/\/www.wirbelwirrwarr.de\/#website"},"datePublished":"2023-02-04T17:21:01+00:00","dateModified":"2023-02-04T17:21:01+00:00","breadcrumb":{"@id":"https:\/\/www.wirbelwirrwarr.de\/index.php\/spect-untersuchung\/#breadcrumb"},"inLanguage":"de","potentialAction":[{"@type":"ReadAction","target":["https:\/\/www.wirbelwirrwarr.de\/index.php\/spect-untersuchung\/"]}]},{"@type":"BreadcrumbList","@id":"https:\/\/www.wirbelwirrwarr.de\/index.php\/spect-untersuchung\/#breadcrumb","itemListElement":[{"@type":"ListItem","position":1,"name":"Startseite","item":"https:\/\/www.wirbelwirrwarr.de\/"},{"@type":"ListItem","position":2,"name":"SPECT-Untersuchung"}]},{"@type":"WebSite","@id":"https:\/\/www.wirbelwirrwarr.de\/#website","url":"https:\/\/www.wirbelwirrwarr.de\/","name":"wirbelwirrwarr","description":"Wie eine unsichtbare Krankheit mein Leben bunt macht","publisher":{"@id":"https:\/\/www.wirbelwirrwarr.de\/#organization"},"potentialAction":[{"@type":"SearchAction","target":{"@type":"EntryPoint","urlTemplate":"https:\/\/www.wirbelwirrwarr.de\/?s={search_term_string}"},"query-input":"required name=search_term_string"}],"inLanguage":"de"},{"@type":"Organization","@id":"https:\/\/www.wirbelwirrwarr.de\/#organization","name":"wirbelwirrwarr","url":"https:\/\/www.wirbelwirrwarr.de\/","logo":{"@type":"ImageObject","inLanguage":"de","@id":"https:\/\/www.wirbelwirrwarr.de\/#\/schema\/logo\/image\/","url":"https:\/\/www.wirbelwirrwarr.de\/wp-content\/uploads\/2023\/02\/logoatlas9.svg","contentUrl":"https:\/\/www.wirbelwirrwarr.de\/wp-content\/uploads\/2023\/02\/logoatlas9.svg","caption":"wirbelwirrwarr"},"image":{"@id":"https:\/\/www.wirbelwirrwarr.de\/#\/schema\/logo\/image\/"}}]}},"_links":{"self":[{"href":"https:\/\/www.wirbelwirrwarr.de\/index.php\/wp-json\/wp\/v2\/pages\/11298"}],"collection":[{"href":"https:\/\/www.wirbelwirrwarr.de\/index.php\/wp-json\/wp\/v2\/pages"}],"about":[{"href":"https:\/\/www.wirbelwirrwarr.de\/index.php\/wp-json\/wp\/v2\/types\/page"}],"author":[{"embeddable":true,"href":"https:\/\/www.wirbelwirrwarr.de\/index.php\/wp-json\/wp\/v2\/users\/1"}],"replies":[{"embeddable":true,"href":"https:\/\/www.wirbelwirrwarr.de\/index.php\/wp-json\/wp\/v2\/comments?post=11298"}],"version-history":[{"count":1,"href":"https:\/\/www.wirbelwirrwarr.de\/index.php\/wp-json\/wp\/v2\/pages\/11298\/revisions"}],"predecessor-version":[{"id":11299,"href":"https:\/\/www.wirbelwirrwarr.de\/index.php\/wp-json\/wp\/v2\/pages\/11298\/revisions\/11299"}],"wp:attachment":[{"href":"https:\/\/www.wirbelwirrwarr.de\/index.php\/wp-json\/wp\/v2\/media?parent=11298"}],"curies":[{"name":"wp","href":"https:\/\/api.w.org\/{rel}","templated":true}]}}