{"id":11293,"date":"2023-02-04T18:18:59","date_gmt":"2023-02-04T17:18:59","guid":{"rendered":"https:\/\/www.wirbelwirrwarr.de\/?page_id=11293"},"modified":"2025-03-18T11:13:17","modified_gmt":"2025-03-18T10:13:17","slug":"dmx-digital-motion-x-ray","status":"publish","type":"page","link":"https:\/\/www.wirbelwirrwarr.de\/index.php\/dmx-digital-motion-x-ray\/","title":{"rendered":"DMX (Digital Motion X-ray)"},"content":{"rendered":"\n<p>DMX (Digital Motion X-ray) ist eine moderne Technologie, die es erm\u00f6glicht, R\u00f6ntgenaufnahmen bei Bewegung zu erstellen. Im Gegensatz zu traditionellen R\u00f6ntgenaufnahmen, die statische Bilder erzeugen, bietet DMX eine vollst\u00e4ndigere Sicht auf das Gelenk und die Bewegungen, die in der Gelenkkapsel stattfinden.<\/p>\n\n\n\n<figure class=\"wp-block-embed is-type-video is-provider-youtube wp-block-embed-youtube wp-embed-aspect-16-9 wp-has-aspect-ratio\"><div class=\"wp-block-embed__wrapper\">\n<iframe loading=\"lazy\" title=\"Improvement of cervical anterolisthesis- DMX review with Ross Hauser, MD\" width=\"500\" height=\"281\" src=\"https:\/\/www.youtube.com\/embed\/UwPSutEZBw4?list=PLa5ku0Xx5Qp3_mVgamSBY715FFvrzkgdr\" frameborder=\"0\" allow=\"accelerometer; autoplay; clipboard-write; encrypted-media; gyroscope; picture-in-picture; web-share\" referrerpolicy=\"strict-origin-when-cross-origin\" allowfullscreen><\/iframe>\n<\/div><\/figure>\n\n\n\n<p>DMX-Technologie verwendet hochmoderne digitale R\u00f6ntgenger\u00e4te, die in der Lage sind, schnelle Aufnahmen w\u00e4hrend einer Bewegung zu erstellen, wodurch Bewegungsmuster und Funktionen genau analysiert werden k\u00f6nnen. Dies kann hilfreich sein, um Gelenkerkrankungen zu diagnostizieren, zu \u00fcberwachen und zu behandeln, wie zum Beispiel Arthritis, Instabilit\u00e4t und Schmerzen im Gelenk.<\/p>\n\n\n\n<p>Es ist wichtig zu beachten, dass DMX eine erg\u00e4nzende Technologie ist und dass traditionelle R\u00f6ntgenaufnahmen und andere Diagnostiktests auch bei der Diagnostik von Gelenkerkrankungen verwendet werden sollten. <\/p>\n\n\n\n<hr class=\"wp-block-separator has-css-opacity\"\/>\n\n\n\n<p><\/p>\n","protected":false},"excerpt":{"rendered":"<p>DMX (Digital Motion X-ray) ist eine moderne Technologie, die es erm\u00f6glicht, R\u00f6ntgenaufnahmen bei Bewegung zu erstellen. Im Gegensatz zu traditionellen R\u00f6ntgenaufnahmen, die statische Bilder erzeugen, bietet DMX eine vollst\u00e4ndigere Sicht auf das Gelenk und die Bewegungen, die in der Gelenkkapsel stattfinden. DMX-Technologie verwendet hochmoderne digitale R\u00f6ntgenger\u00e4te, die in der Lage sind, schnelle Aufnahmen w\u00e4hrend einer Bewegung zu erstellen, wodurch Bewegungsmuster und Funktionen genau analysiert werden k\u00f6nnen. Dies kann hilfreich sein, um Gelenkerkrankungen zu diagnostizieren, zu \u00fcberwachen und zu behandeln, wie zum Beispiel Arthritis, Instabilit\u00e4t und Schmerzen im Gelenk. Es ist wichtig zu beachten, dass DMX eine erg\u00e4nzende Technologie ist [&hellip;]<\/p>\n","protected":false},"author":1,"featured_media":0,"parent":0,"menu_order":0,"comment_status":"closed","ping_status":"closed","template":"","meta":{"inline_featured_image":false,"footnotes":""},"yoast_head":"<!-- This site is optimized with the Yoast SEO plugin v21.8 - https:\/\/yoast.com\/wordpress\/plugins\/seo\/ -->\n<title>DMX (Digital Motion X-ray) - wirbelwirrwarr<\/title>\n<meta name=\"robots\" content=\"index, follow, max-snippet:-1, max-image-preview:large, max-video-preview:-1\" \/>\n<link rel=\"canonical\" href=\"https:\/\/www.wirbelwirrwarr.de\/index.php\/dmx-digital-motion-x-ray\/\" \/>\n<meta property=\"og:locale\" content=\"de_DE\" \/>\n<meta property=\"og:type\" content=\"article\" \/>\n<meta property=\"og:title\" content=\"DMX (Digital Motion X-ray) - wirbelwirrwarr\" \/>\n<meta property=\"og:description\" content=\"DMX (Digital Motion X-ray) ist eine moderne Technologie, die es erm\u00f6glicht, R\u00f6ntgenaufnahmen bei Bewegung zu erstellen. Im Gegensatz zu traditionellen R\u00f6ntgenaufnahmen, die statische Bilder erzeugen, bietet DMX eine vollst\u00e4ndigere Sicht auf das Gelenk und die Bewegungen, die in der Gelenkkapsel stattfinden. DMX-Technologie verwendet hochmoderne digitale R\u00f6ntgenger\u00e4te, die in der Lage sind, schnelle Aufnahmen w\u00e4hrend einer Bewegung zu erstellen, wodurch Bewegungsmuster und Funktionen genau analysiert werden k\u00f6nnen. Dies kann hilfreich sein, um Gelenkerkrankungen zu diagnostizieren, zu \u00fcberwachen und zu behandeln, wie zum Beispiel Arthritis, Instabilit\u00e4t und Schmerzen im Gelenk. Es ist wichtig zu beachten, dass DMX eine erg\u00e4nzende Technologie ist [&hellip;]\" \/>\n<meta property=\"og:url\" content=\"https:\/\/www.wirbelwirrwarr.de\/index.php\/dmx-digital-motion-x-ray\/\" \/>\n<meta property=\"og:site_name\" content=\"wirbelwirrwarr\" \/>\n<meta property=\"article:modified_time\" content=\"2025-03-18T10:13:17+00:00\" \/>\n<meta name=\"twitter:card\" content=\"summary_large_image\" \/>\n<meta name=\"twitter:label1\" content=\"Gesch\u00e4tzte Lesezeit\" \/>\n\t<meta name=\"twitter:data1\" content=\"1\u00a0Minute\" \/>\n<script type=\"application\/ld+json\" class=\"yoast-schema-graph\">{\"@context\":\"https:\/\/schema.org\",\"@graph\":[{\"@type\":\"WebPage\",\"@id\":\"https:\/\/www.wirbelwirrwarr.de\/index.php\/dmx-digital-motion-x-ray\/\",\"url\":\"https:\/\/www.wirbelwirrwarr.de\/index.php\/dmx-digital-motion-x-ray\/\",\"name\":\"DMX (Digital Motion X-ray) - wirbelwirrwarr\",\"isPartOf\":{\"@id\":\"https:\/\/www.wirbelwirrwarr.de\/#website\"},\"datePublished\":\"2023-02-04T17:18:59+00:00\",\"dateModified\":\"2025-03-18T10:13:17+00:00\",\"breadcrumb\":{\"@id\":\"https:\/\/www.wirbelwirrwarr.de\/index.php\/dmx-digital-motion-x-ray\/#breadcrumb\"},\"inLanguage\":\"de\",\"potentialAction\":[{\"@type\":\"ReadAction\",\"target\":[\"https:\/\/www.wirbelwirrwarr.de\/index.php\/dmx-digital-motion-x-ray\/\"]}]},{\"@type\":\"BreadcrumbList\",\"@id\":\"https:\/\/www.wirbelwirrwarr.de\/index.php\/dmx-digital-motion-x-ray\/#breadcrumb\",\"itemListElement\":[{\"@type\":\"ListItem\",\"position\":1,\"name\":\"Startseite\",\"item\":\"https:\/\/www.wirbelwirrwarr.de\/\"},{\"@type\":\"ListItem\",\"position\":2,\"name\":\"DMX (Digital Motion X-ray)\"}]},{\"@type\":\"WebSite\",\"@id\":\"https:\/\/www.wirbelwirrwarr.de\/#website\",\"url\":\"https:\/\/www.wirbelwirrwarr.de\/\",\"name\":\"wirbelwirrwarr\",\"description\":\"Wie eine unsichtbare Krankheit mein Leben bunt macht\",\"publisher\":{\"@id\":\"https:\/\/www.wirbelwirrwarr.de\/#organization\"},\"potentialAction\":[{\"@type\":\"SearchAction\",\"target\":{\"@type\":\"EntryPoint\",\"urlTemplate\":\"https:\/\/www.wirbelwirrwarr.de\/?s={search_term_string}\"},\"query-input\":\"required name=search_term_string\"}],\"inLanguage\":\"de\"},{\"@type\":\"Organization\",\"@id\":\"https:\/\/www.wirbelwirrwarr.de\/#organization\",\"name\":\"wirbelwirrwarr\",\"url\":\"https:\/\/www.wirbelwirrwarr.de\/\",\"logo\":{\"@type\":\"ImageObject\",\"inLanguage\":\"de\",\"@id\":\"https:\/\/www.wirbelwirrwarr.de\/#\/schema\/logo\/image\/\",\"url\":\"https:\/\/www.wirbelwirrwarr.de\/wp-content\/uploads\/2023\/02\/logoatlas9.svg\",\"contentUrl\":\"https:\/\/www.wirbelwirrwarr.de\/wp-content\/uploads\/2023\/02\/logoatlas9.svg\",\"caption\":\"wirbelwirrwarr\"},\"image\":{\"@id\":\"https:\/\/www.wirbelwirrwarr.de\/#\/schema\/logo\/image\/\"}}]}<\/script>\n<!-- \/ Yoast SEO plugin. -->","yoast_head_json":{"title":"DMX (Digital Motion X-ray) - wirbelwirrwarr","robots":{"index":"index","follow":"follow","max-snippet":"max-snippet:-1","max-image-preview":"max-image-preview:large","max-video-preview":"max-video-preview:-1"},"canonical":"https:\/\/www.wirbelwirrwarr.de\/index.php\/dmx-digital-motion-x-ray\/","og_locale":"de_DE","og_type":"article","og_title":"DMX (Digital Motion X-ray) - wirbelwirrwarr","og_description":"DMX (Digital Motion X-ray) ist eine moderne Technologie, die es erm\u00f6glicht, R\u00f6ntgenaufnahmen bei Bewegung zu erstellen. Im Gegensatz zu traditionellen R\u00f6ntgenaufnahmen, die statische Bilder erzeugen, bietet DMX eine vollst\u00e4ndigere Sicht auf das Gelenk und die Bewegungen, die in der Gelenkkapsel stattfinden. DMX-Technologie verwendet hochmoderne digitale R\u00f6ntgenger\u00e4te, die in der Lage sind, schnelle Aufnahmen w\u00e4hrend einer Bewegung zu erstellen, wodurch Bewegungsmuster und Funktionen genau analysiert werden k\u00f6nnen. Dies kann hilfreich sein, um Gelenkerkrankungen zu diagnostizieren, zu \u00fcberwachen und zu behandeln, wie zum Beispiel Arthritis, Instabilit\u00e4t und Schmerzen im Gelenk. Es ist wichtig zu beachten, dass DMX eine erg\u00e4nzende Technologie ist [&hellip;]","og_url":"https:\/\/www.wirbelwirrwarr.de\/index.php\/dmx-digital-motion-x-ray\/","og_site_name":"wirbelwirrwarr","article_modified_time":"2025-03-18T10:13:17+00:00","twitter_card":"summary_large_image","twitter_misc":{"Gesch\u00e4tzte Lesezeit":"1\u00a0Minute"},"schema":{"@context":"https:\/\/schema.org","@graph":[{"@type":"WebPage","@id":"https:\/\/www.wirbelwirrwarr.de\/index.php\/dmx-digital-motion-x-ray\/","url":"https:\/\/www.wirbelwirrwarr.de\/index.php\/dmx-digital-motion-x-ray\/","name":"DMX (Digital Motion X-ray) - wirbelwirrwarr","isPartOf":{"@id":"https:\/\/www.wirbelwirrwarr.de\/#website"},"datePublished":"2023-02-04T17:18:59+00:00","dateModified":"2025-03-18T10:13:17+00:00","breadcrumb":{"@id":"https:\/\/www.wirbelwirrwarr.de\/index.php\/dmx-digital-motion-x-ray\/#breadcrumb"},"inLanguage":"de","potentialAction":[{"@type":"ReadAction","target":["https:\/\/www.wirbelwirrwarr.de\/index.php\/dmx-digital-motion-x-ray\/"]}]},{"@type":"BreadcrumbList","@id":"https:\/\/www.wirbelwirrwarr.de\/index.php\/dmx-digital-motion-x-ray\/#breadcrumb","itemListElement":[{"@type":"ListItem","position":1,"name":"Startseite","item":"https:\/\/www.wirbelwirrwarr.de\/"},{"@type":"ListItem","position":2,"name":"DMX (Digital Motion X-ray)"}]},{"@type":"WebSite","@id":"https:\/\/www.wirbelwirrwarr.de\/#website","url":"https:\/\/www.wirbelwirrwarr.de\/","name":"wirbelwirrwarr","description":"Wie eine unsichtbare Krankheit mein Leben bunt macht","publisher":{"@id":"https:\/\/www.wirbelwirrwarr.de\/#organization"},"potentialAction":[{"@type":"SearchAction","target":{"@type":"EntryPoint","urlTemplate":"https:\/\/www.wirbelwirrwarr.de\/?s={search_term_string}"},"query-input":"required name=search_term_string"}],"inLanguage":"de"},{"@type":"Organization","@id":"https:\/\/www.wirbelwirrwarr.de\/#organization","name":"wirbelwirrwarr","url":"https:\/\/www.wirbelwirrwarr.de\/","logo":{"@type":"ImageObject","inLanguage":"de","@id":"https:\/\/www.wirbelwirrwarr.de\/#\/schema\/logo\/image\/","url":"https:\/\/www.wirbelwirrwarr.de\/wp-content\/uploads\/2023\/02\/logoatlas9.svg","contentUrl":"https:\/\/www.wirbelwirrwarr.de\/wp-content\/uploads\/2023\/02\/logoatlas9.svg","caption":"wirbelwirrwarr"},"image":{"@id":"https:\/\/www.wirbelwirrwarr.de\/#\/schema\/logo\/image\/"}}]}},"_links":{"self":[{"href":"https:\/\/www.wirbelwirrwarr.de\/index.php\/wp-json\/wp\/v2\/pages\/11293"}],"collection":[{"href":"https:\/\/www.wirbelwirrwarr.de\/index.php\/wp-json\/wp\/v2\/pages"}],"about":[{"href":"https:\/\/www.wirbelwirrwarr.de\/index.php\/wp-json\/wp\/v2\/types\/page"}],"author":[{"embeddable":true,"href":"https:\/\/www.wirbelwirrwarr.de\/index.php\/wp-json\/wp\/v2\/users\/1"}],"replies":[{"embeddable":true,"href":"https:\/\/www.wirbelwirrwarr.de\/index.php\/wp-json\/wp\/v2\/comments?post=11293"}],"version-history":[{"count":3,"href":"https:\/\/www.wirbelwirrwarr.de\/index.php\/wp-json\/wp\/v2\/pages\/11293\/revisions"}],"predecessor-version":[{"id":17762,"href":"https:\/\/www.wirbelwirrwarr.de\/index.php\/wp-json\/wp\/v2\/pages\/11293\/revisions\/17762"}],"wp:attachment":[{"href":"https:\/\/www.wirbelwirrwarr.de\/index.php\/wp-json\/wp\/v2\/media?parent=11293"}],"curies":[{"name":"wp","href":"https:\/\/api.w.org\/{rel}","templated":true}]}}