{"id":11286,"date":"2023-02-04T18:15:51","date_gmt":"2023-02-04T17:15:51","guid":{"rendered":"https:\/\/www.wirbelwirrwarr.de\/?page_id=11286"},"modified":"2023-02-04T18:15:52","modified_gmt":"2023-02-04T17:15:52","slug":"roentgenaufnahmen-nach-sandberg-gutmann","status":"publish","type":"page","link":"https:\/\/www.wirbelwirrwarr.de\/index.php\/roentgenaufnahmen-nach-sandberg-gutmann\/","title":{"rendered":"R\u00f6ntgenaufnahmen nach Sandberg \/ Gutmann"},"content":{"rendered":"\n<p>Die Darstellung der gesamten Halswirbels\u00e4ule erfolgt transoral (also bei ge\u00f6ffnetem Mund) und in zwei Positionen. Das Ziel besteht darin, den individuellen Haltestereotyp unter standardisierten Bedingungen abzubilden. Werden Bilder aus der Liegeposition mit denen der Sitzposition verglichen, wird unter anderem das Ausma\u00df einer Hypermobilit\u00e4t (\u00dcberbeweglichkeit) und Funktionsst\u00f6rung der Wirbelk\u00f6rper erkennbar ebenso wie Auff\u00e4lligkeiten der Funktion im Bereich der Kopfgelenke.  <\/p>\n\n\n<div class=\"wp-block-image\">\n<figure class=\"aligncenter size-large\"><img loading=\"lazy\" decoding=\"async\" width=\"1024\" height=\"800\" src=\"http:\/\/www.wirbelwirrwarr.de\/wp-content\/uploads\/2020\/02\/1280px-C1-C2_AP-1-1024x800.jpg\" alt=\"\" class=\"wp-image-3096\" srcset=\"https:\/\/www.wirbelwirrwarr.de\/wp-content\/uploads\/2020\/02\/1280px-C1-C2_AP-1-1024x800.jpg 1024w, https:\/\/www.wirbelwirrwarr.de\/wp-content\/uploads\/2020\/02\/1280px-C1-C2_AP-1-300x234.jpg 300w, https:\/\/www.wirbelwirrwarr.de\/wp-content\/uploads\/2020\/02\/1280px-C1-C2_AP-1-768x600.jpg 768w, https:\/\/www.wirbelwirrwarr.de\/wp-content\/uploads\/2020\/02\/1280px-C1-C2_AP-1.jpg 1280w\" sizes=\"(max-width: 1024px) 100vw, 1024px\" \/><figcaption class=\"wp-element-caption\"><em> R\u00f6ntgenaufnahme nach Sandberg \/ Gutmann bei ge\u00f6ffnetem Mund &#8211; <a href=\"https:\/\/commons.wikimedia.org\/wiki\/User:Lucien_Monfils\">Lucien Monfils<\/a> <a rel=\"noreferrer noopener\" href=\"https:\/\/creativecommons.org\/licenses\/by-sa\/4.0\" target=\"_blank\">CC BY-SA 4.0<\/a> <\/em> <\/figcaption><\/figure><\/div>","protected":false},"excerpt":{"rendered":"<p>Die Darstellung der gesamten Halswirbels\u00e4ule erfolgt transoral (also bei ge\u00f6ffnetem Mund) und in zwei Positionen. Das Ziel besteht darin, den individuellen Haltestereotyp unter standardisierten Bedingungen abzubilden. Werden Bilder aus der Liegeposition mit denen der Sitzposition verglichen, wird unter anderem das Ausma\u00df einer Hypermobilit\u00e4t (\u00dcberbeweglichkeit) und Funktionsst\u00f6rung der Wirbelk\u00f6rper erkennbar ebenso wie Auff\u00e4lligkeiten der Funktion im Bereich der Kopfgelenke.<\/p>\n","protected":false},"author":1,"featured_media":0,"parent":0,"menu_order":0,"comment_status":"closed","ping_status":"closed","template":"","meta":{"inline_featured_image":false,"footnotes":""},"yoast_head":"<!-- This site is optimized with the Yoast SEO plugin v21.8 - https:\/\/yoast.com\/wordpress\/plugins\/seo\/ -->\n<title>R\u00f6ntgenaufnahmen nach Sandberg \/ Gutmann - wirbelwirrwarr<\/title>\n<meta name=\"robots\" content=\"index, follow, max-snippet:-1, max-image-preview:large, max-video-preview:-1\" \/>\n<link rel=\"canonical\" href=\"https:\/\/www.wirbelwirrwarr.de\/index.php\/roentgenaufnahmen-nach-sandberg-gutmann\/\" \/>\n<meta property=\"og:locale\" content=\"de_DE\" \/>\n<meta property=\"og:type\" content=\"article\" \/>\n<meta property=\"og:title\" content=\"R\u00f6ntgenaufnahmen nach Sandberg \/ Gutmann - wirbelwirrwarr\" \/>\n<meta property=\"og:description\" content=\"Die Darstellung der gesamten Halswirbels\u00e4ule erfolgt transoral (also bei ge\u00f6ffnetem Mund) und in zwei Positionen. Das Ziel besteht darin, den individuellen Haltestereotyp unter standardisierten Bedingungen abzubilden. Werden Bilder aus der Liegeposition mit denen der Sitzposition verglichen, wird unter anderem das Ausma\u00df einer Hypermobilit\u00e4t (\u00dcberbeweglichkeit) und Funktionsst\u00f6rung der Wirbelk\u00f6rper erkennbar ebenso wie Auff\u00e4lligkeiten der Funktion im Bereich der Kopfgelenke.\" \/>\n<meta property=\"og:url\" content=\"https:\/\/www.wirbelwirrwarr.de\/index.php\/roentgenaufnahmen-nach-sandberg-gutmann\/\" \/>\n<meta property=\"og:site_name\" content=\"wirbelwirrwarr\" \/>\n<meta property=\"article:modified_time\" content=\"2023-02-04T17:15:52+00:00\" \/>\n<meta property=\"og:image\" content=\"http:\/\/www.wirbelwirrwarr.de\/wp-content\/uploads\/2020\/02\/1280px-C1-C2_AP-1-1024x800.jpg\" \/>\n<meta name=\"twitter:card\" content=\"summary_large_image\" \/>\n<script type=\"application\/ld+json\" class=\"yoast-schema-graph\">{\"@context\":\"https:\/\/schema.org\",\"@graph\":[{\"@type\":\"WebPage\",\"@id\":\"https:\/\/www.wirbelwirrwarr.de\/index.php\/roentgenaufnahmen-nach-sandberg-gutmann\/\",\"url\":\"https:\/\/www.wirbelwirrwarr.de\/index.php\/roentgenaufnahmen-nach-sandberg-gutmann\/\",\"name\":\"R\u00f6ntgenaufnahmen nach Sandberg \/ Gutmann - wirbelwirrwarr\",\"isPartOf\":{\"@id\":\"https:\/\/www.wirbelwirrwarr.de\/#website\"},\"datePublished\":\"2023-02-04T17:15:51+00:00\",\"dateModified\":\"2023-02-04T17:15:52+00:00\",\"breadcrumb\":{\"@id\":\"https:\/\/www.wirbelwirrwarr.de\/index.php\/roentgenaufnahmen-nach-sandberg-gutmann\/#breadcrumb\"},\"inLanguage\":\"de\",\"potentialAction\":[{\"@type\":\"ReadAction\",\"target\":[\"https:\/\/www.wirbelwirrwarr.de\/index.php\/roentgenaufnahmen-nach-sandberg-gutmann\/\"]}]},{\"@type\":\"BreadcrumbList\",\"@id\":\"https:\/\/www.wirbelwirrwarr.de\/index.php\/roentgenaufnahmen-nach-sandberg-gutmann\/#breadcrumb\",\"itemListElement\":[{\"@type\":\"ListItem\",\"position\":1,\"name\":\"Startseite\",\"item\":\"https:\/\/www.wirbelwirrwarr.de\/\"},{\"@type\":\"ListItem\",\"position\":2,\"name\":\"R\u00f6ntgenaufnahmen nach Sandberg \/ Gutmann\"}]},{\"@type\":\"WebSite\",\"@id\":\"https:\/\/www.wirbelwirrwarr.de\/#website\",\"url\":\"https:\/\/www.wirbelwirrwarr.de\/\",\"name\":\"wirbelwirrwarr\",\"description\":\"Wie eine unsichtbare Krankheit mein Leben bunt macht\",\"publisher\":{\"@id\":\"https:\/\/www.wirbelwirrwarr.de\/#organization\"},\"potentialAction\":[{\"@type\":\"SearchAction\",\"target\":{\"@type\":\"EntryPoint\",\"urlTemplate\":\"https:\/\/www.wirbelwirrwarr.de\/?s={search_term_string}\"},\"query-input\":\"required name=search_term_string\"}],\"inLanguage\":\"de\"},{\"@type\":\"Organization\",\"@id\":\"https:\/\/www.wirbelwirrwarr.de\/#organization\",\"name\":\"wirbelwirrwarr\",\"url\":\"https:\/\/www.wirbelwirrwarr.de\/\",\"logo\":{\"@type\":\"ImageObject\",\"inLanguage\":\"de\",\"@id\":\"https:\/\/www.wirbelwirrwarr.de\/#\/schema\/logo\/image\/\",\"url\":\"https:\/\/www.wirbelwirrwarr.de\/wp-content\/uploads\/2023\/02\/logoatlas9.svg\",\"contentUrl\":\"https:\/\/www.wirbelwirrwarr.de\/wp-content\/uploads\/2023\/02\/logoatlas9.svg\",\"caption\":\"wirbelwirrwarr\"},\"image\":{\"@id\":\"https:\/\/www.wirbelwirrwarr.de\/#\/schema\/logo\/image\/\"}}]}<\/script>\n<!-- \/ Yoast SEO plugin. -->","yoast_head_json":{"title":"R\u00f6ntgenaufnahmen nach Sandberg \/ Gutmann - wirbelwirrwarr","robots":{"index":"index","follow":"follow","max-snippet":"max-snippet:-1","max-image-preview":"max-image-preview:large","max-video-preview":"max-video-preview:-1"},"canonical":"https:\/\/www.wirbelwirrwarr.de\/index.php\/roentgenaufnahmen-nach-sandberg-gutmann\/","og_locale":"de_DE","og_type":"article","og_title":"R\u00f6ntgenaufnahmen nach Sandberg \/ Gutmann - wirbelwirrwarr","og_description":"Die Darstellung der gesamten Halswirbels\u00e4ule erfolgt transoral (also bei ge\u00f6ffnetem Mund) und in zwei Positionen. Das Ziel besteht darin, den individuellen Haltestereotyp unter standardisierten Bedingungen abzubilden. Werden Bilder aus der Liegeposition mit denen der Sitzposition verglichen, wird unter anderem das Ausma\u00df einer Hypermobilit\u00e4t (\u00dcberbeweglichkeit) und Funktionsst\u00f6rung der Wirbelk\u00f6rper erkennbar ebenso wie Auff\u00e4lligkeiten der Funktion im Bereich der Kopfgelenke.","og_url":"https:\/\/www.wirbelwirrwarr.de\/index.php\/roentgenaufnahmen-nach-sandberg-gutmann\/","og_site_name":"wirbelwirrwarr","article_modified_time":"2023-02-04T17:15:52+00:00","og_image":[{"url":"http:\/\/www.wirbelwirrwarr.de\/wp-content\/uploads\/2020\/02\/1280px-C1-C2_AP-1-1024x800.jpg"}],"twitter_card":"summary_large_image","schema":{"@context":"https:\/\/schema.org","@graph":[{"@type":"WebPage","@id":"https:\/\/www.wirbelwirrwarr.de\/index.php\/roentgenaufnahmen-nach-sandberg-gutmann\/","url":"https:\/\/www.wirbelwirrwarr.de\/index.php\/roentgenaufnahmen-nach-sandberg-gutmann\/","name":"R\u00f6ntgenaufnahmen nach Sandberg \/ Gutmann - wirbelwirrwarr","isPartOf":{"@id":"https:\/\/www.wirbelwirrwarr.de\/#website"},"datePublished":"2023-02-04T17:15:51+00:00","dateModified":"2023-02-04T17:15:52+00:00","breadcrumb":{"@id":"https:\/\/www.wirbelwirrwarr.de\/index.php\/roentgenaufnahmen-nach-sandberg-gutmann\/#breadcrumb"},"inLanguage":"de","potentialAction":[{"@type":"ReadAction","target":["https:\/\/www.wirbelwirrwarr.de\/index.php\/roentgenaufnahmen-nach-sandberg-gutmann\/"]}]},{"@type":"BreadcrumbList","@id":"https:\/\/www.wirbelwirrwarr.de\/index.php\/roentgenaufnahmen-nach-sandberg-gutmann\/#breadcrumb","itemListElement":[{"@type":"ListItem","position":1,"name":"Startseite","item":"https:\/\/www.wirbelwirrwarr.de\/"},{"@type":"ListItem","position":2,"name":"R\u00f6ntgenaufnahmen nach Sandberg \/ Gutmann"}]},{"@type":"WebSite","@id":"https:\/\/www.wirbelwirrwarr.de\/#website","url":"https:\/\/www.wirbelwirrwarr.de\/","name":"wirbelwirrwarr","description":"Wie eine unsichtbare Krankheit mein Leben bunt macht","publisher":{"@id":"https:\/\/www.wirbelwirrwarr.de\/#organization"},"potentialAction":[{"@type":"SearchAction","target":{"@type":"EntryPoint","urlTemplate":"https:\/\/www.wirbelwirrwarr.de\/?s={search_term_string}"},"query-input":"required name=search_term_string"}],"inLanguage":"de"},{"@type":"Organization","@id":"https:\/\/www.wirbelwirrwarr.de\/#organization","name":"wirbelwirrwarr","url":"https:\/\/www.wirbelwirrwarr.de\/","logo":{"@type":"ImageObject","inLanguage":"de","@id":"https:\/\/www.wirbelwirrwarr.de\/#\/schema\/logo\/image\/","url":"https:\/\/www.wirbelwirrwarr.de\/wp-content\/uploads\/2023\/02\/logoatlas9.svg","contentUrl":"https:\/\/www.wirbelwirrwarr.de\/wp-content\/uploads\/2023\/02\/logoatlas9.svg","caption":"wirbelwirrwarr"},"image":{"@id":"https:\/\/www.wirbelwirrwarr.de\/#\/schema\/logo\/image\/"}}]}},"_links":{"self":[{"href":"https:\/\/www.wirbelwirrwarr.de\/index.php\/wp-json\/wp\/v2\/pages\/11286"}],"collection":[{"href":"https:\/\/www.wirbelwirrwarr.de\/index.php\/wp-json\/wp\/v2\/pages"}],"about":[{"href":"https:\/\/www.wirbelwirrwarr.de\/index.php\/wp-json\/wp\/v2\/types\/page"}],"author":[{"embeddable":true,"href":"https:\/\/www.wirbelwirrwarr.de\/index.php\/wp-json\/wp\/v2\/users\/1"}],"replies":[{"embeddable":true,"href":"https:\/\/www.wirbelwirrwarr.de\/index.php\/wp-json\/wp\/v2\/comments?post=11286"}],"version-history":[{"count":1,"href":"https:\/\/www.wirbelwirrwarr.de\/index.php\/wp-json\/wp\/v2\/pages\/11286\/revisions"}],"predecessor-version":[{"id":11287,"href":"https:\/\/www.wirbelwirrwarr.de\/index.php\/wp-json\/wp\/v2\/pages\/11286\/revisions\/11287"}],"wp:attachment":[{"href":"https:\/\/www.wirbelwirrwarr.de\/index.php\/wp-json\/wp\/v2\/media?parent=11286"}],"curies":[{"name":"wp","href":"https:\/\/api.w.org\/{rel}","templated":true}]}}