{"id":11284,"date":"2023-02-04T18:14:45","date_gmt":"2023-02-04T17:14:45","guid":{"rendered":"https:\/\/www.wirbelwirrwarr.de\/?page_id=11284"},"modified":"2023-02-04T18:16:13","modified_gmt":"2023-02-04T17:16:13","slug":"upright-mrt","status":"publish","type":"page","link":"https:\/\/www.wirbelwirrwarr.de\/index.php\/upright-mrt\/","title":{"rendered":"Upright-MRT"},"content":{"rendered":"\n<p>Ein Upright-MRT ist eine besondere Variante des herk\u00f6mmlichen MRTs.  Patientinnen und Patienten werden nicht im Liegen untersucht, sondern im Sitzen und somit unter alltagsentsprechender Schwerkrafteinwirkung. Das hat den Vorteil, dass Beschwerden, die insbesondere in aufrechter K\u00f6rperhaltung aktiv werden, unter ad\u00e4quaten Bedingungen provoziert anstatt &#8211; wie bei einem MRT im Liegen &#8211; kaschiert werden. Eine weitere Besonderheit dieser Methode ergibt sich daraus, dass Patientinnen und Patienten verschiedene Kopfhaltungen einnehmen m\u00fcssen, was dem jeweiligen Experten Aufschluss \u00fcber das Ausma\u00df der Funktionsst\u00f6rung gibt und dar\u00fcber, welche Ursachen sich dahinter verbergen. <\/p>\n\n\n\n<p>Ein Upright-MRT ist leider keine Kassenleistung. Das bedeutet jedoch nicht, dass Krankenkassen die Kosten daf\u00fcr grunds\u00e4tzlich nicht \u00fcbernehmen. Auf Grundlage eines aussagekr\u00e4ftigen Begr\u00fcndungsschreibens (das im Idealfall von einem wirklich sachkundigen Arzt verfasst wurde) wird von Fall zu Fall &#8211; und mit etwas Gl\u00fcck &#8211; f\u00fcr eine \u00dcbernahme entschieden. Dieses Schreiben sollte stets zusammen mit einem Kostenvoranschlag der entsprechenden Radiologie und einer langen Liste bereits ausgeschlossener Diagnosen eingereicht werden. <\/p>\n\n\n\n<p>Wer privat zahlt &#8211; oder zahlen muss -, wird mit Kosten ab 700 Euro f\u00fcr die Untersuchung der Kopfgelenke konfrontiert. Muss die Bildgebung auf die gesamte Halswirbels\u00e4ule ausgeweitet werden, steigt der Betrag und kann letztendlich auch bei \u00fcber 1000 Euro liegen. Wenn ihr wissen m\u00f6chtet, wie ich die Kosten erstattet bekommen habe, schaut euch gern mein <a href=\"https:\/\/www.wirbelwirrwarr.de\/index.php\/2021\/04\/03\/ein-kleines-ostergeschenk\/\">Begr\u00fcndungsschreiben <\/a>an &#8211; aber ohne Gew\u00e4hr!<\/p>\n\n\n\n<p>Standorte f\u00fcr deutsche Upright-MRT-Praxen findet ihr <a href=\"https:\/\/www.mrt-hannover.de\/\">hier<\/a>, <a href=\"https:\/\/www.mrtmuenchen.de\/\">hier<\/a>, <a href=\"https:\/\/www.mrtfrankfurt.de\/kontakt\/\">hier<\/a>, <a href=\"https:\/\/www.mrt-koeln.de\/kontakt\/\">hier <\/a>und <a href=\"https:\/\/www.mrthamburg.de\/\">hier<\/a>.<\/p>\n","protected":false},"excerpt":{"rendered":"<p>Ein Upright-MRT ist eine besondere Variante des herk\u00f6mmlichen MRTs. Patientinnen und Patienten werden nicht im Liegen untersucht, sondern im Sitzen und somit unter alltagsentsprechender Schwerkrafteinwirkung. Das hat den Vorteil, dass Beschwerden, die insbesondere in aufrechter K\u00f6rperhaltung aktiv werden, unter ad\u00e4quaten Bedingungen provoziert anstatt &#8211; wie bei einem MRT im Liegen &#8211; kaschiert werden. Eine weitere Besonderheit dieser Methode ergibt sich daraus, dass Patientinnen und Patienten verschiedene Kopfhaltungen einnehmen m\u00fcssen, was dem jeweiligen Experten Aufschluss \u00fcber das Ausma\u00df der Funktionsst\u00f6rung gibt und dar\u00fcber, welche Ursachen sich dahinter verbergen. Ein Upright-MRT ist leider keine Kassenleistung. Das bedeutet jedoch nicht, dass Krankenkassen [&hellip;]<\/p>\n","protected":false},"author":1,"featured_media":0,"parent":0,"menu_order":0,"comment_status":"closed","ping_status":"closed","template":"","meta":{"inline_featured_image":false,"footnotes":""},"yoast_head":"<!-- This site is optimized with the Yoast SEO plugin v21.8 - https:\/\/yoast.com\/wordpress\/plugins\/seo\/ -->\n<title>Upright-MRT - wirbelwirrwarr<\/title>\n<meta name=\"robots\" content=\"index, follow, max-snippet:-1, max-image-preview:large, max-video-preview:-1\" \/>\n<link rel=\"canonical\" href=\"https:\/\/www.wirbelwirrwarr.de\/index.php\/upright-mrt\/\" \/>\n<meta property=\"og:locale\" content=\"de_DE\" \/>\n<meta property=\"og:type\" content=\"article\" \/>\n<meta property=\"og:title\" content=\"Upright-MRT - wirbelwirrwarr\" \/>\n<meta property=\"og:description\" content=\"Ein Upright-MRT ist eine besondere Variante des herk\u00f6mmlichen MRTs. Patientinnen und Patienten werden nicht im Liegen untersucht, sondern im Sitzen und somit unter alltagsentsprechender Schwerkrafteinwirkung. Das hat den Vorteil, dass Beschwerden, die insbesondere in aufrechter K\u00f6rperhaltung aktiv werden, unter ad\u00e4quaten Bedingungen provoziert anstatt &#8211; wie bei einem MRT im Liegen &#8211; kaschiert werden. Eine weitere Besonderheit dieser Methode ergibt sich daraus, dass Patientinnen und Patienten verschiedene Kopfhaltungen einnehmen m\u00fcssen, was dem jeweiligen Experten Aufschluss \u00fcber das Ausma\u00df der Funktionsst\u00f6rung gibt und dar\u00fcber, welche Ursachen sich dahinter verbergen. Ein Upright-MRT ist leider keine Kassenleistung. Das bedeutet jedoch nicht, dass Krankenkassen [&hellip;]\" \/>\n<meta property=\"og:url\" content=\"https:\/\/www.wirbelwirrwarr.de\/index.php\/upright-mrt\/\" \/>\n<meta property=\"og:site_name\" content=\"wirbelwirrwarr\" \/>\n<meta property=\"article:modified_time\" content=\"2023-02-04T17:16:13+00:00\" \/>\n<meta name=\"twitter:card\" content=\"summary_large_image\" \/>\n<meta name=\"twitter:label1\" content=\"Gesch\u00e4tzte Lesezeit\" \/>\n\t<meta name=\"twitter:data1\" content=\"1\u00a0Minute\" \/>\n<script type=\"application\/ld+json\" class=\"yoast-schema-graph\">{\"@context\":\"https:\/\/schema.org\",\"@graph\":[{\"@type\":\"WebPage\",\"@id\":\"https:\/\/www.wirbelwirrwarr.de\/index.php\/upright-mrt\/\",\"url\":\"https:\/\/www.wirbelwirrwarr.de\/index.php\/upright-mrt\/\",\"name\":\"Upright-MRT - wirbelwirrwarr\",\"isPartOf\":{\"@id\":\"https:\/\/www.wirbelwirrwarr.de\/#website\"},\"datePublished\":\"2023-02-04T17:14:45+00:00\",\"dateModified\":\"2023-02-04T17:16:13+00:00\",\"breadcrumb\":{\"@id\":\"https:\/\/www.wirbelwirrwarr.de\/index.php\/upright-mrt\/#breadcrumb\"},\"inLanguage\":\"de\",\"potentialAction\":[{\"@type\":\"ReadAction\",\"target\":[\"https:\/\/www.wirbelwirrwarr.de\/index.php\/upright-mrt\/\"]}]},{\"@type\":\"BreadcrumbList\",\"@id\":\"https:\/\/www.wirbelwirrwarr.de\/index.php\/upright-mrt\/#breadcrumb\",\"itemListElement\":[{\"@type\":\"ListItem\",\"position\":1,\"name\":\"Startseite\",\"item\":\"https:\/\/www.wirbelwirrwarr.de\/\"},{\"@type\":\"ListItem\",\"position\":2,\"name\":\"Upright-MRT\"}]},{\"@type\":\"WebSite\",\"@id\":\"https:\/\/www.wirbelwirrwarr.de\/#website\",\"url\":\"https:\/\/www.wirbelwirrwarr.de\/\",\"name\":\"wirbelwirrwarr\",\"description\":\"Wie eine unsichtbare Krankheit mein Leben bunt macht\",\"publisher\":{\"@id\":\"https:\/\/www.wirbelwirrwarr.de\/#organization\"},\"potentialAction\":[{\"@type\":\"SearchAction\",\"target\":{\"@type\":\"EntryPoint\",\"urlTemplate\":\"https:\/\/www.wirbelwirrwarr.de\/?s={search_term_string}\"},\"query-input\":\"required name=search_term_string\"}],\"inLanguage\":\"de\"},{\"@type\":\"Organization\",\"@id\":\"https:\/\/www.wirbelwirrwarr.de\/#organization\",\"name\":\"wirbelwirrwarr\",\"url\":\"https:\/\/www.wirbelwirrwarr.de\/\",\"logo\":{\"@type\":\"ImageObject\",\"inLanguage\":\"de\",\"@id\":\"https:\/\/www.wirbelwirrwarr.de\/#\/schema\/logo\/image\/\",\"url\":\"https:\/\/www.wirbelwirrwarr.de\/wp-content\/uploads\/2023\/02\/logoatlas9.svg\",\"contentUrl\":\"https:\/\/www.wirbelwirrwarr.de\/wp-content\/uploads\/2023\/02\/logoatlas9.svg\",\"caption\":\"wirbelwirrwarr\"},\"image\":{\"@id\":\"https:\/\/www.wirbelwirrwarr.de\/#\/schema\/logo\/image\/\"}}]}<\/script>\n<!-- \/ Yoast SEO plugin. -->","yoast_head_json":{"title":"Upright-MRT - wirbelwirrwarr","robots":{"index":"index","follow":"follow","max-snippet":"max-snippet:-1","max-image-preview":"max-image-preview:large","max-video-preview":"max-video-preview:-1"},"canonical":"https:\/\/www.wirbelwirrwarr.de\/index.php\/upright-mrt\/","og_locale":"de_DE","og_type":"article","og_title":"Upright-MRT - wirbelwirrwarr","og_description":"Ein Upright-MRT ist eine besondere Variante des herk\u00f6mmlichen MRTs. Patientinnen und Patienten werden nicht im Liegen untersucht, sondern im Sitzen und somit unter alltagsentsprechender Schwerkrafteinwirkung. Das hat den Vorteil, dass Beschwerden, die insbesondere in aufrechter K\u00f6rperhaltung aktiv werden, unter ad\u00e4quaten Bedingungen provoziert anstatt &#8211; wie bei einem MRT im Liegen &#8211; kaschiert werden. Eine weitere Besonderheit dieser Methode ergibt sich daraus, dass Patientinnen und Patienten verschiedene Kopfhaltungen einnehmen m\u00fcssen, was dem jeweiligen Experten Aufschluss \u00fcber das Ausma\u00df der Funktionsst\u00f6rung gibt und dar\u00fcber, welche Ursachen sich dahinter verbergen. Ein Upright-MRT ist leider keine Kassenleistung. Das bedeutet jedoch nicht, dass Krankenkassen [&hellip;]","og_url":"https:\/\/www.wirbelwirrwarr.de\/index.php\/upright-mrt\/","og_site_name":"wirbelwirrwarr","article_modified_time":"2023-02-04T17:16:13+00:00","twitter_card":"summary_large_image","twitter_misc":{"Gesch\u00e4tzte Lesezeit":"1\u00a0Minute"},"schema":{"@context":"https:\/\/schema.org","@graph":[{"@type":"WebPage","@id":"https:\/\/www.wirbelwirrwarr.de\/index.php\/upright-mrt\/","url":"https:\/\/www.wirbelwirrwarr.de\/index.php\/upright-mrt\/","name":"Upright-MRT - wirbelwirrwarr","isPartOf":{"@id":"https:\/\/www.wirbelwirrwarr.de\/#website"},"datePublished":"2023-02-04T17:14:45+00:00","dateModified":"2023-02-04T17:16:13+00:00","breadcrumb":{"@id":"https:\/\/www.wirbelwirrwarr.de\/index.php\/upright-mrt\/#breadcrumb"},"inLanguage":"de","potentialAction":[{"@type":"ReadAction","target":["https:\/\/www.wirbelwirrwarr.de\/index.php\/upright-mrt\/"]}]},{"@type":"BreadcrumbList","@id":"https:\/\/www.wirbelwirrwarr.de\/index.php\/upright-mrt\/#breadcrumb","itemListElement":[{"@type":"ListItem","position":1,"name":"Startseite","item":"https:\/\/www.wirbelwirrwarr.de\/"},{"@type":"ListItem","position":2,"name":"Upright-MRT"}]},{"@type":"WebSite","@id":"https:\/\/www.wirbelwirrwarr.de\/#website","url":"https:\/\/www.wirbelwirrwarr.de\/","name":"wirbelwirrwarr","description":"Wie eine unsichtbare Krankheit mein Leben bunt macht","publisher":{"@id":"https:\/\/www.wirbelwirrwarr.de\/#organization"},"potentialAction":[{"@type":"SearchAction","target":{"@type":"EntryPoint","urlTemplate":"https:\/\/www.wirbelwirrwarr.de\/?s={search_term_string}"},"query-input":"required name=search_term_string"}],"inLanguage":"de"},{"@type":"Organization","@id":"https:\/\/www.wirbelwirrwarr.de\/#organization","name":"wirbelwirrwarr","url":"https:\/\/www.wirbelwirrwarr.de\/","logo":{"@type":"ImageObject","inLanguage":"de","@id":"https:\/\/www.wirbelwirrwarr.de\/#\/schema\/logo\/image\/","url":"https:\/\/www.wirbelwirrwarr.de\/wp-content\/uploads\/2023\/02\/logoatlas9.svg","contentUrl":"https:\/\/www.wirbelwirrwarr.de\/wp-content\/uploads\/2023\/02\/logoatlas9.svg","caption":"wirbelwirrwarr"},"image":{"@id":"https:\/\/www.wirbelwirrwarr.de\/#\/schema\/logo\/image\/"}}]}},"_links":{"self":[{"href":"https:\/\/www.wirbelwirrwarr.de\/index.php\/wp-json\/wp\/v2\/pages\/11284"}],"collection":[{"href":"https:\/\/www.wirbelwirrwarr.de\/index.php\/wp-json\/wp\/v2\/pages"}],"about":[{"href":"https:\/\/www.wirbelwirrwarr.de\/index.php\/wp-json\/wp\/v2\/types\/page"}],"author":[{"embeddable":true,"href":"https:\/\/www.wirbelwirrwarr.de\/index.php\/wp-json\/wp\/v2\/users\/1"}],"replies":[{"embeddable":true,"href":"https:\/\/www.wirbelwirrwarr.de\/index.php\/wp-json\/wp\/v2\/comments?post=11284"}],"version-history":[{"count":2,"href":"https:\/\/www.wirbelwirrwarr.de\/index.php\/wp-json\/wp\/v2\/pages\/11284\/revisions"}],"predecessor-version":[{"id":11288,"href":"https:\/\/www.wirbelwirrwarr.de\/index.php\/wp-json\/wp\/v2\/pages\/11284\/revisions\/11288"}],"wp:attachment":[{"href":"https:\/\/www.wirbelwirrwarr.de\/index.php\/wp-json\/wp\/v2\/media?parent=11284"}],"curies":[{"name":"wp","href":"https:\/\/api.w.org\/{rel}","templated":true}]}}